{"id":192,"date":"2017-12-06T13:21:16","date_gmt":"2017-12-06T13:21:16","guid":{"rendered":"https:\/\/www.ovartech.com\/?post_type=product&#038;p=192"},"modified":"2026-03-23T03:14:25","modified_gmt":"2026-03-23T03:14:25","slug":"2kw-liquid-cooled-dc-dc-converter-for-ev","status":"publish","type":"product","link":"https:\/\/ovartech.com\/ko\/product\/2kw-liquid-cooled-dc-dc-converter-for-ev\/","title":{"rendered":"High-Efficiency 2KW Liquid-Cooled DC-DC Converter for Electric Vehicles"},"content":{"rendered":"<p><strong><span style=\"font-family: arial, helvetica, sans-serif; font-size: 18pt;\">High-Efficiency 2KW Liquid-Cooled DC-DC Converter for Electric Vehicles<\/span><\/strong><\/p>\n<p><span style=\"font-family: arial, helvetica, sans-serif; font-size: 14pt;\">The Ovartech DC\/DC converter series is designed for on-board installation in a wide range of electric vehicles, with permanent connection to the vehicle battery. These high-voltage DC-DC converters support an input voltage range of 108Vdc to 800Vdc, efficiently converting high voltage to low voltage to power vehicle auxiliary systems. A standard 12Vdc output is available, with precise output voltage adjustable via CAN communication commands.<\/span><\/p>\n<p><span style=\"font-family: arial, helvetica, sans-serif; font-size: 14pt;\">Suitable for power requirements from 1kW to 12kW (with parallel operation), our high-voltage DC-DC converters maintain stable performance across a wide operating temperature range: -40\u00b0C to +45\u00b0C for air-cooled models and up to +65\u00b0C for liquid-cooled versions.<\/span><\/p>\n<p><span style=\"font-family: arial, helvetica, sans-serif; font-size: 14pt;\">Comprehensive protection functions include input UVLO, input OVLO, reverse polarity protection, current limiting, output short-circuit protection and over-temperature protection. The CAN communication interface enables remote control, including activation and deactivation of the units through communication messages.<\/span><\/p>\n<h2><\/h2>\n<h2><strong><span style=\"font-family: arial, helvetica, sans-serif; font-size: 14pt;\">2kW DC-DC Converter Specification<\/span><\/strong><\/h2>\n<table style=\"width: 36.7514%; height: 270px;\">\n<tbody>\n<tr style=\"height: 27px;\">\n<td style=\"width: 48.2639%; height: 27px;\"><strong><span style=\"font-family: arial, helvetica, sans-serif; font-size: 14pt;\">Model \uff1a\u00a0<\/span><\/strong><\/td>\n<td style=\"width: 50.8681%; height: 27px;\"><span style=\"font-family: arial, helvetica, sans-serif; font-size: 14pt;\">VDD202S360-14<\/span><\/td>\n<\/tr>\n<tr style=\"height: 27px;\">\n<td style=\"width: 48.2639%; height: 27px;\"><strong><span style=\"font-family: arial, helvetica, sans-serif; font-size: 14pt;\">Power \uff1a<\/span><\/strong><\/td>\n<td style=\"width: 50.8681%; height: 27px;\"><span style=\"font-family: arial, helvetica, sans-serif; font-size: 14pt;\">2000W\/2KW<\/span><\/td>\n<\/tr>\n<tr style=\"height: 27px;\">\n<td style=\"width: 48.2639%; height: 27px;\"><strong><span style=\"font-family: arial, helvetica, sans-serif; font-size: 14pt;\">Input voltage \uff1a<\/span><\/strong><\/td>\n<td style=\"width: 50.8681%; height: 27px;\"><span style=\"font-family: arial, helvetica, sans-serif; font-size: 14pt;\">108-420V \uc9c1\ub958<\/span><\/td>\n<\/tr>\n<tr style=\"height: 27px;\">\n<td style=\"width: 48.2639%; height: 27px;\"><strong><span style=\"font-family: arial, helvetica, sans-serif; font-size: 14pt;\">Output current \uff1a<\/span><\/strong><\/td>\n<td style=\"width: 50.8681%; height: 27px;\"><span style=\"font-family: arial, helvetica, sans-serif; font-size: 14pt;\">0-143A<\/span><\/td>\n<\/tr>\n<tr style=\"height: 27px;\">\n<td style=\"width: 48.2639%; height: 27px;\"><strong><span style=\"font-family: arial, helvetica, sans-serif; font-size: 14pt;\">Output voltage \uff1a<\/span><\/strong><\/td>\n<td style=\"width: 50.8681%; height: 27px;\"><span style=\"font-family: arial, helvetica, sans-serif; font-size: 14pt;\">13.8V \uc9c1\ub958<\/span><\/td>\n<\/tr>\n<tr style=\"height: 27px;\">\n<td style=\"width: 48.2639%; height: 27px;\"><strong><span style=\"font-family: arial, helvetica, sans-serif; font-size: 14pt;\">Cooling \uff1a<\/span><\/strong><\/td>\n<td style=\"width: 50.8681%; height: 27px;\"><span style=\"font-family: arial, helvetica, sans-serif; font-size: 14pt;\">\uc561\uccb4 \ub0c9\uac01<\/span><\/td>\n<\/tr>\n<tr style=\"height: 27px;\">\n<td style=\"width: 48.2639%; height: 27px;\"><strong><span style=\"font-family: arial, helvetica, sans-serif; font-size: 14pt;\">Dimension \uff1a<\/span><\/strong><\/td>\n<td style=\"width: 50.8681%; height: 27px;\"><span style=\"font-family: arial, helvetica, sans-serif; font-size: 14pt;\">250\u00d7196\u00d798mm; 9.8\u00d77.7\u00d73.9\uc778\uce58\u201d<\/span><\/td>\n<\/tr>\n<tr style=\"height: 27px;\">\n<td style=\"width: 48.2639%; height: 27px;\"><strong><span style=\"font-family: arial, helvetica, sans-serif; font-size: 14pt;\">Weight \uff1a<\/span><\/strong><\/td>\n<td style=\"width: 50.8681%; height: 27px;\"><span style=\"font-family: arial, helvetica, sans-serif; font-size: 14pt;\">2.5kg; 5.5lbs<\/span><\/td>\n<\/tr>\n<tr style=\"height: 27px;\">\n<td style=\"width: 48.2639%; height: 27px;\"><strong><span style=\"font-family: arial, helvetica, sans-serif; font-size: 14pt;\">IP rate \uff1a<\/span><\/strong><\/td>\n<td style=\"width: 50.8681%; height: 27px;\"><span style=\"font-family: arial, helvetica, sans-serif; font-size: 14pt;\">IP67<\/span><\/td>\n<\/tr>\n<tr style=\"height: 27px;\">\n<td style=\"width: 48.2639%; height: 27px;\"><strong><span style=\"font-family: arial, helvetica, sans-serif; font-size: 14pt;\">Interface \uff1a<\/span><\/strong><\/td>\n<td style=\"width: 50.8681%; height: 27px;\"><span style=\"font-family: arial, helvetica, sans-serif; font-size: 14pt;\">CAN \ubc84\uc2a4\/\ud65c\uc131\ud654 \uc81c\uc5b4<\/span><\/td>\n<\/tr>\n<\/tbody>\n<\/table>\n<p>&nbsp;<\/p>\n<h3><strong><span style=\"font-family: arial, helvetica, sans-serif;\">2kW DC-DC Converter Detials<\/span><\/strong><\/h3>\n<table style=\"border-collapse: collapse; width: 52.1682%;\">\n<tbody>\n<tr>\n<td style=\"width: 100%;\"><a href=\"https:\/\/ovartech.com\/wp-content\/uploads\/2017\/12\/2KW-DC-DC-1.jpg\"><img decoding=\"async\" class=\"lazyload alignnone wp-image-194 size-full\" src=\"https:\/\/ovartech.com\/wp-content\/uploads\/2017\/12\/2KW-DC-DC-1.jpg\" data-orig-src=\"https:\/\/ovartech.com\/wp-content\/uploads\/2017\/12\/2KW-DC-DC-1.jpg\" alt=\"2KW Liquid-Cooled DC-DC Converter\" width=\"800\" height=\"800\" srcset=\"data:image\/svg+xml,%3Csvg%20xmlns%3D%27http%3A%2F%2Fwww.w3.org%2F2000%2Fsvg%27%20width%3D%27800%27%20height%3D%27800%27%20viewBox%3D%270%200%20800%20800%27%3E%3Crect%20width%3D%27800%27%20height%3D%27800%27%20fill-opacity%3D%220%22%2F%3E%3C%2Fsvg%3E\" data-srcset=\"https:\/\/ovartech.com\/wp-content\/uploads\/2017\/12\/2KW-DC-DC-1-66x66.jpg 66w, https:\/\/ovartech.com\/wp-content\/uploads\/2017\/12\/2KW-DC-DC-1-120x120.jpg 120w, https:\/\/ovartech.com\/wp-content\/uploads\/2017\/12\/2KW-DC-DC-1-150x150.jpg 150w, https:\/\/ovartech.com\/wp-content\/uploads\/2017\/12\/2KW-DC-DC-1-200x200.jpg 200w, https:\/\/ovartech.com\/wp-content\/uploads\/2017\/12\/2KW-DC-DC-1-300x300.jpg 300w, https:\/\/ovartech.com\/wp-content\/uploads\/2017\/12\/2KW-DC-DC-1-400x400.jpg 400w, https:\/\/ovartech.com\/wp-content\/uploads\/2017\/12\/2KW-DC-DC-1-500x500.jpg 500w, https:\/\/ovartech.com\/wp-content\/uploads\/2017\/12\/2KW-DC-DC-1-600x600.jpg 600w, https:\/\/ovartech.com\/wp-content\/uploads\/2017\/12\/2KW-DC-DC-1-700x700.jpg 700w, https:\/\/ovartech.com\/wp-content\/uploads\/2017\/12\/2KW-DC-DC-1-768x768.jpg 768w, https:\/\/ovartech.com\/wp-content\/uploads\/2017\/12\/2KW-DC-DC-1.jpg 800w\" data-sizes=\"auto\" data-orig-sizes=\"(max-width: 800px) 100vw, 800px\" \/><\/a><\/td>\n<\/tr>\n<\/tbody>\n<\/table>\n<p>&nbsp;<\/p>\n<p><span style=\"font-size: 14pt; font-family: arial, helvetica, sans-serif;\"><strong>\uc790\uc8fc \ubb3b\ub294 \uc9c8\ubb38<\/strong><\/span><\/p>\n<p><span style=\"font-family: arial, helvetica, sans-serif;\"><strong><span style=\"font-size: 10pt;\">Q: \uadc0\uc0ac\ub294 \ubb34\uc5ed \ud68c\uc0ac\uc785\ub2c8\uae4c, \uc544\ub2c8\uba74 \uc81c\uc870\uc5c5\uccb4\uc785\ub2c8\uae4c?<\/span><\/strong><\/span><br \/>\n<span style=\"font-size: 10pt; font-family: arial, helvetica, sans-serif;\">A: \uc800\ud76c\ub294 \uc81c\uc870\uc5c5\uccb4\uc785\ub2c8\ub2e4.<\/span><\/p>\n<p><span style=\"font-family: arial, helvetica, sans-serif;\"><strong><span style=\"font-size: 10pt;\">Q: \ubc30\uc1a1 \uae30\uac04\uc740 \uc5bc\ub9c8\ub098 \uac78\ub9ac\ub098\uc694?<\/span><\/strong><\/span><br \/>\n<span style=\"font-size: 10pt; font-family: arial, helvetica, sans-serif;\">A: \uc77c\ubc18\uc801\uc73c\ub85c \uc7ac\uace0\uac00 \uc788\ub294 \uacbd\uc6b0 5~10\uc77c \uc18c\uc694\ub429\ub2c8\ub2e4. \uc7ac\uace0\uac00 \uc5c6\ub294 \uacbd\uc6b0 \uc218\ub7c9\uc5d0 \ub530\ub77c \ub2e4\ub974\uc9c0\ub9cc \uc57d 6\uc8fc\uac00 \uc18c\uc694\ub429\ub2c8\ub2e4.<\/span><\/p>\n<p><span style=\"font-family: arial, helvetica, sans-serif;\"><strong><span style=\"font-size: 10pt;\">Q: \uadc0\uc0ac \uc81c\ud488\uc758 \ud575\uc2ec \uae30\uc220\uc801 \uc7a5\uc810\uc740 \ubb34\uc5c7\uc785\ub2c8\uae4c?<\/span><\/strong><\/span><br \/>\n<span style=\"font-size: 10pt; font-family: arial, helvetica, sans-serif;\">A: \ub2f9\uc0ac\ub294 \ub514\uc9c0\ud138 \uc81c\uc5b4 \uae30\uc220\uc744 \ucc44\ud0dd\ud558\uc5ec \uc6d0\uaca9 \uc5c5\uadf8\ub808\uc774\ub4dc\uac00 \uc6a9\uc774\ud558\uace0 \uc644\uc804 \uc790\ub3d9 \uc0dd\uc0b0\uc774 \uac00\ub2a5\ud569\ub2c8\ub2e4.<\/span><\/p>\n<p><span style=\"font-family: arial, helvetica, sans-serif;\"><strong><span style=\"font-size: 10pt;\">Q: \uadc0\uc0ac\uc758 \uc5d4\uc9c0\ub2c8\uc5b4\ub9c1 \ud14c\uc2a4\ud2b8 \ubc0f \uac80\uc99d \uc5ed\ub7c9\uc740 \ubb34\uc5c7\uc785\ub2c8\uae4c?<\/span><\/strong><\/span><br \/>\n<span style=\"font-size: 10pt; font-family: arial, helvetica, sans-serif;\">A: 2\uc2dc\uac04 \uc774\ub0b4\uc5d0 \ub2f5\ubcc0\ub4dc\ub9ac\uba70, 24\uc2dc\uac04 \uc774\ub0b4\uc5d0 \ubb38\uc81c\ub97c \ud574\uacb0\ud574 \ub4dc\ub9ac\uaca0\uc2b5\ub2c8\ub2e4.<\/span><\/p>\n<p><span style=\"font-family: arial, helvetica, sans-serif;\"><strong><span style=\"font-size: 10pt;\">Q: \uacb0\uc81c \uc870\uac74\uc740 \uc5b4\ub5bb\uac8c \ub418\ub098\uc694?<\/span><\/strong><\/span><br \/>\n<span style=\"font-size: 10pt; font-family: arial, helvetica, sans-serif;\">A: 100% \uc120\ubd88\uae08.<\/span><\/p>\n<p><span style=\"font-family: arial, helvetica, sans-serif;\"><strong><span style=\"font-size: 10pt;\">Q: \ucd5c\uc18c \uc8fc\ubb38 \uc218\ub7c9(MOQ)\uc740 \uc5bc\ub9c8\uc785\ub2c8\uae4c?<\/span><\/strong><\/span><\/p>\n<p><span style=\"font-size: 10pt; font-family: arial, helvetica, sans-serif;\">A: 1 \ub2e8\uc704.<\/span><\/p>\n<p><span style=\"font-family: arial, helvetica, sans-serif;\"><strong><span style=\"font-size: 10pt;\">Q: \ub9de\ucda4 \uc81c\uc791\uc744 \ubc1b\uc544\uc8fc\uc2dc\ub098\uc694?<\/span><\/strong><\/span><\/p>\n<p><span style=\"font-size: 10pt; font-family: arial, helvetica, sans-serif;\">A: \ub124, OEM \ubc0f ODM \uc11c\ube44\uc2a4 \ubaa8\ub450 \uc9c0\uc6d0\ub429\ub2c8\ub2e4.<\/span><\/p>\n<p><span style=\"font-family: arial, helvetica, sans-serif;\"><strong><span style=\"font-size: 10pt;\">Q: \uc8fc\ubb38 \uc804\uc5d0 \ubb34\ub8cc \uc0d8\ud50c\uc744 \uc81c\uacf5\ud574 \uc8fc\uc2dc\ub098\uc694?<\/span><\/strong><\/span><\/p>\n<p><span style=\"font-size: 10pt; font-family: arial, helvetica, sans-serif;\">A: \uc77c\ubc18\uc801\uc73c\ub85c \ub9d0\ud574\uc11c, \uadf8\uac74 \ube44\uc6a9\uc744 \uc9c0\ubd88\ud574\uc57c \ud569\ub2c8\ub2e4.<\/span><\/p>\n<p><span style=\"font-family: arial, helvetica, sans-serif;\"><strong><span style=\"font-size: 10pt;\">Q: \uc0d8\ud50c \uc815\ucc45\uc740 \uc5b4\ub5bb\uac8c \ub418\ub098\uc694?<\/span><\/strong><\/span><\/p>\n<p><span style=\"font-size: 10pt; font-family: arial, helvetica, sans-serif;\">A: \uc7ac\uace0\uac00 \uc788\ub294 \ubd80\ud488\uc5d0 \ud55c\ud574 \uc0d8\ud50c\uc744 \uacf5\uae09\ud560 \uc218 \uc788\uc73c\uba70, \uace0\uac1d\uc740 \uc0d8\ud50c \ube44\uc6a9\uacfc \ubc30\uc1a1\ube44\ub97c \ubd80\ub2f4\ud574\uc57c \ud569\ub2c8\ub2e4.<\/span><\/p>\n<p><span style=\"font-family: arial, helvetica, sans-serif;\"><strong><span style=\"font-size: 10pt;\">Q: \ubc30\uc1a1 \uc804\uc5d0 \ubaa8\ub4e0 \uc0c1\ud488\uc744 \ud14c\uc2a4\ud2b8\ud558\uc2dc\ub098\uc694?<\/span><\/strong><\/span><\/p>\n<p><span style=\"font-size: 10pt; font-family: arial, helvetica, sans-serif;\">A: \ub124, \ucd9c\uace0 \uc804 100% \ud14c\uc2a4\ud2b8\ub97c \uc2e4\uc2dc\ud558\uba70, \ud544\uc694 \uc2dc \ucd9c\uace0 \uc804 \uac80\uc0ac \ubcf4\uace0\uc11c\ub97c \ubc1c\uc1a1\ud574 \ub4dc\ub9b4 \uc218 \uc788\uc2b5\ub2c8\ub2e4.<\/span><\/p>\n<p><span style=\"font-family: arial, helvetica, sans-serif;\"><strong><span style=\"font-size: 10pt;\">Q: \uc5b4\ub5bb\uac8c \ud558\uba74 \uc6b0\ub9ac \uc0ac\uc5c5 \uad00\uacc4\ub97c \uc7a5\uae30\uc801\uc774\uace0 \uc88b\uc740 \uad00\uacc4\ub85c \uc720\uc9c0\ud560 \uc218 \uc788\ub098\uc694?<\/span><\/strong><\/span><\/p>\n<p data-spm-anchor-id=\"a2700.details.0.i14.37d9a03fIpMZvt\"><span style=\"font-size: 10pt; font-family: arial, helvetica, sans-serif;\" data-spm-anchor-id=\"a2700.details.0.i15.37d9a03fIpMZvt\">A: 1. \uc6b0\ub9ac\ub294 \uace0\uac1d\uc758 \uc774\uc775\uc744 \ubcf4\uc7a5\ud558\uae30 \uc704\ud574 \uc6b0\uc218\ud55c \ud488\uc9c8\uacfc \uacbd\uc7c1\ub825 \uc788\ub294 \uac00\uaca9\uc744 \uc720\uc9c0\ud569\ub2c8\ub2e4.<\/span><\/p>\n<p data-spm-anchor-id=\"a2700.details.0.i17.37d9a03fIpMZvt\"><span style=\"font-size: 10pt; font-family: arial, helvetica, sans-serif;\" data-spm-anchor-id=\"a2700.details.0.i16.37d9a03fIpMZvt\">\u00a0 \u00a0 \u00a02. \uc6b0\ub9ac\ub294 \ubaa8\ub4e0 \uace0\uac1d\uc744 \uce5c\uad6c\ucc98\ub7fc \uc874\uc911\ud558\uba70, \uadf8\ub4e4\uc774 \uc5b4\ub514\uc5d0\uc11c \uc654\ub4e0 \uc9c4\uc2ec\uc73c\ub85c \uac70\ub798\ud558\uace0 \uc6b0\uc815\uc744 \uc313\uc544\uac11\ub2c8\ub2e4.<\/span><\/p>","protected":false},"excerpt":{"rendered":"<p>High-Efficiency 2KW Liquid-Cooled DC-DC Converter for Electric Vehicles<\/p>\n<p>&nbsp;<\/p>","protected":false},"featured_media":194,"template":"","meta":{"_acf_changed":false,"content-type":""},"product_brand":[],"product_cat":[23],"product_tag":[26,30,25,29],"class_list":{"0":"post-192","1":"product","2":"type-product","3":"status-publish","4":"has-post-thumbnail","6":"product_cat-ev-dc-dc-converter","7":"product_tag-1kw-dc-dc-converter","8":"product_tag-2kw-dc-dc-converter","9":"product_tag-dc-dc-converter","10":"product_tag-ev-dc-dc-converter","12":"first","13":"instock","14":"featured","15":"shipping-taxable","16":"product-type-simple"},"acf":[],"_links":{"self":[{"href":"https:\/\/ovartech.com\/ko\/wp-json\/wp\/v2\/product\/192","targetHints":{"allow":["GET"]}}],"collection":[{"href":"https:\/\/ovartech.com\/ko\/wp-json\/wp\/v2\/product"}],"about":[{"href":"https:\/\/ovartech.com\/ko\/wp-json\/wp\/v2\/types\/product"}],"wp:featuredmedia":[{"embeddable":true,"href":"https:\/\/ovartech.com\/ko\/wp-json\/wp\/v2\/media\/194"}],"wp:attachment":[{"href":"https:\/\/ovartech.com\/ko\/wp-json\/wp\/v2\/media?parent=192"}],"wp:term":[{"taxonomy":"product_brand","embeddable":true,"href":"https:\/\/ovartech.com\/ko\/wp-json\/wp\/v2\/product_brand?post=192"},{"taxonomy":"product_cat","embeddable":true,"href":"https:\/\/ovartech.com\/ko\/wp-json\/wp\/v2\/product_cat?post=192"},{"taxonomy":"product_tag","embeddable":true,"href":"https:\/\/ovartech.com\/ko\/wp-json\/wp\/v2\/product_tag?post=192"}],"curies":[{"name":"wp","href":"https:\/\/api.w.org\/{rel}","templated":true}]}}