{"id":218,"date":"2017-12-07T07:19:08","date_gmt":"2017-12-07T07:19:08","guid":{"rendered":"https:\/\/www.ovartech.com\/?post_type=product&#038;p=218"},"modified":"2026-03-23T01:44:15","modified_gmt":"2026-03-23T01:44:15","slug":"3-3kw-2-in-1-obc-dc-dc-charger-2","status":"publish","type":"product","link":"https:\/\/ovartech.com\/ja\/product\/3-3kw-2-in-1-obc-dc-dc-charger-2\/","title":{"rendered":"Superior 3.3KW 2-in-1 OBC + 1.5KW DC-DC On-Board Charger"},"content":{"rendered":"<p><strong><span style=\"font-family: arial, helvetica, sans-serif; font-size: 18pt;\">Superior 3.3KW 2-in-1 OBC + 1.5KW DC-DC On-Board Charger<\/span><\/strong><\/p>\r\n<p><span style=\"font-family: arial, helvetica, sans-serif; font-size: 14pt;\">The Ovartech CAD332DF400A-14152 is a high-efficiency 3.3KW 2-in-1 OBC DC-DC charger that integrates a 3.3KW on-board charger and 1.5KW DC\/DC converter in one compact unit. This all-in-one design reduces space, weight and cabling, helping lower costs for inventory, installation and maintenance. <\/span><\/p>\r\n<p><span style=\"font-family: arial, helvetica, sans-serif; font-size: 14pt;\">Designed for efficiency, robustness and safety in electric vehicle applications, the CAD332DF400A-14152 supports a wide AC input voltage range of 85~265V, enabling reliable global use. High-efficiency conversion delivers more economical charging, while the intelligent CC\/CV charging mode automatically adjusts voltage and provides automatic cut-off for optimal battery performance.<\/span><\/p>\r\n<p><span style=\"font-family: arial, helvetica, sans-serif; font-size: 14pt;\">Full protection functions include short-circuit, over-voltage, over-current and over-temperature protection during charging. The CAN-bus interface transmits real-time data such as charging status, interlock condition and fault alerts to the VCU through the BMS for intelligent vehicle management.<\/span><\/p>\r\n<p><span style=\"font-family: arial, helvetica, sans-serif;\"><span style=\"font-size: 14pt;\">Compliant with SAE J1772 and IEC 61851 international standards, the CAD332DF400A-14152 series features an IP67 rating, ensuring stable performance even in harsh and demanding operating environments.<br \/><\/span><\/span><\/p>\r\n<p>&nbsp;<\/p>\r\n<h2><strong><span style=\"font-family: arial, helvetica, sans-serif; font-size: 14pt;\">3.3kW OBC With 1.5kW DC-DC Specification<\/span><\/strong><\/h2>\r\n<table style=\"width: 37.6451%; height: 270px;\">\r\n<tbody>\r\n<tr style=\"height: 27px;\">\r\n<td style=\"width: 41.3194%; height: 27px;\"><strong><span style=\"font-family: arial, helvetica, sans-serif; font-size: 14pt;\">Model :<\/span><\/strong><\/td>\r\n<td style=\"width: 60.2431%; height: 27px;\"><span style=\"font-family: arial, helvetica, sans-serif; font-size: 14pt;\">CAD332DF400A-14152<\/span><\/td>\r\n<\/tr>\r\n<tr style=\"height: 27px;\">\r\n<td style=\"width: 41.3194%; height: 27px;\"><strong><span style=\"font-family: arial, helvetica, sans-serif; font-size: 14pt;\">Power :<\/span><\/strong><\/td>\r\n<td style=\"width: 60.2431%; height: 27px;\"><span style=\"font-family: arial, helvetica, sans-serif; font-size: 14pt;\">3.3\u30ad\u30ed\u30ef\u30c3\u30c8\uff0b1.5\u30ad\u30ed\u30ef\u30c3\u30c8<\/span><\/td>\r\n<\/tr>\r\n<tr style=\"height: 27px;\">\r\n<td style=\"width: 41.3194%; height: 27px;\"><strong><span style=\"font-family: arial, helvetica, sans-serif; font-size: 14pt;\">Input voltage :<\/span><\/strong><\/td>\r\n<td style=\"width: 60.2431%; height: 27px;\"><span style=\"font-family: arial, helvetica, sans-serif; font-size: 14pt;\">85\uff5e265V\u76f4\u6d41<\/span><\/td>\r\n<\/tr>\r\n<tr style=\"height: 27px;\">\r\n<td style=\"width: 41.3194%; height: 27px;\"><strong><span style=\"font-family: arial, helvetica, sans-serif; font-size: 14pt;\">Output current :<\/span><\/strong><\/td>\r\n<td style=\"width: 60.2431%; height: 27px;\"><span style=\"font-family: arial, helvetica, sans-serif; font-size: 14pt;\">0-10A<\/span><\/td>\r\n<\/tr>\r\n<tr style=\"height: 27px;\">\r\n<td style=\"width: 41.3194%; height: 27px;\"><strong><span style=\"font-family: arial, helvetica, sans-serif; font-size: 14pt;\">Output voltage :<\/span><\/strong><\/td>\r\n<td style=\"width: 60.2431%; height: 27px;\"><span style=\"font-family: arial, helvetica, sans-serif; font-size: 14pt;\">200-450V\u76f4\u6d41\/13.8V\u76f4\u6d41<\/span><\/td>\r\n<\/tr>\r\n<tr style=\"height: 27px;\">\r\n<td style=\"width: 41.3194%; height: 27px;\"><strong><span style=\"font-family: arial, helvetica, sans-serif; font-size: 14pt;\">Cooling :<\/span><\/strong><\/td>\r\n<td style=\"width: 60.2431%; height: 27px;\"><span style=\"font-family: arial, helvetica, sans-serif; font-size: 14pt;\">\u7a7a\u51b7<\/span><\/td>\r\n<\/tr>\r\n<tr style=\"height: 27px;\">\r\n<td style=\"width: 41.3194%; height: 27px;\"><strong><span style=\"font-family: arial, helvetica, sans-serif; font-size: 14pt;\">Dimension :<\/span><\/strong><\/td>\r\n<td style=\"width: 60.2431%; height: 27px;\"><span style=\"font-family: arial, helvetica, sans-serif; font-size: 14pt;\">294\u00d7249\u00d7117mm; 11.6\u00d79.8\u00d74.6\u30a4\u30f3\u30c1\u201d<\/span><\/td>\r\n<\/tr>\r\n<tr style=\"height: 27px;\">\r\n<td style=\"width: 41.3194%; height: 27px;\"><strong><span style=\"font-family: arial, helvetica, sans-serif; font-size: 14pt;\">Weight :<\/span><\/strong><\/td>\r\n<td style=\"width: 60.2431%; height: 27px;\"><span style=\"font-family: arial, helvetica, sans-serif; font-size: 14pt;\">7kg; 15.4\u30dd\u30f3\u30c9<\/span><\/td>\r\n<\/tr>\r\n<tr style=\"height: 27px;\">\r\n<td style=\"width: 41.3194%; height: 27px;\"><strong><span style=\"font-family: arial, helvetica, sans-serif; font-size: 14pt;\">IP rate :<\/span><\/strong><\/td>\r\n<td style=\"width: 60.2431%; height: 27px;\"><span style=\"font-family: arial, helvetica, sans-serif; font-size: 14pt;\">IP67<\/span><\/td>\r\n<\/tr>\r\n<tr style=\"height: 27px;\">\r\n<td style=\"width: 41.3194%; height: 27px;\"><strong><span style=\"font-family: arial, helvetica, sans-serif; font-size: 14pt;\">Interface :<\/span><\/strong><\/td>\r\n<td style=\"width: 60.2431%; height: 27px;\"><span style=\"font-family: arial, helvetica, sans-serif; font-size: 14pt;\">CAN\u30d0\u30b9\/\u6709\u52b9\u5316\u5236\u5fa1<\/span><\/td>\r\n<\/tr>\r\n<\/tbody>\r\n<\/table>\r\n<h3>\u00a0<\/h3>\r\n<h3><strong><span style=\"font-family: arial, helvetica, sans-serif; font-size: 14pt;\">3.3kW OBC Detials <\/span><\/strong><strong><span style=\"font-family: arial, helvetica, sans-serif; font-size: 14pt;\">With 1.5kW DC-DC<\/span><\/strong><\/h3>\r\n<p><img decoding=\"async\" class=\"lazyload alignnone wp-image-362\" style=\"font-family: arial, helvetica, sans-serif;\" src=\"https:\/\/www.ovartech.com\/wp-content\/uploads\/2020\/08\/3.3KW-OBC1.5KW-DCDC-1.jpg\" data-orig-src=\"https:\/\/www.ovartech.com\/wp-content\/uploads\/2020\/08\/3.3KW-OBC1.5KW-DCDC-1.jpg\" alt=\"Superior 3.3KW 2-in-1 OBC + 1.5KW DC-DC On-Board Charger\" width=\"800\" height=\"838\" srcset=\"data:image\/svg+xml,%3Csvg%20xmlns%3D%27http%3A%2F%2Fwww.w3.org%2F2000%2Fsvg%27%20width%3D%27800%27%20height%3D%27838%27%20viewBox%3D%270%200%20800%20838%27%3E%3Crect%20width%3D%27800%27%20height%3D%27838%27%20fill-opacity%3D%220%22%2F%3E%3C%2Fsvg%3E\" data-srcset=\"https:\/\/ovartech.com\/wp-content\/uploads\/2020\/08\/3.3KW-OBC1.5KW-DCDC-1-120x126.jpg 120w, https:\/\/ovartech.com\/wp-content\/uploads\/2020\/08\/3.3KW-OBC1.5KW-DCDC-1-200x210.jpg 200w, https:\/\/ovartech.com\/wp-content\/uploads\/2020\/08\/3.3KW-OBC1.5KW-DCDC-1-286x300.jpg 286w, https:\/\/ovartech.com\/wp-content\/uploads\/2020\/08\/3.3KW-OBC1.5KW-DCDC-1-400x419.jpg 400w, https:\/\/ovartech.com\/wp-content\/uploads\/2020\/08\/3.3KW-OBC1.5KW-DCDC-1-500x524.jpg 500w, https:\/\/ovartech.com\/wp-content\/uploads\/2020\/08\/3.3KW-OBC1.5KW-DCDC-1-600x629.jpg 600w, https:\/\/ovartech.com\/wp-content\/uploads\/2020\/08\/3.3KW-OBC1.5KW-DCDC-1-700x733.jpg 700w, https:\/\/ovartech.com\/wp-content\/uploads\/2020\/08\/3.3KW-OBC1.5KW-DCDC-1-768x804.jpg 768w, https:\/\/ovartech.com\/wp-content\/uploads\/2020\/08\/3.3KW-OBC1.5KW-DCDC-1.jpg 800w\" data-sizes=\"auto\" data-orig-sizes=\"(max-width: 800px) 100vw, 800px\" \/><span style=\"font-family: arial, helvetica, sans-serif;\"><img decoding=\"async\" width=\"800\" height=\"744\" class=\"lazyload wp-image-363\" src=\"https:\/\/www.ovartech.com\/wp-content\/uploads\/2020\/08\/3.3KW-OBC1.5KW-DCDC-2.jpg\" data-orig-src=\"https:\/\/www.ovartech.com\/wp-content\/uploads\/2020\/08\/3.3KW-OBC1.5KW-DCDC-2.jpg\" alt=\"\" srcset=\"data:image\/svg+xml,%3Csvg%20xmlns%3D%27http%3A%2F%2Fwww.w3.org%2F2000%2Fsvg%27%20width%3D%27800%27%20height%3D%27744%27%20viewBox%3D%270%200%20800%20744%27%3E%3Crect%20width%3D%27800%27%20height%3D%27744%27%20fill-opacity%3D%220%22%2F%3E%3C%2Fsvg%3E\" data-srcset=\"https:\/\/ovartech.com\/wp-content\/uploads\/2020\/08\/3.3KW-OBC1.5KW-DCDC-2-120x112.jpg 120w, https:\/\/ovartech.com\/wp-content\/uploads\/2020\/08\/3.3KW-OBC1.5KW-DCDC-2-200x186.jpg 200w, https:\/\/ovartech.com\/wp-content\/uploads\/2020\/08\/3.3KW-OBC1.5KW-DCDC-2-300x279.jpg 300w, https:\/\/ovartech.com\/wp-content\/uploads\/2020\/08\/3.3KW-OBC1.5KW-DCDC-2-400x372.jpg 400w, https:\/\/ovartech.com\/wp-content\/uploads\/2020\/08\/3.3KW-OBC1.5KW-DCDC-2-500x465.jpg 500w, https:\/\/ovartech.com\/wp-content\/uploads\/2020\/08\/3.3KW-OBC1.5KW-DCDC-2-600x558.jpg 600w, https:\/\/ovartech.com\/wp-content\/uploads\/2020\/08\/3.3KW-OBC1.5KW-DCDC-2-700x651.jpg 700w, https:\/\/ovartech.com\/wp-content\/uploads\/2020\/08\/3.3KW-OBC1.5KW-DCDC-2-768x714.jpg 768w, https:\/\/ovartech.com\/wp-content\/uploads\/2020\/08\/3.3KW-OBC1.5KW-DCDC-2.jpg 800w\" data-sizes=\"auto\" data-orig-sizes=\"(max-width: 800px) 100vw, 800px\" \/><\/span><\/p>\r\n<p><span style=\"font-family: arial, helvetica, sans-serif;\"><!-- \/wp:post-content -->\r\n\r\n<!-- wp:image {\"id\":363} --><\/span><\/p>\r\n<p><span style=\"font-size: 14pt; font-family: arial, helvetica, sans-serif;\"><strong>\u3088\u304f\u3042\u308b\u8cea\u554f<\/strong><\/span><\/p>\r\n<p><span style=\"font-family: arial, helvetica, sans-serif;\"><strong><span style=\"font-size: 10pt;\">Q: \u8cb4\u793e\u306f\u5546\u793e\u3067\u3059\u304b\u3001\u305d\u308c\u3068\u3082\u30e1\u30fc\u30ab\u30fc\u3067\u3059\u304b\uff1f<\/span><\/strong><\/span><br \/><span style=\"font-size: 10pt; font-family: arial, helvetica, sans-serif;\">A: \u79c1\u305f\u3061\u306f\u30e1\u30fc\u30ab\u30fc\u3067\u3059\u3002.<\/span><\/p>\r\n<p><span style=\"font-family: arial, helvetica, sans-serif;\"><strong><span style=\"font-size: 10pt;\">Q: \u7d0d\u671f\u306f\u3069\u306e\u304f\u3089\u3044\u3067\u3059\u304b\uff1f<\/span><\/strong><\/span><br \/><span style=\"font-size: 10pt; font-family: arial, helvetica, sans-serif;\">A: \u4e00\u822c\u7684\u306b\u3001\u5728\u5eab\u304c\u3042\u308b\u5834\u5408\u306f5\uff5e10\u65e5\u3067\u3059\u3002\u5728\u5eab\u304c\u306a\u3044\u5834\u5408\u306f\u6570\u91cf\u306b\u5fdc\u3058\u30666\u9031\u9593\u304b\u304b\u308a\u307e\u3059\u3002.<\/span><\/p>\r\n<p><span style=\"font-family: arial, helvetica, sans-serif;\"><strong><span style=\"font-size: 10pt;\">Q: \u8cb4\u793e\u306e\u88fd\u54c1\u306e\u4e3b\u306a\u6280\u8853\u7684\u512a\u4f4d\u6027\u306f\u4f55\u3067\u3059\u304b\uff1f<\/span><\/strong><\/span><br \/><span style=\"font-size: 10pt; font-family: arial, helvetica, sans-serif;\">A: \u5f53\u793e\u306f\u30c7\u30b8\u30bf\u30eb\u5236\u5fa1\u6280\u8853\u3092\u63a1\u7528\u3057\u3066\u304a\u308a\u3001\u9060\u9694\u30a2\u30c3\u30d7\u30b0\u30ec\u30fc\u30c9\u3068\u5b8c\u5168\u81ea\u52d5\u751f\u7523\u306b\u4fbf\u5229\u3067\u3059\u3002.<\/span><\/p>\r\n<p><span style=\"font-family: arial, helvetica, sans-serif;\"><strong><span style=\"font-size: 10pt;\">Q: \u8cb4\u793e\u306e\u30a8\u30f3\u30b8\u30cb\u30a2\u30ea\u30f3\u30b0\u8a66\u9a13\u304a\u3088\u3073\u691c\u8a3c\u80fd\u529b\u306b\u3064\u3044\u3066\u6559\u3048\u3066\u304f\u3060\u3055\u3044\u3002<\/span><\/strong><\/span><br \/><span style=\"font-size: 10pt; font-family: arial, helvetica, sans-serif;\">A: 2\u6642\u9593\u4ee5\u5185\u306b\u3054\u8fd4\u7b54\u3057\u300124\u6642\u9593\u4ee5\u5185\u306b\u554f\u984c\u3092\u89e3\u6c7a\u3044\u305f\u3057\u307e\u3059\u3002.<\/span><\/p>\r\n<p><span style=\"font-family: arial, helvetica, sans-serif;\"><strong><span style=\"font-size: 10pt;\">Q: \u304a\u652f\u6255\u3044\u6761\u4ef6\u306f\u3069\u306e\u3088\u3046\u306a\u3082\u306e\u3067\u3059\u304b\uff1f<\/span><\/strong><\/span><br \/><span style=\"font-size: 10pt; font-family: arial, helvetica, sans-serif;\">A: 100%\u524d\u6255\u3044\u3002.<\/span><\/p>\r\n<p><span style=\"font-family: arial, helvetica, sans-serif;\"><strong><span style=\"font-size: 10pt;\">Q: \u6700\u5c0f\u767a\u6ce8\u6570\u91cf\uff08MOQ\uff09\u3068\u306f\u4f55\u3067\u3059\u304b\uff1f<\/span><\/strong><\/span><\/p>\r\n<p><span style=\"font-size: 10pt; font-family: arial, helvetica, sans-serif;\">A: 1\u5358\u4f4d\u3002.<\/span><\/p>\r\n<p><span style=\"font-family: arial, helvetica, sans-serif;\"><strong><span style=\"font-size: 10pt;\">Q: \u30ab\u30b9\u30bf\u30de\u30a4\u30ba\u306f\u627f\u3063\u3066\u3044\u307e\u3059\u304b\uff1f<\/span><\/strong><\/span><\/p>\r\n<p><span style=\"font-size: 10pt; font-family: arial, helvetica, sans-serif;\">A: \u306f\u3044\u3001OEM\u304a\u3088\u3073ODM\u30b5\u30fc\u30d3\u30b9\u306f\u3059\u3079\u3066\u5bfe\u5fdc\u53ef\u80fd\u3067\u3059\u3002.<\/span><\/p>\r\n<p><span style=\"font-family: arial, helvetica, sans-serif;\"><strong><span style=\"font-size: 10pt;\">Q: \u3054\u6ce8\u6587\u524d\u306b\u7121\u6599\u30b5\u30f3\u30d7\u30eb\u3092\u63d0\u4f9b\u3057\u3066\u3044\u305f\u3060\u3051\u307e\u3059\u304b\uff1f<\/span><\/strong><\/span><\/p>\r\n<p><span style=\"font-size: 10pt; font-family: arial, helvetica, sans-serif;\">A: \u4e00\u822c\u7684\u306b\u8a00\u3048\u3070\u3001\u305d\u308c\u306b\u306f\u304a\u91d1\u3092\u6255\u3046\u5fc5\u8981\u304c\u3042\u308a\u307e\u3059\u3002.<\/span><\/p>\r\n<p><span style=\"font-family: arial, helvetica, sans-serif;\"><strong><span style=\"font-size: 10pt;\">Q: \u30b5\u30f3\u30d7\u30eb\u63d0\u4f9b\u306e\u65b9\u91dd\u306b\u3064\u3044\u3066\u6559\u3048\u3066\u304f\u3060\u3055\u3044\u3002<\/span><\/strong><\/span><\/p>\r\n<p><span style=\"font-size: 10pt; font-family: arial, helvetica, sans-serif;\">A: \u5728\u5eab\u304c\u3042\u308b\u90e8\u54c1\u306b\u3064\u3044\u3066\u306f\u30b5\u30f3\u30d7\u30eb\u3092\u63d0\u4f9b\u53ef\u80fd\u3067\u3059\u3002\u304a\u5ba2\u69d8\u306b\u306f\u30b5\u30f3\u30d7\u30eb\u4ee3\u91d1\u3068\u9001\u6599\u306e\u3054\u8ca0\u62c5\u3092\u304a\u9858\u3044\u3044\u305f\u3057\u307e\u3059\u3002.<\/span><\/p>\r\n<p><span style=\"font-family: arial, helvetica, sans-serif;\"><strong><span style=\"font-size: 10pt;\">Q: \u7d0d\u54c1\u524d\u306b\u3059\u3079\u3066\u306e\u5546\u54c1\u3092\u691c\u67fb\u3057\u3066\u3044\u307e\u3059\u304b\uff1f<\/span><\/strong><\/span><\/p>\r\n<p><span style=\"font-size: 10pt; font-family: arial, helvetica, sans-serif;\">A: \u306f\u3044\u3001\u51fa\u8377\u524d\u306b100%\u30c6\u30b9\u30c8\u3092\u5b9f\u65bd\u3057\u3066\u304a\u308a\u307e\u3059\u3002\u5fc5\u8981\u306b\u5fdc\u3058\u3066\u3001\u51fa\u8377\u524d\u306b\u691c\u67fb\u5831\u544a\u66f8\u3092\u304a\u9001\u308a\u3059\u308b\u3053\u3068\u3082\u53ef\u80fd\u3067\u3059\u3002.<\/span><\/p>\r\n<p><span style=\"font-family: arial, helvetica, sans-serif;\"><strong><span style=\"font-size: 10pt;\">Q: \u3069\u306e\u3088\u3046\u306b\u3059\u308c\u3070\u3001\u5f53\u793e\u306e\u30d3\u30b8\u30cd\u30b9\u3092\u9577\u671f\u7684\u304b\u3064\u826f\u597d\u306a\u95a2\u4fc2\u306b\u4fdd\u3066\u307e\u3059\u304b\uff1f<\/span><\/strong><\/span><\/p>\r\n<p data-spm-anchor-id=\"a2700.details.0.i14.37d9a03fIpMZvt\"><span style=\"font-size: 10pt; font-family: arial, helvetica, sans-serif;\" data-spm-anchor-id=\"a2700.details.0.i15.37d9a03fIpMZvt\">A: 1. \u5f53\u793e\u306f\u3001\u304a\u5ba2\u69d8\u306e\u5229\u76ca\u3092\u78ba\u4fdd\u3059\u308b\u305f\u3081\u3001\u9ad8\u54c1\u8cea\u3068\u7af6\u4e89\u529b\u306e\u3042\u308b\u4fa1\u683c\u3092\u7dad\u6301\u3057\u3066\u3044\u307e\u3059\u3002.<\/span><\/p>\r\n<p data-spm-anchor-id=\"a2700.details.0.i17.37d9a03fIpMZvt\"><span style=\"font-size: 10pt; font-family: arial, helvetica, sans-serif;\" data-spm-anchor-id=\"a2700.details.0.i16.37d9a03fIpMZvt\">\u00a0 \u00a0 \u00a02. \u79c1\u305f\u3061\u306f\u3001\u304a\u5ba2\u69d8\u3092\u4e00\u4eba\u3072\u3068\u308a\u3092\u53cb\u4eba\u3068\u540c\u69d8\u306b\u5c0a\u91cd\u3057\u3001\u305d\u306e\u51fa\u8eab\u5730\u306b\u95a2\u308f\u3089\u305a\u3001\u8aa0\u5b9f\u306b\u53d6\u5f15\u3092\u884c\u3044\u3001\u53cb\u60c5\u3092\u80b2\u3093\u3067\u307e\u3044\u308a\u307e\u3059\u3002.<\/span><\/p>\r\n<p>&nbsp;<\/p>\r\n<p><span style=\"font-family: arial, helvetica, sans-serif;\"><!-- \/wp:image --><\/span><\/p>","protected":false},"excerpt":{"rendered":"<p>Superior 3.3KW 2-in-1 OBC + 1.5KW DC-DC On-Board Charger<\/p>","protected":false},"featured_media":355,"template":"","meta":{"_acf_changed":false,"content-type":""},"product_brand":[],"product_cat":[24],"product_tag":[39,38,36,40],"class_list":{"0":"post-218","1":"product","2":"type-product","3":"status-publish","4":"has-post-thumbnail","6":"product_cat-chargerdc-dc-converter-integration","7":"product_tag-battery-chargerdc-dc-converter","8":"product_tag-ev-battery-charger","9":"product_tag-ev-on-board-charger-6-6kw","10":"product_tag-on-board-charger-3-3kw","12":"first","13":"instock","14":"shipping-taxable","15":"product-type-simple"},"acf":[],"_links":{"self":[{"href":"https:\/\/ovartech.com\/ja\/wp-json\/wp\/v2\/product\/218","targetHints":{"allow":["GET"]}}],"collection":[{"href":"https:\/\/ovartech.com\/ja\/wp-json\/wp\/v2\/product"}],"about":[{"href":"https:\/\/ovartech.com\/ja\/wp-json\/wp\/v2\/types\/product"}],"wp:featuredmedia":[{"embeddable":true,"href":"https:\/\/ovartech.com\/ja\/wp-json\/wp\/v2\/media\/355"}],"wp:attachment":[{"href":"https:\/\/ovartech.com\/ja\/wp-json\/wp\/v2\/media?parent=218"}],"wp:term":[{"taxonomy":"product_brand","embeddable":true,"href":"https:\/\/ovartech.com\/ja\/wp-json\/wp\/v2\/product_brand?post=218"},{"taxonomy":"product_cat","embeddable":true,"href":"https:\/\/ovartech.com\/ja\/wp-json\/wp\/v2\/product_cat?post=218"},{"taxonomy":"product_tag","embeddable":true,"href":"https:\/\/ovartech.com\/ja\/wp-json\/wp\/v2\/product_tag?post=218"}],"curies":[{"name":"wp","href":"https:\/\/api.w.org\/{rel}","templated":true}]}}