{"id":204,"date":"2017-12-07T06:02:30","date_gmt":"2017-12-07T06:02:30","guid":{"rendered":"https:\/\/www.ovartech.com\/?post_type=product&#038;p=204"},"modified":"2026-03-18T03:47:48","modified_gmt":"2026-03-18T03:47:48","slug":"6-6kw-11kw-22kw-ev-on-board-charger-obc","status":"publish","type":"product","link":"https:\/\/ovartech.com\/ja\/product\/6-6kw-11kw-22kw-ev-on-board-charger-obc\/","title":{"rendered":"6.6KW 11KW 22KW EV On-Board Charger | Reliable OBC Series"},"content":{"rendered":"<p style=\"font-family: arial, helvetica, sans-serif;\"><strong><span style=\"font-size: 18pt;\">6.6KW 11KW 22KW EV On-Board Charger | Reliable OBC Series<\/span><\/strong><\/p>\r\n<p style=\"font-size: 14pt; font-family: arial, helvetica, sans-serif;\">The Ovartech CAD662DF-400A is a reliable 6.6KW on-board charger (OBC) designed for electric vehicle battery charging with superior efficiency, robustness and safety.<\/p>\r\n<p style=\"font-size: 14pt; font-family: arial, helvetica, sans-serif;\">It supports a wide AC input voltage range of 85~265V, making it suitable for global use, while its high-efficiency design delivers a more economical charging solution.<\/p>\r\n<p style=\"font-size: 14pt; font-family: arial, helvetica, sans-serif;\">This intelligent charger features automatic CC\/CV charging with precise voltage control and automatic cut-off to protect and extend battery life.<\/p>\r\n<p style=\"font-size: 14pt; font-family: arial, helvetica, sans-serif;\">It provides full protection functions including short-circuit, over-voltage, over-current and over-temperature protection during operation.<\/p>\r\n<p style=\"font-size: 14pt; font-family: arial, helvetica, sans-serif;\">The CAN-bus interface transmits real-time data such as charging status, interlock condition and fault alerts to the VCU (Vehicle Control Unit) via the BMS (Battery Management System), enabling intelligent vehicle energy management.<\/p>\r\n<p style=\"font-size: 14pt; font-family: arial, helvetica, sans-serif;\">Compliant with SAE J1772 and IEC 61851 international standards, the CAD662DF-400A series comes with an IP67 rating, ensuring stable and reliable performance in harsh operating environments.<\/p>\r\n\r\n<h2><\/h2>\r\n<h2><strong><span style=\"font-size: 14pt; font-family: arial, helvetica, sans-serif;\">6.6kW OBC Specification<\/span><\/strong><\/h2>\r\n<table style=\"height: 270px; width: 45%;\">\r\n<tbody>\r\n<tr style=\"height: 27px;\">\r\n<td style=\"width: 43.2292%; height: 27px;\"><strong><span style=\"font-family: arial, helvetica, sans-serif; font-size: 14pt;\">Model \uff1a<\/span><\/strong><\/td>\r\n<td style=\"width: 55.9028%; height: 27px;\"><span style=\"font-family: arial, helvetica, sans-serif; font-size: 14pt;\">CAD662DF-400A<\/span><\/td>\r\n<\/tr>\r\n<tr style=\"height: 27px;\">\r\n<td style=\"width: 43.2292%; height: 27px;\"><strong><span style=\"font-family: arial, helvetica, sans-serif; font-size: 14pt;\">Power \uff1a<\/span><\/strong><\/td>\r\n<td style=\"width: 55.9028%; height: 27px;\"><span style=\"font-family: arial, helvetica, sans-serif; font-size: 14pt;\">6600W\/6.6KW<\/span><\/td>\r\n<\/tr>\r\n<tr style=\"height: 27px;\">\r\n<td style=\"width: 43.2292%; height: 27px;\"><strong><span style=\"font-family: arial, helvetica, sans-serif; font-size: 14pt;\">Input voltage \uff1a<\/span><\/strong><\/td>\r\n<td style=\"width: 55.9028%; height: 27px;\"><span style=\"font-family: arial, helvetica, sans-serif; font-size: 14pt;\">85\uff5e265V\u76f4\u6d41<\/span><\/td>\r\n<\/tr>\r\n<tr style=\"height: 27px;\">\r\n<td style=\"width: 43.2292%; height: 27px;\"><strong><span style=\"font-family: arial, helvetica, sans-serif; font-size: 14pt;\">Output current \uff1a<\/span><\/strong><\/td>\r\n<td style=\"width: 55.9028%; height: 27px;\"><span style=\"font-family: arial, helvetica, sans-serif; font-size: 14pt;\">0-20A<\/span><\/td>\r\n<\/tr>\r\n<tr style=\"height: 27px;\">\r\n<td style=\"width: 43.2292%; height: 27px;\"><strong><span style=\"font-family: arial, helvetica, sans-serif; font-size: 14pt;\">Output voltage \uff1a<\/span><\/strong><\/td>\r\n<td style=\"width: 55.9028%; height: 27px;\"><span style=\"font-family: arial, helvetica, sans-serif; font-size: 14pt;\">200-420Vdc<\/span><\/td>\r\n<\/tr>\r\n<tr style=\"height: 27px;\">\r\n<td style=\"width: 43.2292%; height: 27px;\"><strong><span style=\"font-family: arial, helvetica, sans-serif; font-size: 14pt;\">Cooling \uff1a<\/span><\/strong><\/td>\r\n<td style=\"width: 55.9028%; height: 27px;\"><span style=\"font-family: arial, helvetica, sans-serif; font-size: 14pt;\">\u6db2\u4f53\u51b7\u5374<\/span><\/td>\r\n<\/tr>\r\n<tr style=\"height: 27px;\">\r\n<td style=\"width: 43.2292%; height: 27px;\"><strong><span style=\"font-family: arial, helvetica, sans-serif; font-size: 14pt;\">Dimension \uff1a<\/span><\/strong><\/td>\r\n<td style=\"width: 55.9028%; height: 27px;\"><span style=\"font-family: arial, helvetica, sans-serif; font-size: 14pt;\">338\u00d7255\u00d7125mm; 13.3\u00d710\u00d74.9\u30a4\u30f3\u30c1\u201d<\/span><\/td>\r\n<\/tr>\r\n<tr style=\"height: 27px;\">\r\n<td style=\"width: 43.2292%; height: 27px;\"><strong><span style=\"font-family: arial, helvetica, sans-serif; font-size: 14pt;\">Weight \uff1a<\/span><\/strong><\/td>\r\n<td style=\"width: 55.9028%; height: 27px;\"><span style=\"font-family: arial, helvetica, sans-serif; font-size: 14pt;\">6kg; 13.2\u30dd\u30f3\u30c9<\/span><\/td>\r\n<\/tr>\r\n<tr style=\"height: 27px;\">\r\n<td style=\"width: 43.2292%; height: 27px;\"><strong><span style=\"font-family: arial, helvetica, sans-serif; font-size: 14pt;\">IP rate \uff1a<\/span><\/strong><\/td>\r\n<td style=\"width: 55.9028%; height: 27px;\"><span style=\"font-family: arial, helvetica, sans-serif; font-size: 14pt;\">IP67<\/span><\/td>\r\n<\/tr>\r\n<tr style=\"height: 27px;\">\r\n<td style=\"width: 43.2292%; height: 27px;\"><strong><span style=\"font-family: arial, helvetica, sans-serif; font-size: 14pt;\">Interface \uff1a<\/span><\/strong><\/td>\r\n<td style=\"width: 55.9028%; height: 27px;\"><span style=\"font-family: arial, helvetica, sans-serif; font-size: 14pt;\">CAN\u30d0\u30b9\/\u6709\u52b9\u5316\u5236\u5fa1<\/span><\/td>\r\n<\/tr>\r\n<\/tbody>\r\n<\/table>\r\n<h3><\/h3>\r\n<h3><strong><span style=\"font-family: arial, helvetica, sans-serif;\">6.6kW OBC Details<\/span><\/strong><\/h3>\r\n<table style=\"border-collapse: collapse; width: 79.7185%;\">\r\n<tbody>\r\n<tr>\r\n<td style=\"width: 39.9235%;\"><a href=\"https:\/\/ovartech.com\/wp-content\/uploads\/2017\/12\/IMG_0759\u767d\u5e95-1.jpg\"><img decoding=\"async\" class=\"lazyload alignnone wp-image-1658 size-fusion-600\" src=\"https:\/\/ovartech.com\/wp-content\/uploads\/2017\/12\/IMG_0759\u767d\u5e95-1-600x600.jpg\" data-orig-src=\"https:\/\/ovartech.com\/wp-content\/uploads\/2017\/12\/IMG_0759\u767d\u5e95-1-600x600.jpg\" alt=\"6.6KW 11KW 22KW EV On-Board Charger | Reliable OBC Series\" width=\"600\" height=\"600\" srcset=\"data:image\/svg+xml,%3Csvg%20xmlns%3D%27http%3A%2F%2Fwww.w3.org%2F2000%2Fsvg%27%20width%3D%27600%27%20height%3D%27600%27%20viewBox%3D%270%200%20600%20600%27%3E%3Crect%20width%3D%27600%27%20height%3D%27600%27%20fill-opacity%3D%220%22%2F%3E%3C%2Fsvg%3E\" data-srcset=\"https:\/\/ovartech.com\/wp-content\/uploads\/2017\/12\/IMG_0759\u767d\u5e95-1-12x12.jpg 12w, https:\/\/ovartech.com\/wp-content\/uploads\/2017\/12\/IMG_0759\u767d\u5e95-1-66x66.jpg 66w, https:\/\/ovartech.com\/wp-content\/uploads\/2017\/12\/IMG_0759\u767d\u5e95-1-150x150.jpg 150w, https:\/\/ovartech.com\/wp-content\/uploads\/2017\/12\/IMG_0759\u767d\u5e95-1-200x200.jpg 200w, https:\/\/ovartech.com\/wp-content\/uploads\/2017\/12\/IMG_0759\u767d\u5e95-1-300x300.jpg 300w, https:\/\/ovartech.com\/wp-content\/uploads\/2017\/12\/IMG_0759\u767d\u5e95-1-400x400.jpg 400w, https:\/\/ovartech.com\/wp-content\/uploads\/2017\/12\/IMG_0759\u767d\u5e95-1-500x500.jpg 500w, https:\/\/ovartech.com\/wp-content\/uploads\/2017\/12\/IMG_0759\u767d\u5e95-1-600x600.jpg 600w, https:\/\/ovartech.com\/wp-content\/uploads\/2017\/12\/IMG_0759\u767d\u5e95-1-700x700.jpg 700w, https:\/\/ovartech.com\/wp-content\/uploads\/2017\/12\/IMG_0759\u767d\u5e95-1-768x768.jpg 768w, https:\/\/ovartech.com\/wp-content\/uploads\/2017\/12\/IMG_0759\u767d\u5e95-1.jpg 800w\" data-sizes=\"auto\" data-orig-sizes=\"(max-width: 600px) 100vw, 600px\" \/><\/a><\/td>\r\n<td style=\"width: 39.7959%;\"><a href=\"https:\/\/ovartech.com\/wp-content\/uploads\/2017\/12\/6.6KW-OBC1.5KW-DCDC-6-1.jpg\"><img decoding=\"async\" class=\"lazyload alignnone wp-image-1656 size-fusion-600\" src=\"https:\/\/ovartech.com\/wp-content\/uploads\/2017\/12\/6.6KW-OBC1.5KW-DCDC-6-1-600x600.jpg\" data-orig-src=\"https:\/\/ovartech.com\/wp-content\/uploads\/2017\/12\/6.6KW-OBC1.5KW-DCDC-6-1-600x600.jpg\" alt=\"\" width=\"600\" height=\"600\" srcset=\"data:image\/svg+xml,%3Csvg%20xmlns%3D%27http%3A%2F%2Fwww.w3.org%2F2000%2Fsvg%27%20width%3D%27600%27%20height%3D%27600%27%20viewBox%3D%270%200%20600%20600%27%3E%3Crect%20width%3D%27600%27%20height%3D%27600%27%20fill-opacity%3D%220%22%2F%3E%3C%2Fsvg%3E\" data-srcset=\"https:\/\/ovartech.com\/wp-content\/uploads\/2017\/12\/6.6KW-OBC1.5KW-DCDC-6-1-12x12.jpg 12w, https:\/\/ovartech.com\/wp-content\/uploads\/2017\/12\/6.6KW-OBC1.5KW-DCDC-6-1-66x66.jpg 66w, https:\/\/ovartech.com\/wp-content\/uploads\/2017\/12\/6.6KW-OBC1.5KW-DCDC-6-1-150x150.jpg 150w, https:\/\/ovartech.com\/wp-content\/uploads\/2017\/12\/6.6KW-OBC1.5KW-DCDC-6-1-200x200.jpg 200w, https:\/\/ovartech.com\/wp-content\/uploads\/2017\/12\/6.6KW-OBC1.5KW-DCDC-6-1-300x300.jpg 300w, https:\/\/ovartech.com\/wp-content\/uploads\/2017\/12\/6.6KW-OBC1.5KW-DCDC-6-1-400x400.jpg 400w, https:\/\/ovartech.com\/wp-content\/uploads\/2017\/12\/6.6KW-OBC1.5KW-DCDC-6-1-500x500.jpg 500w, https:\/\/ovartech.com\/wp-content\/uploads\/2017\/12\/6.6KW-OBC1.5KW-DCDC-6-1-600x600.jpg 600w, https:\/\/ovartech.com\/wp-content\/uploads\/2017\/12\/6.6KW-OBC1.5KW-DCDC-6-1-700x700.jpg 700w, https:\/\/ovartech.com\/wp-content\/uploads\/2017\/12\/6.6KW-OBC1.5KW-DCDC-6-1-768x768.jpg 768w, https:\/\/ovartech.com\/wp-content\/uploads\/2017\/12\/6.6KW-OBC1.5KW-DCDC-6-1-800x800.jpg 800w, https:\/\/ovartech.com\/wp-content\/uploads\/2017\/12\/6.6KW-OBC1.5KW-DCDC-6-1.jpg 1000w\" data-sizes=\"auto\" data-orig-sizes=\"(max-width: 600px) 100vw, 600px\" \/><\/a><\/td>\r\n<\/tr>\r\n<\/tbody>\r\n<\/table>\r\n&nbsp;\r\n<p style=\"font-size: 14pt; font-family: arial, helvetica, sans-serif;\"><strong>\u3088\u304f\u3042\u308b\u8cea\u554f<\/strong><\/p>\r\n<p style=\"font-family: arial, helvetica, sans-serif;\"><strong><span style=\"font-size: 10pt;\">Q: \u8cb4\u793e\u306f\u5546\u793e\u3067\u3059\u304b\u3001\u305d\u308c\u3068\u3082\u30e1\u30fc\u30ab\u30fc\u3067\u3059\u304b\uff1f<\/span><\/strong><\/p>\r\n<p style=\"font-size: 10pt; font-family: arial, helvetica, sans-serif;\">A: \u79c1\u305f\u3061\u306f\u30e1\u30fc\u30ab\u30fc\u3067\u3059\u3002.<\/p>\r\n<p style=\"font-family: arial, helvetica, sans-serif;\"><strong><span style=\"font-size: 10pt;\">Q: \u7d0d\u671f\u306f\u3069\u306e\u304f\u3089\u3044\u3067\u3059\u304b\uff1f<\/span><\/strong><\/p>\r\n<p style=\"font-size: 10pt; font-family: arial, helvetica, sans-serif;\">A: \u4e00\u822c\u7684\u306b\u3001\u5728\u5eab\u304c\u3042\u308b\u5834\u5408\u306f5\uff5e10\u65e5\u3067\u3059\u3002\u5728\u5eab\u304c\u306a\u3044\u5834\u5408\u306f\u6570\u91cf\u306b\u5fdc\u3058\u30666\u9031\u9593\u304b\u304b\u308a\u307e\u3059\u3002.<\/p>\r\n<p style=\"font-family: arial, helvetica, sans-serif;\"><strong><span style=\"font-size: 10pt;\">Q: \u8cb4\u793e\u306e\u88fd\u54c1\u306e\u4e3b\u306a\u6280\u8853\u7684\u512a\u4f4d\u6027\u306f\u4f55\u3067\u3059\u304b\uff1f<\/span><\/strong><\/p>\r\n<p style=\"font-size: 10pt; font-family: arial, helvetica, sans-serif;\">A: \u5f53\u793e\u306f\u30c7\u30b8\u30bf\u30eb\u5236\u5fa1\u6280\u8853\u3092\u63a1\u7528\u3057\u3066\u304a\u308a\u3001\u9060\u9694\u30a2\u30c3\u30d7\u30b0\u30ec\u30fc\u30c9\u3068\u5b8c\u5168\u81ea\u52d5\u751f\u7523\u306b\u4fbf\u5229\u3067\u3059\u3002.<\/p>\r\n<p style=\"font-family: arial, helvetica, sans-serif;\"><strong><span style=\"font-size: 10pt;\">Q: \u8cb4\u793e\u306e\u30a8\u30f3\u30b8\u30cb\u30a2\u30ea\u30f3\u30b0\u8a66\u9a13\u304a\u3088\u3073\u691c\u8a3c\u80fd\u529b\u306b\u3064\u3044\u3066\u6559\u3048\u3066\u304f\u3060\u3055\u3044\u3002<\/span><\/strong><\/p>\r\n<p style=\"font-size: 10pt; font-family: arial, helvetica, sans-serif;\">A: 2\u6642\u9593\u4ee5\u5185\u306b\u3054\u8fd4\u7b54\u3057\u300124\u6642\u9593\u4ee5\u5185\u306b\u554f\u984c\u3092\u89e3\u6c7a\u3044\u305f\u3057\u307e\u3059\u3002.<\/p>\r\n<p style=\"font-family: arial, helvetica, sans-serif;\"><strong><span style=\"font-size: 10pt;\">Q: \u304a\u652f\u6255\u3044\u6761\u4ef6\u306f\u3069\u306e\u3088\u3046\u306a\u3082\u306e\u3067\u3059\u304b\uff1f<\/span><\/strong><\/p>\r\n<p style=\"font-size: 10pt; font-family: arial, helvetica, sans-serif;\">A: 100%\u524d\u6255\u3044\u3002.<\/p>\r\n<p style=\"font-family: arial, helvetica, sans-serif;\"><strong><span style=\"font-size: 10pt;\">Q: \u6700\u5c0f\u767a\u6ce8\u6570\u91cf\uff08MOQ\uff09\u3068\u306f\u4f55\u3067\u3059\u304b\uff1f<\/span><\/strong><\/p>\r\n<p style=\"font-size: 10pt; font-family: arial, helvetica, sans-serif;\">A: 1\u5358\u4f4d\u3002.<\/p>\r\n<p style=\"font-family: arial, helvetica, sans-serif;\"><strong><span style=\"font-size: 10pt;\">Q: \u30ab\u30b9\u30bf\u30de\u30a4\u30ba\u306f\u627f\u3063\u3066\u3044\u307e\u3059\u304b\uff1f<\/span><\/strong><\/p>\r\n<p style=\"font-size: 10pt; font-family: arial, helvetica, sans-serif;\">A: \u306f\u3044\u3001OEM\u304a\u3088\u3073ODM\u30b5\u30fc\u30d3\u30b9\u306f\u3059\u3079\u3066\u5bfe\u5fdc\u53ef\u80fd\u3067\u3059\u3002.<\/p>\r\n<p style=\"font-family: arial, helvetica, sans-serif;\"><strong><span style=\"font-size: 10pt;\">Q: \u3054\u6ce8\u6587\u524d\u306b\u7121\u6599\u30b5\u30f3\u30d7\u30eb\u3092\u63d0\u4f9b\u3057\u3066\u3044\u305f\u3060\u3051\u307e\u3059\u304b\uff1f<\/span><\/strong><\/p>\r\n<p style=\"font-size: 10pt; font-family: arial, helvetica, sans-serif;\">A: \u4e00\u822c\u7684\u306b\u8a00\u3048\u3070\u3001\u305d\u308c\u306b\u306f\u304a\u91d1\u3092\u6255\u3046\u5fc5\u8981\u304c\u3042\u308a\u307e\u3059\u3002.<\/p>\r\n<p style=\"font-family: arial, helvetica, sans-serif;\"><strong><span style=\"font-size: 10pt;\">Q: \u30b5\u30f3\u30d7\u30eb\u63d0\u4f9b\u306e\u65b9\u91dd\u306b\u3064\u3044\u3066\u6559\u3048\u3066\u304f\u3060\u3055\u3044\u3002<\/span><\/strong><\/p>\r\n<p style=\"font-size: 10pt; font-family: arial, helvetica, sans-serif;\">A: \u5728\u5eab\u304c\u3042\u308b\u90e8\u54c1\u306b\u3064\u3044\u3066\u306f\u30b5\u30f3\u30d7\u30eb\u3092\u63d0\u4f9b\u53ef\u80fd\u3067\u3059\u3002\u304a\u5ba2\u69d8\u306b\u306f\u30b5\u30f3\u30d7\u30eb\u4ee3\u91d1\u3068\u9001\u6599\u306e\u3054\u8ca0\u62c5\u3092\u304a\u9858\u3044\u3044\u305f\u3057\u307e\u3059\u3002.<\/p>\r\n<p style=\"font-family: arial, helvetica, sans-serif;\"><strong><span style=\"font-size: 10pt;\">Q: \u7d0d\u54c1\u524d\u306b\u3059\u3079\u3066\u306e\u5546\u54c1\u3092\u691c\u67fb\u3057\u3066\u3044\u307e\u3059\u304b\uff1f<\/span><\/strong><\/p>\r\n<p style=\"font-size: 10pt; font-family: arial, helvetica, sans-serif;\">A: \u306f\u3044\u3001\u51fa\u8377\u524d\u306b100%\u30c6\u30b9\u30c8\u3092\u5b9f\u65bd\u3057\u3066\u304a\u308a\u307e\u3059\u3002\u5fc5\u8981\u306b\u5fdc\u3058\u3066\u3001\u51fa\u8377\u524d\u306b\u691c\u67fb\u5831\u544a\u66f8\u3092\u304a\u9001\u308a\u3059\u308b\u3053\u3068\u3082\u53ef\u80fd\u3067\u3059\u3002.<\/p>\r\n<p style=\"font-family: arial, helvetica, sans-serif;\"><strong><span style=\"font-size: 10pt;\">Q: \u3069\u306e\u3088\u3046\u306b\u3059\u308c\u3070\u3001\u5f53\u793e\u306e\u30d3\u30b8\u30cd\u30b9\u3092\u9577\u671f\u7684\u304b\u3064\u826f\u597d\u306a\u95a2\u4fc2\u306b\u4fdd\u3066\u307e\u3059\u304b\uff1f<\/span><\/strong><\/p>\r\n<p style=\"font-size: 10pt; font-family: arial, helvetica, sans-serif;\">A: 1. \u5f53\u793e\u306f\u3001\u304a\u5ba2\u69d8\u306e\u5229\u76ca\u3092\u78ba\u4fdd\u3059\u308b\u305f\u3081\u3001\u9ad8\u54c1\u8cea\u3068\u7af6\u4e89\u529b\u306e\u3042\u308b\u4fa1\u683c\u3092\u7dad\u6301\u3057\u3066\u3044\u307e\u3059\u3002.<\/p>\r\n<p style=\"font-size: 10pt; font-family: arial, helvetica, sans-serif;\">2. \u79c1\u305f\u3061\u306f\u3001\u304a\u5ba2\u69d8\u3092\u4e00\u4eba\u3072\u3068\u308a\u3092\u53cb\u4eba\u3068\u540c\u69d8\u306b\u5c0a\u91cd\u3057\u3001\u305d\u306e\u51fa\u8eab\u5730\u306b\u95a2\u308f\u3089\u305a\u3001\u8aa0\u5b9f\u306b\u53d6\u5f15\u3092\u884c\u3044\u3001\u53cb\u60c5\u3092\u80b2\u3093\u3067\u307e\u3044\u308a\u307e\u3059\u3002.<\/p>\r\n<!-- \/wp:post-content -->","protected":false},"excerpt":{"rendered":"<p>6.6KW 11KW 22KW EV On-Board Charger | Reliable OBC Series<\/p>\n<p>&nbsp;<\/p>","protected":false},"featured_media":400,"template":"","meta":{"_acf_changed":false,"content-type":""},"product_brand":[],"product_cat":[22],"product_tag":[37,35,38,36,34,33],"class_list":{"0":"post-204","1":"product","2":"type-product","3":"status-publish","4":"has-post-thumbnail","6":"product_cat-ev-on-board-charger","7":"product_tag-6-6kw-obc","8":"product_tag-6-6kw-on-board-charger","9":"product_tag-ev-battery-charger","10":"product_tag-ev-on-board-charger-6-6kw","11":"product_tag-on-board-3-3kw-liquid-cooled-charger","12":"product_tag-on-board-6-6kw-liquid-cooled-charger","14":"first","15":"instock","16":"shipping-taxable","17":"product-type-simple"},"acf":[],"_links":{"self":[{"href":"https:\/\/ovartech.com\/ja\/wp-json\/wp\/v2\/product\/204","targetHints":{"allow":["GET"]}}],"collection":[{"href":"https:\/\/ovartech.com\/ja\/wp-json\/wp\/v2\/product"}],"about":[{"href":"https:\/\/ovartech.com\/ja\/wp-json\/wp\/v2\/types\/product"}],"wp:featuredmedia":[{"embeddable":true,"href":"https:\/\/ovartech.com\/ja\/wp-json\/wp\/v2\/media\/400"}],"wp:attachment":[{"href":"https:\/\/ovartech.com\/ja\/wp-json\/wp\/v2\/media?parent=204"}],"wp:term":[{"taxonomy":"product_brand","embeddable":true,"href":"https:\/\/ovartech.com\/ja\/wp-json\/wp\/v2\/product_brand?post=204"},{"taxonomy":"product_cat","embeddable":true,"href":"https:\/\/ovartech.com\/ja\/wp-json\/wp\/v2\/product_cat?post=204"},{"taxonomy":"product_tag","embeddable":true,"href":"https:\/\/ovartech.com\/ja\/wp-json\/wp\/v2\/product_tag?post=204"}],"curies":[{"name":"wp","href":"https:\/\/api.w.org\/{rel}","templated":true}]}}