{"id":192,"date":"2017-12-06T13:21:16","date_gmt":"2017-12-06T13:21:16","guid":{"rendered":"https:\/\/www.ovartech.com\/?post_type=product&#038;p=192"},"modified":"2026-03-23T03:14:25","modified_gmt":"2026-03-23T03:14:25","slug":"2kw-liquid-cooled-dc-dc-converter-for-ev","status":"publish","type":"product","link":"https:\/\/ovartech.com\/ja\/product\/2kw-liquid-cooled-dc-dc-converter-for-ev\/","title":{"rendered":"High-Efficiency 2KW Liquid-Cooled DC-DC Converter for Electric Vehicles"},"content":{"rendered":"<p><strong><span style=\"font-family: arial, helvetica, sans-serif; font-size: 18pt;\">High-Efficiency 2KW Liquid-Cooled DC-DC Converter for Electric Vehicles<\/span><\/strong><\/p>\n<p><span style=\"font-family: arial, helvetica, sans-serif; font-size: 14pt;\">The Ovartech DC\/DC converter series is designed for on-board installation in a wide range of electric vehicles, with permanent connection to the vehicle battery. These high-voltage DC-DC converters support an input voltage range of 108Vdc to 800Vdc, efficiently converting high voltage to low voltage to power vehicle auxiliary systems. A standard 12Vdc output is available, with precise output voltage adjustable via CAN communication commands.<\/span><\/p>\n<p><span style=\"font-family: arial, helvetica, sans-serif; font-size: 14pt;\">Suitable for power requirements from 1kW to 12kW (with parallel operation), our high-voltage DC-DC converters maintain stable performance across a wide operating temperature range: -40\u00b0C to +45\u00b0C for air-cooled models and up to +65\u00b0C for liquid-cooled versions.<\/span><\/p>\n<p><span style=\"font-family: arial, helvetica, sans-serif; font-size: 14pt;\">Comprehensive protection functions include input UVLO, input OVLO, reverse polarity protection, current limiting, output short-circuit protection and over-temperature protection. The CAN communication interface enables remote control, including activation and deactivation of the units through communication messages.<\/span><\/p>\n<h2><\/h2>\n<h2><strong><span style=\"font-family: arial, helvetica, sans-serif; font-size: 14pt;\">2kW DC-DC Converter Specification<\/span><\/strong><\/h2>\n<table style=\"width: 36.7514%; height: 270px;\">\n<tbody>\n<tr style=\"height: 27px;\">\n<td style=\"width: 48.2639%; height: 27px;\"><strong><span style=\"font-family: arial, helvetica, sans-serif; font-size: 14pt;\">Model \uff1a\u00a0<\/span><\/strong><\/td>\n<td style=\"width: 50.8681%; height: 27px;\"><span style=\"font-family: arial, helvetica, sans-serif; font-size: 14pt;\">VDD202S360-14<\/span><\/td>\n<\/tr>\n<tr style=\"height: 27px;\">\n<td style=\"width: 48.2639%; height: 27px;\"><strong><span style=\"font-family: arial, helvetica, sans-serif; font-size: 14pt;\">Power \uff1a<\/span><\/strong><\/td>\n<td style=\"width: 50.8681%; height: 27px;\"><span style=\"font-family: arial, helvetica, sans-serif; font-size: 14pt;\">2000W\/2KW<\/span><\/td>\n<\/tr>\n<tr style=\"height: 27px;\">\n<td style=\"width: 48.2639%; height: 27px;\"><strong><span style=\"font-family: arial, helvetica, sans-serif; font-size: 14pt;\">Input voltage \uff1a<\/span><\/strong><\/td>\n<td style=\"width: 50.8681%; height: 27px;\"><span style=\"font-family: arial, helvetica, sans-serif; font-size: 14pt;\">108-420V\u76f4\u6d41<\/span><\/td>\n<\/tr>\n<tr style=\"height: 27px;\">\n<td style=\"width: 48.2639%; height: 27px;\"><strong><span style=\"font-family: arial, helvetica, sans-serif; font-size: 14pt;\">Output current \uff1a<\/span><\/strong><\/td>\n<td style=\"width: 50.8681%; height: 27px;\"><span style=\"font-family: arial, helvetica, sans-serif; font-size: 14pt;\">0-143A<\/span><\/td>\n<\/tr>\n<tr style=\"height: 27px;\">\n<td style=\"width: 48.2639%; height: 27px;\"><strong><span style=\"font-family: arial, helvetica, sans-serif; font-size: 14pt;\">Output voltage \uff1a<\/span><\/strong><\/td>\n<td style=\"width: 50.8681%; height: 27px;\"><span style=\"font-family: arial, helvetica, sans-serif; font-size: 14pt;\">13.8V\u76f4\u6d41<\/span><\/td>\n<\/tr>\n<tr style=\"height: 27px;\">\n<td style=\"width: 48.2639%; height: 27px;\"><strong><span style=\"font-family: arial, helvetica, sans-serif; font-size: 14pt;\">Cooling \uff1a<\/span><\/strong><\/td>\n<td style=\"width: 50.8681%; height: 27px;\"><span style=\"font-family: arial, helvetica, sans-serif; font-size: 14pt;\">\u6db2\u4f53\u51b7\u5374<\/span><\/td>\n<\/tr>\n<tr style=\"height: 27px;\">\n<td style=\"width: 48.2639%; height: 27px;\"><strong><span style=\"font-family: arial, helvetica, sans-serif; font-size: 14pt;\">Dimension \uff1a<\/span><\/strong><\/td>\n<td style=\"width: 50.8681%; height: 27px;\"><span style=\"font-family: arial, helvetica, sans-serif; font-size: 14pt;\">250\u00d7196\u00d798mm; 9.8\u00d77.7\u00d73.9\u30a4\u30f3\u30c1\u201d<\/span><\/td>\n<\/tr>\n<tr style=\"height: 27px;\">\n<td style=\"width: 48.2639%; height: 27px;\"><strong><span style=\"font-family: arial, helvetica, sans-serif; font-size: 14pt;\">Weight \uff1a<\/span><\/strong><\/td>\n<td style=\"width: 50.8681%; height: 27px;\"><span style=\"font-family: arial, helvetica, sans-serif; font-size: 14pt;\">2.5kg; 5.5\u30dd\u30f3\u30c9<\/span><\/td>\n<\/tr>\n<tr style=\"height: 27px;\">\n<td style=\"width: 48.2639%; height: 27px;\"><strong><span style=\"font-family: arial, helvetica, sans-serif; font-size: 14pt;\">IP rate \uff1a<\/span><\/strong><\/td>\n<td style=\"width: 50.8681%; height: 27px;\"><span style=\"font-family: arial, helvetica, sans-serif; font-size: 14pt;\">IP67<\/span><\/td>\n<\/tr>\n<tr style=\"height: 27px;\">\n<td style=\"width: 48.2639%; height: 27px;\"><strong><span style=\"font-family: arial, helvetica, sans-serif; font-size: 14pt;\">Interface \uff1a<\/span><\/strong><\/td>\n<td style=\"width: 50.8681%; height: 27px;\"><span style=\"font-family: arial, helvetica, sans-serif; font-size: 14pt;\">CAN\u30d0\u30b9\/\u6709\u52b9\u5316\u5236\u5fa1<\/span><\/td>\n<\/tr>\n<\/tbody>\n<\/table>\n<p>&nbsp;<\/p>\n<h3><strong><span style=\"font-family: arial, helvetica, sans-serif;\">2kW DC-DC Converter Detials<\/span><\/strong><\/h3>\n<table style=\"border-collapse: collapse; width: 52.1682%;\">\n<tbody>\n<tr>\n<td style=\"width: 100%;\"><a href=\"https:\/\/ovartech.com\/wp-content\/uploads\/2017\/12\/2KW-DC-DC-1.jpg\"><img decoding=\"async\" class=\"lazyload alignnone wp-image-194 size-full\" src=\"https:\/\/ovartech.com\/wp-content\/uploads\/2017\/12\/2KW-DC-DC-1.jpg\" data-orig-src=\"https:\/\/ovartech.com\/wp-content\/uploads\/2017\/12\/2KW-DC-DC-1.jpg\" alt=\"2KW Liquid-Cooled DC-DC Converter\" width=\"800\" height=\"800\" srcset=\"data:image\/svg+xml,%3Csvg%20xmlns%3D%27http%3A%2F%2Fwww.w3.org%2F2000%2Fsvg%27%20width%3D%27800%27%20height%3D%27800%27%20viewBox%3D%270%200%20800%20800%27%3E%3Crect%20width%3D%27800%27%20height%3D%27800%27%20fill-opacity%3D%220%22%2F%3E%3C%2Fsvg%3E\" data-srcset=\"https:\/\/ovartech.com\/wp-content\/uploads\/2017\/12\/2KW-DC-DC-1-66x66.jpg 66w, https:\/\/ovartech.com\/wp-content\/uploads\/2017\/12\/2KW-DC-DC-1-120x120.jpg 120w, https:\/\/ovartech.com\/wp-content\/uploads\/2017\/12\/2KW-DC-DC-1-150x150.jpg 150w, https:\/\/ovartech.com\/wp-content\/uploads\/2017\/12\/2KW-DC-DC-1-200x200.jpg 200w, https:\/\/ovartech.com\/wp-content\/uploads\/2017\/12\/2KW-DC-DC-1-300x300.jpg 300w, https:\/\/ovartech.com\/wp-content\/uploads\/2017\/12\/2KW-DC-DC-1-400x400.jpg 400w, https:\/\/ovartech.com\/wp-content\/uploads\/2017\/12\/2KW-DC-DC-1-500x500.jpg 500w, https:\/\/ovartech.com\/wp-content\/uploads\/2017\/12\/2KW-DC-DC-1-600x600.jpg 600w, https:\/\/ovartech.com\/wp-content\/uploads\/2017\/12\/2KW-DC-DC-1-700x700.jpg 700w, https:\/\/ovartech.com\/wp-content\/uploads\/2017\/12\/2KW-DC-DC-1-768x768.jpg 768w, https:\/\/ovartech.com\/wp-content\/uploads\/2017\/12\/2KW-DC-DC-1.jpg 800w\" data-sizes=\"auto\" data-orig-sizes=\"(max-width: 800px) 100vw, 800px\" \/><\/a><\/td>\n<\/tr>\n<\/tbody>\n<\/table>\n<p>&nbsp;<\/p>\n<p><span style=\"font-size: 14pt; font-family: arial, helvetica, sans-serif;\"><strong>\u3088\u304f\u3042\u308b\u8cea\u554f<\/strong><\/span><\/p>\n<p><span style=\"font-family: arial, helvetica, sans-serif;\"><strong><span style=\"font-size: 10pt;\">Q: \u8cb4\u793e\u306f\u5546\u793e\u3067\u3059\u304b\u3001\u305d\u308c\u3068\u3082\u30e1\u30fc\u30ab\u30fc\u3067\u3059\u304b\uff1f<\/span><\/strong><\/span><br \/>\n<span style=\"font-size: 10pt; font-family: arial, helvetica, sans-serif;\">A: \u79c1\u305f\u3061\u306f\u30e1\u30fc\u30ab\u30fc\u3067\u3059\u3002.<\/span><\/p>\n<p><span style=\"font-family: arial, helvetica, sans-serif;\"><strong><span style=\"font-size: 10pt;\">Q: \u7d0d\u671f\u306f\u3069\u306e\u304f\u3089\u3044\u3067\u3059\u304b\uff1f<\/span><\/strong><\/span><br \/>\n<span style=\"font-size: 10pt; font-family: arial, helvetica, sans-serif;\">A: \u4e00\u822c\u7684\u306b\u3001\u5728\u5eab\u304c\u3042\u308b\u5834\u5408\u306f5\uff5e10\u65e5\u3067\u3059\u3002\u5728\u5eab\u304c\u306a\u3044\u5834\u5408\u306f\u6570\u91cf\u306b\u5fdc\u3058\u30666\u9031\u9593\u304b\u304b\u308a\u307e\u3059\u3002.<\/span><\/p>\n<p><span style=\"font-family: arial, helvetica, sans-serif;\"><strong><span style=\"font-size: 10pt;\">Q: \u8cb4\u793e\u306e\u88fd\u54c1\u306e\u4e3b\u306a\u6280\u8853\u7684\u512a\u4f4d\u6027\u306f\u4f55\u3067\u3059\u304b\uff1f<\/span><\/strong><\/span><br \/>\n<span style=\"font-size: 10pt; font-family: arial, helvetica, sans-serif;\">A: \u5f53\u793e\u306f\u30c7\u30b8\u30bf\u30eb\u5236\u5fa1\u6280\u8853\u3092\u63a1\u7528\u3057\u3066\u304a\u308a\u3001\u9060\u9694\u30a2\u30c3\u30d7\u30b0\u30ec\u30fc\u30c9\u3068\u5b8c\u5168\u81ea\u52d5\u751f\u7523\u306b\u4fbf\u5229\u3067\u3059\u3002.<\/span><\/p>\n<p><span style=\"font-family: arial, helvetica, sans-serif;\"><strong><span style=\"font-size: 10pt;\">Q: \u8cb4\u793e\u306e\u30a8\u30f3\u30b8\u30cb\u30a2\u30ea\u30f3\u30b0\u8a66\u9a13\u304a\u3088\u3073\u691c\u8a3c\u80fd\u529b\u306b\u3064\u3044\u3066\u6559\u3048\u3066\u304f\u3060\u3055\u3044\u3002<\/span><\/strong><\/span><br \/>\n<span style=\"font-size: 10pt; font-family: arial, helvetica, sans-serif;\">A: 2\u6642\u9593\u4ee5\u5185\u306b\u3054\u8fd4\u7b54\u3057\u300124\u6642\u9593\u4ee5\u5185\u306b\u554f\u984c\u3092\u89e3\u6c7a\u3044\u305f\u3057\u307e\u3059\u3002.<\/span><\/p>\n<p><span style=\"font-family: arial, helvetica, sans-serif;\"><strong><span style=\"font-size: 10pt;\">Q: \u304a\u652f\u6255\u3044\u6761\u4ef6\u306f\u3069\u306e\u3088\u3046\u306a\u3082\u306e\u3067\u3059\u304b\uff1f<\/span><\/strong><\/span><br \/>\n<span style=\"font-size: 10pt; font-family: arial, helvetica, sans-serif;\">A: 100%\u524d\u6255\u3044\u3002.<\/span><\/p>\n<p><span style=\"font-family: arial, helvetica, sans-serif;\"><strong><span style=\"font-size: 10pt;\">Q: \u6700\u5c0f\u767a\u6ce8\u6570\u91cf\uff08MOQ\uff09\u3068\u306f\u4f55\u3067\u3059\u304b\uff1f<\/span><\/strong><\/span><\/p>\n<p><span style=\"font-size: 10pt; font-family: arial, helvetica, sans-serif;\">A: 1\u5358\u4f4d\u3002.<\/span><\/p>\n<p><span style=\"font-family: arial, helvetica, sans-serif;\"><strong><span style=\"font-size: 10pt;\">Q: \u30ab\u30b9\u30bf\u30de\u30a4\u30ba\u306f\u627f\u3063\u3066\u3044\u307e\u3059\u304b\uff1f<\/span><\/strong><\/span><\/p>\n<p><span style=\"font-size: 10pt; font-family: arial, helvetica, sans-serif;\">A: \u306f\u3044\u3001OEM\u304a\u3088\u3073ODM\u30b5\u30fc\u30d3\u30b9\u306f\u3059\u3079\u3066\u5bfe\u5fdc\u53ef\u80fd\u3067\u3059\u3002.<\/span><\/p>\n<p><span style=\"font-family: arial, helvetica, sans-serif;\"><strong><span style=\"font-size: 10pt;\">Q: \u3054\u6ce8\u6587\u524d\u306b\u7121\u6599\u30b5\u30f3\u30d7\u30eb\u3092\u63d0\u4f9b\u3057\u3066\u3044\u305f\u3060\u3051\u307e\u3059\u304b\uff1f<\/span><\/strong><\/span><\/p>\n<p><span style=\"font-size: 10pt; font-family: arial, helvetica, sans-serif;\">A: \u4e00\u822c\u7684\u306b\u8a00\u3048\u3070\u3001\u305d\u308c\u306b\u306f\u304a\u91d1\u3092\u6255\u3046\u5fc5\u8981\u304c\u3042\u308a\u307e\u3059\u3002.<\/span><\/p>\n<p><span style=\"font-family: arial, helvetica, sans-serif;\"><strong><span style=\"font-size: 10pt;\">Q: \u30b5\u30f3\u30d7\u30eb\u63d0\u4f9b\u306e\u65b9\u91dd\u306b\u3064\u3044\u3066\u6559\u3048\u3066\u304f\u3060\u3055\u3044\u3002<\/span><\/strong><\/span><\/p>\n<p><span style=\"font-size: 10pt; font-family: arial, helvetica, sans-serif;\">A: \u5728\u5eab\u304c\u3042\u308b\u90e8\u54c1\u306b\u3064\u3044\u3066\u306f\u30b5\u30f3\u30d7\u30eb\u3092\u63d0\u4f9b\u53ef\u80fd\u3067\u3059\u3002\u304a\u5ba2\u69d8\u306b\u306f\u30b5\u30f3\u30d7\u30eb\u4ee3\u91d1\u3068\u9001\u6599\u306e\u3054\u8ca0\u62c5\u3092\u304a\u9858\u3044\u3044\u305f\u3057\u307e\u3059\u3002.<\/span><\/p>\n<p><span style=\"font-family: arial, helvetica, sans-serif;\"><strong><span style=\"font-size: 10pt;\">Q: \u7d0d\u54c1\u524d\u306b\u3059\u3079\u3066\u306e\u5546\u54c1\u3092\u691c\u67fb\u3057\u3066\u3044\u307e\u3059\u304b\uff1f<\/span><\/strong><\/span><\/p>\n<p><span style=\"font-size: 10pt; font-family: arial, helvetica, sans-serif;\">A: \u306f\u3044\u3001\u51fa\u8377\u524d\u306b100%\u30c6\u30b9\u30c8\u3092\u5b9f\u65bd\u3057\u3066\u304a\u308a\u307e\u3059\u3002\u5fc5\u8981\u306b\u5fdc\u3058\u3066\u3001\u51fa\u8377\u524d\u306b\u691c\u67fb\u5831\u544a\u66f8\u3092\u304a\u9001\u308a\u3059\u308b\u3053\u3068\u3082\u53ef\u80fd\u3067\u3059\u3002.<\/span><\/p>\n<p><span style=\"font-family: arial, helvetica, sans-serif;\"><strong><span style=\"font-size: 10pt;\">Q: \u3069\u306e\u3088\u3046\u306b\u3059\u308c\u3070\u3001\u5f53\u793e\u306e\u30d3\u30b8\u30cd\u30b9\u3092\u9577\u671f\u7684\u304b\u3064\u826f\u597d\u306a\u95a2\u4fc2\u306b\u4fdd\u3066\u307e\u3059\u304b\uff1f<\/span><\/strong><\/span><\/p>\n<p data-spm-anchor-id=\"a2700.details.0.i14.37d9a03fIpMZvt\"><span style=\"font-size: 10pt; font-family: arial, helvetica, sans-serif;\" data-spm-anchor-id=\"a2700.details.0.i15.37d9a03fIpMZvt\">A: 1. \u5f53\u793e\u306f\u3001\u304a\u5ba2\u69d8\u306e\u5229\u76ca\u3092\u78ba\u4fdd\u3059\u308b\u305f\u3081\u3001\u9ad8\u54c1\u8cea\u3068\u7af6\u4e89\u529b\u306e\u3042\u308b\u4fa1\u683c\u3092\u7dad\u6301\u3057\u3066\u3044\u307e\u3059\u3002.<\/span><\/p>\n<p data-spm-anchor-id=\"a2700.details.0.i17.37d9a03fIpMZvt\"><span style=\"font-size: 10pt; font-family: arial, helvetica, sans-serif;\" data-spm-anchor-id=\"a2700.details.0.i16.37d9a03fIpMZvt\">\u00a0 \u00a0 \u00a02. \u79c1\u305f\u3061\u306f\u3001\u304a\u5ba2\u69d8\u3092\u4e00\u4eba\u3072\u3068\u308a\u3092\u53cb\u4eba\u3068\u540c\u69d8\u306b\u5c0a\u91cd\u3057\u3001\u305d\u306e\u51fa\u8eab\u5730\u306b\u95a2\u308f\u3089\u305a\u3001\u8aa0\u5b9f\u306b\u53d6\u5f15\u3092\u884c\u3044\u3001\u53cb\u60c5\u3092\u80b2\u3093\u3067\u307e\u3044\u308a\u307e\u3059\u3002.<\/span><\/p>","protected":false},"excerpt":{"rendered":"<p>High-Efficiency 2KW Liquid-Cooled DC-DC Converter for Electric Vehicles<\/p>\n<p>&nbsp;<\/p>","protected":false},"featured_media":194,"template":"","meta":{"_acf_changed":false,"content-type":""},"product_brand":[],"product_cat":[23],"product_tag":[26,30,25,29],"class_list":{"0":"post-192","1":"product","2":"type-product","3":"status-publish","4":"has-post-thumbnail","6":"product_cat-ev-dc-dc-converter","7":"product_tag-1kw-dc-dc-converter","8":"product_tag-2kw-dc-dc-converter","9":"product_tag-dc-dc-converter","10":"product_tag-ev-dc-dc-converter","12":"first","13":"instock","14":"featured","15":"shipping-taxable","16":"product-type-simple"},"acf":[],"_links":{"self":[{"href":"https:\/\/ovartech.com\/ja\/wp-json\/wp\/v2\/product\/192","targetHints":{"allow":["GET"]}}],"collection":[{"href":"https:\/\/ovartech.com\/ja\/wp-json\/wp\/v2\/product"}],"about":[{"href":"https:\/\/ovartech.com\/ja\/wp-json\/wp\/v2\/types\/product"}],"wp:featuredmedia":[{"embeddable":true,"href":"https:\/\/ovartech.com\/ja\/wp-json\/wp\/v2\/media\/194"}],"wp:attachment":[{"href":"https:\/\/ovartech.com\/ja\/wp-json\/wp\/v2\/media?parent=192"}],"wp:term":[{"taxonomy":"product_brand","embeddable":true,"href":"https:\/\/ovartech.com\/ja\/wp-json\/wp\/v2\/product_brand?post=192"},{"taxonomy":"product_cat","embeddable":true,"href":"https:\/\/ovartech.com\/ja\/wp-json\/wp\/v2\/product_cat?post=192"},{"taxonomy":"product_tag","embeddable":true,"href":"https:\/\/ovartech.com\/ja\/wp-json\/wp\/v2\/product_tag?post=192"}],"curies":[{"name":"wp","href":"https:\/\/api.w.org\/{rel}","templated":true}]}}