{"id":531,"date":"2025-09-23T01:41:48","date_gmt":"2025-09-23T01:41:48","guid":{"rendered":"https:\/\/ovartech.com\/?post_type=product&#038;p=531"},"modified":"2026-03-19T03:49:29","modified_gmt":"2026-03-19T03:49:29","slug":"bidirectional-11kw-obc-3kw-dc-dc","status":"publish","type":"product","link":"https:\/\/ovartech.com\/fr\/product\/bidirectional-11kw-obc-3kw-dc-dc\/","title":{"rendered":"Bidirectional 11kW OBC 3kW DC-DC Converter 550-850VDC for LiFePO4 Battery"},"content":{"rendered":"<p><span style=\"font-family: arial, helvetica, sans-serif;\"><strong><span style=\"font-size: 18pt;\">Bidirectional 11kW OBC 3kW DC-DC (550-850VDC) for LiFePO4 Battery<\/span><\/strong><\/span><\/p>\r\n<div><span style=\"font-size: 14pt; font-family: arial, helvetica, sans-serif;\">Our Bidirectional 11kW OBC 3kW DC-DC (550-850VDC) is specially designed for LiFePO4 battery systems in electric vehicles.<\/span><\/div>\r\n<div>\u00a0<\/div>\r\n<div><span style=\"font-size: 14pt; font-family: arial, helvetica, sans-serif;\">This Bidirectional 11kW OBC 3kW DC-DC unit integrates advanced power conversion technology to meet the strict requirements of new energy vehicles. The Ovartech CAD112DF800-14302B is an integrated high-frequency two-in-one unit featuring the Bidirectional 11kW OBC 3kW DC-DC, a 11kW charger for LiFePO4 batteries and a 3kW DC-DC converter. This integrated OBC and DC-DC converter solution significantly saves installation space, reduces product weight and wiring complexity, while effectively minimizing the overall costs of inventory management, on-site installation and after-sales service for electric vehicle applications.<\/span><\/div>\r\n<div>\u00a0<\/div>\r\n<div><span style=\"font-size: 14pt; font-family: arial, helvetica, sans-serif;\">The CAD112DF800-14302B Bidirectional 11kW OBC 3kW DC-DC series is exclusively engineered for electric vehicle LiFePO4 battery charging scenarios, with high efficiency, structural robustness and charging safety as core design goals. Boasting a wide AC input voltage range of 304~456V, this OBC converter is perfectly adaptable to global power grid standards, making it an ideal choice for international EV markets. Its high-efficiency charging performance greatly cuts down energy consumption and makes the whole charging process more economical. Equipped with an intelligent charging mode, this Bidirectional 11kW OBC 3kW DC-DC can automatically adjust the output voltage through CC\/CV\/cut off modes to match the charging requirements of LiFePO4 batteries. It also features comprehensive multi-protection functions during charging, including short-circuit, over-voltage, over-current and over-temperature protection, to ensure the safe and stable operation of the battery system. The built-in CAN-bus interface enables real-time data transmission, sending charging process, interlock connection status, as well as disconnection and error alarm messages to the Vehicle Control Unit (VCU) via the Battery Management System (BMS) accurately and timely.<\/span><\/div>\r\n<div>\u00a0<\/div>\r\n<div><span style=\"font-size: 14pt; font-family: arial, helvetica, sans-serif;\">Choosing our Bidirectional 11kW OBC 3kW DC-DC means you get a reliable and efficient power solution for your EV LiFePO4 battery system. The CAD112DF800-14202B charger series, paired with the Bidirectional 11kW OBC 3kW DC-DC, fully complies with international charging standards SAE J1772 and IEC 61851, and reaches IP67 protection grade. It can operate stably in various harsh and critical working environments of electric vehicles, with excellent dust and water resistance, and is well-suited for LiFePO4 battery charging systems of various electric vehicle models with our Bidirectional 11kW OBC 3kW DC-DC.<\/span><\/div>\r\n<div>\u00a0<\/div>\r\n<h2><strong><span style=\"font-family: arial, helvetica, sans-serif; font-size: 14pt;\">Bidirectional 11kW OBC with 3kW DC-DC Specification<\/span><\/strong><\/h2>\r\n<table style=\"height: 316px; width: 46.6192%; border-color: #0f0101;\">\r\n<tbody>\r\n<tr style=\"height: 28px;\">\r\n<td style=\"width: 30.2404%; height: 28px;\"><span style=\"font-size: 14pt;\"><strong><span style=\"font-family: arial, helvetica, sans-serif;\">Model :\u00a0 \u00a0<\/span><\/strong><\/span><\/td>\r\n<td style=\"width: 59.2885%; height: 28px;\"><span style=\"font-family: arial, helvetica, sans-serif; font-size: 14pt;\">CAD112DF800-14302B<\/span><\/td>\r\n<\/tr>\r\n<tr style=\"height: 28px;\">\r\n<td style=\"width: 30.2404%; height: 28px;\"><span style=\"font-size: 14pt;\"><strong><span style=\"font-family: arial, helvetica, sans-serif;\">Power :\u00a0 \u00a0<\/span><\/strong><\/span><\/td>\r\n<td style=\"width: 59.2885%; height: 28px;\"><span style=\"font-family: arial, helvetica, sans-serif; font-size: 14pt;\">11 kW + 3 kW<\/span><\/td>\r\n<\/tr>\r\n<tr style=\"height: 28px;\">\r\n<td style=\"width: 30.2404%; height: 17px;\"><span style=\"font-size: 14pt;\"><strong><span style=\"font-family: arial, helvetica, sans-serif;\">OBC input :\u00a0 \u00a0<\/span><\/strong><\/span><\/td>\r\n<td style=\"width: 59.2885%; height: 17px;\">\r\n<p><span style=\"font-family: arial, helvetica, sans-serif; font-size: 14pt;\">304-456 V CA 32 A, triphas\u00e9<\/span><\/p>\r\n<p><span style=\"font-family: arial, helvetica, sans-serif; font-size: 14pt;\">176-264 V CA 32 A, monophas\u00e9<\/span><\/p>\r\n<\/td>\r\n<\/tr>\r\n<tr style=\"height: 28px;\">\r\n<td style=\"width: 30.2404%; height: 28px;\"><span style=\"font-size: 14pt;\"><strong><span style=\"font-family: arial, helvetica, sans-serif;\">OBC output :\u00a0 \u00a0<\/span><\/strong><\/span><\/td>\r\n<td style=\"width: 59.2885%; height: 28px;\"><span style=\"font-family: arial, helvetica, sans-serif; font-size: 14pt;\">550-850 V CC 19 A<\/span><\/td>\r\n<\/tr>\r\n<tr style=\"height: 28px;\">\r\n<td style=\"width: 30.2404%; height: 28px;\"><span style=\"font-size: 14pt;\"><strong><span style=\"font-family: arial, helvetica, sans-serif;\">DC DC input :\u00a0 \u00a0<\/span><\/strong><\/span><\/td>\r\n<td style=\"width: 59.2885%; height: 28px;\"><span style=\"font-family: arial, helvetica, sans-serif; font-size: 14pt;\">550-850 V CC<\/span><\/td>\r\n<\/tr>\r\n<tr style=\"height: 24px;\">\r\n<td style=\"width: 30.2404%; height: 24px;\"><span style=\"font-size: 14pt;\"><strong><span style=\"font-family: arial, helvetica, sans-serif;\">DC DC output :\u00a0 \u00a0<\/span><\/strong><\/span><\/td>\r\n<td style=\"width: 59.2885%; height: 24px;\"><span style=\"font-family: arial, helvetica, sans-serif; font-size: 14pt;\">14 V 215 A<\/span><\/td>\r\n<\/tr>\r\n<tr style=\"height: 24px;\">\r\n<td style=\"width: 30.2404%; height: 24px;\"><span style=\"font-size: 14pt;\"><strong><span style=\"font-family: arial, helvetica, sans-serif;\">DC-AC output :\u00a0 \u00a0<\/span><\/strong><\/span><\/td>\r\n<td style=\"width: 59.2885%; height: 24px;\"><span style=\"font-family: arial, helvetica, sans-serif; font-size: 14pt;\">220 V 16 A<\/span><\/td>\r\n<\/tr>\r\n<tr style=\"height: 28px;\">\r\n<td style=\"width: 30.2404%; height: 28px;\"><span style=\"font-size: 14pt;\"><strong><span style=\"font-family: arial, helvetica, sans-serif;\">Cooling :\u00a0 \u00a0<\/span><\/strong><\/span><\/td>\r\n<td style=\"width: 59.2885%; height: 28px;\"><span style=\"font-family: arial, helvetica, sans-serif; font-size: 14pt;\">refroidissement par liquide<\/span><\/td>\r\n<\/tr>\r\n<tr style=\"height: 27px;\">\r\n<td style=\"width: 30.2404%; height: 27px;\"><span style=\"font-size: 14pt;\"><strong><span style=\"font-family: arial, helvetica, sans-serif;\">Dimension :\u00a0 \u00a0<\/span><\/strong><\/span><\/td>\r\n<td style=\"width: 59.2885%; height: 27px;\"><span style=\"font-family: arial, helvetica, sans-serif; font-size: 14pt;\">417 \u00d7 270 \u00d7 98 mm<\/span><\/td>\r\n<\/tr>\r\n<tr style=\"height: 28px;\">\r\n<td style=\"width: 30.2404%; height: 28px;\"><span style=\"font-size: 14pt;\"><strong><span style=\"font-family: arial, helvetica, sans-serif;\">Weight :\u00a0 \u00a0<\/span><\/strong><\/span><\/td>\r\n<td style=\"width: 59.2885%; height: 28px;\"><span style=\"font-family: arial, helvetica, sans-serif; font-size: 14pt;\">12 kg<\/span><\/td>\r\n<\/tr>\r\n<tr style=\"height: 28px;\">\r\n<td style=\"width: 30.2404%; height: 28px;\"><span style=\"font-size: 14pt;\"><strong><span style=\"font-family: arial, helvetica, sans-serif;\">IP rate :\u00a0 \u00a0<\/span><\/strong><\/span><\/td>\r\n<td style=\"width: 59.2885%; height: 28px;\"><span style=\"font-family: arial, helvetica, sans-serif; font-size: 14pt;\">IP67<\/span><\/td>\r\n<\/tr>\r\n<tr style=\"height: 28px;\">\r\n<td style=\"width: 30.2404%; height: 28px;\"><span style=\"font-size: 14pt;\"><strong><span style=\"font-family: arial, helvetica, sans-serif;\">Interface :\u00a0 \u00a0<\/span><\/strong><\/span><\/td>\r\n<td style=\"width: 59.2885%; height: 28px;\"><span style=\"font-family: arial, helvetica, sans-serif; font-size: 14pt;\">CANbus<\/span><\/td>\r\n<\/tr>\r\n<\/tbody>\r\n<\/table>\r\n<p><span style=\"font-family: arial, helvetica, sans-serif;\"><!-- \/wp:post-content -->\r\n\r\n<!-- wp:image {\"id\":348} --><\/span><\/p>\r\n<p>\u200b<\/p>\r\n<h3><strong><span style=\"font-family: arial, helvetica, sans-serif; font-size: 14pt;\">Bidirectional 11kW OBC with 3kW DC-DC Detials<\/span><\/strong><\/h3>\r\n<table style=\"border-collapse: collapse; width: 79.152%; height: 246px;\">\r\n<tbody>\r\n<tr style=\"height: 246px;\">\r\n<td style=\"width: 38.6028%; height: 246px;\"><a href=\"https:\/\/ovartech.com\/wp-content\/uploads\/2025\/09\/IMG_1469-scaled.jpg\"><img decoding=\"async\" class=\"lazyload alignright wp-image-1627 size-fusion-800\" src=\"https:\/\/ovartech.com\/wp-content\/uploads\/2025\/09\/IMG_1469-800x800.jpg\" data-orig-src=\"https:\/\/ovartech.com\/wp-content\/uploads\/2025\/09\/IMG_1469-800x800.jpg\" alt=\"Bidirectional 11kW OBC 3kW DC-DC Converter for LiFePO4 Battery\" width=\"800\" height=\"800\" srcset=\"data:image\/svg+xml,%3Csvg%20xmlns%3D%27http%3A%2F%2Fwww.w3.org%2F2000%2Fsvg%27%20width%3D%27800%27%20height%3D%27800%27%20viewBox%3D%270%200%20800%20800%27%3E%3Crect%20width%3D%27800%27%20height%3D%27800%27%20fill-opacity%3D%220%22%2F%3E%3C%2Fsvg%3E\" data-srcset=\"https:\/\/ovartech.com\/wp-content\/uploads\/2025\/09\/IMG_1469-12x12.jpg 12w, https:\/\/ovartech.com\/wp-content\/uploads\/2025\/09\/IMG_1469-66x66.jpg 66w, https:\/\/ovartech.com\/wp-content\/uploads\/2025\/09\/IMG_1469-150x150.jpg 150w, https:\/\/ovartech.com\/wp-content\/uploads\/2025\/09\/IMG_1469-200x200.jpg 200w, https:\/\/ovartech.com\/wp-content\/uploads\/2025\/09\/IMG_1469-300x300.jpg 300w, https:\/\/ovartech.com\/wp-content\/uploads\/2025\/09\/IMG_1469-400x400.jpg 400w, https:\/\/ovartech.com\/wp-content\/uploads\/2025\/09\/IMG_1469-500x500.jpg 500w, https:\/\/ovartech.com\/wp-content\/uploads\/2025\/09\/IMG_1469-600x600.jpg 600w, https:\/\/ovartech.com\/wp-content\/uploads\/2025\/09\/IMG_1469-700x700.jpg 700w, https:\/\/ovartech.com\/wp-content\/uploads\/2025\/09\/IMG_1469-768x768.jpg 768w, https:\/\/ovartech.com\/wp-content\/uploads\/2025\/09\/IMG_1469-800x800.jpg 800w, https:\/\/ovartech.com\/wp-content\/uploads\/2025\/09\/IMG_1469-1024x1024.jpg 1024w, https:\/\/ovartech.com\/wp-content\/uploads\/2025\/09\/IMG_1469-1200x1200.jpg 1200w, https:\/\/ovartech.com\/wp-content\/uploads\/2025\/09\/IMG_1469-1536x1536.jpg 1536w\" data-sizes=\"auto\" data-orig-sizes=\"(max-width: 800px) 100vw, 800px\" \/><\/a><\/td>\r\n<td style=\"width: 38.6646%; height: 246px;\"><a href=\"https:\/\/ovartech.com\/wp-content\/uploads\/2025\/09\/IMG_1478-scaled.jpg\"><img decoding=\"async\" class=\"lazyload alignnone wp-image-1628\" src=\"https:\/\/ovartech.com\/wp-content\/uploads\/2025\/09\/IMG_1478-800x800.jpg\" data-orig-src=\"https:\/\/ovartech.com\/wp-content\/uploads\/2025\/09\/IMG_1478-800x800.jpg\" alt=\"Bidirectional 11kW OBC 3kW DC-DC Converter for LiFePO4 Battery\" width=\"613\" height=\"613\" srcset=\"data:image\/svg+xml,%3Csvg%20xmlns%3D%27http%3A%2F%2Fwww.w3.org%2F2000%2Fsvg%27%20width%3D%27613%27%20height%3D%27613%27%20viewBox%3D%270%200%20613%20613%27%3E%3Crect%20width%3D%27613%27%20height%3D%27613%27%20fill-opacity%3D%220%22%2F%3E%3C%2Fsvg%3E\" data-srcset=\"https:\/\/ovartech.com\/wp-content\/uploads\/2025\/09\/IMG_1478-12x12.jpg 12w, https:\/\/ovartech.com\/wp-content\/uploads\/2025\/09\/IMG_1478-66x66.jpg 66w, https:\/\/ovartech.com\/wp-content\/uploads\/2025\/09\/IMG_1478-150x150.jpg 150w, https:\/\/ovartech.com\/wp-content\/uploads\/2025\/09\/IMG_1478-200x200.jpg 200w, https:\/\/ovartech.com\/wp-content\/uploads\/2025\/09\/IMG_1478-300x300.jpg 300w, https:\/\/ovartech.com\/wp-content\/uploads\/2025\/09\/IMG_1478-400x400.jpg 400w, https:\/\/ovartech.com\/wp-content\/uploads\/2025\/09\/IMG_1478-500x500.jpg 500w, https:\/\/ovartech.com\/wp-content\/uploads\/2025\/09\/IMG_1478-600x600.jpg 600w, https:\/\/ovartech.com\/wp-content\/uploads\/2025\/09\/IMG_1478-700x700.jpg 700w, https:\/\/ovartech.com\/wp-content\/uploads\/2025\/09\/IMG_1478-768x768.jpg 768w, https:\/\/ovartech.com\/wp-content\/uploads\/2025\/09\/IMG_1478-800x800.jpg 800w, https:\/\/ovartech.com\/wp-content\/uploads\/2025\/09\/IMG_1478-1024x1024.jpg 1024w, https:\/\/ovartech.com\/wp-content\/uploads\/2025\/09\/IMG_1478-1200x1200.jpg 1200w, https:\/\/ovartech.com\/wp-content\/uploads\/2025\/09\/IMG_1478-1536x1536.jpg 1536w\" data-sizes=\"auto\" data-orig-sizes=\"(max-width: 613px) 100vw, 613px\" \/><\/a><\/td>\r\n<\/tr>\r\n<\/tbody>\r\n<\/table>\r\n<figure class=\"wp-block-image\">\r\n<p>&nbsp;<\/p>\r\n<p><span style=\"font-size: 14pt; font-family: arial, helvetica, sans-serif;\"><strong>FAQ<\/strong><\/span><\/p>\r\n<p><span style=\"font-family: arial, helvetica, sans-serif;\"><strong><span style=\"font-size: 10pt;\">Q : \u00cates-vous une soci\u00e9t\u00e9 commerciale ou un fabricant ?<\/span><\/strong><\/span><br \/><span style=\"font-size: 10pt; font-family: arial, helvetica, sans-serif;\">R : Nous sommes un fabricant.<\/span><\/p>\r\n<p><span style=\"font-family: arial, helvetica, sans-serif;\"><strong><span style=\"font-size: 10pt;\">Q : Quel est votre d\u00e9lai de livraison ?<\/span><\/strong><\/span><br \/><span style=\"font-size: 10pt; font-family: arial, helvetica, sans-serif;\">R : En g\u00e9n\u00e9ral, il faut compter 5 \u00e0 10 jours si les marchandises sont en stock. Si elles ne sont pas en stock, il faut compter 6 semaines, en fonction de la quantit\u00e9.<\/span><\/p>\r\n<p><span style=\"font-family: arial, helvetica, sans-serif;\"><strong><span style=\"font-size: 10pt;\">Q : Quel est le principal avantage technique de vos produits ?<\/span><\/strong><\/span><br \/><span style=\"font-size: 10pt; font-family: arial, helvetica, sans-serif;\">R : Nous utilisons une technologie de contr\u00f4le num\u00e9rique, qui facilite les mises \u00e0 niveau \u00e0 distance et permet une production enti\u00e8rement automatis\u00e9e.<\/span><\/p>\r\n<p><span style=\"font-family: arial, helvetica, sans-serif;\"><strong><span style=\"font-size: 10pt;\">Q : Quelles sont vos capacit\u00e9s en mati\u00e8re d'essais techniques et de validation ?<\/span><\/strong><\/span><br \/><span style=\"font-size: 10pt; font-family: arial, helvetica, sans-serif;\">R : Nous vous r\u00e9pondrons dans les deux heures et r\u00e9soudrons le probl\u00e8me dans les 24 heures.<\/span><\/p>\r\n<p><span style=\"font-family: arial, helvetica, sans-serif;\"><strong><span style=\"font-size: 10pt;\">Q : Quelles sont vos conditions de paiement ?<\/span><\/strong><\/span><br \/><span style=\"font-size: 10pt; font-family: arial, helvetica, sans-serif;\">A : Pr\u00e9paiement 100%.<\/span><\/p>\r\n<p><span style=\"font-family: arial, helvetica, sans-serif;\"><strong><span style=\"font-size: 10pt;\">Q : Qu'est-ce que la quantit\u00e9 minimale de commande (MOQ) ?<\/span><\/strong><\/span><\/p>\r\n<p><span style=\"font-size: 10pt; font-family: arial, helvetica, sans-serif;\">A : 1 unit\u00e9.<\/span><\/p>\r\n<p><span style=\"font-family: arial, helvetica, sans-serif;\"><strong><span style=\"font-size: 10pt;\">Q : Acceptez-vous les personnalisations ?<\/span><\/strong><\/span><\/p>\r\n<p><span style=\"font-size: 10pt; font-family: arial, helvetica, sans-serif;\">R : Oui, les services OEM et ODM sont tous pris en charge.<\/span><\/p>\r\n<p><span style=\"font-family: arial, helvetica, sans-serif;\"><strong><span style=\"font-size: 10pt;\">Q : Fournissez-vous un \u00e9chantillon gratuit avant la commande ?<\/span><\/strong><\/span><\/p>\r\n<p><span style=\"font-size: 10pt; font-family: arial, helvetica, sans-serif;\">R : En r\u00e8gle g\u00e9n\u00e9rale, vous devez payer pour cela.<\/span><\/p>\r\n<p><span style=\"font-family: arial, helvetica, sans-serif;\"><strong><span style=\"font-size: 10pt;\">Q : Quelle est votre politique en mati\u00e8re d'\u00e9chantillons ?<\/span><\/strong><\/span><\/p>\r\n<p><span style=\"font-size: 10pt; font-family: arial, helvetica, sans-serif;\">R : Nous pouvons fournir l'\u00e9chantillon si nous avons les pi\u00e8ces en stock, les clients doivent payer le co\u00fbt de l'\u00e9chantillon et les frais d'exp\u00e9dition.<\/span><\/p>\r\n<p><span style=\"font-family: arial, helvetica, sans-serif;\"><strong><span style=\"font-size: 10pt;\">Q : Testez-vous tous vos produits avant leur livraison ?<\/span><\/strong><\/span><\/p>\r\n<p><span style=\"font-size: 10pt; font-family: arial, helvetica, sans-serif;\">R : Oui, nous effectuons un test 100% avant la livraison. Si n\u00e9cessaire, nous pouvons envoyer un rapport d'inspection avant la livraison.<\/span><\/p>\r\n<p><span style=\"font-family: arial, helvetica, sans-serif;\"><strong><span style=\"font-size: 10pt;\">Q : Comment \u00e9tablir une relation commerciale durable et fructueuse ?<\/span><\/strong><\/span><\/p>\r\n<p data-spm-anchor-id=\"a2700.details.0.i14.37d9a03fIpMZvt\"><span style=\"font-size: 10pt; font-family: arial, helvetica, sans-serif;\" data-spm-anchor-id=\"a2700.details.0.i15.37d9a03fIpMZvt\">R : 1. Nous maintenons une bonne qualit\u00e9 et des prix comp\u00e9titifs afin de garantir les int\u00e9r\u00eats de nos clients.<\/span><\/p>\r\n<p data-spm-anchor-id=\"a2700.details.0.i17.37d9a03fIpMZvt\"><span style=\"font-size: 10pt; font-family: arial, helvetica, sans-serif;\" data-spm-anchor-id=\"a2700.details.0.i16.37d9a03fIpMZvt\">\u00a0 \u00a0 \u00a02. Nous respectons chaque client comme un ami et nous faisons sinc\u00e8rement des affaires et nous nous lions d'amiti\u00e9 avec eux, peu importe d'o\u00f9 ils viennent.<\/span><\/p>\r\n<\/figure>\r\n<figure><\/figure>\r\n<p><span style=\"font-family: arial, helvetica, sans-serif;\"><!-- \/wp:image --><\/span><\/p>","protected":false},"excerpt":{"rendered":"<p>Bidirectional 11kW OBC 3kW DC-DC Converter 550-850VDC for LiFePO4 Battery<\/p>","protected":false},"featured_media":1626,"template":"","meta":{"_acf_changed":false,"content-type":""},"product_brand":[],"product_cat":[24],"product_tag":[118,125,88,28,113,35,122,123,124,120,112,119,121,33],"class_list":{"0":"post-531","1":"product","2":"type-product","3":"status-publish","4":"has-post-thumbnail","6":"product_cat-chargerdc-dc-converter-integration","7":"product_tag-11kw-obc","8":"product_tag-11kw-obc-800vdc","9":"product_tag-11kw-on-board-charger","10":"product_tag-3kw-dc-dc-converter","11":"product_tag-6-6kw-obc-2kw-dc-dc-bi-directional-charger","12":"product_tag-6-6kw-on-board-charger","13":"product_tag-800v-11kw-obc","14":"product_tag-800v-dc-dc-converter","15":"product_tag-850v-11kw-obc","16":"product_tag-ac-dc-converter","17":"product_tag-bi-directional-6-6kw-obc","18":"product_tag-bidirectional-11kw-obc","19":"product_tag-bidirectional-ev-on-board-charger","20":"product_tag-on-board-6-6kw-liquid-cooled-charger","22":"first","23":"instock","24":"featured","25":"shipping-taxable","26":"product-type-simple"},"acf":[],"_links":{"self":[{"href":"https:\/\/ovartech.com\/fr\/wp-json\/wp\/v2\/product\/531","targetHints":{"allow":["GET"]}}],"collection":[{"href":"https:\/\/ovartech.com\/fr\/wp-json\/wp\/v2\/product"}],"about":[{"href":"https:\/\/ovartech.com\/fr\/wp-json\/wp\/v2\/types\/product"}],"wp:featuredmedia":[{"embeddable":true,"href":"https:\/\/ovartech.com\/fr\/wp-json\/wp\/v2\/media\/1626"}],"wp:attachment":[{"href":"https:\/\/ovartech.com\/fr\/wp-json\/wp\/v2\/media?parent=531"}],"wp:term":[{"taxonomy":"product_brand","embeddable":true,"href":"https:\/\/ovartech.com\/fr\/wp-json\/wp\/v2\/product_brand?post=531"},{"taxonomy":"product_cat","embeddable":true,"href":"https:\/\/ovartech.com\/fr\/wp-json\/wp\/v2\/product_cat?post=531"},{"taxonomy":"product_tag","embeddable":true,"href":"https:\/\/ovartech.com\/fr\/wp-json\/wp\/v2\/product_tag?post=531"}],"curies":[{"name":"wp","href":"https:\/\/api.w.org\/{rel}","templated":true}]}}