{"id":502,"date":"2024-04-08T07:11:46","date_gmt":"2024-04-08T07:11:46","guid":{"rendered":"https:\/\/www.ovartech.com\/?post_type=product&#038;p=502"},"modified":"2026-03-19T03:41:17","modified_gmt":"2026-03-19T03:41:17","slug":"22kw-obc-200-500vdc","status":"publish","type":"product","link":"https:\/\/ovartech.com\/fr\/product\/22kw-obc-200-500vdc\/","title":{"rendered":"Powerful High-Efficiency 22kW OBC 200-500Vdc | EV On-Board Charger"},"content":{"rendered":"<p><strong><span style=\"font-size: 18pt; font-family: arial, helvetica, sans-serif;\">Powerful High-Efficiency 22kW OBC 200-500Vdc | EV On-Board Charger<\/span><\/strong><\/p>\n<p><span style=\"font-size: 14pt; font-family: arial, helvetica, sans-serif;\">High-Efficiency 22kW OBC 200-500Vdc | Reliable EV On-Board Charger for Global Vehicle &amp; Marine Manufacturers<\/span><\/p>\n<p><span style=\"font-size: 14pt; font-family: arial, helvetica, sans-serif;\">The Ovartech CAD222DF-400A 22kW OBC 200-500Vdc series is engineered for electric vehicle and electric marine battery charging applications. Designed with high efficiency, robustness and operational safety as core strengths, it fully meets the stringent requirements of automotive and marine equipment manufacturers.<\/span><\/p>\n<p><span style=\"font-size: 14pt; font-family: arial, helvetica, sans-serif;\">This charger features a wide AC input voltage range of 152\u2013456V, supporting seamless global deployment across various regional power grid standards. Its high-efficiency charging design drastically cuts energy consumption, delivering greater cost-effectiveness for large-scale production and operation.<\/span><\/p>\n<p><span style=\"font-size: 14pt; font-family: arial, helvetica, sans-serif;\">It comes with an intelligent charging mode, which automatically adjusts the output voltage via CC\/CV\/cut-off stages to suit a wide range of EV and marine battery charging profiles. Complete built-in safety protections are included: short-circuit, over-voltage, over-current and over-temperature protection, ensuring stable and secure operation throughout the entire charging cycle.<\/span><\/p>\n<p><span style=\"font-size: 14pt; font-family: arial, helvetica, sans-serif;\">The integrated CAN-bus interface enables real-time data transmission. It reliably sends charging status, interlock connection details, as well as disconnection and fault alarm messages to the Vehicle Control Unit (VCU) through the Battery Management System (BMS).<\/span><\/p>\n<p><span style=\"font-size: 14pt; font-family: arial, helvetica, sans-serif;\">The Ovartech CAD222DF-400A charger series fully complies with international standards including SAE J1772 and IEC 61851. Boasting an IP67 protection rating, it operates reliably in harsh and demanding working conditions typical of automotive and marine applications.<\/span><\/p>\n<h2><span style=\"font-size: 14pt; font-family: arial, helvetica, sans-serif;\"><strong>22kW OBC Specification<\/strong><\/span><\/h2>\n<table style=\"width: 48.1691%; height: 320px;\">\n<tbody>\n<tr style=\"height: 28px;\">\n<td style=\"width: 24.5012%; height: 28px;\"><span style=\"font-size: 14pt;\"><strong><span style=\"font-family: arial, helvetica, sans-serif;\">Model :<\/span><\/strong><\/span><\/td>\n<td style=\"width: 55.319%; height: 28px;\"><span style=\"font-family: arial, helvetica, sans-serif; font-size: 14pt;\">CAD222DF-<span style=\"font-family: arial, helvetica, sans-serif;\">400 A<\/span><\/span><\/td>\n<\/tr>\n<tr style=\"height: 28px;\">\n<td style=\"width: 24.5012%; height: 28px;\"><span style=\"font-size: 14pt;\"><strong><span style=\"font-family: arial, helvetica, sans-serif;\">Power \uff1a<\/span><\/strong><\/span><\/td>\n<td style=\"width: 55.319%; height: 28px;\"><span style=\"font-family: arial, helvetica, sans-serif; font-size: 14pt;\">22 kW en triphas\u00e9 ; 6,6 kW en monophas\u00e9<\/span><\/td>\n<\/tr>\n<tr style=\"height: 48px;\">\n<td style=\"width: 24.5012%; height: 48px;\"><span style=\"font-size: 14pt;\"><strong><span style=\"font-family: arial, helvetica, sans-serif;\">Input voltage \uff1a<\/span><\/strong><\/span><\/td>\n<td style=\"width: 55.319%; height: 48px;\"><span style=\"font-family: arial, helvetica, sans-serif; font-size: 14pt;\">152-456 V CA triphas\u00e9<\/span><br \/>\n<span style=\"font-family: arial, helvetica, sans-serif; font-size: 14pt;\">90-265 V CA @ monophas\u00e9<\/span><\/td>\n<\/tr>\n<tr style=\"height: 48px;\">\n<td style=\"width: 24.5012%; height: 48px;\"><span style=\"font-size: 14pt;\"><strong><span style=\"font-family: arial, helvetica, sans-serif;\">Output current \uff1a<\/span><\/strong><\/span><\/td>\n<td style=\"width: 55.319%; height: 48px;\"><span style=\"font-family: arial, helvetica, sans-serif; font-size: 14pt;\">54 A max. en triphas\u00e9<\/span><br \/>\n<span style=\"font-family: arial, helvetica, sans-serif; font-size: 14pt;\">20 A max. en monophas\u00e9<\/span><\/td>\n<\/tr>\n<tr style=\"height: 28px;\">\n<td style=\"width: 24.5012%; height: 28px;\"><span style=\"font-size: 14pt;\"><strong><span style=\"font-family: arial, helvetica, sans-serif;\">Output voltage \uff1a<\/span><\/strong><\/span><\/td>\n<td style=\"width: 55.319%; height: 28px;\"><span style=\"font-family: arial, helvetica, sans-serif; font-size: 14pt;\">200-500 V CC<\/span><\/td>\n<\/tr>\n<tr style=\"height: 28px;\">\n<td style=\"width: 24.5012%; height: 28px;\"><span style=\"font-size: 14pt;\"><strong><span style=\"font-family: arial, helvetica, sans-serif;\">Cooling \uff1a<\/span><\/strong><\/span><\/td>\n<td style=\"width: 55.319%; height: 28px;\"><span style=\"font-family: arial, helvetica, sans-serif; font-size: 14pt;\">Refroidi par liquide<\/span><\/td>\n<\/tr>\n<tr style=\"height: 28px;\">\n<td style=\"width: 24.5012%; height: 28px;\"><span style=\"font-size: 14pt;\"><strong><span style=\"font-family: arial, helvetica, sans-serif;\">Dimension \uff1a<\/span><\/strong><\/span><\/td>\n<td style=\"width: 55.319%; height: 28px;\"><span style=\"font-family: arial, helvetica, sans-serif; font-size: 14pt;\">550 \u00d7 403 \u00d7 101 mm<\/span><\/td>\n<\/tr>\n<tr style=\"height: 28px;\">\n<td style=\"width: 24.5012%; height: 28px;\"><span style=\"font-size: 14pt;\"><strong><span style=\"font-family: arial, helvetica, sans-serif;\">Weight \uff1a<\/span><\/strong><\/span><\/td>\n<td style=\"width: 55.319%; height: 28px;\"><span style=\"font-family: arial, helvetica, sans-serif; font-size: 14pt;\">25 kg<\/span><\/td>\n<\/tr>\n<tr style=\"height: 28px;\">\n<td style=\"width: 24.5012%; height: 28px;\"><span style=\"font-size: 14pt;\"><strong><span style=\"font-family: arial, helvetica, sans-serif;\">IP rate \uff1a<\/span><\/strong><\/span><\/td>\n<td style=\"width: 55.319%; height: 28px;\"><span style=\"font-family: arial, helvetica, sans-serif; font-size: 14pt;\">IP 6K9K<\/span><\/td>\n<\/tr>\n<tr style=\"height: 28px;\">\n<td style=\"width: 24.5012%; height: 28px;\"><span style=\"font-size: 14pt;\"><strong><span style=\"font-family: arial, helvetica, sans-serif;\">Interface \uff1a<\/span><\/strong><\/span><\/td>\n<td style=\"width: 55.319%; height: 28px;\"><span style=\"font-family: arial, helvetica, sans-serif; font-size: 14pt;\">BUS CAN<\/span><\/td>\n<\/tr>\n<\/tbody>\n<\/table>\n<h3><\/h3>\n<h3><span style=\"font-family: arial, helvetica, sans-serif;\"><strong>22kW OBC Detials<\/strong><\/span><\/h3>\n<table style=\"border-collapse: collapse; width: 82.1587%; height: 416px;\">\n<tbody>\n<tr style=\"height: 416px;\">\n<td style=\"width: 38.9376%; height: 416px;\"><span style=\"font-family: arial, helvetica, sans-serif;\"><a href=\"https:\/\/www.ovartech.com\/wp-content\/uploads\/2023\/07\/IMG_1117-3.jpg\"><img decoding=\"async\" class=\"lazyload alignnone wp-image-495 size-fusion-600\" src=\"https:\/\/ovartech.com\/wp-content\/uploads\/2023\/07\/IMG_1117-3-600x419.jpg\" data-orig-src=\"https:\/\/ovartech.com\/wp-content\/uploads\/2023\/07\/IMG_1117-3-600x419.jpg\" alt=\"22kW OBC 200-500Vdc | EV On-Board Charger\" width=\"600\" height=\"419\" srcset=\"data:image\/svg+xml,%3Csvg%20xmlns%3D%27http%3A%2F%2Fwww.w3.org%2F2000%2Fsvg%27%20width%3D%27600%27%20height%3D%27419%27%20viewBox%3D%270%200%20600%20419%27%3E%3Crect%20width%3D%27600%27%20height%3D%27419%27%20fill-opacity%3D%220%22%2F%3E%3C%2Fsvg%3E\" data-srcset=\"https:\/\/ovartech.com\/wp-content\/uploads\/2023\/07\/IMG_1117-3-200x140.jpg 200w, https:\/\/ovartech.com\/wp-content\/uploads\/2023\/07\/IMG_1117-3-300x209.jpg 300w, https:\/\/ovartech.com\/wp-content\/uploads\/2023\/07\/IMG_1117-3-400x279.jpg 400w, https:\/\/ovartech.com\/wp-content\/uploads\/2023\/07\/IMG_1117-3-500x349.jpg 500w, https:\/\/ovartech.com\/wp-content\/uploads\/2023\/07\/IMG_1117-3-600x419.jpg 600w, https:\/\/ovartech.com\/wp-content\/uploads\/2023\/07\/IMG_1117-3-700x489.jpg 700w, https:\/\/ovartech.com\/wp-content\/uploads\/2023\/07\/IMG_1117-3-768x536.jpg 768w, https:\/\/ovartech.com\/wp-content\/uploads\/2023\/07\/IMG_1117-3-800x558.jpg 800w, https:\/\/ovartech.com\/wp-content\/uploads\/2023\/07\/IMG_1117-3.jpg 1000w\" data-sizes=\"auto\" data-orig-sizes=\"(max-width: 600px) 100vw, 600px\" \/><\/a><\/span><\/td>\n<td style=\"width: 42.7237%; height: 416px;\"><span style=\"font-family: arial, helvetica, sans-serif;\"><a href=\"https:\/\/ovartech.com\/wp-content\/uploads\/2023\/07\/IMG_1113-1.jpg\"><img decoding=\"async\" class=\"lazyload alignnone wp-image-493\" src=\"https:\/\/ovartech.com\/wp-content\/uploads\/2023\/07\/IMG_1113-1-600x374.jpg\" data-orig-src=\"https:\/\/ovartech.com\/wp-content\/uploads\/2023\/07\/IMG_1113-1-600x374.jpg\" alt=\"\" width=\"656\" height=\"409\" srcset=\"data:image\/svg+xml,%3Csvg%20xmlns%3D%27http%3A%2F%2Fwww.w3.org%2F2000%2Fsvg%27%20width%3D%27656%27%20height%3D%27409%27%20viewBox%3D%270%200%20656%20409%27%3E%3Crect%20width%3D%27656%27%20height%3D%27409%27%20fill-opacity%3D%220%22%2F%3E%3C%2Fsvg%3E\" data-srcset=\"https:\/\/ovartech.com\/wp-content\/uploads\/2023\/07\/IMG_1113-1-200x125.jpg 200w, https:\/\/ovartech.com\/wp-content\/uploads\/2023\/07\/IMG_1113-1-300x187.jpg 300w, https:\/\/ovartech.com\/wp-content\/uploads\/2023\/07\/IMG_1113-1-400x250.jpg 400w, https:\/\/ovartech.com\/wp-content\/uploads\/2023\/07\/IMG_1113-1-500x312.jpg 500w, https:\/\/ovartech.com\/wp-content\/uploads\/2023\/07\/IMG_1113-1-600x374.jpg 600w, https:\/\/ovartech.com\/wp-content\/uploads\/2023\/07\/IMG_1113-1-700x437.jpg 700w, https:\/\/ovartech.com\/wp-content\/uploads\/2023\/07\/IMG_1113-1-768x479.jpg 768w, https:\/\/ovartech.com\/wp-content\/uploads\/2023\/07\/IMG_1113-1-800x499.jpg 800w, https:\/\/ovartech.com\/wp-content\/uploads\/2023\/07\/IMG_1113-1.jpg 1000w\" data-sizes=\"auto\" data-orig-sizes=\"(max-width: 656px) 100vw, 656px\" \/><\/a><\/span><\/td>\n<\/tr>\n<\/tbody>\n<\/table>\n<h4><span style=\"font-size: 14pt; font-family: arial, helvetica, sans-serif;\"><strong>FAQ<\/strong><\/span><\/h4>\n<p><span style=\"font-family: arial, helvetica, sans-serif;\"><strong><span style=\"font-size: 10pt;\">Q : \u00cates-vous une soci\u00e9t\u00e9 commerciale ou un fabricant ?<\/span><\/strong><\/span><br \/>\n<span style=\"font-size: 10pt; font-family: arial, helvetica, sans-serif;\">R : Nous sommes un fabricant.<\/span><\/p>\n<p><span style=\"font-family: arial, helvetica, sans-serif;\"><strong><span style=\"font-size: 10pt;\">Q : Quel est votre d\u00e9lai de livraison ?<\/span><\/strong><\/span><br \/>\n<span style=\"font-size: 10pt; font-family: arial, helvetica, sans-serif;\">R : En g\u00e9n\u00e9ral, il faut compter 5 \u00e0 10 jours si les marchandises sont en stock. Si elles ne sont pas en stock, il faut compter 6 semaines, en fonction de la quantit\u00e9.<\/span><\/p>\n<p><span style=\"font-family: arial, helvetica, sans-serif;\"><strong><span style=\"font-size: 10pt;\">Q : Quel est le principal avantage technique de vos produits ?<\/span><\/strong><\/span><br \/>\n<span style=\"font-size: 10pt; font-family: arial, helvetica, sans-serif;\">R : Nous utilisons une technologie de contr\u00f4le num\u00e9rique, qui facilite les mises \u00e0 niveau \u00e0 distance et permet une production enti\u00e8rement automatis\u00e9e.<\/span><\/p>\n<p><span style=\"font-family: arial, helvetica, sans-serif;\"><strong><span style=\"font-size: 10pt;\">Q : Quelles sont vos capacit\u00e9s en mati\u00e8re d'essais techniques et de validation ?<\/span><\/strong><\/span><br \/>\n<span style=\"font-size: 10pt; font-family: arial, helvetica, sans-serif;\">R : Nous vous r\u00e9pondrons dans les deux heures et r\u00e9soudrons le probl\u00e8me dans les 24 heures.<\/span><\/p>\n<p><span style=\"font-family: arial, helvetica, sans-serif;\"><strong><span style=\"font-size: 10pt;\">Q : Quelles sont vos conditions de paiement ?<\/span><\/strong><\/span><br \/>\n<span style=\"font-size: 10pt; font-family: arial, helvetica, sans-serif;\">A : Pr\u00e9paiement 100%.<\/span><\/p>\n<p><span style=\"font-family: arial, helvetica, sans-serif;\"><strong><span style=\"font-size: 10pt;\">Q : Qu'est-ce que la quantit\u00e9 minimale de commande (MOQ) ?<\/span><\/strong><\/span><\/p>\n<p><span style=\"font-size: 10pt; font-family: arial, helvetica, sans-serif;\">A : 1 unit\u00e9.<\/span><\/p>\n<p><span style=\"font-family: arial, helvetica, sans-serif;\"><strong><span style=\"font-size: 10pt;\">Q : Acceptez-vous les personnalisations ?<\/span><\/strong><\/span><\/p>\n<p><span style=\"font-size: 10pt; font-family: arial, helvetica, sans-serif;\">R : Oui, les services OEM et ODM sont tous pris en charge.<\/span><\/p>\n<p><span style=\"font-family: arial, helvetica, sans-serif;\"><strong><span style=\"font-size: 10pt;\">Q : Fournissez-vous un \u00e9chantillon gratuit avant la commande ?<\/span><\/strong><\/span><\/p>\n<p><span style=\"font-size: 10pt; font-family: arial, helvetica, sans-serif;\">R : En r\u00e8gle g\u00e9n\u00e9rale, vous devez payer pour cela.<\/span><\/p>\n<p><span style=\"font-family: arial, helvetica, sans-serif;\"><strong><span style=\"font-size: 10pt;\">Q : Quelle est votre politique en mati\u00e8re d'\u00e9chantillons ?<\/span><\/strong><\/span><\/p>\n<p><span style=\"font-size: 10pt; font-family: arial, helvetica, sans-serif;\">R : Nous pouvons fournir l'\u00e9chantillon si nous avons les pi\u00e8ces en stock, les clients doivent payer le co\u00fbt de l'\u00e9chantillon et les frais d'exp\u00e9dition.<\/span><\/p>\n<p><span style=\"font-family: arial, helvetica, sans-serif;\"><strong><span style=\"font-size: 10pt;\">Q : Testez-vous tous vos produits avant leur livraison ?<\/span><\/strong><\/span><\/p>\n<p><span style=\"font-size: 10pt; font-family: arial, helvetica, sans-serif;\">R : Oui, nous effectuons un test 100% avant la livraison. Si n\u00e9cessaire, nous pouvons envoyer un rapport d'inspection avant la livraison.<\/span><\/p>\n<p><span style=\"font-family: arial, helvetica, sans-serif;\"><strong><span style=\"font-size: 10pt;\">Q : Comment \u00e9tablir une relation commerciale durable et fructueuse ?<\/span><\/strong><\/span><\/p>\n<p data-spm-anchor-id=\"a2700.details.0.i14.37d9a03fIpMZvt\"><span style=\"font-size: 10pt; font-family: arial, helvetica, sans-serif;\" data-spm-anchor-id=\"a2700.details.0.i15.37d9a03fIpMZvt\">R : 1. Nous maintenons une bonne qualit\u00e9 et des prix comp\u00e9titifs afin de garantir les int\u00e9r\u00eats de nos clients.<\/span><\/p>\n<p data-spm-anchor-id=\"a2700.details.0.i17.37d9a03fIpMZvt\"><span style=\"font-size: 10pt; font-family: arial, helvetica, sans-serif;\" data-spm-anchor-id=\"a2700.details.0.i16.37d9a03fIpMZvt\">\u00a0 \u00a0 \u00a02. Nous respectons chaque client comme un ami et nous faisons sinc\u00e8rement des affaires et nous nous lions d'amiti\u00e9 avec eux, peu importe d'o\u00f9 ils viennent.<\/span><\/p>\n<p>&nbsp;<\/p>","protected":false},"excerpt":{"rendered":"<p>Powerful High-Efficiency 22kW OBC 200-500Vdc | EV On-Board Charger<\/p>\n<p>&nbsp;<\/p>","protected":false},"featured_media":493,"template":"","meta":{"_acf_changed":false,"content-type":""},"product_brand":[],"product_cat":[22],"product_tag":[105,106,75,38,41,108,93,107],"class_list":{"0":"post-502","1":"product","2":"type-product","3":"status-publish","4":"has-post-thumbnail","6":"product_cat-ev-on-board-charger","7":"product_tag-22kw-ev-power-charger","8":"product_tag-22kw-obc","9":"product_tag-22kw-on-board-charger","10":"product_tag-ev-battery-charger","11":"product_tag-industrial-battery-charger","12":"product_tag-lithium-battery-charger-500v","13":"product_tag-on-board-charger-22kw","14":"product_tag-on-board-22kw-liquid-cooled-charger","16":"first","17":"instock","18":"featured","19":"shipping-taxable","20":"product-type-simple"},"acf":[],"_links":{"self":[{"href":"https:\/\/ovartech.com\/fr\/wp-json\/wp\/v2\/product\/502","targetHints":{"allow":["GET"]}}],"collection":[{"href":"https:\/\/ovartech.com\/fr\/wp-json\/wp\/v2\/product"}],"about":[{"href":"https:\/\/ovartech.com\/fr\/wp-json\/wp\/v2\/types\/product"}],"wp:featuredmedia":[{"embeddable":true,"href":"https:\/\/ovartech.com\/fr\/wp-json\/wp\/v2\/media\/493"}],"wp:attachment":[{"href":"https:\/\/ovartech.com\/fr\/wp-json\/wp\/v2\/media?parent=502"}],"wp:term":[{"taxonomy":"product_brand","embeddable":true,"href":"https:\/\/ovartech.com\/fr\/wp-json\/wp\/v2\/product_brand?post=502"},{"taxonomy":"product_cat","embeddable":true,"href":"https:\/\/ovartech.com\/fr\/wp-json\/wp\/v2\/product_cat?post=502"},{"taxonomy":"product_tag","embeddable":true,"href":"https:\/\/ovartech.com\/fr\/wp-json\/wp\/v2\/product_tag?post=502"}],"curies":[{"name":"wp","href":"https:\/\/api.w.org\/{rel}","templated":true}]}}