{"id":43,"date":"2017-11-16T08:42:51","date_gmt":"2017-11-16T08:42:51","guid":{"rendered":"https:\/\/www.ovartech.com\/?post_type=product&#038;p=43"},"modified":"2026-03-23T06:02:25","modified_gmt":"2026-03-23T06:02:25","slug":"1kw-dc-dc-converter-for-ev-hev","status":"publish","type":"product","link":"https:\/\/ovartech.com\/fr\/product\/1kw-dc-dc-converter-for-ev-hev\/","title":{"rendered":"Professional 1KW DC-DC Converter for EV &#038; HEV"},"content":{"rendered":"<p><strong><span style=\"font-family: arial, helvetica, sans-serif; font-size: 18pt;\">Professional 1KW DC-DC Converter for EV &amp; HEV<\/span><\/strong><\/p>\n<p><span style=\"font-family: arial, helvetica, sans-serif; font-size: 14pt;\">The Ovartech DC\/DC converter series is designed for a wide range of electric and hybrid vehicles, intended for on-board installation and permanent connection to the vehicle battery. These high-voltage DC\/DC converters support an input voltage range of 108Vdc to 800Vdc, efficiently converting high voltage to low voltage to power vehicle auxiliary systems. A standard 12Vdc output is available, with precise output voltage adjustable via CAN communication commands.<\/span><\/p>\n<p><span style=\"font-family: arial, helvetica, sans-serif; font-size: 14pt;\">Suitable for power requirements from 1kW to 12kW (through parallel operation only), the high-voltage DC\/DC series maintains stable performance across a wide operating temperature range: -40\u00b0C to +45\u00b0C for air-cooled models and up to +65\u00b0C for liquid-cooled versions.<\/span><\/p>\n<p><span style=\"font-family: arial, helvetica, sans-serif; font-size: 14pt;\">Comprehensive protection functions include input UVLO, input OVLO, input reverse polarity protection, current limiting, output short-circuit protection and over-temperature protection. The CAN communication interface supports remote control, allowing the units to be enabled or disabled via communication messages.<\/span><\/p>\n<p>&nbsp;<\/p>\n<h2><strong><span style=\"font-family: arial, helvetica, sans-serif; font-size: 14pt;\">1kW DC-DC Converter Specification<\/span><\/strong><\/h2>\n<table style=\"width: 584px;\">\n<tbody>\n<tr>\n<td style=\"width: 195px;\"><strong><span style=\"font-family: arial, helvetica, sans-serif; font-size: 14pt;\">Model :<\/span><\/strong><\/td>\n<td style=\"width: 390px;\"><span style=\"font-family: arial, helvetica, sans-serif; font-size: 14pt;\">VDD102S360-14<\/span><\/td>\n<\/tr>\n<tr>\n<td style=\"width: 195px;\"><strong><span style=\"font-family: arial, helvetica, sans-serif; font-size: 14pt;\">Power :<\/span><\/strong><\/td>\n<td style=\"width: 390px;\"><span style=\"font-family: arial, helvetica, sans-serif; font-size: 14pt;\">1000 W\/1 kW<\/span><\/td>\n<\/tr>\n<tr>\n<td style=\"width: 195px;\"><strong><span style=\"font-family: arial, helvetica, sans-serif; font-size: 14pt;\">Input voltage :<\/span><\/strong><\/td>\n<td style=\"width: 390px;\"><span style=\"font-family: arial, helvetica, sans-serif; font-size: 14pt;\">108-420 V CC<\/span><\/td>\n<\/tr>\n<tr>\n<td style=\"width: 195px;\"><strong><span style=\"font-family: arial, helvetica, sans-serif; font-size: 14pt;\">Output current :<\/span><\/strong><\/td>\n<td style=\"width: 390px;\"><span style=\"font-family: arial, helvetica, sans-serif; font-size: 14pt;\">0-72A<\/span><\/td>\n<\/tr>\n<tr>\n<td style=\"width: 195px;\"><strong><span style=\"font-family: arial, helvetica, sans-serif; font-size: 14pt;\">Output voltage :<\/span><\/strong><\/td>\n<td style=\"width: 390px;\"><span style=\"font-family: arial, helvetica, sans-serif; font-size: 14pt;\">13,8 Vcc<\/span><\/td>\n<\/tr>\n<tr>\n<td style=\"width: 195px;\"><strong><span style=\"font-family: arial, helvetica, sans-serif; font-size: 14pt;\">Cooling :<\/span><\/strong><\/td>\n<td style=\"width: 390px;\"><span style=\"font-family: arial, helvetica, sans-serif; font-size: 14pt;\">refroidissement par air<\/span><\/td>\n<\/tr>\n<tr>\n<td style=\"width: 195px;\"><strong><span style=\"font-family: arial, helvetica, sans-serif; font-size: 14pt;\">Dimension :<\/span><\/strong><\/td>\n<td style=\"width: 390px;\"><span style=\"font-family: arial, helvetica, sans-serif; font-size: 14pt;\">272 x 175 x 94 mm ; 10,7 \u00d7 6,9 \u00d7 3,7 pouces\u201d<\/span><\/td>\n<\/tr>\n<tr>\n<td style=\"width: 195px;\"><strong><span style=\"font-family: arial, helvetica, sans-serif; font-size: 14pt;\">Weight :<\/span><\/strong><\/td>\n<td style=\"width: 390px;\"><span style=\"font-family: arial, helvetica, sans-serif; font-size: 14pt;\">2 kg ; 4,4 lb<\/span><\/td>\n<\/tr>\n<tr>\n<td style=\"width: 195px;\"><strong><span style=\"font-family: arial, helvetica, sans-serif; font-size: 14pt;\">IP rate :<\/span><\/strong><\/td>\n<td style=\"width: 390px;\"><span style=\"font-family: arial, helvetica, sans-serif; font-size: 14pt;\">IP67<\/span><\/td>\n<\/tr>\n<tr>\n<td style=\"width: 195px;\"><strong><span style=\"font-family: arial, helvetica, sans-serif; font-size: 14pt;\">Interface :<\/span><\/strong><\/td>\n<td style=\"width: 390px;\"><span style=\"font-family: arial, helvetica, sans-serif; font-size: 14pt;\">CAN BUS\/Activer le contr\u00f4le<\/span><\/td>\n<\/tr>\n<\/tbody>\n<\/table>\n<p>&nbsp;<\/p>\n<h3><strong><span style=\"font-family: arial, helvetica, sans-serif;\">1kW DC-DC Converter Detials<\/span><\/strong><\/h3>\n<table style=\"border-collapse: collapse; width: 54.2722%; height: 827px;\">\n<tbody>\n<tr style=\"height: 827px;\">\n<td style=\"width: 100%; height: 827px;\"><a href=\"https:\/\/ovartech.com\/wp-content\/uploads\/2017\/11\/1KW-DC-DC-converter.jpg\"><img decoding=\"async\" class=\"lazyload wp-image-187 size-full\" src=\"https:\/\/ovartech.com\/wp-content\/uploads\/2017\/11\/1KW-DC-DC-converter.jpg\" data-orig-src=\"https:\/\/ovartech.com\/wp-content\/uploads\/2017\/11\/1KW-DC-DC-converter.jpg\" alt=\"Professional 1KW DC-DC Converter for EV &amp; HEV\" width=\"800\" height=\"800\" srcset=\"data:image\/svg+xml,%3Csvg%20xmlns%3D%27http%3A%2F%2Fwww.w3.org%2F2000%2Fsvg%27%20width%3D%27800%27%20height%3D%27800%27%20viewBox%3D%270%200%20800%20800%27%3E%3Crect%20width%3D%27800%27%20height%3D%27800%27%20fill-opacity%3D%220%22%2F%3E%3C%2Fsvg%3E\" data-srcset=\"https:\/\/ovartech.com\/wp-content\/uploads\/2017\/11\/1KW-DC-DC-converter-66x66.jpg 66w, https:\/\/ovartech.com\/wp-content\/uploads\/2017\/11\/1KW-DC-DC-converter-120x120.jpg 120w, https:\/\/ovartech.com\/wp-content\/uploads\/2017\/11\/1KW-DC-DC-converter-150x150.jpg 150w, https:\/\/ovartech.com\/wp-content\/uploads\/2017\/11\/1KW-DC-DC-converter-200x200.jpg 200w, https:\/\/ovartech.com\/wp-content\/uploads\/2017\/11\/1KW-DC-DC-converter-300x300.jpg 300w, https:\/\/ovartech.com\/wp-content\/uploads\/2017\/11\/1KW-DC-DC-converter-400x400.jpg 400w, https:\/\/ovartech.com\/wp-content\/uploads\/2017\/11\/1KW-DC-DC-converter-500x500.jpg 500w, https:\/\/ovartech.com\/wp-content\/uploads\/2017\/11\/1KW-DC-DC-converter-600x600.jpg 600w, https:\/\/ovartech.com\/wp-content\/uploads\/2017\/11\/1KW-DC-DC-converter-700x700.jpg 700w, https:\/\/ovartech.com\/wp-content\/uploads\/2017\/11\/1KW-DC-DC-converter-768x768.jpg 768w, https:\/\/ovartech.com\/wp-content\/uploads\/2017\/11\/1KW-DC-DC-converter.jpg 800w\" data-sizes=\"auto\" data-orig-sizes=\"(max-width: 800px) 100vw, 800px\" \/><\/a><\/td>\n<\/tr>\n<\/tbody>\n<\/table>\n<p><span style=\"font-size: 14pt; font-family: arial, helvetica, sans-serif;\"><strong>FAQ<\/strong><\/span><\/p>\n<p><span style=\"font-family: arial, helvetica, sans-serif;\"><strong><span style=\"font-size: 10pt;\">Q : \u00cates-vous une soci\u00e9t\u00e9 commerciale ou un fabricant ?<\/span><\/strong><\/span><br \/>\n<span style=\"font-size: 10pt; font-family: arial, helvetica, sans-serif;\">R : Nous sommes un fabricant.<\/span><\/p>\n<p><span style=\"font-family: arial, helvetica, sans-serif;\"><strong><span style=\"font-size: 10pt;\">Q : Quel est votre d\u00e9lai de livraison ?<\/span><\/strong><\/span><br \/>\n<span style=\"font-size: 10pt; font-family: arial, helvetica, sans-serif;\">R : En g\u00e9n\u00e9ral, il faut compter 5 \u00e0 10 jours si les marchandises sont en stock. Si elles ne sont pas en stock, il faut compter 6 semaines, en fonction de la quantit\u00e9.<\/span><\/p>\n<p><span style=\"font-family: arial, helvetica, sans-serif;\"><strong><span style=\"font-size: 10pt;\">Q : Quel est le principal avantage technique de vos produits ?<\/span><\/strong><\/span><br \/>\n<span style=\"font-size: 10pt; font-family: arial, helvetica, sans-serif;\">R : Nous utilisons une technologie de contr\u00f4le num\u00e9rique, qui facilite les mises \u00e0 niveau \u00e0 distance et permet une production enti\u00e8rement automatis\u00e9e.<\/span><\/p>\n<p><span style=\"font-family: arial, helvetica, sans-serif;\"><strong><span style=\"font-size: 10pt;\">Q : Quelles sont vos capacit\u00e9s en mati\u00e8re d'essais techniques et de validation ?<\/span><\/strong><\/span><br \/>\n<span style=\"font-size: 10pt; font-family: arial, helvetica, sans-serif;\">R : Nous vous r\u00e9pondrons dans les deux heures et r\u00e9soudrons le probl\u00e8me dans les 24 heures.<\/span><\/p>\n<p><span style=\"font-family: arial, helvetica, sans-serif;\"><strong><span style=\"font-size: 10pt;\">Q : Quelles sont vos conditions de paiement ?<\/span><\/strong><\/span><br \/>\n<span style=\"font-size: 10pt; font-family: arial, helvetica, sans-serif;\">A : Pr\u00e9paiement 100%.<\/span><\/p>\n<p><span style=\"font-family: arial, helvetica, sans-serif;\"><strong><span style=\"font-size: 10pt;\">Q : Qu'est-ce que la quantit\u00e9 minimale de commande (MOQ) ?<\/span><\/strong><\/span><\/p>\n<p><span style=\"font-size: 10pt; font-family: arial, helvetica, sans-serif;\">A : 1 unit\u00e9.<\/span><\/p>\n<p><span style=\"font-family: arial, helvetica, sans-serif;\"><strong><span style=\"font-size: 10pt;\">Q : Acceptez-vous les personnalisations ?<\/span><\/strong><\/span><\/p>\n<p><span style=\"font-size: 10pt; font-family: arial, helvetica, sans-serif;\">R : Oui, les services OEM et ODM sont tous pris en charge.<\/span><\/p>\n<p><span style=\"font-family: arial, helvetica, sans-serif;\"><strong><span style=\"font-size: 10pt;\">Q : Fournissez-vous un \u00e9chantillon gratuit avant la commande ?<\/span><\/strong><\/span><\/p>\n<p><span style=\"font-size: 10pt; font-family: arial, helvetica, sans-serif;\">R : En r\u00e8gle g\u00e9n\u00e9rale, vous devez payer pour cela.<\/span><\/p>\n<p><span style=\"font-family: arial, helvetica, sans-serif;\"><strong><span style=\"font-size: 10pt;\">Q : Quelle est votre politique en mati\u00e8re d'\u00e9chantillons ?<\/span><\/strong><\/span><\/p>\n<p><span style=\"font-size: 10pt; font-family: arial, helvetica, sans-serif;\">R : Nous pouvons fournir l'\u00e9chantillon si nous avons les pi\u00e8ces en stock, les clients doivent payer le co\u00fbt de l'\u00e9chantillon et les frais d'exp\u00e9dition.<\/span><\/p>\n<p><span style=\"font-family: arial, helvetica, sans-serif;\"><strong><span style=\"font-size: 10pt;\">Q : Testez-vous tous vos produits avant leur livraison ?<\/span><\/strong><\/span><\/p>\n<p><span style=\"font-size: 10pt; font-family: arial, helvetica, sans-serif;\">R : Oui, nous effectuons un test 100% avant la livraison. Si n\u00e9cessaire, nous pouvons envoyer un rapport d'inspection avant la livraison.<\/span><\/p>\n<p><span style=\"font-family: arial, helvetica, sans-serif;\"><strong><span style=\"font-size: 10pt;\">Q : Comment \u00e9tablir une relation commerciale durable et fructueuse ?<\/span><\/strong><\/span><\/p>\n<p data-spm-anchor-id=\"a2700.details.0.i14.37d9a03fIpMZvt\"><span style=\"font-size: 10pt; font-family: arial, helvetica, sans-serif;\" data-spm-anchor-id=\"a2700.details.0.i15.37d9a03fIpMZvt\">R : 1. Nous maintenons une bonne qualit\u00e9 et des prix comp\u00e9titifs afin de garantir les int\u00e9r\u00eats de nos clients.<\/span><\/p>\n<p data-spm-anchor-id=\"a2700.details.0.i17.37d9a03fIpMZvt\"><span style=\"font-size: 10pt; font-family: arial, helvetica, sans-serif;\" data-spm-anchor-id=\"a2700.details.0.i16.37d9a03fIpMZvt\">\u00a0 \u00a0 \u00a02. Nous respectons chaque client comme un ami et nous faisons sinc\u00e8rement des affaires et nous nous lions d'amiti\u00e9 avec eux, peu importe d'o\u00f9 ils viennent.<\/span><\/p>\n<p>&nbsp;<\/p>","protected":false},"excerpt":{"rendered":"<p>Professional 1KW DC-DC Converter for EV &amp; HEV<\/p>","protected":false},"featured_media":187,"template":"","meta":{"_acf_changed":false,"content-type":""},"product_brand":[],"product_cat":[23],"product_tag":[32,26,25],"class_list":{"0":"post-43","1":"product","2":"type-product","3":"status-publish","4":"has-post-thumbnail","6":"product_cat-ev-dc-dc-converter","7":"product_tag-1500w-dc-dc-converter","8":"product_tag-1kw-dc-dc-converter","9":"product_tag-dc-dc-converter","11":"first","12":"instock","13":"featured","14":"shipping-taxable","15":"product-type-simple"},"acf":[],"_links":{"self":[{"href":"https:\/\/ovartech.com\/fr\/wp-json\/wp\/v2\/product\/43","targetHints":{"allow":["GET"]}}],"collection":[{"href":"https:\/\/ovartech.com\/fr\/wp-json\/wp\/v2\/product"}],"about":[{"href":"https:\/\/ovartech.com\/fr\/wp-json\/wp\/v2\/types\/product"}],"wp:featuredmedia":[{"embeddable":true,"href":"https:\/\/ovartech.com\/fr\/wp-json\/wp\/v2\/media\/187"}],"wp:attachment":[{"href":"https:\/\/ovartech.com\/fr\/wp-json\/wp\/v2\/media?parent=43"}],"wp:term":[{"taxonomy":"product_brand","embeddable":true,"href":"https:\/\/ovartech.com\/fr\/wp-json\/wp\/v2\/product_brand?post=43"},{"taxonomy":"product_cat","embeddable":true,"href":"https:\/\/ovartech.com\/fr\/wp-json\/wp\/v2\/product_cat?post=43"},{"taxonomy":"product_tag","embeddable":true,"href":"https:\/\/ovartech.com\/fr\/wp-json\/wp\/v2\/product_tag?post=43"}],"curies":[{"name":"wp","href":"https:\/\/api.w.org\/{rel}","templated":true}]}}