{"id":372,"date":"2020-08-19T10:03:48","date_gmt":"2020-08-19T10:03:48","guid":{"rendered":"https:\/\/www.ovartech.com\/?post_type=product&#038;p=372"},"modified":"2026-03-19T07:43:05","modified_gmt":"2026-03-19T07:43:05","slug":"3-3kw-high-voltage-ev-battery-charger","status":"publish","type":"product","link":"https:\/\/ovartech.com\/fr\/product\/3-3kw-high-voltage-ev-battery-charger\/","title":{"rendered":"Efficient 3.3kW High Voltage EV Battery Charger"},"content":{"rendered":"<p><strong><span style=\"font-family: arial, helvetica, sans-serif; font-size: 18pt;\">Efficient 3.3kW High Voltage EV Battery Charger<\/span><\/strong><\/p>\r\n<p><span style=\"font-family: arial, helvetica, sans-serif; font-size: 14pt;\">3.3kW High Voltage EV Battery Charger (on-board model) is an efficient charging solution for all high-voltage electric vehicle battery systems, delivering stable and fast charging performance for passenger EVs, commercial EVs and special electric vehicles.<\/span><\/p>\r\n<div><span style=\"font-family: arial, helvetica, sans-serif; font-size: 14pt;\">The 3.3kW High Voltage EV Battery Charger (model CAD332DF-400A) from Ovartech is an efficient on-board charging solution, featuring global voltage compatibility, intelligent CC\/CV charging, and IP67 protection for reliable EV performance.<\/span><\/div>\r\n<div>\u00a0<\/div>\r\n<div><span style=\"font-family: arial, helvetica, sans-serif; font-size: 14pt;\">Boasting a wide AC input voltage range of 85~265V, the CAD332DF-400A is optimized for worldwide compatibility, making it a versatile and ideal choice for EV fleets and manufacturers across all regions. Its high-efficiency charging performance reduces energy consumption and operational costs, ensuring a more economical and sustainable charging experience for all users.<\/span><\/div>\r\n<div>\u00a0<\/div>\r\n<div><span style=\"font-family: arial, helvetica, sans-serif; font-size: 14pt;\">This on-board charger features an intelligent adaptive charging mode that automatically adjusts to CC\/CV (Constant Current\/Constant Voltage) protocols and initiates a safe cut-off once charging is complete, streamlining the charging process and protecting battery health. It also comes with comprehensive multi-layer protection, guarding against short-circuit, over-voltage, over-current, over-temperature, and undercharging issues to ensure stable and reliable operation in all working conditions.<\/span><\/div>\r\n<div>\u00a0<\/div>\r\n<div><span style=\"font-family: arial, helvetica, sans-serif; font-size: 14pt;\">Equipped with an integrated CAN-bus interface, the CAD332DF-400A enables seamless communication with the vehicle\u2019s VCU (Vehicle Control Unit) via the BMS (Battery Management System). It transmits real-time data including charging flow status, interlock connections, and instant disconnection or error alerts, providing full visibility and control over the entire charging cycle.<\/span><\/div>\r\n<div>\u00a0<\/div>\r\n<div><span style=\"font-family: arial, helvetica, sans-serif; font-size: 14pt;\">The Ovartech CAD332DF-400A on-board charger series is fully compliant with international industry standards SAE J1772 and IEC 61851, and holds an IP67 ingress protection rating. This rugged design withstands dust, water immersion, and the rigors of critical operating environments, ensuring long-lasting performance even in the harshest EV application scenarios.<\/span><\/div>\r\n<p>&nbsp;<\/p>\r\n<h2><strong><span style=\"font-family: arial, helvetica, sans-serif; font-size: 14pt;\">\u00a03.3kW OBC Specification<\/span><\/strong><\/h2>\r\n<table style=\"width: 42.9632%; height: 280px;\">\r\n<tbody>\r\n<tr style=\"height: 28px;\">\r\n<td style=\"width: 195px; height: 28px;\"><strong><span style=\"font-family: arial, helvetica, sans-serif; font-size: 14pt;\">Model \uff1a<\/span><\/strong><\/td>\r\n<td style=\"width: 390px; height: 28px;\"><span style=\"font-family: arial, helvetica, sans-serif; font-size: 14pt;\">CAD332DF-400A<\/span><\/td>\r\n<\/tr>\r\n<tr style=\"height: 28px;\">\r\n<td style=\"width: 195px; height: 28px;\"><strong><span style=\"font-family: arial, helvetica, sans-serif; font-size: 14pt;\">Power \uff1a<\/span><\/strong><\/td>\r\n<td style=\"width: 390px; height: 28px;\"><span style=\"font-family: arial, helvetica, sans-serif; font-size: 14pt;\">3300 W\/3,3 kW<\/span><\/td>\r\n<\/tr>\r\n<tr style=\"height: 28px;\">\r\n<td style=\"width: 195px; height: 28px;\"><strong><span style=\"font-family: arial, helvetica, sans-serif; font-size: 14pt;\">Input voltage \uff1a<\/span><\/strong><\/td>\r\n<td style=\"width: 390px; height: 28px;\"><span style=\"font-family: arial, helvetica, sans-serif; font-size: 14pt;\">85-265 V CC<\/span><\/td>\r\n<\/tr>\r\n<tr style=\"height: 28px;\">\r\n<td style=\"width: 195px; height: 28px;\"><strong><span style=\"font-family: arial, helvetica, sans-serif; font-size: 14pt;\">Output current \uff1a<\/span><\/strong><\/td>\r\n<td style=\"width: 390px; height: 28px;\"><span style=\"font-family: arial, helvetica, sans-serif; font-size: 14pt;\">0-10 A<\/span><\/td>\r\n<\/tr>\r\n<tr style=\"height: 28px;\">\r\n<td style=\"width: 195px; height: 28px;\"><strong><span style=\"font-family: arial, helvetica, sans-serif; font-size: 14pt;\">Output voltage \uff1a<\/span><\/strong><\/td>\r\n<td style=\"width: 390px; height: 28px;\"><span style=\"font-family: arial, helvetica, sans-serif; font-size: 14pt;\">108 V CC, 144 V CC, 200-420 V CC<\/span><\/td>\r\n<\/tr>\r\n<tr style=\"height: 28px;\">\r\n<td style=\"width: 195px; height: 28px;\"><strong><span style=\"font-family: arial, helvetica, sans-serif; font-size: 14pt;\">Cooling \uff1a<\/span><\/strong><\/td>\r\n<td style=\"width: 390px; height: 28px;\"><span style=\"font-family: arial, helvetica, sans-serif; font-size: 14pt;\">refroidissement par air<\/span><\/td>\r\n<\/tr>\r\n<tr style=\"height: 28px;\">\r\n<td style=\"width: 195px; height: 28px;\"><strong><span style=\"font-family: arial, helvetica, sans-serif; font-size: 14pt;\">Dimension \uff1a<\/span><\/strong><\/td>\r\n<td style=\"width: 390px; height: 28px;\"><span style=\"font-family: arial, helvetica, sans-serif; font-size: 14pt;\">305 x 217 x 122 mm ; 12 \u00d7 8,5 \u00d7 4,8 pouces\u201d<\/span><\/td>\r\n<\/tr>\r\n<tr style=\"height: 28px;\">\r\n<td style=\"width: 195px; height: 28px;\"><strong><span style=\"font-family: arial, helvetica, sans-serif; font-size: 14pt;\">Weight \uff1a<\/span><\/strong><\/td>\r\n<td style=\"width: 390px; height: 28px;\"><span style=\"font-family: arial, helvetica, sans-serif; font-size: 14pt;\">4 kg ; 8,8 lb<\/span><\/td>\r\n<\/tr>\r\n<tr style=\"height: 28px;\">\r\n<td style=\"width: 195px; height: 28px;\"><strong><span style=\"font-family: arial, helvetica, sans-serif; font-size: 14pt;\">IP rate \uff1a<\/span><\/strong><\/td>\r\n<td style=\"width: 390px; height: 28px;\"><span style=\"font-family: arial, helvetica, sans-serif; font-size: 14pt;\">IP67<\/span><\/td>\r\n<\/tr>\r\n<tr style=\"height: 28px;\">\r\n<td style=\"width: 195px; height: 28px;\"><strong><span style=\"font-family: arial, helvetica, sans-serif; font-size: 14pt;\">Interface \uff1a<\/span><\/strong><\/td>\r\n<td style=\"width: 390px; height: 28px;\"><span style=\"font-family: arial, helvetica, sans-serif; font-size: 14pt;\">CAN BUS\/Activer le contr\u00f4le<\/span><\/td>\r\n<\/tr>\r\n<\/tbody>\r\n<\/table>\r\n<h3>\u00a0<\/h3>\r\n<h3><span style=\"font-size: 14pt;\"><strong><span style=\"font-family: arial, helvetica, sans-serif;\">\u00a03.3kW OBC Detials<\/span><\/strong><\/span><\/h3>\r\n<p><span style=\"font-family: arial, helvetica, sans-serif;\"><\/span><\/p>\r\n<figure class=\"wp-block-image\"><span style=\"font-family: arial, helvetica, sans-serif;\"><img decoding=\"async\" class=\"lazyload alignnone wp-image-339\" src=\"https:\/\/www.ovartech.com\/wp-content\/uploads\/2020\/08\/AIR-COOLED-3.3KW-OBC-1.jpg\" data-orig-src=\"https:\/\/www.ovartech.com\/wp-content\/uploads\/2020\/08\/AIR-COOLED-3.3KW-OBC-1.jpg\" alt=\"Efficient 3.3kW High Voltage EV On-Board Battery Charger\" width=\"800\" height=\"838\" srcset=\"data:image\/svg+xml,%3Csvg%20xmlns%3D%27http%3A%2F%2Fwww.w3.org%2F2000%2Fsvg%27%20width%3D%27800%27%20height%3D%27838%27%20viewBox%3D%270%200%20800%20838%27%3E%3Crect%20width%3D%27800%27%20height%3D%27838%27%20fill-opacity%3D%220%22%2F%3E%3C%2Fsvg%3E\" data-srcset=\"https:\/\/ovartech.com\/wp-content\/uploads\/2020\/08\/AIR-COOLED-3.3KW-OBC-1-120x126.jpg 120w, https:\/\/ovartech.com\/wp-content\/uploads\/2020\/08\/AIR-COOLED-3.3KW-OBC-1-200x210.jpg 200w, https:\/\/ovartech.com\/wp-content\/uploads\/2020\/08\/AIR-COOLED-3.3KW-OBC-1-286x300.jpg 286w, https:\/\/ovartech.com\/wp-content\/uploads\/2020\/08\/AIR-COOLED-3.3KW-OBC-1-400x419.jpg 400w, https:\/\/ovartech.com\/wp-content\/uploads\/2020\/08\/AIR-COOLED-3.3KW-OBC-1-500x524.jpg 500w, https:\/\/ovartech.com\/wp-content\/uploads\/2020\/08\/AIR-COOLED-3.3KW-OBC-1-600x629.jpg 600w, https:\/\/ovartech.com\/wp-content\/uploads\/2020\/08\/AIR-COOLED-3.3KW-OBC-1-700x733.jpg 700w, https:\/\/ovartech.com\/wp-content\/uploads\/2020\/08\/AIR-COOLED-3.3KW-OBC-1-768x804.jpg 768w, https:\/\/ovartech.com\/wp-content\/uploads\/2020\/08\/AIR-COOLED-3.3KW-OBC-1.jpg 800w\" data-sizes=\"auto\" data-orig-sizes=\"(max-width: 800px) 100vw, 800px\" \/><\/span><\/figure>\r\n<p><span style=\"font-family: arial, helvetica, sans-serif;\">\r\n\r\n<\/span><\/p>\r\n<figure class=\"wp-block-image\"><span style=\"font-family: arial, helvetica, sans-serif;\"><img decoding=\"async\" class=\"lazyload alignnone wp-image-340\" src=\"https:\/\/www.ovartech.com\/wp-content\/uploads\/2020\/08\/AIR-COOLED-3.3KW-OBC-2.jpg\" data-orig-src=\"https:\/\/www.ovartech.com\/wp-content\/uploads\/2020\/08\/AIR-COOLED-3.3KW-OBC-2.jpg\" alt=\"Efficient 3.3kW High Voltage EV On-Board Battery Charger\" width=\"800\" height=\"744\" srcset=\"data:image\/svg+xml,%3Csvg%20xmlns%3D%27http%3A%2F%2Fwww.w3.org%2F2000%2Fsvg%27%20width%3D%27800%27%20height%3D%27744%27%20viewBox%3D%270%200%20800%20744%27%3E%3Crect%20width%3D%27800%27%20height%3D%27744%27%20fill-opacity%3D%220%22%2F%3E%3C%2Fsvg%3E\" data-srcset=\"https:\/\/ovartech.com\/wp-content\/uploads\/2020\/08\/AIR-COOLED-3.3KW-OBC-2-120x112.jpg 120w, https:\/\/ovartech.com\/wp-content\/uploads\/2020\/08\/AIR-COOLED-3.3KW-OBC-2-200x186.jpg 200w, https:\/\/ovartech.com\/wp-content\/uploads\/2020\/08\/AIR-COOLED-3.3KW-OBC-2-300x279.jpg 300w, https:\/\/ovartech.com\/wp-content\/uploads\/2020\/08\/AIR-COOLED-3.3KW-OBC-2-400x372.jpg 400w, https:\/\/ovartech.com\/wp-content\/uploads\/2020\/08\/AIR-COOLED-3.3KW-OBC-2-500x465.jpg 500w, https:\/\/ovartech.com\/wp-content\/uploads\/2020\/08\/AIR-COOLED-3.3KW-OBC-2-600x558.jpg 600w, https:\/\/ovartech.com\/wp-content\/uploads\/2020\/08\/AIR-COOLED-3.3KW-OBC-2-700x651.jpg 700w, https:\/\/ovartech.com\/wp-content\/uploads\/2020\/08\/AIR-COOLED-3.3KW-OBC-2-768x714.jpg 768w, https:\/\/ovartech.com\/wp-content\/uploads\/2020\/08\/AIR-COOLED-3.3KW-OBC-2.jpg 800w\" data-sizes=\"auto\" data-orig-sizes=\"(max-width: 800px) 100vw, 800px\" \/><\/span><\/figure>\r\n<p><span style=\"font-size: 14pt; font-family: arial, helvetica, sans-serif;\"><strong>FAQ<\/strong><\/span><\/p>\r\n<p><span style=\"font-family: arial, helvetica, sans-serif;\"><strong><span style=\"font-size: 10pt;\">Q : \u00cates-vous une soci\u00e9t\u00e9 commerciale ou un fabricant ?<\/span><\/strong><\/span><br \/><span style=\"font-size: 10pt; font-family: arial, helvetica, sans-serif;\">R : Nous sommes un fabricant.<\/span><\/p>\r\n<p><span style=\"font-family: arial, helvetica, sans-serif;\"><strong><span style=\"font-size: 10pt;\">Q : Quel est votre d\u00e9lai de livraison ?<\/span><\/strong><\/span><br \/><span style=\"font-size: 10pt; font-family: arial, helvetica, sans-serif;\">R : En g\u00e9n\u00e9ral, il faut compter 5 \u00e0 10 jours si les marchandises sont en stock. Si elles ne sont pas en stock, il faut compter 6 semaines, en fonction de la quantit\u00e9.<\/span><\/p>\r\n<p><span style=\"font-family: arial, helvetica, sans-serif;\"><strong><span style=\"font-size: 10pt;\">Q : Quel est le principal avantage technique de vos produits ?<\/span><\/strong><\/span><br \/><span style=\"font-size: 10pt; font-family: arial, helvetica, sans-serif;\">R : Nous utilisons une technologie de contr\u00f4le num\u00e9rique, qui facilite les mises \u00e0 niveau \u00e0 distance et permet une production enti\u00e8rement automatis\u00e9e.<\/span><\/p>\r\n<p><span style=\"font-family: arial, helvetica, sans-serif;\"><strong><span style=\"font-size: 10pt;\">Q : Quelles sont vos capacit\u00e9s en mati\u00e8re d'essais techniques et de validation ?<\/span><\/strong><\/span><br \/><span style=\"font-size: 10pt; font-family: arial, helvetica, sans-serif;\">R : Nous vous r\u00e9pondrons dans les deux heures et r\u00e9soudrons le probl\u00e8me dans les 24 heures.<\/span><\/p>\r\n<p><span style=\"font-family: arial, helvetica, sans-serif;\"><strong><span style=\"font-size: 10pt;\">Q : Quelles sont vos conditions de paiement ?<\/span><\/strong><\/span><br \/><span style=\"font-size: 10pt; font-family: arial, helvetica, sans-serif;\">A : Pr\u00e9paiement 100%.<\/span><\/p>\r\n<p><span style=\"font-family: arial, helvetica, sans-serif;\"><strong><span style=\"font-size: 10pt;\">Q : Qu'est-ce que la quantit\u00e9 minimale de commande (MOQ) ?<\/span><\/strong><\/span><\/p>\r\n<p><span style=\"font-size: 10pt; font-family: arial, helvetica, sans-serif;\">A : 1 unit\u00e9.<\/span><\/p>\r\n<p><span style=\"font-family: arial, helvetica, sans-serif;\"><strong><span style=\"font-size: 10pt;\">Q : Acceptez-vous les personnalisations ?<\/span><\/strong><\/span><\/p>\r\n<p><span style=\"font-size: 10pt; font-family: arial, helvetica, sans-serif;\">R : Oui, les services OEM et ODM sont tous pris en charge.<\/span><\/p>\r\n<p><span style=\"font-family: arial, helvetica, sans-serif;\"><strong><span style=\"font-size: 10pt;\">Q : Fournissez-vous un \u00e9chantillon gratuit avant la commande ?<\/span><\/strong><\/span><\/p>\r\n<p><span style=\"font-size: 10pt; font-family: arial, helvetica, sans-serif;\">R : En r\u00e8gle g\u00e9n\u00e9rale, vous devez payer pour cela.<\/span><\/p>\r\n<p><span style=\"font-family: arial, helvetica, sans-serif;\"><strong><span style=\"font-size: 10pt;\">Q : Quelle est votre politique en mati\u00e8re d'\u00e9chantillons ?<\/span><\/strong><\/span><\/p>\r\n<p><span style=\"font-size: 10pt; font-family: arial, helvetica, sans-serif;\">R : Nous pouvons fournir l'\u00e9chantillon si nous avons les pi\u00e8ces en stock, les clients doivent payer le co\u00fbt de l'\u00e9chantillon et les frais d'exp\u00e9dition.<\/span><\/p>\r\n<p><span style=\"font-family: arial, helvetica, sans-serif;\"><strong><span style=\"font-size: 10pt;\">Q : Testez-vous tous vos produits avant leur livraison ?<\/span><\/strong><\/span><\/p>\r\n<p><span style=\"font-size: 10pt; font-family: arial, helvetica, sans-serif;\">R : Oui, nous effectuons un test 100% avant la livraison. Si n\u00e9cessaire, nous pouvons envoyer un rapport d'inspection avant la livraison.<\/span><\/p>\r\n<p><span style=\"font-family: arial, helvetica, sans-serif;\"><strong><span style=\"font-size: 10pt;\">Q : Comment \u00e9tablir une relation commerciale durable et fructueuse ?<\/span><\/strong><\/span><\/p>\r\n<p data-spm-anchor-id=\"a2700.details.0.i14.37d9a03fIpMZvt\"><span style=\"font-size: 10pt; font-family: arial, helvetica, sans-serif;\" data-spm-anchor-id=\"a2700.details.0.i15.37d9a03fIpMZvt\">R : 1. Nous maintenons une bonne qualit\u00e9 et des prix comp\u00e9titifs afin de garantir les int\u00e9r\u00eats de nos clients.<\/span><\/p>\r\n<p data-spm-anchor-id=\"a2700.details.0.i17.37d9a03fIpMZvt\"><span style=\"font-size: 10pt; font-family: arial, helvetica, sans-serif;\" data-spm-anchor-id=\"a2700.details.0.i16.37d9a03fIpMZvt\">\u00a0 \u00a0 \u00a02. Nous respectons chaque client comme un ami et nous faisons sinc\u00e8rement des affaires et nous nous lions d'amiti\u00e9 avec eux, peu importe d'o\u00f9 ils viennent.<\/span><\/p>\r\n<p data-spm-anchor-id=\"a2700.details.0.i17.37d9a03fIpMZvt\">\u00a0<\/p>\r\n<p data-spm-anchor-id=\"a2700.details.0.i17.37d9a03fIpMZvt\">\u00a0<\/p>\r\n<p><span style=\"font-family: 'arial black', sans-serif;\"><\/span><\/p>","protected":false},"excerpt":{"rendered":"<p>Efficient 3.3kW High Voltage EV Battery Charger<\/p>","protected":false},"featured_media":325,"template":"","meta":{"_acf_changed":false,"content-type":""},"product_brand":[],"product_cat":[22],"product_tag":[71,65,67,66,72,68,70,69,35,38,36,34,33],"class_list":{"0":"post-372","1":"product","2":"type-product","3":"status-publish","4":"has-post-thumbnail","6":"product_cat-ev-on-board-charger","7":"product_tag-108v-3-3kw-on-board-charger","8":"product_tag-108v-ev-charger","9":"product_tag-108v-lifepo4-charger","10":"product_tag-108v-on-board-charger-for-ev","11":"product_tag-144v-3-3kw-on-board-charger","12":"product_tag-144v-ev-battery-charger","13":"product_tag-144v-obc","14":"product_tag-144v-on-board-charger","15":"product_tag-6-6kw-on-board-charger","16":"product_tag-ev-battery-charger","17":"product_tag-ev-on-board-charger-6-6kw","18":"product_tag-on-board-3-3kw-liquid-cooled-charger","19":"product_tag-on-board-6-6kw-liquid-cooled-charger","21":"first","22":"instock","23":"shipping-taxable","24":"product-type-simple"},"acf":[],"_links":{"self":[{"href":"https:\/\/ovartech.com\/fr\/wp-json\/wp\/v2\/product\/372","targetHints":{"allow":["GET"]}}],"collection":[{"href":"https:\/\/ovartech.com\/fr\/wp-json\/wp\/v2\/product"}],"about":[{"href":"https:\/\/ovartech.com\/fr\/wp-json\/wp\/v2\/types\/product"}],"wp:featuredmedia":[{"embeddable":true,"href":"https:\/\/ovartech.com\/fr\/wp-json\/wp\/v2\/media\/325"}],"wp:attachment":[{"href":"https:\/\/ovartech.com\/fr\/wp-json\/wp\/v2\/media?parent=372"}],"wp:term":[{"taxonomy":"product_brand","embeddable":true,"href":"https:\/\/ovartech.com\/fr\/wp-json\/wp\/v2\/product_brand?post=372"},{"taxonomy":"product_cat","embeddable":true,"href":"https:\/\/ovartech.com\/fr\/wp-json\/wp\/v2\/product_cat?post=372"},{"taxonomy":"product_tag","embeddable":true,"href":"https:\/\/ovartech.com\/fr\/wp-json\/wp\/v2\/product_tag?post=372"}],"curies":[{"name":"wp","href":"https:\/\/api.w.org\/{rel}","templated":true}]}}