{"id":351,"date":"2020-08-18T06:42:13","date_gmt":"2020-08-18T06:42:13","guid":{"rendered":"https:\/\/www.ovartech.com\/?post_type=product&#038;p=351"},"modified":"2026-03-20T01:57:00","modified_gmt":"2026-03-20T01:57:00","slug":"6-6kw-bidirectional-obc-2kw-dc-dc-converter","status":"publish","type":"product","link":"https:\/\/ovartech.com\/fr\/product\/6-6kw-bidirectional-obc-2kw-dc-dc-converter\/","title":{"rendered":"Reliable 6.6kW Bidirectional OBC with 2kW DC-DC Converter for Electric Vehicles"},"content":{"rendered":"<p><strong><span style=\"font-family: arial, helvetica, sans-serif; font-size: 18pt;\">Reliable 6.6kW Bidirectional OBC with 2kW DC-DC Converter for Electric Vehicles<\/span><\/strong><\/p>\r\n<p><span style=\"font-family: arial, helvetica, sans-serif; font-size: 14pt;\">Le <strong>6.6kW Bidirectional OBC for Electric Vehicles<\/strong> (model CAD662DF400-14202B) from Ovartech is a reliable all-in-one solution integrating a 6.6kW charger and 2kW DC-DC converter, offering global voltage compatibility and IP67 protection for EV applications.<\/span><\/p>\r\n<div><span style=\"font-family: arial, helvetica, sans-serif; font-size: 14pt;\">The Ovartech CAD662DF400-14202B is a combination high-frequency 6.6KW battery charger and 2KW DC\/DC converter in one package. This integrated high-frequency battery charger and DC\/DC converter saves space, weight, and cabling, thereby minimizing the cost of inventory, installation, and service for all electric vehicle application scenarios.<\/span><\/div>\r\n<div>\u00a0<\/div>\r\n<div><span style=\"font-family: arial, helvetica, sans-serif; font-size: 14pt;\">This <strong>6.6kW Bidirectional OBC for Electric Vehicles<\/strong> series is engineered to meet the strict demands for efficiency, robustness, and safety in electric vehicle battery charging. Boasting a wide AC input voltage range of 85~265V, the CAD662DF400-14202B is optimized for global compatibility, making it an ideal and versatile selection for electric vehicle fleets and manufacturers across all regions. Its high-efficiency charging performance reduces energy consumption and operational costs, delivering a more economical charging solution for long-term usage.<\/span><\/div>\r\n<div>\u00a0<\/div>\r\n<div><span style=\"font-family: arial, helvetica, sans-serif; font-size: 14pt;\">Equipped with an intelligent adaptive charging mode, the CAD662DF400-14202B automatically adjusts voltage output through CC\/CV (Constant Current\/Constant Voltage) protocols and initiates a safe cut-off once charging is complete, protecting battery health and streamlining the charging process. It also features comprehensive multi-layer safety protections against short-circuit, over-voltage, over-current, over-temperature and undercharging, ensuring stable and uninterrupted operation in all working conditions.<\/span><\/div>\r\n<div>\u00a0<\/div>\r\n<div><span style=\"font-family: arial, helvetica, sans-serif; font-size: 14pt;\">The built-in CAN-bus interface enables seamless real-time communication with the vehicle\u2019s VCU (Vehicle Control Unit) via the BMS (Battery Management System). It accurately delivers critical data including charging flow status, interlock connection signals, and instant disconnection or error alerts, providing full visibility and control over the entire charging cycle for vehicle system integration.<\/span><\/div>\r\n<div>\u00a0<\/div>\r\n<div><span style=\"font-family: arial, helvetica, sans-serif; font-size: 14pt;\">The Ovartech CAD662DF400-14202B bidirectional OBC+DC-DC converter series is fully compliant with international industry standards SAE J1772 and IEC 61851, and holds an IP67 ingress protection rating. This rugged design withstands dust, water immersion, and the rigors of critical operating environments, ensuring long-lasting and reliable performance for all electric vehicle types.<\/span><\/div>\r\n<div>\u00a0<\/div>\r\n<div>\u00a0<\/div>\r\n<h2><strong><span style=\"font-family: arial, helvetica, sans-serif; font-size: 14pt;\">Bidirectional 6.6kW OBC with 2kW DC-DC Specification<\/span><\/strong><\/h2>\r\n<table style=\"width: 41.7135%; height: 279px;\">\r\n<tbody>\r\n<tr style=\"height: 28px;\">\r\n<td style=\"width: 33.5069%; height: 28px;\"><span style=\"font-size: 14pt;\"><strong><span style=\"font-family: arial, helvetica, sans-serif;\">Model \uff1a<\/span><\/strong><\/span><\/td>\r\n<td style=\"width: 65.2778%; height: 28px;\"><span style=\"font-family: arial, helvetica, sans-serif; font-size: 14pt;\">CAD662DF400-14202B<\/span><\/td>\r\n<\/tr>\r\n<tr style=\"height: 28px;\">\r\n<td style=\"width: 33.5069%; height: 28px;\"><span style=\"font-size: 14pt;\"><strong><span style=\"font-family: arial, helvetica, sans-serif;\">Power \uff1a<\/span><\/strong><\/span><\/td>\r\n<td style=\"width: 65.2778%; height: 28px;\"><span style=\"font-family: arial, helvetica, sans-serif; font-size: 14pt;\">6,6 kW + 2 kW<\/span><\/td>\r\n<\/tr>\r\n<tr style=\"height: 28px;\">\r\n<td style=\"width: 33.5069%; height: 28px;\"><span style=\"font-size: 14pt;\"><strong><span style=\"font-family: arial, helvetica, sans-serif;\">Input voltage \uff1a<\/span><\/strong><\/span><\/td>\r\n<td style=\"width: 65.2778%; height: 28px;\"><span style=\"font-family: arial, helvetica, sans-serif; font-size: 14pt;\">85-265 V CC<\/span><\/td>\r\n<\/tr>\r\n<tr style=\"height: 28px;\">\r\n<td style=\"width: 33.5069%; height: 28px;\"><span style=\"font-size: 14pt;\"><strong><span style=\"font-family: arial, helvetica, sans-serif;\">Output current \uff1a<\/span><\/strong><\/span><\/td>\r\n<td style=\"width: 65.2778%; height: 28px;\"><span style=\"font-family: arial, helvetica, sans-serif; font-size: 14pt;\">0-22A<\/span><\/td>\r\n<\/tr>\r\n<tr style=\"height: 28px;\">\r\n<td style=\"width: 33.5069%; height: 28px;\"><span style=\"font-size: 14pt;\"><strong><span style=\"font-family: arial, helvetica, sans-serif;\">Output voltage \uff1a<\/span><\/strong><\/span><\/td>\r\n<td style=\"width: 65.2778%; height: 28px;\"><span style=\"font-family: arial, helvetica, sans-serif; font-size: 14pt;\">260-480 V CC<\/span><\/td>\r\n<\/tr>\r\n<tr style=\"height: 28px;\">\r\n<td style=\"width: 33.5069%; height: 28px;\"><span style=\"font-size: 14pt;\"><strong><span style=\"font-family: arial, helvetica, sans-serif;\">Cooling \uff1a<\/span><\/strong><\/span><\/td>\r\n<td style=\"width: 65.2778%; height: 28px;\"><span style=\"font-family: arial, helvetica, sans-serif; font-size: 14pt;\">refroidissement par liquide<\/span><\/td>\r\n<\/tr>\r\n<tr style=\"height: 27px;\">\r\n<td style=\"width: 33.5069%; height: 27px;\"><span style=\"font-size: 14pt;\"><strong><span style=\"font-family: arial, helvetica, sans-serif;\">Dimension \uff1a<\/span><\/strong><\/span><\/td>\r\n<td style=\"width: 65.2778%; height: 27px;\"><span style=\"font-family: arial, helvetica, sans-serif; font-size: 14pt;\">340 \u00d7 280 \u00d7 80 mm<\/span><\/td>\r\n<\/tr>\r\n<tr style=\"height: 28px;\">\r\n<td style=\"width: 33.5069%; height: 28px;\"><span style=\"font-size: 14pt;\"><strong><span style=\"font-family: arial, helvetica, sans-serif;\">Weight \uff1a<\/span><\/strong><\/span><\/td>\r\n<td style=\"width: 65.2778%; height: 28px;\"><span style=\"font-family: arial, helvetica, sans-serif; font-size: 14pt;\">8 kg ;\u00a0<\/span><\/td>\r\n<\/tr>\r\n<tr style=\"height: 28px;\">\r\n<td style=\"width: 33.5069%; height: 28px;\"><span style=\"font-size: 14pt;\"><strong><span style=\"font-family: arial, helvetica, sans-serif;\">IP rate \uff1a<\/span><\/strong><\/span><\/td>\r\n<td style=\"width: 65.2778%; height: 28px;\"><span style=\"font-family: arial, helvetica, sans-serif; font-size: 14pt;\">IP67<\/span><\/td>\r\n<\/tr>\r\n<tr style=\"height: 28px;\">\r\n<td style=\"width: 33.5069%; height: 28px;\"><span style=\"font-size: 14pt;\"><strong><span style=\"font-family: arial, helvetica, sans-serif;\">Interface \uff1a<\/span><\/strong><\/span><\/td>\r\n<td style=\"width: 65.2778%; height: 28px;\"><span style=\"font-family: arial, helvetica, sans-serif; font-size: 14pt;\">CAN BUS\/Activer le contr\u00f4le<\/span><\/td>\r\n<\/tr>\r\n<\/tbody>\r\n<\/table>\r\n<p>&nbsp;<\/p>\r\n<h3><strong><span style=\"font-family: arial, helvetica, sans-serif; font-size: 14pt;\">Bidirectional 6.6kW OBC with 2kW DC-DC Details<\/span><\/strong><\/h3>\r\n<p><span style=\"font-family: arial, helvetica, sans-serif;\"><!-- \/wp:post-content -->\r\n\r\n<!-- wp:image {\"id\":348} --><\/span><\/p>\r\n<table style=\"border-collapse: collapse; width: 89.5357%;\">\r\n<tbody>\r\n<tr>\r\n<td style=\"width: 44.6942%;\"><span style=\"font-family: arial, helvetica, sans-serif;\"><a href=\"https:\/\/www.ovartech.com\/wp-content\/uploads\/2020\/08\/IMG_1318-scaled.jpg\"><img decoding=\"async\" class=\"lazyload alignnone wp-image-510 size-fusion-600\" src=\"https:\/\/ovartech.com\/wp-content\/uploads\/2020\/08\/IMG_1318-600x388.jpg\" data-orig-src=\"https:\/\/ovartech.com\/wp-content\/uploads\/2020\/08\/IMG_1318-600x388.jpg\" alt=\"6.6kW Bidirectional OBC with 2kW DC-DC Converter for Electric Vehicles\" width=\"600\" height=\"388\" srcset=\"data:image\/svg+xml,%3Csvg%20xmlns%3D%27http%3A%2F%2Fwww.w3.org%2F2000%2Fsvg%27%20width%3D%27600%27%20height%3D%27388%27%20viewBox%3D%270%200%20600%20388%27%3E%3Crect%20width%3D%27600%27%20height%3D%27388%27%20fill-opacity%3D%220%22%2F%3E%3C%2Fsvg%3E\" data-srcset=\"https:\/\/ovartech.com\/wp-content\/uploads\/2020\/08\/IMG_1318-200x129.jpg 200w, https:\/\/ovartech.com\/wp-content\/uploads\/2020\/08\/IMG_1318-300x194.jpg 300w, https:\/\/ovartech.com\/wp-content\/uploads\/2020\/08\/IMG_1318-400x259.jpg 400w, https:\/\/ovartech.com\/wp-content\/uploads\/2020\/08\/IMG_1318-500x324.jpg 500w, https:\/\/ovartech.com\/wp-content\/uploads\/2020\/08\/IMG_1318-600x388.jpg 600w, https:\/\/ovartech.com\/wp-content\/uploads\/2020\/08\/IMG_1318-700x453.jpg 700w, https:\/\/ovartech.com\/wp-content\/uploads\/2020\/08\/IMG_1318-768x497.jpg 768w, https:\/\/ovartech.com\/wp-content\/uploads\/2020\/08\/IMG_1318-800x518.jpg 800w, https:\/\/ovartech.com\/wp-content\/uploads\/2020\/08\/IMG_1318-1024x663.jpg 1024w, https:\/\/ovartech.com\/wp-content\/uploads\/2020\/08\/IMG_1318-1200x777.jpg 1200w, https:\/\/ovartech.com\/wp-content\/uploads\/2020\/08\/IMG_1318-1536x994.jpg 1536w\" data-sizes=\"auto\" data-orig-sizes=\"(max-width: 600px) 100vw, 600px\" \/><\/a><\/span><\/td>\r\n<td style=\"width: 44.8415%;\"><a href=\"https:\/\/ovartech.com\/wp-content\/uploads\/2020\/08\/IMG_1299-scaled.jpg\"><img decoding=\"async\" class=\"lazyload alignnone wp-image-506 size-fusion-600\" src=\"https:\/\/ovartech.com\/wp-content\/uploads\/2020\/08\/IMG_1299-600x393.jpg\" data-orig-src=\"https:\/\/ovartech.com\/wp-content\/uploads\/2020\/08\/IMG_1299-600x393.jpg\" alt=\"6.6kW Bidirectional OBC\" width=\"600\" height=\"393\" srcset=\"data:image\/svg+xml,%3Csvg%20xmlns%3D%27http%3A%2F%2Fwww.w3.org%2F2000%2Fsvg%27%20width%3D%27600%27%20height%3D%27393%27%20viewBox%3D%270%200%20600%20393%27%3E%3Crect%20width%3D%27600%27%20height%3D%27393%27%20fill-opacity%3D%220%22%2F%3E%3C%2Fsvg%3E\" data-srcset=\"https:\/\/ovartech.com\/wp-content\/uploads\/2020\/08\/IMG_1299-200x131.jpg 200w, https:\/\/ovartech.com\/wp-content\/uploads\/2020\/08\/IMG_1299-300x197.jpg 300w, https:\/\/ovartech.com\/wp-content\/uploads\/2020\/08\/IMG_1299-400x262.jpg 400w, https:\/\/ovartech.com\/wp-content\/uploads\/2020\/08\/IMG_1299-500x328.jpg 500w, https:\/\/ovartech.com\/wp-content\/uploads\/2020\/08\/IMG_1299-600x393.jpg 600w, https:\/\/ovartech.com\/wp-content\/uploads\/2020\/08\/IMG_1299-700x459.jpg 700w, https:\/\/ovartech.com\/wp-content\/uploads\/2020\/08\/IMG_1299-768x504.jpg 768w, https:\/\/ovartech.com\/wp-content\/uploads\/2020\/08\/IMG_1299-800x525.jpg 800w, https:\/\/ovartech.com\/wp-content\/uploads\/2020\/08\/IMG_1299-1024x671.jpg 1024w, https:\/\/ovartech.com\/wp-content\/uploads\/2020\/08\/IMG_1299-1200x787.jpg 1200w, https:\/\/ovartech.com\/wp-content\/uploads\/2020\/08\/IMG_1299-1536x1007.jpg 1536w\" data-sizes=\"auto\" data-orig-sizes=\"(max-width: 600px) 100vw, 600px\" \/><\/a><\/td>\r\n<\/tr>\r\n<\/tbody>\r\n<\/table>\r\n<p>&nbsp;<\/p>\r\n<figure class=\"wp-block-image\">\r\n<p><span style=\"font-size: 14pt; font-family: arial, helvetica, sans-serif;\"><strong>FAQ<\/strong><\/span><\/p>\r\n<p><span style=\"font-family: arial, helvetica, sans-serif;\"><strong><span style=\"font-size: 10pt;\">Q : \u00cates-vous une soci\u00e9t\u00e9 commerciale ou un fabricant ?<\/span><\/strong><\/span><br \/><span style=\"font-size: 10pt; font-family: arial, helvetica, sans-serif;\">R : Nous sommes un fabricant.<\/span><\/p>\r\n<p><span style=\"font-family: arial, helvetica, sans-serif;\"><strong><span style=\"font-size: 10pt;\">Q : Quel est votre d\u00e9lai de livraison ?<\/span><\/strong><\/span><br \/><span style=\"font-size: 10pt; font-family: arial, helvetica, sans-serif;\">R : En g\u00e9n\u00e9ral, il faut compter 5 \u00e0 10 jours si les marchandises sont en stock. Si elles ne sont pas en stock, il faut compter 6 semaines, en fonction de la quantit\u00e9.<\/span><\/p>\r\n<p><span style=\"font-family: arial, helvetica, sans-serif;\"><strong><span style=\"font-size: 10pt;\">Q : Quel est le principal avantage technique de vos produits ?<\/span><\/strong><\/span><br \/><span style=\"font-size: 10pt; font-family: arial, helvetica, sans-serif;\">R : Nous utilisons une technologie de contr\u00f4le num\u00e9rique, qui facilite les mises \u00e0 niveau \u00e0 distance et permet une production enti\u00e8rement automatis\u00e9e.<\/span><\/p>\r\n<p><span style=\"font-family: arial, helvetica, sans-serif;\"><strong><span style=\"font-size: 10pt;\">Q : Quelles sont vos capacit\u00e9s en mati\u00e8re d'essais techniques et de validation ?<\/span><\/strong><\/span><br \/><span style=\"font-size: 10pt; font-family: arial, helvetica, sans-serif;\">R : Nous vous r\u00e9pondrons dans les deux heures et r\u00e9soudrons le probl\u00e8me dans les 24 heures.<\/span><\/p>\r\n<p><span style=\"font-family: arial, helvetica, sans-serif;\"><strong><span style=\"font-size: 10pt;\">Q : Quelles sont vos conditions de paiement ?<\/span><\/strong><\/span><br \/><span style=\"font-size: 10pt; font-family: arial, helvetica, sans-serif;\">A : Pr\u00e9paiement 100%.<\/span><\/p>\r\n<p><span style=\"font-family: arial, helvetica, sans-serif;\"><strong><span style=\"font-size: 10pt;\">Q : Qu'est-ce que la quantit\u00e9 minimale de commande (MOQ) ?<\/span><\/strong><\/span><\/p>\r\n<p><span style=\"font-size: 10pt; font-family: arial, helvetica, sans-serif;\">A : 1 unit\u00e9.<\/span><\/p>\r\n<p><span style=\"font-family: arial, helvetica, sans-serif;\"><strong><span style=\"font-size: 10pt;\">Q : Acceptez-vous les personnalisations ?<\/span><\/strong><\/span><\/p>\r\n<p><span style=\"font-size: 10pt; font-family: arial, helvetica, sans-serif;\">R : Oui, les services OEM et ODM sont tous pris en charge.<\/span><\/p>\r\n<p><span style=\"font-family: arial, helvetica, sans-serif;\"><strong><span style=\"font-size: 10pt;\">Q : Fournissez-vous un \u00e9chantillon gratuit avant la commande ?<\/span><\/strong><\/span><\/p>\r\n<p><span style=\"font-size: 10pt; font-family: arial, helvetica, sans-serif;\">R : En r\u00e8gle g\u00e9n\u00e9rale, vous devez payer pour cela.<\/span><\/p>\r\n<p><span style=\"font-family: arial, helvetica, sans-serif;\"><strong><span style=\"font-size: 10pt;\">Q : Quelle est votre politique en mati\u00e8re d'\u00e9chantillons ?<\/span><\/strong><\/span><\/p>\r\n<p><span style=\"font-size: 10pt; font-family: arial, helvetica, sans-serif;\">R : Nous pouvons fournir l'\u00e9chantillon si nous avons les pi\u00e8ces en stock, les clients doivent payer le co\u00fbt de l'\u00e9chantillon et les frais d'exp\u00e9dition.<\/span><\/p>\r\n<p><span style=\"font-family: arial, helvetica, sans-serif;\"><strong><span style=\"font-size: 10pt;\">Q : Testez-vous tous vos produits avant leur livraison ?<\/span><\/strong><\/span><\/p>\r\n<p><span style=\"font-size: 10pt; font-family: arial, helvetica, sans-serif;\">R : Oui, nous effectuons un test 100% avant la livraison. Si n\u00e9cessaire, nous pouvons envoyer un rapport d'inspection avant la livraison.<\/span><\/p>\r\n<p><span style=\"font-family: arial, helvetica, sans-serif;\"><strong><span style=\"font-size: 10pt;\">Q : Comment \u00e9tablir une relation commerciale durable et fructueuse ?<\/span><\/strong><\/span><\/p>\r\n<p data-spm-anchor-id=\"a2700.details.0.i14.37d9a03fIpMZvt\"><span style=\"font-size: 10pt; font-family: arial, helvetica, sans-serif;\" data-spm-anchor-id=\"a2700.details.0.i15.37d9a03fIpMZvt\">R : 1. Nous maintenons une bonne qualit\u00e9 et des prix comp\u00e9titifs afin de garantir les int\u00e9r\u00eats de nos clients.<\/span><\/p>\r\n<p data-spm-anchor-id=\"a2700.details.0.i17.37d9a03fIpMZvt\"><span style=\"font-size: 10pt; font-family: arial, helvetica, sans-serif;\" data-spm-anchor-id=\"a2700.details.0.i16.37d9a03fIpMZvt\">\u00a0 \u00a0 \u00a02. Nous respectons chaque client comme un ami et nous faisons sinc\u00e8rement des affaires et nous nous lions d'amiti\u00e9 avec eux, peu importe d'o\u00f9 ils viennent.<\/span><\/p>\r\n<br \/><span style=\"font-family: arial, helvetica, sans-serif;\"><img alt=\"\" \/><\/span><\/figure>\r\n<p><span style=\"font-family: arial, helvetica, sans-serif;\"><!-- \/wp:image --><\/span><\/p>","protected":false},"excerpt":{"rendered":"<p>Reliable 6.6kW Bidirectional OBC with 2kW DC-DC Converter for Electric Vehicles<\/p>","protected":false},"featured_media":510,"template":"","meta":{"_acf_changed":false,"content-type":""},"product_brand":[],"product_cat":[24],"product_tag":[115,116,55,35,39,117,114,38,36],"class_list":{"0":"post-351","1":"product","2":"type-product","3":"status-publish","4":"has-post-thumbnail","6":"product_cat-chargerdc-dc-converter-integration","7":"product_tag-6-6kkw-obc-2kw-dc-dc-bidirectional-charger","8":"product_tag-6-6kw-bidirectional-on-board-charger","9":"product_tag-6-6kw-obc2kw-dc-dc","10":"product_tag-6-6kw-on-board-charger","11":"product_tag-battery-chargerdc-dc-converter","12":"product_tag-bidirectional-battery-charger","13":"product_tag-bidirectional-charger","14":"product_tag-ev-battery-charger","15":"product_tag-ev-on-board-charger-6-6kw","17":"first","18":"instock","19":"shipping-taxable","20":"product-type-simple"},"acf":[],"_links":{"self":[{"href":"https:\/\/ovartech.com\/fr\/wp-json\/wp\/v2\/product\/351","targetHints":{"allow":["GET"]}}],"collection":[{"href":"https:\/\/ovartech.com\/fr\/wp-json\/wp\/v2\/product"}],"about":[{"href":"https:\/\/ovartech.com\/fr\/wp-json\/wp\/v2\/types\/product"}],"wp:featuredmedia":[{"embeddable":true,"href":"https:\/\/ovartech.com\/fr\/wp-json\/wp\/v2\/media\/510"}],"wp:attachment":[{"href":"https:\/\/ovartech.com\/fr\/wp-json\/wp\/v2\/media?parent=351"}],"wp:term":[{"taxonomy":"product_brand","embeddable":true,"href":"https:\/\/ovartech.com\/fr\/wp-json\/wp\/v2\/product_brand?post=351"},{"taxonomy":"product_cat","embeddable":true,"href":"https:\/\/ovartech.com\/fr\/wp-json\/wp\/v2\/product_cat?post=351"},{"taxonomy":"product_tag","embeddable":true,"href":"https:\/\/ovartech.com\/fr\/wp-json\/wp\/v2\/product_tag?post=351"}],"curies":[{"name":"wp","href":"https:\/\/api.w.org\/{rel}","templated":true}]}}