{"id":303,"date":"2018-07-31T06:36:22","date_gmt":"2018-07-31T06:36:22","guid":{"rendered":"https:\/\/www.ovartech.com\/?post_type=product&#038;p=303"},"modified":"2026-03-20T02:08:58","modified_gmt":"2026-03-20T02:08:58","slug":"6-6kw-air-cooled-obc-for-commercial-ev","status":"publish","type":"product","link":"https:\/\/ovartech.com\/fr\/product\/6-6kw-air-cooled-obc-for-commercial-ev\/","title":{"rendered":"Efficient 6.6kW Air-Cooled OBC for Commercial EV 200-420V DC"},"content":{"rendered":"<p><strong><span style=\"font-size: 18pt; font-family: arial, helvetica, sans-serif;\">Efficient 6.6kW Air-Cooled OBC for Commercial EV 200-420V DC<\/span><\/strong><\/p>\n<p><span style=\"font-family: arial, helvetica, sans-serif; font-size: 14pt;\">Le <strong>High-Efficiency 6.6kW Air-Cooled OBC for Commercial EV<\/strong> 200-420V DC is a robust, purpose-built charging solution for commercial electric vehicle fleets. It delivers global AC input compatibility, intelligent CC\/CV charging, and IP67 protection, ensuring reliable performance in the most demanding fleet operations.<\/span><\/p>\n<p><span style=\"font-family: arial, helvetica, sans-serif; font-size: 14pt;\">The Ovartech CAD662DF-400A 6.6kW on-board charger series is engineered specifically for commercial electric vehicle battery charging, meeting the strict demands for efficiency, robustness, and safety. With a wide AC input voltage range of 85~265V, the CAD662DF-400A is optimized for worldwide deployment, making it an ideal choice for global fleet operators. Its high-efficiency performance reduces energy consumption, delivering a more economical charging solution for daily operations.<\/span><\/p>\n<div>\n<p><span style=\"font-family: arial, helvetica, sans-serif; font-size: 14pt;\">As a <strong>High-Efficiency 6.6kW Air-Cooled OBC for Commercial EV<\/strong>, the CAD662DF-400A features an intelligent adaptive charging mode that automatically adjusts voltage output through CC\/CV (Constant Current\/Constant Voltage) protocols and initiates a safe cut-off once charging is complete, protecting battery health and extending service life. It also incorporates comprehensive multi-layer safety protections against short-circuit, over-voltage, over-current, over-temperature, and undercharging, ensuring stable and uninterrupted operation in all working conditions.<\/span><\/p>\n<p><span style=\"font-family: arial, helvetica, sans-serif; font-size: 14pt;\">The built-in CAN-bus interface enables seamless real-time communication with the vehicle\u2019s VCU (Vehicle Control Unit) via the BMS (Battery Management System). It accurately delivers critical data including charging flow status, interlock connection signals, and instant disconnection or error alerts, providing full visibility and control over the entire charging cycle for fleet management systems.\u00a0 \u00a0\u00a0<\/span><\/p>\n<p><span style=\"font-family: arial, helvetica, sans-serif; font-size: 14pt;\">The Ovartech CAD662DF-400A charger series is fully compliant with international industry standards SAE J1772 and IEC 61851, and holds an IP67 ingress protection rating. This rugged, air-cooled design withstands dust, water immersion, and the rigors of critical operating environments, ensuring long-lasting and reliable performance for all commercial electric vehicle applications.<\/span><\/p>\n<h2><strong><span style=\"font-family: arial, helvetica, sans-serif; font-size: 14pt;\">6.6kW OBC Specification<\/span><\/strong><\/h2>\n<table style=\"width: 51.169%;\">\n<tbody>\n<tr>\n<td style=\"width: 29.4925%;\"><span style=\"font-family: arial, helvetica, sans-serif;\"><strong><span style=\"font-size: 14pt;\">Model \uff1a<\/span><\/strong><\/span><\/td>\n<td style=\"width: 54.6955%;\"><span style=\"font-family: arial, helvetica, sans-serif; font-size: 14pt;\">CAD662DF-400A<\/span><\/td>\n<\/tr>\n<tr>\n<td style=\"width: 29.4925%;\"><span style=\"font-family: arial, helvetica, sans-serif;\"><strong><span style=\"font-size: 14pt;\">Power \uff1a<\/span><\/strong><\/span><\/td>\n<td style=\"width: 54.6955%;\"><span style=\"font-family: arial, helvetica, sans-serif; font-size: 14pt;\">6600W\/6.6KW<\/span><\/td>\n<\/tr>\n<tr>\n<td style=\"width: 29.4925%;\"><span style=\"font-family: arial, helvetica, sans-serif;\"><strong><span style=\"font-size: 14pt;\">Input voltage \uff1a<\/span><\/strong><\/span><\/td>\n<td style=\"width: 54.6955%;\"><span style=\"font-family: arial, helvetica, sans-serif; font-size: 14pt;\">85-265 V CC<\/span><\/td>\n<\/tr>\n<tr>\n<td style=\"width: 29.4925%;\"><span style=\"font-family: arial, helvetica, sans-serif;\"><strong><span style=\"font-size: 14pt;\">Output current \uff1a<\/span><\/strong><\/span><\/td>\n<td style=\"width: 54.6955%;\"><span style=\"font-family: arial, helvetica, sans-serif; font-size: 14pt;\">0-20 A<\/span><\/td>\n<\/tr>\n<tr>\n<td style=\"width: 29.4925%;\"><span style=\"font-family: arial, helvetica, sans-serif;\"><strong><span style=\"font-size: 14pt;\">Output voltage \uff1a<\/span><\/strong><\/span><\/td>\n<td style=\"width: 54.6955%;\"><span style=\"font-family: arial, helvetica, sans-serif; font-size: 14pt;\">200-420 V CC<\/span><\/td>\n<\/tr>\n<tr>\n<td style=\"width: 29.4925%;\"><span style=\"font-family: arial, helvetica, sans-serif;\"><strong><span style=\"font-size: 14pt;\">Cooling \uff1a<\/span><\/strong><\/span><\/td>\n<td style=\"width: 54.6955%;\"><span style=\"font-family: arial, helvetica, sans-serif; font-size: 14pt;\">air-cooled<\/span><\/td>\n<\/tr>\n<tr>\n<td style=\"width: 29.4925%;\"><span style=\"font-family: arial, helvetica, sans-serif;\"><strong><span style=\"font-size: 14pt;\">Dimension \uff1a<\/span><\/strong><\/span><\/td>\n<td style=\"width: 54.6955%;\"><span style=\"font-family: arial, helvetica, sans-serif; font-size: 14pt;\">338 x 255 x 125 mm ; 13,3 x 10 x 4,9 pouces\u201d<\/span><\/td>\n<\/tr>\n<tr>\n<td style=\"width: 29.4925%;\"><span style=\"font-family: arial, helvetica, sans-serif;\"><strong><span style=\"font-size: 14pt;\">Weight \uff1a<\/span><\/strong><\/span><\/td>\n<td style=\"width: 54.6955%;\"><span style=\"font-family: arial, helvetica, sans-serif; font-size: 14pt;\">6 kg ; 13,2 lb<\/span><\/td>\n<\/tr>\n<tr>\n<td style=\"width: 29.4925%;\"><span style=\"font-family: arial, helvetica, sans-serif;\"><strong><span style=\"font-size: 14pt;\">IP rate \uff1a<\/span><\/strong><\/span><\/td>\n<td style=\"width: 54.6955%;\"><span style=\"font-family: arial, helvetica, sans-serif; font-size: 14pt;\">IP67<\/span><\/td>\n<\/tr>\n<tr>\n<td style=\"width: 29.4925%;\"><span style=\"font-family: arial, helvetica, sans-serif;\"><strong><span style=\"font-size: 14pt;\">Interface \uff1a<\/span><\/strong><\/span><\/td>\n<td style=\"width: 54.6955%;\"><span style=\"font-family: arial, helvetica, sans-serif; font-size: 14pt;\">CAN BUS\/Activer le contr\u00f4le<\/span><\/td>\n<\/tr>\n<\/tbody>\n<\/table>\n<p>&nbsp;<\/p>\n<h3><strong><span style=\"font-family: arial, helvetica, sans-serif; font-size: 14pt;\">6.6kW OBC Details<\/span><\/strong><\/h3>\n<table style=\"border-collapse: collapse; width: 100%; height: 24px;\">\n<tbody>\n<tr style=\"height: 24px;\">\n<td style=\"width: 45.0626%; height: 24px;\"><a href=\"https:\/\/ovartech.com\/wp-content\/uploads\/2018\/07\/Air-cooled-6.6KW.jpg\"><img decoding=\"async\" class=\"lazyload alignnone wp-image-1645 size-fusion-600\" src=\"https:\/\/ovartech.com\/wp-content\/uploads\/2018\/07\/Air-cooled-6.6KW-600x600.jpg\" data-orig-src=\"https:\/\/ovartech.com\/wp-content\/uploads\/2018\/07\/Air-cooled-6.6KW-600x600.jpg\" alt=\"6.6kW Air-Cooled OBC for Commercial EV\" width=\"600\" height=\"600\" srcset=\"data:image\/svg+xml,%3Csvg%20xmlns%3D%27http%3A%2F%2Fwww.w3.org%2F2000%2Fsvg%27%20width%3D%27600%27%20height%3D%27600%27%20viewBox%3D%270%200%20600%20600%27%3E%3Crect%20width%3D%27600%27%20height%3D%27600%27%20fill-opacity%3D%220%22%2F%3E%3C%2Fsvg%3E\" data-srcset=\"https:\/\/ovartech.com\/wp-content\/uploads\/2018\/07\/Air-cooled-6.6KW-12x12.jpg 12w, https:\/\/ovartech.com\/wp-content\/uploads\/2018\/07\/Air-cooled-6.6KW-66x66.jpg 66w, https:\/\/ovartech.com\/wp-content\/uploads\/2018\/07\/Air-cooled-6.6KW-150x150.jpg 150w, https:\/\/ovartech.com\/wp-content\/uploads\/2018\/07\/Air-cooled-6.6KW-200x200.jpg 200w, https:\/\/ovartech.com\/wp-content\/uploads\/2018\/07\/Air-cooled-6.6KW-300x300.jpg 300w, https:\/\/ovartech.com\/wp-content\/uploads\/2018\/07\/Air-cooled-6.6KW-400x400.jpg 400w, https:\/\/ovartech.com\/wp-content\/uploads\/2018\/07\/Air-cooled-6.6KW-500x500.jpg 500w, https:\/\/ovartech.com\/wp-content\/uploads\/2018\/07\/Air-cooled-6.6KW-600x600.jpg 600w, https:\/\/ovartech.com\/wp-content\/uploads\/2018\/07\/Air-cooled-6.6KW-700x700.jpg 700w, https:\/\/ovartech.com\/wp-content\/uploads\/2018\/07\/Air-cooled-6.6KW-768x768.jpg 768w, https:\/\/ovartech.com\/wp-content\/uploads\/2018\/07\/Air-cooled-6.6KW-800x800.jpg 800w, https:\/\/ovartech.com\/wp-content\/uploads\/2018\/07\/Air-cooled-6.6KW-1024x1024.jpg 1024w, https:\/\/ovartech.com\/wp-content\/uploads\/2018\/07\/Air-cooled-6.6KW.jpg 1162w\" data-sizes=\"auto\" data-orig-sizes=\"(max-width: 600px) 100vw, 600px\" \/><\/a><\/td>\n<td style=\"width: 54.9374%; height: 24px;\"><a href=\"https:\/\/ovartech.com\/wp-content\/uploads\/2018\/07\/\u5fae\u4fe1\u56fe\u7247_20200814150654.jpg\"><img decoding=\"async\" class=\"lazyload alignnone wp-image-1646\" src=\"https:\/\/ovartech.com\/wp-content\/uploads\/2018\/07\/\u5fae\u4fe1\u56fe\u7247_20200814150654-600x450.jpg\" data-orig-src=\"https:\/\/ovartech.com\/wp-content\/uploads\/2018\/07\/\u5fae\u4fe1\u56fe\u7247_20200814150654-600x450.jpg\" alt=\"6.6kW Air-Cooled OBC for Commercial EV\" width=\"591\" height=\"443\" srcset=\"data:image\/svg+xml,%3Csvg%20xmlns%3D%27http%3A%2F%2Fwww.w3.org%2F2000%2Fsvg%27%20width%3D%27591%27%20height%3D%27443%27%20viewBox%3D%270%200%20591%20443%27%3E%3Crect%20width%3D%27591%27%20height%3D%27443%27%20fill-opacity%3D%220%22%2F%3E%3C%2Fsvg%3E\" data-srcset=\"https:\/\/ovartech.com\/wp-content\/uploads\/2018\/07\/\u5fae\u4fe1\u56fe\u7247_20200814150654-16x12.jpg 16w, https:\/\/ovartech.com\/wp-content\/uploads\/2018\/07\/\u5fae\u4fe1\u56fe\u7247_20200814150654-200x150.jpg 200w, https:\/\/ovartech.com\/wp-content\/uploads\/2018\/07\/\u5fae\u4fe1\u56fe\u7247_20200814150654-300x225.jpg 300w, https:\/\/ovartech.com\/wp-content\/uploads\/2018\/07\/\u5fae\u4fe1\u56fe\u7247_20200814150654-400x300.jpg 400w, https:\/\/ovartech.com\/wp-content\/uploads\/2018\/07\/\u5fae\u4fe1\u56fe\u7247_20200814150654-500x375.jpg 500w, https:\/\/ovartech.com\/wp-content\/uploads\/2018\/07\/\u5fae\u4fe1\u56fe\u7247_20200814150654-600x450.jpg 600w, https:\/\/ovartech.com\/wp-content\/uploads\/2018\/07\/\u5fae\u4fe1\u56fe\u7247_20200814150654-700x525.jpg 700w, https:\/\/ovartech.com\/wp-content\/uploads\/2018\/07\/\u5fae\u4fe1\u56fe\u7247_20200814150654-768x576.jpg 768w, https:\/\/ovartech.com\/wp-content\/uploads\/2018\/07\/\u5fae\u4fe1\u56fe\u7247_20200814150654-800x600.jpg 800w, https:\/\/ovartech.com\/wp-content\/uploads\/2018\/07\/\u5fae\u4fe1\u56fe\u7247_20200814150654-1024x768.jpg 1024w, https:\/\/ovartech.com\/wp-content\/uploads\/2018\/07\/\u5fae\u4fe1\u56fe\u7247_20200814150654-1200x900.jpg 1200w, https:\/\/ovartech.com\/wp-content\/uploads\/2018\/07\/\u5fae\u4fe1\u56fe\u7247_20200814150654.jpg 1440w\" data-sizes=\"auto\" data-orig-sizes=\"(max-width: 591px) 100vw, 591px\" \/><\/a><\/td>\n<\/tr>\n<\/tbody>\n<\/table>\n<p>&nbsp;<\/p>\n<p><span style=\"font-size: 14pt; font-family: arial, helvetica, sans-serif;\"><strong>FAQ<\/strong><\/span><\/p>\n<p><span style=\"font-family: arial, helvetica, sans-serif;\"><strong><span style=\"font-size: 10pt;\">Q : \u00cates-vous une soci\u00e9t\u00e9 commerciale ou un fabricant ?<\/span><\/strong><\/span><br \/>\n<span style=\"font-size: 10pt; font-family: arial, helvetica, sans-serif;\">R : Nous sommes un fabricant.<\/span><\/p>\n<p><span style=\"font-family: arial, helvetica, sans-serif;\"><strong><span style=\"font-size: 10pt;\">Q : Quel est votre d\u00e9lai de livraison ?<\/span><\/strong><\/span><br \/>\n<span style=\"font-size: 10pt; font-family: arial, helvetica, sans-serif;\">R : En g\u00e9n\u00e9ral, il faut compter 5 \u00e0 10 jours si les marchandises sont en stock. Si elles ne sont pas en stock, il faut compter 6 semaines, en fonction de la quantit\u00e9.<\/span><\/p>\n<p><span style=\"font-family: arial, helvetica, sans-serif;\"><strong><span style=\"font-size: 10pt;\">Q : Quel est le principal avantage technique de vos produits ?<\/span><\/strong><\/span><br \/>\n<span style=\"font-size: 10pt; font-family: arial, helvetica, sans-serif;\">R : Nous utilisons une technologie de contr\u00f4le num\u00e9rique, qui facilite les mises \u00e0 niveau \u00e0 distance et permet une production enti\u00e8rement automatis\u00e9e.<\/span><\/p>\n<p><span style=\"font-family: arial, helvetica, sans-serif;\"><strong><span style=\"font-size: 10pt;\">Q : Quelles sont vos capacit\u00e9s en mati\u00e8re d'essais techniques et de validation ?<\/span><\/strong><\/span><br \/>\n<span style=\"font-size: 10pt; font-family: arial, helvetica, sans-serif;\">R : Nous vous r\u00e9pondrons dans les deux heures et r\u00e9soudrons le probl\u00e8me dans les 24 heures.<\/span><\/p>\n<p><span style=\"font-family: arial, helvetica, sans-serif;\"><strong><span style=\"font-size: 10pt;\">Q : Quelles sont vos conditions de paiement ?<\/span><\/strong><\/span><br \/>\n<span style=\"font-size: 10pt; font-family: arial, helvetica, sans-serif;\">A : Pr\u00e9paiement 100%.<\/span><\/p>\n<p><span style=\"font-family: arial, helvetica, sans-serif;\"><strong><span style=\"font-size: 10pt;\">Q : Qu'est-ce que la quantit\u00e9 minimale de commande (MOQ) ?<\/span><\/strong><\/span><\/p>\n<p><span style=\"font-size: 10pt; font-family: arial, helvetica, sans-serif;\">A : 1 unit\u00e9.<\/span><\/p>\n<p><span style=\"font-family: arial, helvetica, sans-serif;\"><strong><span style=\"font-size: 10pt;\">Q : Acceptez-vous les personnalisations ?<\/span><\/strong><\/span><\/p>\n<p><span style=\"font-size: 10pt; font-family: arial, helvetica, sans-serif;\">R : Oui, les services OEM et ODM sont tous pris en charge.<\/span><\/p>\n<p><span style=\"font-family: arial, helvetica, sans-serif;\"><strong><span style=\"font-size: 10pt;\">Q : Fournissez-vous un \u00e9chantillon gratuit avant la commande ?<\/span><\/strong><\/span><\/p>\n<p><span style=\"font-size: 10pt; font-family: arial, helvetica, sans-serif;\">R : En r\u00e8gle g\u00e9n\u00e9rale, vous devez payer pour cela.<\/span><\/p>\n<p><span style=\"font-family: arial, helvetica, sans-serif;\"><strong><span style=\"font-size: 10pt;\">Q : Quelle est votre politique en mati\u00e8re d'\u00e9chantillons ?<\/span><\/strong><\/span><\/p>\n<p><span style=\"font-size: 10pt; font-family: arial, helvetica, sans-serif;\">R : Nous pouvons fournir l'\u00e9chantillon si nous avons les pi\u00e8ces en stock, les clients doivent payer le co\u00fbt de l'\u00e9chantillon et les frais d'exp\u00e9dition.<\/span><\/p>\n<p><span style=\"font-family: arial, helvetica, sans-serif;\"><strong><span style=\"font-size: 10pt;\">Q : Testez-vous tous vos produits avant leur livraison ?<\/span><\/strong><\/span><\/p>\n<p><span style=\"font-size: 10pt; font-family: arial, helvetica, sans-serif;\">R : Oui, nous effectuons un test 100% avant la livraison. Si n\u00e9cessaire, nous pouvons envoyer un rapport d'inspection avant la livraison.<\/span><\/p>\n<p><span style=\"font-family: arial, helvetica, sans-serif;\"><strong><span style=\"font-size: 10pt;\">Q : Comment \u00e9tablir une relation commerciale durable et fructueuse ?<\/span><\/strong><\/span><\/p>\n<p data-spm-anchor-id=\"a2700.details.0.i14.37d9a03fIpMZvt\"><span style=\"font-size: 10pt; font-family: arial, helvetica, sans-serif;\" data-spm-anchor-id=\"a2700.details.0.i15.37d9a03fIpMZvt\">R : 1. Nous maintenons une bonne qualit\u00e9 et des prix comp\u00e9titifs afin de garantir les int\u00e9r\u00eats de nos clients.<\/span><\/p>\n<p data-spm-anchor-id=\"a2700.details.0.i17.37d9a03fIpMZvt\"><span style=\"font-size: 10pt; font-family: arial, helvetica, sans-serif;\" data-spm-anchor-id=\"a2700.details.0.i16.37d9a03fIpMZvt\">\u00a0 \u00a0 \u00a02. Nous respectons chaque client comme un ami et nous faisons sinc\u00e8rement des affaires et nous nous lions d'amiti\u00e9 avec eux, peu importe d'o\u00f9 ils viennent.<\/span><\/p>\n<\/div>","protected":false},"excerpt":{"rendered":"<p>Efficient 6.6kW Air-Cooled On-Board Charger 200-420V DC for Commercial EV<\/p>","protected":false},"featured_media":321,"template":"","meta":{"_acf_changed":false,"content-type":""},"product_brand":[],"product_cat":[22],"product_tag":[73,37,35,38,36,34,33],"class_list":{"0":"post-303","1":"product","2":"type-product","3":"status-publish","4":"has-post-thumbnail","6":"product_cat-ev-on-board-charger","7":"product_tag-6-6kw-ev-power-charger","8":"product_tag-6-6kw-obc","9":"product_tag-6-6kw-on-board-charger","10":"product_tag-ev-battery-charger","11":"product_tag-ev-on-board-charger-6-6kw","12":"product_tag-on-board-3-3kw-liquid-cooled-charger","13":"product_tag-on-board-6-6kw-liquid-cooled-charger","15":"first","16":"instock","17":"shipping-taxable","18":"product-type-simple"},"acf":[],"_links":{"self":[{"href":"https:\/\/ovartech.com\/fr\/wp-json\/wp\/v2\/product\/303","targetHints":{"allow":["GET"]}}],"collection":[{"href":"https:\/\/ovartech.com\/fr\/wp-json\/wp\/v2\/product"}],"about":[{"href":"https:\/\/ovartech.com\/fr\/wp-json\/wp\/v2\/types\/product"}],"wp:featuredmedia":[{"embeddable":true,"href":"https:\/\/ovartech.com\/fr\/wp-json\/wp\/v2\/media\/321"}],"wp:attachment":[{"href":"https:\/\/ovartech.com\/fr\/wp-json\/wp\/v2\/media?parent=303"}],"wp:term":[{"taxonomy":"product_brand","embeddable":true,"href":"https:\/\/ovartech.com\/fr\/wp-json\/wp\/v2\/product_brand?post=303"},{"taxonomy":"product_cat","embeddable":true,"href":"https:\/\/ovartech.com\/fr\/wp-json\/wp\/v2\/product_cat?post=303"},{"taxonomy":"product_tag","embeddable":true,"href":"https:\/\/ovartech.com\/fr\/wp-json\/wp\/v2\/product_tag?post=303"}],"curies":[{"name":"wp","href":"https:\/\/api.w.org\/{rel}","templated":true}]}}