{"id":301,"date":"2018-07-03T08:24:12","date_gmt":"2018-07-03T08:24:12","guid":{"rendered":"https:\/\/www.ovartech.com\/?post_type=product&#038;p=301"},"modified":"2026-03-20T02:52:58","modified_gmt":"2026-03-20T02:52:58","slug":"3-3kw-144v-dc-air-cooled-obc","status":"publish","type":"product","link":"https:\/\/ovartech.com\/fr\/product\/3-3kw-144v-dc-air-cooled-obc\/","title":{"rendered":"Superior 3.3kW 144V DC Air-Cooled OBC for Low-Voltage Industrial EVs"},"content":{"rendered":"<p><strong><span style=\"font-family: arial, helvetica, sans-serif; font-size: 18pt;\">Superior 3.3kW 144V DC Air-Cooled OBC for Low-Voltage Industrial EVs<\/span><\/strong><\/p>\n<p><span style=\"font-family: arial, helvetica, sans-serif; font-size: 14pt;\">The 3.3kW 144V DC Air-Cooled OBC is a heavy-duty charging solution designed for low-voltage industrial vehicles and small electric cars.<\/span><\/p>\n<p><span style=\"font-family: arial, helvetica, sans-serif; font-size: 14pt;\">The Ovartech CAD332DF-400A <strong>3.3kW Air-Cooled OBC 144V DC for Low-Voltage Industrial EVs<\/strong> series is engineered for electric vehicle battery charging, meeting the strict demands for efficiency, robustness, and safety. With a wide AC input voltage range of 85~265V, the CAD332DF-400A is optimized for worldwide deployment, making it an ideal choice for global industrial fleet operators and small EV manufacturers. Its high-efficiency performance reduces energy consumption, delivering a more economical charging solution for daily operations.<\/span><\/p>\n<p><span style=\"font-family: arial, helvetica, sans-serif; font-size: 14pt;\">As a specialized low-voltage OBC, the CAD332DF-400A features an intelligent adaptive charging mode that automatically adjusts voltage output through CC\/CV (Constant Current\/Constant Voltage) protocols and initiates a safe cut-off once charging is complete, protecting battery health and extending service life. It also incorporates comprehensive multi-layer safety protections against short-circuit, over-voltage, over-current, over-temperature, and undercharging, ensuring stable and uninterrupted operation in all working conditions.<\/span><\/p>\n<p><span style=\"font-family: arial, helvetica, sans-serif; font-size: 14pt;\">The built-in CAN-bus interface enables seamless real-time communication with the vehicle\u2019s VCU (Vehicle Control Unit) via the BMS (Battery Management System). It accurately delivers critical data including charging flow status, interlock connection signals, and instant disconnection or error alerts, providing full visibility and control over the entire charging cycle for fleet management systems.<\/span><\/p>\n<p><span style=\"font-family: arial, helvetica, sans-serif; font-size: 14pt;\">The Ovartech CAD332DF-400A charger series is fully compliant with international industry standards SAE J1772 and IEC 61851, and holds an IP67 ingress protection rating. This rugged, air-cooled design withstands dust, water immersion, and the rigors of critical operating environments, ensuring long-lasting and reliable performance for all low-voltage industrial and small electric vehicle applications.<\/span><\/p>\n<h2><strong><span style=\"font-family: arial, helvetica, sans-serif; font-size: 14pt;\">\u00a03.3kW OBC Specification<\/span><\/strong><\/h2>\n<table style=\"width: 584px;\">\n<tbody>\n<tr>\n<td style=\"width: 195px;\"><strong><span style=\"font-family: arial, helvetica, sans-serif; font-size: 14pt;\">Mod\u00e8le<\/span><span style=\"font-family: arial, helvetica, sans-serif; font-size: 14pt;\"> \uff1a<\/span><\/strong><\/td>\n<td style=\"width: 390px;\"><span style=\"font-family: arial, helvetica, sans-serif; font-size: 14pt;\">CAD332DF-400A<\/span><\/td>\n<\/tr>\n<tr>\n<td style=\"width: 195px;\"><strong><span style=\"font-family: arial, helvetica, sans-serif; font-size: 14pt;\">Power \uff1a<\/span><\/strong><\/td>\n<td style=\"width: 390px;\"><span style=\"font-family: arial, helvetica, sans-serif; font-size: 14pt;\">3300 W\/3,3 kW<\/span><\/td>\n<\/tr>\n<tr>\n<td style=\"width: 195px;\"><strong><span style=\"font-family: arial, helvetica, sans-serif; font-size: 14pt;\">Input voltage \uff1a<\/span><\/strong><\/td>\n<td style=\"width: 390px;\"><span style=\"font-family: arial, helvetica, sans-serif; font-size: 14pt;\">85-265 V CC<\/span><\/td>\n<\/tr>\n<tr>\n<td style=\"width: 195px;\"><strong><span style=\"font-family: arial, helvetica, sans-serif; font-size: 14pt;\">Output current \uff1a<\/span><\/strong><\/td>\n<td style=\"width: 390px;\"><span style=\"font-family: arial, helvetica, sans-serif; font-size: 14pt;\">0-10 A<\/span><\/td>\n<\/tr>\n<tr>\n<td style=\"width: 195px;\"><strong><span style=\"font-family: arial, helvetica, sans-serif; font-size: 14pt;\">Output voltage \uff1a<\/span><\/strong><\/td>\n<td style=\"width: 390px;\"><span style=\"font-family: arial, helvetica, sans-serif; font-size: 14pt;\">108 V CC, 144 V CC, 200-420 V CC<\/span><\/td>\n<\/tr>\n<tr>\n<td style=\"width: 195px;\"><strong><span style=\"font-family: arial, helvetica, sans-serif; font-size: 14pt;\">Cooling \uff1a<\/span><\/strong><\/td>\n<td style=\"width: 390px;\"><span style=\"font-family: arial, helvetica, sans-serif; font-size: 14pt;\">refroidissement par air<\/span><\/td>\n<\/tr>\n<tr>\n<td style=\"width: 195px;\"><strong><span style=\"font-family: arial, helvetica, sans-serif; font-size: 14pt;\">Dimension \uff1a<\/span><\/strong><\/td>\n<td style=\"width: 390px;\"><span style=\"font-family: arial, helvetica, sans-serif; font-size: 14pt;\">305 x 217 x 122 mm ; 12 \u00d7 8,5 \u00d7 4,8 pouces\u201d<\/span><\/td>\n<\/tr>\n<tr>\n<td style=\"width: 195px;\"><strong><span style=\"font-family: arial, helvetica, sans-serif; font-size: 14pt;\">Weight \uff1a<\/span><\/strong><\/td>\n<td style=\"width: 390px;\"><span style=\"font-family: arial, helvetica, sans-serif; font-size: 14pt;\">4 kg ; 8,8 lb<\/span><\/td>\n<\/tr>\n<tr>\n<td style=\"width: 195px;\"><strong><span style=\"font-family: arial, helvetica, sans-serif; font-size: 14pt;\">IP rate \uff1a<\/span><\/strong><\/td>\n<td style=\"width: 390px;\"><span style=\"font-family: arial, helvetica, sans-serif; font-size: 14pt;\">IP67<\/span><\/td>\n<\/tr>\n<tr>\n<td style=\"width: 195px;\"><strong><span style=\"font-family: arial, helvetica, sans-serif; font-size: 14pt;\">Interface \uff1a<\/span><\/strong><\/td>\n<td style=\"width: 390px;\"><span style=\"font-family: arial, helvetica, sans-serif; font-size: 14pt;\">CAN BUS\/Activer le contr\u00f4le<\/span><\/td>\n<\/tr>\n<\/tbody>\n<\/table>\n<p>&nbsp;<\/p>\n<h3><strong><span style=\"font-family: arial, helvetica, sans-serif; font-size: 14pt;\">\u00a03.3kW OBC Details<\/span><\/strong><\/h3>\n<table style=\"border-collapse: collapse; width: 89.3147%;\">\n<tbody>\n<tr>\n<td style=\"width: 44.5468%;\"><a href=\"https:\/\/ovartech.com\/wp-content\/uploads\/2018\/07\/AIR-COOLED-3.3KW-OBC-2.jpg\"><img decoding=\"async\" class=\"lazyload alignnone wp-image-1649 size-fusion-600\" src=\"https:\/\/ovartech.com\/wp-content\/uploads\/2018\/07\/AIR-COOLED-3.3KW-OBC-2-600x600.jpg\" data-orig-src=\"https:\/\/ovartech.com\/wp-content\/uploads\/2018\/07\/AIR-COOLED-3.3KW-OBC-2-600x600.jpg\" alt=\"3.3kW 144V DC Air-Cooled OBC for Low-Voltage Industrial EVs\" width=\"600\" height=\"600\" srcset=\"data:image\/svg+xml,%3Csvg%20xmlns%3D%27http%3A%2F%2Fwww.w3.org%2F2000%2Fsvg%27%20width%3D%27600%27%20height%3D%27600%27%20viewBox%3D%270%200%20600%20600%27%3E%3Crect%20width%3D%27600%27%20height%3D%27600%27%20fill-opacity%3D%220%22%2F%3E%3C%2Fsvg%3E\" data-srcset=\"https:\/\/ovartech.com\/wp-content\/uploads\/2018\/07\/AIR-COOLED-3.3KW-OBC-2-12x12.jpg 12w, https:\/\/ovartech.com\/wp-content\/uploads\/2018\/07\/AIR-COOLED-3.3KW-OBC-2-66x66.jpg 66w, https:\/\/ovartech.com\/wp-content\/uploads\/2018\/07\/AIR-COOLED-3.3KW-OBC-2-150x150.jpg 150w, https:\/\/ovartech.com\/wp-content\/uploads\/2018\/07\/AIR-COOLED-3.3KW-OBC-2-200x200.jpg 200w, https:\/\/ovartech.com\/wp-content\/uploads\/2018\/07\/AIR-COOLED-3.3KW-OBC-2-300x300.jpg 300w, https:\/\/ovartech.com\/wp-content\/uploads\/2018\/07\/AIR-COOLED-3.3KW-OBC-2-400x400.jpg 400w, https:\/\/ovartech.com\/wp-content\/uploads\/2018\/07\/AIR-COOLED-3.3KW-OBC-2-500x500.jpg 500w, https:\/\/ovartech.com\/wp-content\/uploads\/2018\/07\/AIR-COOLED-3.3KW-OBC-2-600x600.jpg 600w, https:\/\/ovartech.com\/wp-content\/uploads\/2018\/07\/AIR-COOLED-3.3KW-OBC-2-700x700.jpg 700w, https:\/\/ovartech.com\/wp-content\/uploads\/2018\/07\/AIR-COOLED-3.3KW-OBC-2-768x768.jpg 768w, https:\/\/ovartech.com\/wp-content\/uploads\/2018\/07\/AIR-COOLED-3.3KW-OBC-2-800x800.jpg 800w, https:\/\/ovartech.com\/wp-content\/uploads\/2018\/07\/AIR-COOLED-3.3KW-OBC-2.jpg 1000w\" data-sizes=\"auto\" data-orig-sizes=\"(max-width: 600px) 100vw, 600px\" \/><\/a><\/td>\n<td style=\"width: 44.7679%;\"><a href=\"https:\/\/ovartech.com\/wp-content\/uploads\/2018\/07\/AIR-COOLED-3.3KW-OBC-4-1.jpg\"><img decoding=\"async\" class=\"lazyload alignnone wp-image-1650 size-fusion-600\" src=\"https:\/\/ovartech.com\/wp-content\/uploads\/2018\/07\/AIR-COOLED-3.3KW-OBC-4-1-600x600.jpg\" data-orig-src=\"https:\/\/ovartech.com\/wp-content\/uploads\/2018\/07\/AIR-COOLED-3.3KW-OBC-4-1-600x600.jpg\" alt=\"3.3kW 144V DC Air-Cooled OBC for Low-Voltage Industrial EVs\" width=\"600\" height=\"600\" srcset=\"data:image\/svg+xml,%3Csvg%20xmlns%3D%27http%3A%2F%2Fwww.w3.org%2F2000%2Fsvg%27%20width%3D%27600%27%20height%3D%27600%27%20viewBox%3D%270%200%20600%20600%27%3E%3Crect%20width%3D%27600%27%20height%3D%27600%27%20fill-opacity%3D%220%22%2F%3E%3C%2Fsvg%3E\" data-srcset=\"https:\/\/ovartech.com\/wp-content\/uploads\/2018\/07\/AIR-COOLED-3.3KW-OBC-4-1-12x12.jpg 12w, https:\/\/ovartech.com\/wp-content\/uploads\/2018\/07\/AIR-COOLED-3.3KW-OBC-4-1-66x66.jpg 66w, https:\/\/ovartech.com\/wp-content\/uploads\/2018\/07\/AIR-COOLED-3.3KW-OBC-4-1-150x150.jpg 150w, https:\/\/ovartech.com\/wp-content\/uploads\/2018\/07\/AIR-COOLED-3.3KW-OBC-4-1-200x200.jpg 200w, https:\/\/ovartech.com\/wp-content\/uploads\/2018\/07\/AIR-COOLED-3.3KW-OBC-4-1-300x300.jpg 300w, https:\/\/ovartech.com\/wp-content\/uploads\/2018\/07\/AIR-COOLED-3.3KW-OBC-4-1-400x400.jpg 400w, https:\/\/ovartech.com\/wp-content\/uploads\/2018\/07\/AIR-COOLED-3.3KW-OBC-4-1-500x500.jpg 500w, https:\/\/ovartech.com\/wp-content\/uploads\/2018\/07\/AIR-COOLED-3.3KW-OBC-4-1-600x600.jpg 600w, https:\/\/ovartech.com\/wp-content\/uploads\/2018\/07\/AIR-COOLED-3.3KW-OBC-4-1-700x700.jpg 700w, https:\/\/ovartech.com\/wp-content\/uploads\/2018\/07\/AIR-COOLED-3.3KW-OBC-4-1-768x768.jpg 768w, https:\/\/ovartech.com\/wp-content\/uploads\/2018\/07\/AIR-COOLED-3.3KW-OBC-4-1-800x800.jpg 800w, https:\/\/ovartech.com\/wp-content\/uploads\/2018\/07\/AIR-COOLED-3.3KW-OBC-4-1.jpg 1000w\" data-sizes=\"auto\" data-orig-sizes=\"(max-width: 600px) 100vw, 600px\" \/><\/a><\/td>\n<\/tr>\n<\/tbody>\n<\/table>\n<p>&nbsp;<\/p>\n<p><span style=\"font-size: 14pt; font-family: arial, helvetica, sans-serif;\"><strong>FAQ<\/strong><\/span><\/p>\n<p><span style=\"font-family: arial, helvetica, sans-serif;\"><strong><span style=\"font-size: 10pt;\">Q : \u00cates-vous une soci\u00e9t\u00e9 commerciale ou un fabricant ?<\/span><\/strong><\/span><br \/>\n<span style=\"font-size: 10pt; font-family: arial, helvetica, sans-serif;\">R : Nous sommes un fabricant.<\/span><\/p>\n<p><span style=\"font-family: arial, helvetica, sans-serif;\"><strong><span style=\"font-size: 10pt;\">Q : Quel est votre d\u00e9lai de livraison ?<\/span><\/strong><\/span><br \/>\n<span style=\"font-size: 10pt; font-family: arial, helvetica, sans-serif;\">R : En g\u00e9n\u00e9ral, il faut compter 5 \u00e0 10 jours si les marchandises sont en stock. Si elles ne sont pas en stock, il faut compter 6 semaines, en fonction de la quantit\u00e9.<\/span><\/p>\n<p><span style=\"font-family: arial, helvetica, sans-serif;\"><strong><span style=\"font-size: 10pt;\">Q : Quel est le principal avantage technique de vos produits ?<\/span><\/strong><\/span><br \/>\n<span style=\"font-size: 10pt; font-family: arial, helvetica, sans-serif;\">R : Nous utilisons une technologie de contr\u00f4le num\u00e9rique, qui facilite les mises \u00e0 niveau \u00e0 distance et permet une production enti\u00e8rement automatis\u00e9e.<\/span><\/p>\n<p><span style=\"font-family: arial, helvetica, sans-serif;\"><strong><span style=\"font-size: 10pt;\">Q : Quelles sont vos capacit\u00e9s en mati\u00e8re d'essais techniques et de validation ?<\/span><\/strong><\/span><br \/>\n<span style=\"font-size: 10pt; font-family: arial, helvetica, sans-serif;\">R : Nous vous r\u00e9pondrons dans les deux heures et r\u00e9soudrons le probl\u00e8me dans les 24 heures.<\/span><\/p>\n<p><span style=\"font-family: arial, helvetica, sans-serif;\"><strong><span style=\"font-size: 10pt;\">Q : Quelles sont vos conditions de paiement ?<\/span><\/strong><\/span><br \/>\n<span style=\"font-size: 10pt; font-family: arial, helvetica, sans-serif;\">A : Pr\u00e9paiement 100%.<\/span><\/p>\n<p><span style=\"font-family: arial, helvetica, sans-serif;\"><strong><span style=\"font-size: 10pt;\">Q : Qu'est-ce que la quantit\u00e9 minimale de commande (MOQ) ?<\/span><\/strong><\/span><\/p>\n<p><span style=\"font-size: 10pt; font-family: arial, helvetica, sans-serif;\">A : 1 unit\u00e9.<\/span><\/p>\n<p><span style=\"font-family: arial, helvetica, sans-serif;\"><strong><span style=\"font-size: 10pt;\">Q : Acceptez-vous les personnalisations ?<\/span><\/strong><\/span><\/p>\n<p><span style=\"font-size: 10pt; font-family: arial, helvetica, sans-serif;\">R : Oui, les services OEM et ODM sont tous pris en charge.<\/span><\/p>\n<p><span style=\"font-family: arial, helvetica, sans-serif;\"><strong><span style=\"font-size: 10pt;\">Q : Fournissez-vous un \u00e9chantillon gratuit avant la commande ?<\/span><\/strong><\/span><\/p>\n<p><span style=\"font-size: 10pt; font-family: arial, helvetica, sans-serif;\">R : En r\u00e8gle g\u00e9n\u00e9rale, vous devez payer pour cela.<\/span><\/p>\n<p><span style=\"font-family: arial, helvetica, sans-serif;\"><strong><span style=\"font-size: 10pt;\">Q : Quelle est votre politique en mati\u00e8re d'\u00e9chantillons ?<\/span><\/strong><\/span><\/p>\n<p><span style=\"font-size: 10pt; font-family: arial, helvetica, sans-serif;\">R : Nous pouvons fournir l'\u00e9chantillon si nous avons les pi\u00e8ces en stock, les clients doivent payer le co\u00fbt de l'\u00e9chantillon et les frais d'exp\u00e9dition.<\/span><\/p>\n<p><span style=\"font-family: arial, helvetica, sans-serif;\"><strong><span style=\"font-size: 10pt;\">Q : Testez-vous tous vos produits avant leur livraison ?<\/span><\/strong><\/span><\/p>\n<p><span style=\"font-size: 10pt; font-family: arial, helvetica, sans-serif;\">R : Oui, nous effectuons un test 100% avant la livraison. Si n\u00e9cessaire, nous pouvons envoyer un rapport d'inspection avant la livraison.<\/span><\/p>\n<p><span style=\"font-family: arial, helvetica, sans-serif;\"><strong><span style=\"font-size: 10pt;\">Q : Comment \u00e9tablir une relation commerciale durable et fructueuse ?<\/span><\/strong><\/span><\/p>\n<p data-spm-anchor-id=\"a2700.details.0.i14.37d9a03fIpMZvt\"><span style=\"font-size: 10pt; font-family: arial, helvetica, sans-serif;\" data-spm-anchor-id=\"a2700.details.0.i15.37d9a03fIpMZvt\">R : 1. Nous maintenons une bonne qualit\u00e9 et des prix comp\u00e9titifs afin de garantir les int\u00e9r\u00eats de nos clients.<\/span><\/p>\n<p data-spm-anchor-id=\"a2700.details.0.i17.37d9a03fIpMZvt\"><span style=\"font-size: 10pt; font-family: arial, helvetica, sans-serif;\" data-spm-anchor-id=\"a2700.details.0.i16.37d9a03fIpMZvt\">\u00a0 \u00a0 \u00a02. Nous respectons chaque client comme un ami et nous faisons sinc\u00e8rement des affaires et nous nous lions d'amiti\u00e9 avec eux, peu importe d'o\u00f9 ils viennent.<\/span><\/p>","protected":false},"excerpt":{"rendered":"<p>Superior 3.3kW Air-Cooled OBC 144V DC for Low-Voltage Industrial EVs<\/p>","protected":false},"featured_media":325,"template":"","meta":{"_acf_changed":false,"content-type":""},"product_brand":[],"product_cat":[22],"product_tag":[71,65,67,66,72,68,70,69,35,38,36,34,33],"class_list":{"0":"post-301","1":"product","2":"type-product","3":"status-publish","4":"has-post-thumbnail","6":"product_cat-ev-on-board-charger","7":"product_tag-108v-3-3kw-on-board-charger","8":"product_tag-108v-ev-charger","9":"product_tag-108v-lifepo4-charger","10":"product_tag-108v-on-board-charger-for-ev","11":"product_tag-144v-3-3kw-on-board-charger","12":"product_tag-144v-ev-battery-charger","13":"product_tag-144v-obc","14":"product_tag-144v-on-board-charger","15":"product_tag-6-6kw-on-board-charger","16":"product_tag-ev-battery-charger","17":"product_tag-ev-on-board-charger-6-6kw","18":"product_tag-on-board-3-3kw-liquid-cooled-charger","19":"product_tag-on-board-6-6kw-liquid-cooled-charger","21":"first","22":"instock","23":"shipping-taxable","24":"product-type-simple"},"acf":[],"_links":{"self":[{"href":"https:\/\/ovartech.com\/fr\/wp-json\/wp\/v2\/product\/301","targetHints":{"allow":["GET"]}}],"collection":[{"href":"https:\/\/ovartech.com\/fr\/wp-json\/wp\/v2\/product"}],"about":[{"href":"https:\/\/ovartech.com\/fr\/wp-json\/wp\/v2\/types\/product"}],"wp:featuredmedia":[{"embeddable":true,"href":"https:\/\/ovartech.com\/fr\/wp-json\/wp\/v2\/media\/325"}],"wp:attachment":[{"href":"https:\/\/ovartech.com\/fr\/wp-json\/wp\/v2\/media?parent=301"}],"wp:term":[{"taxonomy":"product_brand","embeddable":true,"href":"https:\/\/ovartech.com\/fr\/wp-json\/wp\/v2\/product_brand?post=301"},{"taxonomy":"product_cat","embeddable":true,"href":"https:\/\/ovartech.com\/fr\/wp-json\/wp\/v2\/product_cat?post=301"},{"taxonomy":"product_tag","embeddable":true,"href":"https:\/\/ovartech.com\/fr\/wp-json\/wp\/v2\/product_tag?post=301"}],"curies":[{"name":"wp","href":"https:\/\/api.w.org\/{rel}","templated":true}]}}