{"id":284,"date":"2018-06-13T09:10:03","date_gmt":"2018-06-13T09:10:03","guid":{"rendered":"https:\/\/www.ovartech.com\/?post_type=product&#038;p=284"},"modified":"2026-03-20T03:20:10","modified_gmt":"2026-03-20T03:20:10","slug":"48v-120a-forklift-ev-battery-charger","status":"publish","type":"product","link":"https:\/\/ovartech.com\/fr\/product\/48v-120a-forklift-ev-battery-charger\/","title":{"rendered":"Reliable 48V 120A Forklift EV Battery Charger for Industrial Fleets"},"content":{"rendered":"<p><strong><span style=\"font-family: arial, helvetica, sans-serif; font-size: 18pt;\">Reliable 48V 120A Forklift EV Battery Charger for Industrial Fleets<\/span><\/strong><\/p>\n<p><span style=\"font-family: arial, helvetica, sans-serif; font-size: 14pt;\">Le <strong>48V 120A Forklift EV Battery Charger<\/strong> from the OVAR QF Series delivers 96% peak efficiency and worldwide grid compatibility, offering a durable, waterproof charging solution for industrial fleets.<\/span><\/p>\n<p><span style=\"font-family: arial, helvetica, sans-serif; font-size: 14pt;\">The OVAR QF Series <strong>48V 120A Forklift EV Battery Charger<\/strong> is engineered as a highly durable, waterproof solution, designed for both on-board and off-board installation. It operates seamlessly on any single-phase electrical grid worldwide, achieving an impressive 96% peak efficiency to minimize energy consumption and operational costs. Its flexible, customizable charging profiles empower customers to tailor charging parameters to their specific battery types, ensuring optimal charging flexibility and performance for industrial deep cycle batteries.<\/span><\/p>\n<p><span style=\"font-family: arial, helvetica, sans-serif; font-size: 14pt;\">This industrial-grade battery charger is the ideal choice for charging and maintaining 24V, 36V, and 48V batteries across a wide range of applications, including forklifts, golf carts, scissor lifts, utility vehicles, and other electric industrial equipment. Built with exceptional power management technology, it actively prolongs battery lifespan and extends vehicle run time, directly reducing maintenance costs and maximizing fleet uptime.<\/span><\/p>\n<p><span style=\"font-family: arial, helvetica, sans-serif; font-size: 14pt;\">As a portable and versatile charging solution, the OVAR QF Series features multiple intelligent charging modes to adapt to different battery conditions, from fast charging to maintenance trickle charging. Its robust, waterproof construction ensures reliable operation even in harsh industrial environments, making it a dependable partner for keeping your electric vehicles and equipment powered and productive..<\/span><\/p>\n<h2><\/h2>\n<h2><strong><span style=\"font-family: arial, helvetica, sans-serif; font-size: 14pt;\">QF Series Battery Charger Specification<\/span><\/strong><\/h2>\n<table style=\"width: 763px;\">\n<tbody>\n<tr>\n<td style=\"width: 522px;\"><strong><span style=\"color: #000000; font-family: arial, helvetica, sans-serif; font-size: 14pt;\">Model :<\/span><\/strong><\/td>\n<td style=\"width: 339px;\"><strong><span style=\"color: #000000; font-family: arial, helvetica, sans-serif; font-size: 14pt;\">QF4880<\/span><\/strong><\/td>\n<td style=\"width: 338px;\"><strong><span style=\"color: #000000; font-family: arial, helvetica, sans-serif; font-size: 14pt;\">QB48100<\/span><\/strong><\/td>\n<td style=\"width: 299.883px;\"><strong><span style=\"color: #000000; font-family: arial, helvetica, sans-serif; font-size: 14pt;\">QB48120<\/span><\/strong><\/td>\n<\/tr>\n<tr>\n<td style=\"width: 522px;\"><strong><span style=\"color: #000000; font-family: arial, helvetica, sans-serif; font-size: 14pt;\">Input voltage :<\/span><\/strong><\/td>\n<td style=\"width: 339px;\"><span style=\"color: #000000; font-family: arial, helvetica, sans-serif; font-size: 14pt;\">240 V\/380 V<\/span><\/td>\n<td style=\"width: 338px;\"><span style=\"color: #000000; font-family: arial, helvetica, sans-serif; font-size: 14pt;\">240 V\/380 V<\/span><\/td>\n<td style=\"width: 299.883px;\"><span style=\"color: #000000; font-family: arial, helvetica, sans-serif; font-size: 14pt;\">240 V\/380 V<\/span><\/td>\n<\/tr>\n<tr>\n<td style=\"width: 522px;\"><strong><span style=\"color: #000000; font-family: arial, helvetica, sans-serif; font-size: 14pt;\">Output current :<\/span><\/strong><\/td>\n<td style=\"width: 339px;\"><span style=\"color: #000000; font-family: arial, helvetica, sans-serif; font-size: 14pt;\">80A<\/span><\/td>\n<td style=\"width: 338px;\"><span style=\"color: #000000; font-family: arial, helvetica, sans-serif; font-size: 14pt;\">100A<\/span><\/td>\n<td style=\"width: 299.883px;\"><span style=\"color: #000000; font-family: arial, helvetica, sans-serif; font-size: 14pt;\">120 A<\/span><\/td>\n<\/tr>\n<tr>\n<td style=\"width: 522px;\"><strong><span style=\"color: #000000; font-family: arial, helvetica, sans-serif; font-size: 14pt;\">Output voltage :<\/span><\/strong><\/td>\n<td style=\"width: 339px;\"><span style=\"color: #000000; font-family: arial, helvetica, sans-serif; font-size: 14pt;\">48 V<\/span><\/td>\n<td style=\"width: 338px;\"><span style=\"color: #000000; font-family: arial, helvetica, sans-serif; font-size: 14pt;\">48 V<\/span><\/td>\n<td style=\"width: 299.883px;\"><span style=\"color: #000000; font-family: arial, helvetica, sans-serif; font-size: 14pt;\">48 V<\/span><\/td>\n<\/tr>\n<tr>\n<td style=\"width: 522px;\"><strong><span style=\"color: #000000; font-family: arial, helvetica, sans-serif; font-size: 14pt;\">Dimension :<\/span><\/strong><\/td>\n<td style=\"width: 1768px;\" colspan=\"3\"><span style=\"color: #000000; font-family: arial, helvetica, sans-serif; font-size: 14pt;\">430 x 240 x 140 cm<\/span><\/td>\n<\/tr>\n<tr>\n<td style=\"width: 522px;\"><strong><span style=\"color: #000000; font-family: arial, helvetica, sans-serif; font-size: 14pt;\">Weight :<\/span><\/strong><\/td>\n<td style=\"width: 1768px;\" colspan=\"3\"><span style=\"color: #000000; font-family: arial, helvetica, sans-serif; font-size: 14pt;\">44 lb (22 kg)<\/span><\/td>\n<\/tr>\n<tr>\n<td style=\"width: 522px;\"><strong><span style=\"color: #000000; font-family: arial, helvetica, sans-serif; font-size: 14pt;\">IP rate :<\/span><\/strong><\/td>\n<td style=\"width: 1768px;\" colspan=\"3\"><span style=\"color: #000000; font-family: arial, helvetica, sans-serif; font-size: 14pt;\">IP54<br \/>\n<\/span><\/td>\n<\/tr>\n<tr>\n<td style=\"width: 522px;\"><strong><span style=\"color: #000000; font-family: arial, helvetica, sans-serif; font-size: 14pt;\">Battery type :<\/span><\/strong><\/td>\n<td style=\"width: 1768px;\" colspan=\"3\"><span style=\"color: #000000; font-family: arial, helvetica, sans-serif; font-size: 14pt;\">Plomb-acide (humide \/ AGM \/ GEL), lithium-ion<\/span><\/td>\n<\/tr>\n<tr>\n<td style=\"width: 522px;\"><strong><span style=\"color: #000000; font-family: arial, helvetica, sans-serif; font-size: 14pt;\">Reverse polarity :<\/span><\/strong><\/td>\n<td style=\"width: 1768px;\" colspan=\"3\"><span style=\"color: #000000; font-family: arial, helvetica, sans-serif; font-size: 14pt;\">\u00a0Protection \u00e9lectronique avec r\u00e9initialisation automatique<\/span><\/td>\n<\/tr>\n<tr>\n<td style=\"width: 522px;\"><strong><span style=\"color: #000000; font-family: arial, helvetica, sans-serif; font-size: 14pt;\">\u00a0Short circuit :<\/span><\/strong><\/td>\n<td style=\"width: 1768px;\" colspan=\"3\"><span style=\"color: #000000; font-family: arial, helvetica, sans-serif; font-size: 14pt;\">\u00a0Limite de courant \u00e9lectronique<\/span><\/td>\n<\/tr>\n<\/tbody>\n<\/table>\n<p>&nbsp;<\/p>\n<h3><strong><span style=\"font-family: arial, helvetica, sans-serif; font-size: 14pt;\">QF Series Battery Charger Details<\/span><\/strong><\/h3>\n<table style=\"border-collapse: collapse; width: 89.6832%; height: 609px;\">\n<tbody>\n<tr style=\"height: 609px;\">\n<td style=\"width: 29.8821%; height: 609px;\"><a href=\"https:\/\/ovartech.com\/wp-content\/uploads\/2018\/06\/JC5A7827.jpg\"><img decoding=\"async\" class=\"lazyload alignnone wp-image-285 size-fusion-400\" src=\"https:\/\/ovartech.com\/wp-content\/uploads\/2018\/06\/JC5A7827-400x600.jpg\" data-orig-src=\"https:\/\/ovartech.com\/wp-content\/uploads\/2018\/06\/JC5A7827-400x600.jpg\" alt=\"48V 120A Forklift EV Battery Charger for Industrial Fleets\" width=\"400\" height=\"600\" srcset=\"data:image\/svg+xml,%3Csvg%20xmlns%3D%27http%3A%2F%2Fwww.w3.org%2F2000%2Fsvg%27%20width%3D%27400%27%20height%3D%27600%27%20viewBox%3D%270%200%20400%20600%27%3E%3Crect%20width%3D%27400%27%20height%3D%27600%27%20fill-opacity%3D%220%22%2F%3E%3C%2Fsvg%3E\" data-srcset=\"https:\/\/ovartech.com\/wp-content\/uploads\/2018\/06\/JC5A7827-120x180.jpg 120w, https:\/\/ovartech.com\/wp-content\/uploads\/2018\/06\/JC5A7827-200x300.jpg 200w, https:\/\/ovartech.com\/wp-content\/uploads\/2018\/06\/JC5A7827-400x600.jpg 400w, https:\/\/ovartech.com\/wp-content\/uploads\/2018\/06\/JC5A7827-500x750.jpg 500w, https:\/\/ovartech.com\/wp-content\/uploads\/2018\/06\/JC5A7827-600x900.jpg 600w, https:\/\/ovartech.com\/wp-content\/uploads\/2018\/06\/JC5A7827-683x1024.jpg 683w, https:\/\/ovartech.com\/wp-content\/uploads\/2018\/06\/JC5A7827-700x1050.jpg 700w, https:\/\/ovartech.com\/wp-content\/uploads\/2018\/06\/JC5A7827-768x1152.jpg 768w, https:\/\/ovartech.com\/wp-content\/uploads\/2018\/06\/JC5A7827.jpg 800w\" data-sizes=\"auto\" data-orig-sizes=\"(max-width: 400px) 100vw, 400px\" \/><\/a><\/td>\n<td style=\"width: 59.8922%; height: 609px;\"><a href=\"https:\/\/ovartech.com\/wp-content\/uploads\/2018\/06\/JC5A7813.jpg\"><img decoding=\"async\" class=\"lazyload alignnone wp-image-286\" src=\"https:\/\/ovartech.com\/wp-content\/uploads\/2018\/06\/JC5A7813-800x600.jpg\" data-orig-src=\"https:\/\/ovartech.com\/wp-content\/uploads\/2018\/06\/JC5A7813-800x600.jpg\" alt=\"48V 120A Forklift EV Battery Charger for Industrial Fleets\" width=\"806\" height=\"604\" srcset=\"data:image\/svg+xml,%3Csvg%20xmlns%3D%27http%3A%2F%2Fwww.w3.org%2F2000%2Fsvg%27%20width%3D%27806%27%20height%3D%27604%27%20viewBox%3D%270%200%20806%20604%27%3E%3Crect%20width%3D%27806%27%20height%3D%27604%27%20fill-opacity%3D%220%22%2F%3E%3C%2Fsvg%3E\" data-srcset=\"https:\/\/ovartech.com\/wp-content\/uploads\/2018\/06\/JC5A7813-120x90.jpg 120w, https:\/\/ovartech.com\/wp-content\/uploads\/2018\/06\/JC5A7813-200x150.jpg 200w, https:\/\/ovartech.com\/wp-content\/uploads\/2018\/06\/JC5A7813-300x225.jpg 300w, https:\/\/ovartech.com\/wp-content\/uploads\/2018\/06\/JC5A7813-400x300.jpg 400w, https:\/\/ovartech.com\/wp-content\/uploads\/2018\/06\/JC5A7813-500x375.jpg 500w, https:\/\/ovartech.com\/wp-content\/uploads\/2018\/06\/JC5A7813-600x450.jpg 600w, https:\/\/ovartech.com\/wp-content\/uploads\/2018\/06\/JC5A7813-700x525.jpg 700w, https:\/\/ovartech.com\/wp-content\/uploads\/2018\/06\/JC5A7813-768x576.jpg 768w, https:\/\/ovartech.com\/wp-content\/uploads\/2018\/06\/JC5A7813.jpg 800w\" data-sizes=\"auto\" data-orig-sizes=\"(max-width: 806px) 100vw, 806px\" \/><\/a><\/td>\n<\/tr>\n<\/tbody>\n<\/table>\n<p><span style=\"font-size: 14pt; font-family: arial, helvetica, sans-serif;\"><strong>FAQ<\/strong><\/span><\/p>\n<p><span style=\"font-family: arial, helvetica, sans-serif;\"><strong><span style=\"font-size: 10pt;\">Q : \u00cates-vous une soci\u00e9t\u00e9 commerciale ou un fabricant ?<\/span><\/strong><\/span><br \/>\n<span style=\"font-size: 10pt; font-family: arial, helvetica, sans-serif;\">R : Nous sommes un fabricant.<\/span><\/p>\n<p><span style=\"font-family: arial, helvetica, sans-serif;\"><strong><span style=\"font-size: 10pt;\">Q : Quel est votre d\u00e9lai de livraison ?<\/span><\/strong><\/span><br \/>\n<span style=\"font-size: 10pt; font-family: arial, helvetica, sans-serif;\">R : En g\u00e9n\u00e9ral, il faut compter 5 \u00e0 10 jours si les marchandises sont en stock. Si elles ne sont pas en stock, il faut compter 6 semaines, en fonction de la quantit\u00e9.<\/span><\/p>\n<p><span style=\"font-family: arial, helvetica, sans-serif;\"><strong><span style=\"font-size: 10pt;\">Q : Quel est le principal avantage technique de vos produits ?<\/span><\/strong><\/span><br \/>\n<span style=\"font-size: 10pt; font-family: arial, helvetica, sans-serif;\">R : Nous utilisons une technologie de contr\u00f4le num\u00e9rique, qui facilite les mises \u00e0 niveau \u00e0 distance et permet une production enti\u00e8rement automatis\u00e9e.<\/span><\/p>\n<p><span style=\"font-family: arial, helvetica, sans-serif;\"><strong><span style=\"font-size: 10pt;\">Q : Quelles sont vos capacit\u00e9s en mati\u00e8re d'essais techniques et de validation ?<\/span><\/strong><\/span><br \/>\n<span style=\"font-size: 10pt; font-family: arial, helvetica, sans-serif;\">R : Nous vous r\u00e9pondrons dans les deux heures et r\u00e9soudrons le probl\u00e8me dans les 24 heures.<\/span><\/p>\n<p><span style=\"font-family: arial, helvetica, sans-serif;\"><strong><span style=\"font-size: 10pt;\">Q : Quelles sont vos conditions de paiement ?<\/span><\/strong><\/span><br \/>\n<span style=\"font-size: 10pt; font-family: arial, helvetica, sans-serif;\">A : Pr\u00e9paiement 100%.<\/span><\/p>\n<p><span style=\"font-family: arial, helvetica, sans-serif;\"><strong><span style=\"font-size: 10pt;\">Q : Qu'est-ce que la quantit\u00e9 minimale de commande (MOQ) ?<\/span><\/strong><\/span><\/p>\n<p><span style=\"font-size: 10pt; font-family: arial, helvetica, sans-serif;\">A : 1 unit\u00e9.<\/span><\/p>\n<p><span style=\"font-family: arial, helvetica, sans-serif;\"><strong><span style=\"font-size: 10pt;\">Q : Acceptez-vous les personnalisations ?<\/span><\/strong><\/span><\/p>\n<p><span style=\"font-size: 10pt; font-family: arial, helvetica, sans-serif;\">R : Oui, les services OEM et ODM sont tous pris en charge.<\/span><\/p>\n<p><span style=\"font-family: arial, helvetica, sans-serif;\"><strong><span style=\"font-size: 10pt;\">Q : Fournissez-vous un \u00e9chantillon gratuit avant la commande ?<\/span><\/strong><\/span><\/p>\n<p><span style=\"font-size: 10pt; font-family: arial, helvetica, sans-serif;\">R : En r\u00e8gle g\u00e9n\u00e9rale, vous devez payer pour cela.<\/span><\/p>\n<p><span style=\"font-family: arial, helvetica, sans-serif;\"><strong><span style=\"font-size: 10pt;\">Q : Quelle est votre politique en mati\u00e8re d'\u00e9chantillons ?<\/span><\/strong><\/span><\/p>\n<p><span style=\"font-size: 10pt; font-family: arial, helvetica, sans-serif;\">R : Nous pouvons fournir l'\u00e9chantillon si nous avons les pi\u00e8ces en stock, les clients doivent payer le co\u00fbt de l'\u00e9chantillon et les frais d'exp\u00e9dition.<\/span><\/p>\n<p><span style=\"font-family: arial, helvetica, sans-serif;\"><strong><span style=\"font-size: 10pt;\">Q : Testez-vous tous vos produits avant leur livraison ?<\/span><\/strong><\/span><\/p>\n<p><span style=\"font-size: 10pt; font-family: arial, helvetica, sans-serif;\">R : Oui, nous effectuons un test 100% avant la livraison. Si n\u00e9cessaire, nous pouvons envoyer un rapport d'inspection avant la livraison.<\/span><\/p>\n<p><span style=\"font-family: arial, helvetica, sans-serif;\"><strong><span style=\"font-size: 10pt;\">Q : Comment \u00e9tablir une relation commerciale durable et fructueuse ?<\/span><\/strong><\/span><\/p>\n<p data-spm-anchor-id=\"a2700.details.0.i14.37d9a03fIpMZvt\"><span style=\"font-size: 10pt; font-family: arial, helvetica, sans-serif;\" data-spm-anchor-id=\"a2700.details.0.i15.37d9a03fIpMZvt\">R : 1. Nous maintenons une bonne qualit\u00e9 et des prix comp\u00e9titifs afin de garantir les int\u00e9r\u00eats de nos clients.<\/span><\/p>\n<p data-spm-anchor-id=\"a2700.details.0.i17.37d9a03fIpMZvt\"><span style=\"font-size: 10pt; font-family: arial, helvetica, sans-serif;\" data-spm-anchor-id=\"a2700.details.0.i16.37d9a03fIpMZvt\">\u00a0 \u00a0 \u00a02. Nous respectons chaque client comme un ami et nous faisons sinc\u00e8rement des affaires et nous nous lions d'amiti\u00e9 avec eux, peu importe d'o\u00f9 ils viennent.<\/span><\/p>","protected":false},"excerpt":{"rendered":"<p>Reliable 48V 120A Forklift EV Battery Charger for Industrial Fleets<\/p>","protected":false},"featured_media":285,"template":"","meta":{"_acf_changed":false,"content-type":""},"product_brand":[],"product_cat":[21],"product_tag":[62,61,63,42,41,49,48,44],"class_list":{"0":"post-284","1":"product","2":"type-product","3":"status-publish","4":"has-post-thumbnail","6":"product_cat-low-speed-ev-charger","7":"product_tag-36v-120a-charger","8":"product_tag-48v-120a-charger","9":"product_tag-48v-60a-charger","10":"product_tag-forklift-charger","11":"product_tag-industrial-battery-charger","12":"product_tag-lithium-battery-charger-36v","13":"product_tag-lithium-battery-charger-48v","14":"product_tag-scissor-lift-charger","16":"first","17":"instock","18":"featured","19":"shipping-taxable","20":"product-type-simple"},"acf":[],"_links":{"self":[{"href":"https:\/\/ovartech.com\/fr\/wp-json\/wp\/v2\/product\/284","targetHints":{"allow":["GET"]}}],"collection":[{"href":"https:\/\/ovartech.com\/fr\/wp-json\/wp\/v2\/product"}],"about":[{"href":"https:\/\/ovartech.com\/fr\/wp-json\/wp\/v2\/types\/product"}],"wp:featuredmedia":[{"embeddable":true,"href":"https:\/\/ovartech.com\/fr\/wp-json\/wp\/v2\/media\/285"}],"wp:attachment":[{"href":"https:\/\/ovartech.com\/fr\/wp-json\/wp\/v2\/media?parent=284"}],"wp:term":[{"taxonomy":"product_brand","embeddable":true,"href":"https:\/\/ovartech.com\/fr\/wp-json\/wp\/v2\/product_brand?post=284"},{"taxonomy":"product_cat","embeddable":true,"href":"https:\/\/ovartech.com\/fr\/wp-json\/wp\/v2\/product_cat?post=284"},{"taxonomy":"product_tag","embeddable":true,"href":"https:\/\/ovartech.com\/fr\/wp-json\/wp\/v2\/product_tag?post=284"}],"curies":[{"name":"wp","href":"https:\/\/api.w.org\/{rel}","templated":true}]}}