{"id":258,"date":"2017-12-25T06:08:23","date_gmt":"2017-12-25T06:08:23","guid":{"rendered":"https:\/\/www.ovartech.com\/?post_type=product&#038;p=258"},"modified":"2026-03-20T03:43:25","modified_gmt":"2026-03-20T03:43:25","slug":"integrated-6-6kw-obc-1-5kw-dc-dc","status":"publish","type":"product","link":"https:\/\/ovartech.com\/fr\/product\/integrated-6-6kw-obc-1-5kw-dc-dc\/","title":{"rendered":"Reliable Integrated 6.6KW OBC 1.5KW DC-DC Liquid-Cooled"},"content":{"rendered":"<p><strong><span style=\"font-family: arial, helvetica, sans-serif; font-size: 18pt;\">Reliable Integrated 6.6KW OBC 1.5KW DC-DC Liquid-Cooled<\/span><\/strong><\/p>\r\n<p><span style=\"font-family: arial, helvetica, sans-serif; font-size: 14pt;\">The Ovartech CAD662DF400-14152 is a high-efficiency integrated 6.6KW Liquid-Cooled OBC DC-DC Charger, supporting 85~265V AC input and 200-420Vdc output. Its space-saving all-in-one design cuts integration costs, while global standards compliance and IP67 rating ensure reliable performance for electric vehicles.<\/span><\/p>\r\n<div><span style=\"font-family: arial, helvetica, sans-serif; font-size: 14pt;\">Built for efficiency, robustness and safety in electric vehicle battery charging, the CAD662DF400-14152 on-board charger series supports a wide AC input voltage range of 85~265V, enabling global compatibility. Its high-efficiency operation delivers more economical charging, while intelligent CC\/CV charging with automatic cut-off ensures optimized battery performance.<\/span><\/div>\r\n<div>\u00a0<\/div>\r\n<div><span style=\"font-family: arial, helvetica, sans-serif; font-size: 14pt;\">Comprehensive protections are included: short-circuit, over-voltage, over-current and over-temperature safeguards during charging. The CAN-bus interface transmits real-time data including charging status, interlock connection, and fault\/disconnection alerts to the VCU (Vehicle Control Unit) via the BMS (Battery Management System).<\/span><\/div>\r\n<div>\u00a0<\/div>\r\n<div><span style=\"font-family: arial, helvetica, sans-serif; font-size: 14pt;\">Compliant with SAE J1772 and IEC 61851 international standards, the charger holds an IP67 rating for reliable performance in harsh operating environments.<\/span><\/div>\r\n<div>\u00a0<\/div>\r\n<h2><span style=\"font-family: arial, helvetica, sans-serif;\"><strong><span style=\"font-size: 14pt;\">6.6kW OBC With 1.5kW DC-DC Specification<\/span><\/strong><\/span><\/h2>\r\n<table style=\"width: 42.9632%; height: 280px;\">\r\n<tbody>\r\n<tr style=\"height: 28px;\">\r\n<td style=\"width: 195px; height: 28px;\"><strong><span style=\"font-family: arial, helvetica, sans-serif; font-size: 14pt;\">Model \uff1a<\/span><\/strong><\/td>\r\n<td style=\"width: 390px; height: 28px;\"><span style=\"font-family: arial, helvetica, sans-serif; font-size: 14pt;\">CAD662DF400-14152<\/span><\/td>\r\n<\/tr>\r\n<tr style=\"height: 28px;\">\r\n<td style=\"width: 195px; height: 28px;\"><strong><span style=\"font-family: arial, helvetica, sans-serif; font-size: 14pt;\">Power \uff1a<\/span><\/strong><\/td>\r\n<td style=\"width: 390px; height: 28px;\"><span style=\"font-family: arial, helvetica, sans-serif; font-size: 14pt;\">6,6 kW + 1,5 kW<\/span><\/td>\r\n<\/tr>\r\n<tr style=\"height: 28px;\">\r\n<td style=\"width: 195px; height: 28px;\"><strong><span style=\"font-family: arial, helvetica, sans-serif; font-size: 14pt;\">Input voltage \uff1a<\/span><\/strong><\/td>\r\n<td style=\"width: 390px; height: 28px;\"><span style=\"font-family: arial, helvetica, sans-serif; font-size: 14pt;\">85-265 V CC<\/span><\/td>\r\n<\/tr>\r\n<tr style=\"height: 28px;\">\r\n<td style=\"width: 195px; height: 28px;\"><strong><span style=\"font-family: arial, helvetica, sans-serif; font-size: 14pt;\">Output current \uff1a<\/span><\/strong><\/td>\r\n<td style=\"width: 390px; height: 28px;\"><span style=\"font-family: arial, helvetica, sans-serif; font-size: 14pt;\">0-20 A<\/span><\/td>\r\n<\/tr>\r\n<tr style=\"height: 28px;\">\r\n<td style=\"width: 195px; height: 28px;\"><strong><span style=\"font-family: arial, helvetica, sans-serif; font-size: 14pt;\">Output voltage \uff1a<\/span><\/strong><\/td>\r\n<td style=\"width: 390px; height: 28px;\"><span style=\"font-family: arial, helvetica, sans-serif; font-size: 14pt;\">200-420 V CC<\/span><\/td>\r\n<\/tr>\r\n<tr style=\"height: 28px;\">\r\n<td style=\"width: 195px; height: 28px;\"><strong><span style=\"font-family: arial, helvetica, sans-serif; font-size: 14pt;\">Cooling \uff1a<\/span><\/strong><\/td>\r\n<td style=\"width: 390px; height: 28px;\"><span style=\"font-family: arial, helvetica, sans-serif; font-size: 14pt;\">refroidissement par liquide<\/span><\/td>\r\n<\/tr>\r\n<tr style=\"height: 28px;\">\r\n<td style=\"width: 195px; height: 28px;\"><strong><span style=\"font-family: arial, helvetica, sans-serif; font-size: 14pt;\">Dimension \uff1a<\/span><\/strong><\/td>\r\n<td style=\"width: 390px; height: 28px;\"><span style=\"font-family: arial, helvetica, sans-serif; font-size: 14pt;\">454 x 291 x 83 mm ; 17,9 \u00d7 11,5 \u00d7 3,2 pouces\u201d<\/span><\/td>\r\n<\/tr>\r\n<tr style=\"height: 28px;\">\r\n<td style=\"width: 195px; height: 28px;\"><strong><span style=\"font-family: arial, helvetica, sans-serif; font-size: 14pt;\">Weight \uff1a<\/span><\/strong><\/td>\r\n<td style=\"width: 390px; height: 28px;\"><span style=\"font-family: arial, helvetica, sans-serif; font-size: 14pt;\">8 kg ; 17,6 lb<\/span><\/td>\r\n<\/tr>\r\n<tr style=\"height: 28px;\">\r\n<td style=\"width: 195px; height: 28px;\"><strong><span style=\"font-family: arial, helvetica, sans-serif; font-size: 14pt;\">IP rate \uff1a<\/span><\/strong><\/td>\r\n<td style=\"width: 390px; height: 28px;\"><span style=\"font-family: arial, helvetica, sans-serif; font-size: 14pt;\">IP67<\/span><\/td>\r\n<\/tr>\r\n<tr style=\"height: 28px;\">\r\n<td style=\"width: 195px; height: 28px;\"><strong><span style=\"font-family: arial, helvetica, sans-serif; font-size: 14pt;\">Interface \uff1a<\/span><\/strong><\/td>\r\n<td style=\"width: 390px; height: 28px;\"><span style=\"font-family: arial, helvetica, sans-serif; font-size: 14pt;\">CAN BUS\/Activer le contr\u00f4le<\/span><\/td>\r\n<\/tr>\r\n<\/tbody>\r\n<\/table>\r\n<h2>\u00a0<\/h2>\r\n<h2><span style=\"font-family: arial, helvetica, sans-serif;\"><strong><span style=\"font-size: 14pt;\">6.6kW OBC With 1.5kW DC-DC Details<\/span><\/strong><\/span><\/h2>\r\n<p><span style=\"font-family: arial, helvetica, sans-serif;\"><\/span><\/p>\r\n<figure class=\"wp-block-image\"><span style=\"font-family: arial, helvetica, sans-serif;\"><img decoding=\"async\" class=\"lazyload alignnone wp-image-337\" src=\"https:\/\/www.ovartech.com\/wp-content\/uploads\/2017\/12\/LIQUID-COOLED-6.6KW-OBC1.5KW-DCDC-1.jpg\" data-orig-src=\"https:\/\/www.ovartech.com\/wp-content\/uploads\/2017\/12\/LIQUID-COOLED-6.6KW-OBC1.5KW-DCDC-1.jpg\" alt=\"Integrated 6.6KW OBC 1.5KW DC-DC\" width=\"800\" height=\"861\" srcset=\"data:image\/svg+xml,%3Csvg%20xmlns%3D%27http%3A%2F%2Fwww.w3.org%2F2000%2Fsvg%27%20width%3D%27800%27%20height%3D%27861%27%20viewBox%3D%270%200%20800%20861%27%3E%3Crect%20width%3D%27800%27%20height%3D%27861%27%20fill-opacity%3D%220%22%2F%3E%3C%2Fsvg%3E\" data-srcset=\"https:\/\/ovartech.com\/wp-content\/uploads\/2017\/12\/LIQUID-COOLED-6.6KW-OBC1.5KW-DCDC-1-120x129.jpg 120w, https:\/\/ovartech.com\/wp-content\/uploads\/2017\/12\/LIQUID-COOLED-6.6KW-OBC1.5KW-DCDC-1-200x215.jpg 200w, https:\/\/ovartech.com\/wp-content\/uploads\/2017\/12\/LIQUID-COOLED-6.6KW-OBC1.5KW-DCDC-1-279x300.jpg 279w, https:\/\/ovartech.com\/wp-content\/uploads\/2017\/12\/LIQUID-COOLED-6.6KW-OBC1.5KW-DCDC-1-400x431.jpg 400w, https:\/\/ovartech.com\/wp-content\/uploads\/2017\/12\/LIQUID-COOLED-6.6KW-OBC1.5KW-DCDC-1-500x538.jpg 500w, https:\/\/ovartech.com\/wp-content\/uploads\/2017\/12\/LIQUID-COOLED-6.6KW-OBC1.5KW-DCDC-1-600x646.jpg 600w, https:\/\/ovartech.com\/wp-content\/uploads\/2017\/12\/LIQUID-COOLED-6.6KW-OBC1.5KW-DCDC-1-700x753.jpg 700w, https:\/\/ovartech.com\/wp-content\/uploads\/2017\/12\/LIQUID-COOLED-6.6KW-OBC1.5KW-DCDC-1-768x827.jpg 768w, https:\/\/ovartech.com\/wp-content\/uploads\/2017\/12\/LIQUID-COOLED-6.6KW-OBC1.5KW-DCDC-1.jpg 800w\" data-sizes=\"auto\" data-orig-sizes=\"(max-width: 800px) 100vw, 800px\" \/><\/span><\/figure>\r\n<p><span style=\"font-family: arial, helvetica, sans-serif;\">\r\n\r\n<\/span><\/p>\r\n<figure class=\"wp-block-image\"><span style=\"font-family: arial, helvetica, sans-serif;\"><img decoding=\"async\" width=\"800\" height=\"721\" class=\"lazyload wp-image-348\" src=\"https:\/\/www.ovartech.com\/wp-content\/uploads\/2020\/08\/LIQUID-COOLED-6.6KW-OBC1.5KW-DCDC-2-1.jpg\" data-orig-src=\"https:\/\/www.ovartech.com\/wp-content\/uploads\/2020\/08\/LIQUID-COOLED-6.6KW-OBC1.5KW-DCDC-2-1.jpg\" alt=\"\" srcset=\"data:image\/svg+xml,%3Csvg%20xmlns%3D%27http%3A%2F%2Fwww.w3.org%2F2000%2Fsvg%27%20width%3D%27800%27%20height%3D%27721%27%20viewBox%3D%270%200%20800%20721%27%3E%3Crect%20width%3D%27800%27%20height%3D%27721%27%20fill-opacity%3D%220%22%2F%3E%3C%2Fsvg%3E\" data-srcset=\"https:\/\/ovartech.com\/wp-content\/uploads\/2020\/08\/LIQUID-COOLED-6.6KW-OBC1.5KW-DCDC-2-1-120x108.jpg 120w, https:\/\/ovartech.com\/wp-content\/uploads\/2020\/08\/LIQUID-COOLED-6.6KW-OBC1.5KW-DCDC-2-1-200x180.jpg 200w, https:\/\/ovartech.com\/wp-content\/uploads\/2020\/08\/LIQUID-COOLED-6.6KW-OBC1.5KW-DCDC-2-1-300x270.jpg 300w, https:\/\/ovartech.com\/wp-content\/uploads\/2020\/08\/LIQUID-COOLED-6.6KW-OBC1.5KW-DCDC-2-1-400x361.jpg 400w, https:\/\/ovartech.com\/wp-content\/uploads\/2020\/08\/LIQUID-COOLED-6.6KW-OBC1.5KW-DCDC-2-1-500x451.jpg 500w, https:\/\/ovartech.com\/wp-content\/uploads\/2020\/08\/LIQUID-COOLED-6.6KW-OBC1.5KW-DCDC-2-1-600x541.jpg 600w, https:\/\/ovartech.com\/wp-content\/uploads\/2020\/08\/LIQUID-COOLED-6.6KW-OBC1.5KW-DCDC-2-1-700x631.jpg 700w, https:\/\/ovartech.com\/wp-content\/uploads\/2020\/08\/LIQUID-COOLED-6.6KW-OBC1.5KW-DCDC-2-1-768x692.jpg 768w, https:\/\/ovartech.com\/wp-content\/uploads\/2020\/08\/LIQUID-COOLED-6.6KW-OBC1.5KW-DCDC-2-1.jpg 800w\" data-sizes=\"auto\" data-orig-sizes=\"(max-width: 800px) 100vw, 800px\" \/><\/span><\/figure>\r\n<p><span style=\"font-size: 14pt; font-family: arial, helvetica, sans-serif;\"><strong>FAQ<\/strong><\/span><\/p>\r\n<p><span style=\"font-family: arial, helvetica, sans-serif;\"><strong><span style=\"font-size: 10pt;\">Q : \u00cates-vous une soci\u00e9t\u00e9 commerciale ou un fabricant ?<\/span><\/strong><\/span><br \/><span style=\"font-size: 10pt; font-family: arial, helvetica, sans-serif;\">R : Nous sommes un fabricant.<\/span><\/p>\r\n<p><span style=\"font-family: arial, helvetica, sans-serif;\"><strong><span style=\"font-size: 10pt;\">Q : Quel est votre d\u00e9lai de livraison ?<\/span><\/strong><\/span><br \/><span style=\"font-size: 10pt; font-family: arial, helvetica, sans-serif;\">R : En g\u00e9n\u00e9ral, il faut compter 5 \u00e0 10 jours si les marchandises sont en stock. Si elles ne sont pas en stock, il faut compter 6 semaines, en fonction de la quantit\u00e9.<\/span><\/p>\r\n<p><span style=\"font-family: arial, helvetica, sans-serif;\"><strong><span style=\"font-size: 10pt;\">Q : Quel est le principal avantage technique de vos produits ?<\/span><\/strong><\/span><br \/><span style=\"font-size: 10pt; font-family: arial, helvetica, sans-serif;\">R : Nous utilisons une technologie de contr\u00f4le num\u00e9rique, qui facilite les mises \u00e0 niveau \u00e0 distance et permet une production enti\u00e8rement automatis\u00e9e.<\/span><\/p>\r\n<p><span style=\"font-family: arial, helvetica, sans-serif;\"><strong><span style=\"font-size: 10pt;\">Q : Quelles sont vos capacit\u00e9s en mati\u00e8re d'essais techniques et de validation ?<\/span><\/strong><\/span><br \/><span style=\"font-size: 10pt; font-family: arial, helvetica, sans-serif;\">R : Nous vous r\u00e9pondrons dans les deux heures et r\u00e9soudrons le probl\u00e8me dans les 24 heures.<\/span><\/p>\r\n<p><span style=\"font-family: arial, helvetica, sans-serif;\"><strong><span style=\"font-size: 10pt;\">Q : Quelles sont vos conditions de paiement ?<\/span><\/strong><\/span><br \/><span style=\"font-size: 10pt; font-family: arial, helvetica, sans-serif;\">A : Pr\u00e9paiement 100%.\u00a0\u00a0<\/span><\/p>\r\n<p><span style=\"font-family: arial, helvetica, sans-serif;\"><strong><span style=\"font-size: 10pt;\">Q : Qu'est-ce que la quantit\u00e9 minimale de commande (MOQ) ?<\/span><\/strong><\/span><\/p>\r\n<p><span style=\"font-size: 10pt; font-family: arial, helvetica, sans-serif;\">A : 1 unit\u00e9.<\/span><\/p>\r\n<p><span style=\"font-family: arial, helvetica, sans-serif;\"><strong><span style=\"font-size: 10pt;\">Q : Acceptez-vous les personnalisations ?<\/span><\/strong><\/span><\/p>\r\n<p><span style=\"font-size: 10pt; font-family: arial, helvetica, sans-serif;\">R : Oui, les services OEM et ODM sont tous pris en charge.<\/span><\/p>\r\n<p><span style=\"font-family: arial, helvetica, sans-serif;\"><strong><span style=\"font-size: 10pt;\">Q : Fournissez-vous un \u00e9chantillon gratuit avant la commande ?<\/span><\/strong><\/span><\/p>\r\n<p><span style=\"font-size: 10pt; font-family: arial, helvetica, sans-serif;\">R : En r\u00e8gle g\u00e9n\u00e9rale, vous devez payer pour cela.<\/span><\/p>\r\n<p><span style=\"font-family: arial, helvetica, sans-serif;\"><strong><span style=\"font-size: 10pt;\">Q : Quelle est votre politique en mati\u00e8re d'\u00e9chantillons ?<\/span><\/strong><\/span><\/p>\r\n<p><span style=\"font-size: 10pt; font-family: arial, helvetica, sans-serif;\">R : Nous pouvons fournir l'\u00e9chantillon si nous avons les pi\u00e8ces en stock, les clients doivent payer le co\u00fbt de l'\u00e9chantillon et les frais d'exp\u00e9dition.<\/span><\/p>\r\n<p><span style=\"font-family: arial, helvetica, sans-serif;\"><strong><span style=\"font-size: 10pt;\">Q : Testez-vous tous vos produits avant leur livraison ?<\/span><\/strong><\/span><\/p>\r\n<p><span style=\"font-size: 10pt; font-family: arial, helvetica, sans-serif;\">R : Oui, nous effectuons un test 100% avant la livraison. Si n\u00e9cessaire, nous pouvons envoyer un rapport d'inspection avant la livraison.<\/span><\/p>\r\n<p><span style=\"font-family: arial, helvetica, sans-serif;\"><strong><span style=\"font-size: 10pt;\">Q : Comment \u00e9tablir une relation commerciale durable et fructueuse ?<\/span><\/strong><\/span><\/p>\r\n<p data-spm-anchor-id=\"a2700.details.0.i14.37d9a03fIpMZvt\"><span style=\"font-size: 10pt; font-family: arial, helvetica, sans-serif;\" data-spm-anchor-id=\"a2700.details.0.i15.37d9a03fIpMZvt\">R : 1. Nous maintenons une bonne qualit\u00e9 et des prix comp\u00e9titifs afin de garantir les int\u00e9r\u00eats de nos clients.<\/span><\/p>\r\n<p data-spm-anchor-id=\"a2700.details.0.i17.37d9a03fIpMZvt\"><span style=\"font-size: 10pt; font-family: arial, helvetica, sans-serif;\" data-spm-anchor-id=\"a2700.details.0.i16.37d9a03fIpMZvt\">\u00a0 \u00a0 \u00a02. Nous respectons chaque client comme un ami et nous faisons sinc\u00e8rement des affaires et nous nous lions d'amiti\u00e9 avec eux, peu importe d'o\u00f9 ils viennent.<\/span><\/p>\r\n<p>&nbsp;<\/p>\r\n<p><span style=\"font-family: arial, helvetica, sans-serif;\">\r\n\r\n<\/span><\/p>","protected":false},"excerpt":{"rendered":"<p>Reliable Integrated 6.6KW OBC 1.5KW DC-DC Liquid-Cooled<\/p>","protected":false},"featured_media":1656,"template":"","meta":{"_acf_changed":false,"content-type":""},"product_brand":[],"product_cat":[24],"product_tag":[55,35,39,38,36],"class_list":{"0":"post-258","1":"product","2":"type-product","3":"status-publish","4":"has-post-thumbnail","6":"product_cat-chargerdc-dc-converter-integration","7":"product_tag-6-6kw-obc2kw-dc-dc","8":"product_tag-6-6kw-on-board-charger","9":"product_tag-battery-chargerdc-dc-converter","10":"product_tag-ev-battery-charger","11":"product_tag-ev-on-board-charger-6-6kw","13":"first","14":"instock","15":"shipping-taxable","16":"product-type-simple"},"acf":[],"_links":{"self":[{"href":"https:\/\/ovartech.com\/fr\/wp-json\/wp\/v2\/product\/258","targetHints":{"allow":["GET"]}}],"collection":[{"href":"https:\/\/ovartech.com\/fr\/wp-json\/wp\/v2\/product"}],"about":[{"href":"https:\/\/ovartech.com\/fr\/wp-json\/wp\/v2\/types\/product"}],"wp:featuredmedia":[{"embeddable":true,"href":"https:\/\/ovartech.com\/fr\/wp-json\/wp\/v2\/media\/1656"}],"wp:attachment":[{"href":"https:\/\/ovartech.com\/fr\/wp-json\/wp\/v2\/media?parent=258"}],"wp:term":[{"taxonomy":"product_brand","embeddable":true,"href":"https:\/\/ovartech.com\/fr\/wp-json\/wp\/v2\/product_brand?post=258"},{"taxonomy":"product_cat","embeddable":true,"href":"https:\/\/ovartech.com\/fr\/wp-json\/wp\/v2\/product_cat?post=258"},{"taxonomy":"product_tag","embeddable":true,"href":"https:\/\/ovartech.com\/fr\/wp-json\/wp\/v2\/product_tag?post=258"}],"curies":[{"name":"wp","href":"https:\/\/api.w.org\/{rel}","templated":true}]}}