{"id":237,"date":"2017-12-13T05:44:48","date_gmt":"2017-12-13T05:44:48","guid":{"rendered":"https:\/\/www.ovartech.com\/?post_type=product&#038;p=237"},"modified":"2026-03-20T07:41:27","modified_gmt":"2026-03-20T07:41:27","slug":"ev-on-board-charger-qb-series-industrial","status":"publish","type":"product","link":"https:\/\/ovartech.com\/fr\/product\/ev-on-board-charger-qb-series-industrial\/","title":{"rendered":"Efficient EV On-Board Charger QB Series Industrial Battery Charger"},"content":{"rendered":"<p><strong><span style=\"font-family: arial, helvetica, sans-serif; font-size: 18pt;\">Efficient EV On-Board Charger QB Series Industrial Battery Charger<\/span><\/strong><\/p>\n<p><span style=\"color: #000000; font-family: arial, helvetica, sans-serif; font-size: 14pt;\">The OVAR QB Series is a highly durable and waterproof on-board\/off-board charger designed for industrial applications, supporting global single-phase grids with up to 96% peak efficiency. It supports customizable charging profiles, offering excellent flexibility for different battery types and customer requirements.<\/span><\/p>\n<p><span style=\"color: #000000; font-family: arial, helvetica, sans-serif; font-size: 14pt;\">This industrial battery charger is an ideal solution for charging and maintaining 24V, 36V and 48V industrial deep-cycle batteries. It is widely used in golf carts, scissor lifts, utility vehicles, electric vehicles and various other industrial vehicles and equipment.<\/span><\/p>\n<p><span style=\"font-family: arial, helvetica, sans-serif; font-size: 14pt;\">With advanced technology, the QB Series effectively prolongs battery life and extends operating run time. This portable industrial charger provides multiple charging modes to suit different working scenarios, ensuring stable and reliable performance in tough environments.<\/span><\/p>\n<h2><strong><span style=\"font-size: 14pt; font-family: arial, helvetica, sans-serif;\">QB Series Battery Charger Specification<\/span><\/strong><\/h2>\n<table style=\"width: 62.8589%; height: 270px;\">\n<tbody>\n<tr style=\"height: 27px;\">\n<td style=\"width: 28.6502%; height: 27px;\"><strong><span style=\"color: #000000; font-family: arial, helvetica, sans-serif; font-size: 14pt;\">Mod\u00e8le<\/span><\/strong><\/td>\n<td style=\"width: 25.8518%; height: 27px;\"><strong><span style=\"color: #000000; font-family: arial, helvetica, sans-serif; font-size: 14pt;\">QB2425<\/span><\/strong><\/td>\n<td style=\"width: 23.8121%; height: 27px;\"><strong><span style=\"color: #000000; font-family: arial, helvetica, sans-serif; font-size: 14pt;\">QB3618<\/span><\/strong><\/td>\n<td style=\"width: 45.7722%; height: 27px;\"><strong><span style=\"color: #000000; font-family: arial, helvetica, sans-serif; font-size: 14pt;\">QB4815<\/span><\/strong><\/td>\n<\/tr>\n<tr style=\"height: 27px;\">\n<td style=\"width: 28.6502%; height: 27px;\"><strong><span style=\"color: #000000; font-family: arial, helvetica, sans-serif; font-size: 14pt;\">Tension d'entr\u00e9e<\/span><\/strong><\/td>\n<td style=\"width: 25.8518%; height: 27px;\"><span style=\"color: #000000; font-family: arial, helvetica, sans-serif; font-size: 14pt;\">120 V\/240 V<\/span><\/td>\n<td style=\"width: 23.8121%; height: 27px;\"><span style=\"color: #000000; font-family: arial, helvetica, sans-serif; font-size: 14pt;\">120 V\/240 V<\/span><\/td>\n<td style=\"width: 45.7722%; height: 27px;\"><span style=\"color: #000000; font-family: arial, helvetica, sans-serif; font-size: 14pt;\">120 V\/240 V<\/span><\/td>\n<\/tr>\n<tr style=\"height: 27px;\">\n<td style=\"width: 28.6502%; height: 27px;\"><strong><span style=\"color: #000000; font-family: arial, helvetica, sans-serif; font-size: 14pt;\">Courant de sortie<\/span><\/strong><\/td>\n<td style=\"width: 25.8518%; height: 27px;\"><span style=\"color: #000000; font-family: arial, helvetica, sans-serif; font-size: 14pt;\">25A<\/span><\/td>\n<td style=\"width: 23.8121%; height: 27px;\"><span style=\"color: #000000; font-family: arial, helvetica, sans-serif; font-size: 14pt;\">18A<\/span><\/td>\n<td style=\"width: 45.7722%; height: 27px;\"><span style=\"color: #000000; font-family: arial, helvetica, sans-serif; font-size: 14pt;\">15A<\/span><\/td>\n<\/tr>\n<tr style=\"height: 27px;\">\n<td style=\"width: 28.6502%; height: 27px;\"><strong><span style=\"color: #000000; font-family: arial, helvetica, sans-serif; font-size: 14pt;\">Tension de sortie<\/span><\/strong><\/td>\n<td style=\"width: 25.8518%; height: 27px;\"><span style=\"color: #000000; font-family: arial, helvetica, sans-serif; font-size: 14pt;\">24 V<\/span><\/td>\n<td style=\"width: 23.8121%; height: 27px;\"><span style=\"color: #000000; font-family: arial, helvetica, sans-serif; font-size: 14pt;\">36 V<\/span><\/td>\n<td style=\"width: 45.7722%; height: 27px;\"><span style=\"color: #000000; font-family: arial, helvetica, sans-serif; font-size: 14pt;\">48 V<\/span><\/td>\n<\/tr>\n<tr style=\"height: 27px;\">\n<td style=\"width: 28.6502%; height: 27px;\"><strong><span style=\"color: #000000; font-family: arial, helvetica, sans-serif; font-size: 14pt;\">Dimension<\/span><\/strong><\/td>\n<td style=\"width: 95.4361%; height: 27px;\" colspan=\"3\"><span style=\"color: #000000; font-family: arial, helvetica, sans-serif; font-size: 14pt;\">8,1 \u00d7 7,1 \u00d7 6,5 pouces ; 205 \u00d7 180 \u00d7 164,8 mm<\/span><\/td>\n<\/tr>\n<tr style=\"height: 27px;\">\n<td style=\"width: 28.6502%; height: 27px;\"><strong><span style=\"color: #000000; font-family: arial, helvetica, sans-serif; font-size: 14pt;\">Poids<\/span><\/strong><\/td>\n<td style=\"width: 95.4361%; height: 27px;\" colspan=\"3\"><span style=\"color: #000000; font-family: arial, helvetica, sans-serif; font-size: 14pt;\">5 kg<\/span><\/td>\n<\/tr>\n<tr style=\"height: 27px;\">\n<td style=\"width: 28.6502%; height: 27px;\"><strong><span style=\"color: #000000; font-family: arial, helvetica, sans-serif; font-size: 14pt;\">taux IP<\/span><\/strong><\/td>\n<td style=\"width: 95.4361%; height: 27px;\" colspan=\"3\"><span style=\"color: #000000; font-family: arial, helvetica, sans-serif; font-size: 14pt;\">IP65\u00a0\u00a0\u00a0\u00a0<\/span><\/td>\n<\/tr>\n<tr style=\"height: 27px;\">\n<td style=\"width: 28.6502%; height: 27px;\"><strong><span style=\"color: #000000; font-family: arial, helvetica, sans-serif; font-size: 14pt;\">Type de batterie<\/span><\/strong><\/td>\n<td style=\"width: 95.4361%; height: 27px;\" colspan=\"3\"><span style=\"color: #000000; font-family: arial, helvetica, sans-serif; font-size: 14pt;\">Acide de plomb (humide \/ AGM \/ GEL), lithium-ion<\/span><\/td>\n<\/tr>\n<tr style=\"height: 27px;\">\n<td style=\"width: 28.6502%; height: 27px;\"><strong><span style=\"color: #000000; font-family: arial, helvetica, sans-serif; font-size: 14pt;\">Inverser la polarit\u00e9<\/span><\/strong><\/td>\n<td style=\"width: 95.4361%; height: 27px;\" colspan=\"3\"><span style=\"color: #000000; font-family: arial, helvetica, sans-serif; font-size: 14pt;\">Protection \u00e9lectronique avec r\u00e9initialisation automatique<\/span><\/td>\n<\/tr>\n<tr style=\"height: 27px;\">\n<td style=\"width: 28.6502%; height: 27px;\"><strong><span style=\"color: #000000; font-family: arial, helvetica, sans-serif; font-size: 14pt;\">Court-circuit<\/span><\/strong><\/td>\n<td style=\"width: 95.4361%; height: 27px;\" colspan=\"3\"><span style=\"color: #000000; font-family: arial, helvetica, sans-serif; font-size: 14pt;\">Limite de courant \u00e9lectronique<\/span><\/td>\n<\/tr>\n<\/tbody>\n<\/table>\n<p>&nbsp;<\/p>\n<h3><strong><span style=\"font-size: 14pt; font-family: arial, helvetica, sans-serif;\">QB Series Battery Charger Detials<\/span><\/strong><\/h3>\n<table style=\"border-collapse: collapse; width: 90.8797%;\">\n<tbody>\n<tr>\n<td style=\"width: 41.773%;\"><a href=\"https:\/\/ovartech.com\/wp-content\/uploads\/2017\/12\/JC5A7768.jpg\"><img decoding=\"async\" class=\"lazyload alignnone wp-image-239 size-full\" src=\"https:\/\/ovartech.com\/wp-content\/uploads\/2017\/12\/JC5A7768.jpg\" data-orig-src=\"https:\/\/ovartech.com\/wp-content\/uploads\/2017\/12\/JC5A7768.jpg\" alt=\"Efficient EV On-Board Charger QB Series Industrial Battery Charger\" width=\"800\" height=\"628\" srcset=\"data:image\/svg+xml,%3Csvg%20xmlns%3D%27http%3A%2F%2Fwww.w3.org%2F2000%2Fsvg%27%20width%3D%27800%27%20height%3D%27628%27%20viewBox%3D%270%200%20800%20628%27%3E%3Crect%20width%3D%27800%27%20height%3D%27628%27%20fill-opacity%3D%220%22%2F%3E%3C%2Fsvg%3E\" data-srcset=\"https:\/\/ovartech.com\/wp-content\/uploads\/2017\/12\/JC5A7768-120x94.jpg 120w, https:\/\/ovartech.com\/wp-content\/uploads\/2017\/12\/JC5A7768-200x157.jpg 200w, https:\/\/ovartech.com\/wp-content\/uploads\/2017\/12\/JC5A7768-300x236.jpg 300w, https:\/\/ovartech.com\/wp-content\/uploads\/2017\/12\/JC5A7768-400x314.jpg 400w, https:\/\/ovartech.com\/wp-content\/uploads\/2017\/12\/JC5A7768-500x393.jpg 500w, https:\/\/ovartech.com\/wp-content\/uploads\/2017\/12\/JC5A7768-600x471.jpg 600w, https:\/\/ovartech.com\/wp-content\/uploads\/2017\/12\/JC5A7768-700x550.jpg 700w, https:\/\/ovartech.com\/wp-content\/uploads\/2017\/12\/JC5A7768-768x603.jpg 768w, https:\/\/ovartech.com\/wp-content\/uploads\/2017\/12\/JC5A7768.jpg 800w\" data-sizes=\"auto\" data-orig-sizes=\"(max-width: 800px) 100vw, 800px\" \/><\/a><\/td>\n<td style=\"width: 49.1071%;\"><a href=\"https:\/\/ovartech.com\/wp-content\/uploads\/2017\/12\/QB.jpg\"><img decoding=\"async\" class=\"lazyload alignnone wp-image-240\" src=\"https:\/\/ovartech.com\/wp-content\/uploads\/2017\/12\/QB.jpg\" data-orig-src=\"https:\/\/ovartech.com\/wp-content\/uploads\/2017\/12\/QB.jpg\" alt=\"Efficient EV On-Board Charger QB Series Industrial Battery Charger\" width=\"755\" height=\"517\" srcset=\"data:image\/svg+xml,%3Csvg%20xmlns%3D%27http%3A%2F%2Fwww.w3.org%2F2000%2Fsvg%27%20width%3D%27755%27%20height%3D%27517%27%20viewBox%3D%270%200%20755%20517%27%3E%3Crect%20width%3D%27755%27%20height%3D%27517%27%20fill-opacity%3D%220%22%2F%3E%3C%2Fsvg%3E\" data-srcset=\"https:\/\/ovartech.com\/wp-content\/uploads\/2017\/12\/QB-120x82.jpg 120w, https:\/\/ovartech.com\/wp-content\/uploads\/2017\/12\/QB-200x137.jpg 200w, https:\/\/ovartech.com\/wp-content\/uploads\/2017\/12\/QB-300x206.jpg 300w, https:\/\/ovartech.com\/wp-content\/uploads\/2017\/12\/QB-400x274.jpg 400w, https:\/\/ovartech.com\/wp-content\/uploads\/2017\/12\/QB-500x343.jpg 500w, https:\/\/ovartech.com\/wp-content\/uploads\/2017\/12\/QB-600x411.jpg 600w, https:\/\/ovartech.com\/wp-content\/uploads\/2017\/12\/QB-700x480.jpg 700w, https:\/\/ovartech.com\/wp-content\/uploads\/2017\/12\/QB-768x526.jpg 768w, https:\/\/ovartech.com\/wp-content\/uploads\/2017\/12\/QB.jpg 800w\" data-sizes=\"auto\" data-orig-sizes=\"(max-width: 755px) 100vw, 755px\" \/><\/a><\/td>\n<\/tr>\n<\/tbody>\n<\/table>\n<p>&nbsp;<\/p>\n<p><span style=\"font-size: 14pt; font-family: arial, helvetica, sans-serif;\"><strong>FAQ<\/strong><\/span><\/p>\n<p><span style=\"font-family: arial, helvetica, sans-serif;\"><strong><span style=\"font-size: 10pt;\">Q : \u00cates-vous une soci\u00e9t\u00e9 commerciale ou un fabricant ?<\/span><\/strong><\/span><br \/>\n<span style=\"font-size: 10pt; font-family: arial, helvetica, sans-serif;\">R : Nous sommes un fabricant.<\/span><\/p>\n<p><span style=\"font-family: arial, helvetica, sans-serif;\"><strong><span style=\"font-size: 10pt;\">Q : Quel est votre d\u00e9lai de livraison ?<\/span><\/strong><\/span><br \/>\n<span style=\"font-size: 10pt; font-family: arial, helvetica, sans-serif;\">R : En g\u00e9n\u00e9ral, il faut compter 5 \u00e0 10 jours si les marchandises sont en stock. Si elles ne sont pas en stock, il faut compter 6 semaines, en fonction de la quantit\u00e9.<\/span><\/p>\n<p><span style=\"font-family: arial, helvetica, sans-serif;\"><strong><span style=\"font-size: 10pt;\">Q : Quel est le principal avantage technique de vos produits ?<\/span><\/strong><\/span><br \/>\n<span style=\"font-size: 10pt; font-family: arial, helvetica, sans-serif;\">R : Nous utilisons une technologie de contr\u00f4le num\u00e9rique, qui facilite les mises \u00e0 niveau \u00e0 distance et permet une production enti\u00e8rement automatis\u00e9e.<\/span><\/p>\n<p><span style=\"font-family: arial, helvetica, sans-serif;\"><strong><span style=\"font-size: 10pt;\">Q : Quelles sont vos capacit\u00e9s en mati\u00e8re d'essais techniques et de validation ?<\/span><\/strong><\/span><br \/>\n<span style=\"font-size: 10pt; font-family: arial, helvetica, sans-serif;\">R : Nous vous r\u00e9pondrons dans les deux heures et r\u00e9soudrons le probl\u00e8me dans les 24 heures.<\/span><\/p>\n<p><span style=\"font-family: arial, helvetica, sans-serif;\"><strong><span style=\"font-size: 10pt;\">Q : Quelles sont vos conditions de paiement ?<\/span><\/strong><\/span><br \/>\n<span style=\"font-size: 10pt; font-family: arial, helvetica, sans-serif;\">A : Pr\u00e9paiement 100%.<\/span><\/p>\n<p><span style=\"font-family: arial, helvetica, sans-serif;\"><strong><span style=\"font-size: 10pt;\">Q : Qu'est-ce que la quantit\u00e9 minimale de commande (MOQ) ?<\/span><\/strong><\/span><\/p>\n<p><span style=\"font-size: 10pt; font-family: arial, helvetica, sans-serif;\">A : 1 unit\u00e9.<\/span><\/p>\n<p><span style=\"font-family: arial, helvetica, sans-serif;\"><strong><span style=\"font-size: 10pt;\">Q : Acceptez-vous les personnalisations ?<\/span><\/strong><\/span><\/p>\n<p><span style=\"font-size: 10pt; font-family: arial, helvetica, sans-serif;\">R : Oui, les services OEM et ODM sont tous pris en charge.<\/span><\/p>\n<p><span style=\"font-family: arial, helvetica, sans-serif;\"><strong><span style=\"font-size: 10pt;\">Q : Fournissez-vous un \u00e9chantillon gratuit avant la commande ?<\/span><\/strong><\/span><\/p>\n<p><span style=\"font-size: 10pt; font-family: arial, helvetica, sans-serif;\">R : En r\u00e8gle g\u00e9n\u00e9rale, vous devez payer pour cela.<\/span><\/p>\n<p><span style=\"font-family: arial, helvetica, sans-serif;\"><strong><span style=\"font-size: 10pt;\">Q : Quelle est votre politique en mati\u00e8re d'\u00e9chantillons ?<\/span><\/strong><\/span><\/p>\n<p><span style=\"font-size: 10pt; font-family: arial, helvetica, sans-serif;\">R : Nous pouvons fournir l'\u00e9chantillon si nous avons les pi\u00e8ces en stock, les clients doivent payer le co\u00fbt de l'\u00e9chantillon et les frais d'exp\u00e9dition.<\/span><\/p>\n<p><span style=\"font-family: arial, helvetica, sans-serif;\"><strong><span style=\"font-size: 10pt;\">Q : Testez-vous tous vos produits avant leur livraison ?<\/span><\/strong><\/span><\/p>\n<p><span style=\"font-size: 10pt; font-family: arial, helvetica, sans-serif;\">R : Oui, nous effectuons un test 100% avant la livraison. Si n\u00e9cessaire, nous pouvons envoyer un rapport d'inspection avant la livraison.<\/span><\/p>\n<p><span style=\"font-family: arial, helvetica, sans-serif;\"><strong><span style=\"font-size: 10pt;\">Q : Comment \u00e9tablir une relation commerciale durable et fructueuse ?<\/span><\/strong><\/span><\/p>\n<p data-spm-anchor-id=\"a2700.details.0.i14.37d9a03fIpMZvt\"><span style=\"font-size: 10pt; font-family: arial, helvetica, sans-serif;\" data-spm-anchor-id=\"a2700.details.0.i15.37d9a03fIpMZvt\">R : 1. Nous maintenons une bonne qualit\u00e9 et des prix comp\u00e9titifs afin de garantir les int\u00e9r\u00eats de nos clients.<\/span><\/p>\n<p data-spm-anchor-id=\"a2700.details.0.i17.37d9a03fIpMZvt\"><span style=\"font-size: 10pt; font-family: arial, helvetica, sans-serif;\" data-spm-anchor-id=\"a2700.details.0.i16.37d9a03fIpMZvt\">\u00a0 \u00a0 \u00a02. Nous respectons chaque client comme un ami et nous faisons sinc\u00e8rement des affaires et nous nous lions d'amiti\u00e9 avec eux, peu importe d'o\u00f9 ils viennent.<\/span><\/p>","protected":false},"excerpt":{"rendered":"<p>Efficient EV On-Board Charger QB Series Industrial Battery Charger<\/p>\n<p>&nbsp;<\/p>","protected":false},"featured_media":239,"template":"","meta":{"_acf_changed":false,"content-type":""},"product_brand":[],"product_cat":[21],"product_tag":[42,43,41,49,48,44],"class_list":{"0":"post-237","1":"product","2":"type-product","3":"status-publish","4":"has-post-thumbnail","6":"product_cat-low-speed-ev-charger","7":"product_tag-forklift-charger","8":"product_tag-golf-cart-charger","9":"product_tag-industrial-battery-charger","10":"product_tag-lithium-battery-charger-36v","11":"product_tag-lithium-battery-charger-48v","12":"product_tag-scissor-lift-charger","14":"first","15":"instock","16":"featured","17":"shipping-taxable","18":"product-type-simple"},"acf":[],"_links":{"self":[{"href":"https:\/\/ovartech.com\/fr\/wp-json\/wp\/v2\/product\/237","targetHints":{"allow":["GET"]}}],"collection":[{"href":"https:\/\/ovartech.com\/fr\/wp-json\/wp\/v2\/product"}],"about":[{"href":"https:\/\/ovartech.com\/fr\/wp-json\/wp\/v2\/types\/product"}],"wp:featuredmedia":[{"embeddable":true,"href":"https:\/\/ovartech.com\/fr\/wp-json\/wp\/v2\/media\/239"}],"wp:attachment":[{"href":"https:\/\/ovartech.com\/fr\/wp-json\/wp\/v2\/media?parent=237"}],"wp:term":[{"taxonomy":"product_brand","embeddable":true,"href":"https:\/\/ovartech.com\/fr\/wp-json\/wp\/v2\/product_brand?post=237"},{"taxonomy":"product_cat","embeddable":true,"href":"https:\/\/ovartech.com\/fr\/wp-json\/wp\/v2\/product_cat?post=237"},{"taxonomy":"product_tag","embeddable":true,"href":"https:\/\/ovartech.com\/fr\/wp-json\/wp\/v2\/product_tag?post=237"}],"curies":[{"name":"wp","href":"https:\/\/api.w.org\/{rel}","templated":true}]}}