{"id":231,"date":"2017-12-11T11:06:03","date_gmt":"2017-12-11T11:06:03","guid":{"rendered":"https:\/\/www.ovartech.com\/?post_type=product&#038;p=231"},"modified":"2026-03-20T08:07:22","modified_gmt":"2026-03-20T08:07:22","slug":"48v-25a-battery-charger-for-golf-carts","status":"publish","type":"product","link":"https:\/\/ovartech.com\/fr\/product\/48v-25a-battery-charger-for-golf-carts\/","title":{"rendered":"Professional 48V 25A Battery Charger for Golf Carts"},"content":{"rendered":"<p><strong><span style=\"font-family: arial, helvetica, sans-serif; font-size: 18pt;\">Professional 48V 25A Battery Charger for Golf Carts<\/span><\/strong><\/p>\n<p><span style=\"color: #000000; font-family: arial, helvetica, sans-serif; font-size: 14pt;\">The OVAR QY Series is a highly durable and waterproof on-board or off-board charger that works with any single-phase grid worldwide, delivering up to 96% peak efficiency. Customizable charging profiles allow flexible battery charging solutions to meet different customer needs. <\/span><\/p>\n<p><span style=\"color: #000000; font-family: arial, helvetica, sans-serif; font-size: 14pt;\">This industrial battery charger is ideal for charging and maintaining 24V, 36V and 48V industrial deep-cycle batteries used in golf carts, scissor lifts, utility vehicles, electric vehicles and other industrial equipment.<\/span><\/p>\n<p><span style=\"font-family: arial, helvetica, sans-serif; font-size: 14pt;\">Advanced technology helps to extend battery life and longer run time. This portable charger supports multiple charging modes, ensuring stable and reliable performance in various working environments.<\/span><\/p>\n<h2><strong><span style=\"font-family: arial, helvetica, sans-serif; font-size: 14pt;\">QY Series Battery Charger Specification<\/span><\/strong><\/h2>\n<table style=\"width: 763px;\">\n<tbody>\n<tr>\n<td style=\"width: 522px;\"><strong><span style=\"color: #000000; font-family: arial, helvetica, sans-serif; font-size: 14pt;\">Mod\u00e8le<\/span><\/strong><\/td>\n<td style=\"width: 339px;\"><strong><span style=\"color: #000000; font-family: arial, helvetica, sans-serif; font-size: 14pt;\">QY2425<\/span><\/strong><\/td>\n<td style=\"width: 338px;\"><strong><span style=\"color: #000000; font-family: arial, helvetica, sans-serif; font-size: 14pt;\">QY3615<\/span><\/strong><\/td>\n<td style=\"width: 299.883px;\"><strong><span style=\"color: #000000; font-family: arial, helvetica, sans-serif; font-size: 14pt;\">QY4815<\/span><\/strong><\/td>\n<\/tr>\n<tr>\n<td style=\"width: 522px;\"><strong><span style=\"color: #000000; font-family: arial, helvetica, sans-serif; font-size: 14pt;\">Tension d'entr\u00e9e<\/span><\/strong><\/td>\n<td style=\"width: 339px;\"><span style=\"color: #000000; font-family: arial, helvetica, sans-serif; font-size: 14pt;\">120 V\/240 V<\/span><\/td>\n<td style=\"width: 338px;\"><span style=\"color: #000000; font-family: arial, helvetica, sans-serif; font-size: 14pt;\">120 V\/240 V<\/span><\/td>\n<td style=\"width: 299.883px;\"><span style=\"color: #000000; font-family: arial, helvetica, sans-serif; font-size: 14pt;\">120 V\/240 V<\/span><\/td>\n<\/tr>\n<tr>\n<td style=\"width: 522px;\"><strong><span style=\"color: #000000; font-family: arial, helvetica, sans-serif; font-size: 14pt;\">Courant de sortie<\/span><\/strong><\/td>\n<td style=\"width: 339px;\"><span style=\"color: #000000; font-family: arial, helvetica, sans-serif; font-size: 14pt;\">25A<\/span><\/td>\n<td style=\"width: 338px;\"><span style=\"color: #000000; font-family: arial, helvetica, sans-serif; font-size: 14pt;\">15A<\/span><\/td>\n<td style=\"width: 299.883px;\"><span style=\"color: #000000; font-family: arial, helvetica, sans-serif; font-size: 14pt;\">15A<\/span><\/td>\n<\/tr>\n<tr>\n<td style=\"width: 522px;\"><strong><span style=\"color: #000000; font-family: arial, helvetica, sans-serif; font-size: 14pt;\">Tension de sortie<\/span><\/strong><\/td>\n<td style=\"width: 339px;\"><span style=\"color: #000000; font-family: arial, helvetica, sans-serif; font-size: 14pt;\">24 V<\/span><\/td>\n<td style=\"width: 338px;\"><span style=\"color: #000000; font-family: arial, helvetica, sans-serif; font-size: 14pt;\">36 V<\/span><\/td>\n<td style=\"width: 299.883px;\"><span style=\"color: #000000; font-family: arial, helvetica, sans-serif; font-size: 14pt;\">48 V<\/span><\/td>\n<\/tr>\n<tr>\n<td style=\"width: 522px;\"><strong><span style=\"color: #000000; font-family: arial, helvetica, sans-serif; font-size: 14pt;\">Dimension<\/span><\/strong><\/td>\n<td style=\"width: 1768px;\" colspan=\"3\"><span style=\"color: #000000; font-family: arial, helvetica, sans-serif; font-size: 14pt;\">10,9 \u00d7 9,5 \u00d7 4 pouces ; 278 \u00d7 243 \u00d7 104 mm<\/span><\/td>\n<\/tr>\n<tr>\n<td style=\"width: 522px;\"><strong><span style=\"color: #000000; font-family: arial, helvetica, sans-serif; font-size: 14pt;\">Poids<\/span><\/strong><\/td>\n<td style=\"width: 1768px;\" colspan=\"3\"><span style=\"color: #000000; font-family: arial, helvetica, sans-serif; font-size: 14pt;\">5 kg<\/span><\/td>\n<\/tr>\n<tr>\n<td style=\"width: 522px;\"><strong><span style=\"color: #000000; font-family: arial, helvetica, sans-serif; font-size: 14pt;\">taux IP<\/span><\/strong><\/td>\n<td style=\"width: 1768px;\" colspan=\"3\"><span style=\"color: #000000; font-family: arial, helvetica, sans-serif; font-size: 14pt;\">IP65\u00a0\u00a0\u00a0\u00a0<\/span><\/td>\n<\/tr>\n<tr>\n<td style=\"width: 522px;\"><strong><span style=\"color: #000000; font-family: arial, helvetica, sans-serif; font-size: 14pt;\">Type de batterie<\/span><\/strong><\/td>\n<td style=\"width: 1768px;\" colspan=\"3\"><span style=\"color: #000000; font-family: arial, helvetica, sans-serif; font-size: 14pt;\">Acide de plomb (humide \/ AGM \/ GEL), lithium-ion<\/span><\/td>\n<\/tr>\n<tr>\n<td style=\"width: 522px;\"><strong><span style=\"color: #000000; font-family: arial, helvetica, sans-serif; font-size: 14pt;\">Inverser la polarit\u00e9<\/span><\/strong><\/td>\n<td style=\"width: 1768px;\" colspan=\"3\"><span style=\"color: #000000; font-family: arial, helvetica, sans-serif; font-size: 14pt;\">\u00a0Protection \u00e9lectronique avec r\u00e9initialisation automatique<\/span><\/td>\n<\/tr>\n<tr>\n<td style=\"width: 522px;\"><strong><span style=\"color: #000000; font-family: arial, helvetica, sans-serif; font-size: 14pt;\">Court-circuit<\/span><\/strong><\/td>\n<td style=\"width: 1768px;\" colspan=\"3\"><span style=\"color: #000000; font-family: arial, helvetica, sans-serif; font-size: 14pt;\">\u00a0Limite de courant \u00e9lectronique<\/span><\/td>\n<\/tr>\n<\/tbody>\n<\/table>\n<p>&nbsp;<\/p>\n<h2><strong><span style=\"font-family: arial, helvetica, sans-serif; font-size: 14pt;\">QY Series Battery Charger Details<\/span><\/strong><\/h2>\n<table style=\"border-collapse: collapse; width: 95.9208%; height: 195px;\">\n<tbody>\n<tr style=\"height: 195px;\">\n<td style=\"width: 51.1787%; height: 195px;\"><a href=\"https:\/\/ovartech.com\/wp-content\/uploads\/2017\/11\/c-4.jpg\"><img decoding=\"async\" class=\"lazyload alignnone wp-image-159\" src=\"https:\/\/ovartech.com\/wp-content\/uploads\/2017\/11\/c-4.jpg\" data-orig-src=\"https:\/\/ovartech.com\/wp-content\/uploads\/2017\/11\/c-4.jpg\" alt=\"Professional 48V 25A Battery Charger for Golf Carts\" width=\"769\" height=\"481\" srcset=\"data:image\/svg+xml,%3Csvg%20xmlns%3D%27http%3A%2F%2Fwww.w3.org%2F2000%2Fsvg%27%20width%3D%27769%27%20height%3D%27481%27%20viewBox%3D%270%200%20769%20481%27%3E%3Crect%20width%3D%27769%27%20height%3D%27481%27%20fill-opacity%3D%220%22%2F%3E%3C%2Fsvg%3E\" data-srcset=\"https:\/\/ovartech.com\/wp-content\/uploads\/2017\/11\/c-4-120x75.jpg 120w, https:\/\/ovartech.com\/wp-content\/uploads\/2017\/11\/c-4-200x125.jpg 200w, https:\/\/ovartech.com\/wp-content\/uploads\/2017\/11\/c-4-300x188.jpg 300w, https:\/\/ovartech.com\/wp-content\/uploads\/2017\/11\/c-4-400x250.jpg 400w, https:\/\/ovartech.com\/wp-content\/uploads\/2017\/11\/c-4.jpg 500w\" data-sizes=\"auto\" data-orig-sizes=\"(max-width: 769px) 100vw, 769px\" \/><\/a><\/td>\n<td style=\"width: 57.8449%; height: 195px;\"><a href=\"https:\/\/ovartech.com\/wp-content\/uploads\/2017\/12\/JC5A7879.jpg\"><img decoding=\"async\" class=\"lazyload alignnone wp-image-234 size-full\" src=\"https:\/\/ovartech.com\/wp-content\/uploads\/2017\/12\/JC5A7879.jpg\" data-orig-src=\"https:\/\/ovartech.com\/wp-content\/uploads\/2017\/12\/JC5A7879.jpg\" alt=\"Professional 48V 25A Battery Charger for Golf Carts\" width=\"800\" height=\"533\" srcset=\"data:image\/svg+xml,%3Csvg%20xmlns%3D%27http%3A%2F%2Fwww.w3.org%2F2000%2Fsvg%27%20width%3D%27800%27%20height%3D%27533%27%20viewBox%3D%270%200%20800%20533%27%3E%3Crect%20width%3D%27800%27%20height%3D%27533%27%20fill-opacity%3D%220%22%2F%3E%3C%2Fsvg%3E\" data-srcset=\"https:\/\/ovartech.com\/wp-content\/uploads\/2017\/12\/JC5A7879-120x80.jpg 120w, https:\/\/ovartech.com\/wp-content\/uploads\/2017\/12\/JC5A7879-200x133.jpg 200w, https:\/\/ovartech.com\/wp-content\/uploads\/2017\/12\/JC5A7879-300x200.jpg 300w, https:\/\/ovartech.com\/wp-content\/uploads\/2017\/12\/JC5A7879-400x267.jpg 400w, https:\/\/ovartech.com\/wp-content\/uploads\/2017\/12\/JC5A7879-500x333.jpg 500w, https:\/\/ovartech.com\/wp-content\/uploads\/2017\/12\/JC5A7879-600x400.jpg 600w, https:\/\/ovartech.com\/wp-content\/uploads\/2017\/12\/JC5A7879-700x466.jpg 700w, https:\/\/ovartech.com\/wp-content\/uploads\/2017\/12\/JC5A7879-768x512.jpg 768w, https:\/\/ovartech.com\/wp-content\/uploads\/2017\/12\/JC5A7879.jpg 800w\" data-sizes=\"auto\" data-orig-sizes=\"(max-width: 800px) 100vw, 800px\" \/><\/a><\/td>\n<\/tr>\n<\/tbody>\n<\/table>\n<p>&nbsp;<\/p>\n<p>&nbsp;<\/p>\n<p><span style=\"font-size: 14pt; font-family: arial, helvetica, sans-serif;\"><strong>FAQ<\/strong><\/span><\/p>\n<p><span style=\"font-family: arial, helvetica, sans-serif;\"><strong><span style=\"font-size: 10pt;\">Q : \u00cates-vous une soci\u00e9t\u00e9 commerciale ou un fabricant ?<\/span><\/strong><\/span><br \/>\n<span style=\"font-size: 10pt; font-family: arial, helvetica, sans-serif;\">R : Nous sommes un fabricant.<\/span><\/p>\n<p><span style=\"font-family: arial, helvetica, sans-serif;\"><strong><span style=\"font-size: 10pt;\">Q : Quel est votre d\u00e9lai de livraison ?<\/span><\/strong><\/span><br \/>\n<span style=\"font-size: 10pt; font-family: arial, helvetica, sans-serif;\">R : En g\u00e9n\u00e9ral, il faut compter 5 \u00e0 10 jours si les marchandises sont en stock. Si elles ne sont pas en stock, il faut compter 6 semaines, en fonction de la quantit\u00e9.<\/span><\/p>\n<p><span style=\"font-family: arial, helvetica, sans-serif;\"><strong><span style=\"font-size: 10pt;\">Q : Quel est le principal avantage technique de vos produits ?<\/span><\/strong><\/span><br \/>\n<span style=\"font-size: 10pt; font-family: arial, helvetica, sans-serif;\">R : Nous utilisons une technologie de contr\u00f4le num\u00e9rique, qui facilite les mises \u00e0 niveau \u00e0 distance et permet une production enti\u00e8rement automatis\u00e9e.<\/span><\/p>\n<p><span style=\"font-family: arial, helvetica, sans-serif;\"><strong><span style=\"font-size: 10pt;\">Q : Quelles sont vos capacit\u00e9s en mati\u00e8re d'essais techniques et de validation ?<\/span><\/strong><\/span><br \/>\n<span style=\"font-size: 10pt; font-family: arial, helvetica, sans-serif;\">R : Nous vous r\u00e9pondrons dans les deux heures et r\u00e9soudrons le probl\u00e8me dans les 24 heures.<\/span><\/p>\n<p><span style=\"font-family: arial, helvetica, sans-serif;\"><strong><span style=\"font-size: 10pt;\">Q : Quelles sont vos conditions de paiement ?<\/span><\/strong><\/span><br \/>\n<span style=\"font-size: 10pt; font-family: arial, helvetica, sans-serif;\">A : Pr\u00e9paiement 100%.<\/span><\/p>\n<p><span style=\"font-family: arial, helvetica, sans-serif;\"><strong><span style=\"font-size: 10pt;\">Q : Qu'est-ce que la quantit\u00e9 minimale de commande (MOQ) ?<\/span><\/strong><\/span><\/p>\n<p><span style=\"font-size: 10pt; font-family: arial, helvetica, sans-serif;\">A : 1 unit\u00e9.<\/span><\/p>\n<p><span style=\"font-family: arial, helvetica, sans-serif;\"><strong><span style=\"font-size: 10pt;\">Q : Acceptez-vous les personnalisations ?<\/span><\/strong><\/span><\/p>\n<p><span style=\"font-size: 10pt; font-family: arial, helvetica, sans-serif;\">R : Oui, les services OEM et ODM sont tous pris en charge.<\/span><\/p>\n<p><span style=\"font-family: arial, helvetica, sans-serif;\"><strong><span style=\"font-size: 10pt;\">Q : Fournissez-vous un \u00e9chantillon gratuit avant la commande ?<\/span><\/strong><\/span><\/p>\n<p><span style=\"font-size: 10pt; font-family: arial, helvetica, sans-serif;\">R : En r\u00e8gle g\u00e9n\u00e9rale, vous devez payer pour cela.<\/span><\/p>\n<p><span style=\"font-family: arial, helvetica, sans-serif;\"><strong><span style=\"font-size: 10pt;\">Q : Quelle est votre politique en mati\u00e8re d'\u00e9chantillons ?<\/span><\/strong><\/span><\/p>\n<p><span style=\"font-size: 10pt; font-family: arial, helvetica, sans-serif;\">R : Nous pouvons fournir l'\u00e9chantillon si nous avons les pi\u00e8ces en stock, les clients doivent payer le co\u00fbt de l'\u00e9chantillon et les frais d'exp\u00e9dition.<\/span><\/p>\n<p><span style=\"font-family: arial, helvetica, sans-serif;\"><strong><span style=\"font-size: 10pt;\">Q : Testez-vous tous vos produits avant leur livraison ?<\/span><\/strong><\/span><\/p>\n<p><span style=\"font-size: 10pt; font-family: arial, helvetica, sans-serif;\">R : Oui, nous effectuons un test 100% avant la livraison. Si n\u00e9cessaire, nous pouvons envoyer un rapport d'inspection avant la livraison.<\/span><\/p>\n<p><span style=\"font-family: arial, helvetica, sans-serif;\"><strong><span style=\"font-size: 10pt;\">Q : Comment \u00e9tablir une relation commerciale durable et fructueuse ?<\/span><\/strong><\/span><\/p>\n<p data-spm-anchor-id=\"a2700.details.0.i14.37d9a03fIpMZvt\"><span style=\"font-size: 10pt; font-family: arial, helvetica, sans-serif;\" data-spm-anchor-id=\"a2700.details.0.i15.37d9a03fIpMZvt\">R : 1. Nous maintenons une bonne qualit\u00e9 et des prix comp\u00e9titifs afin de garantir les int\u00e9r\u00eats de nos clients.<\/span><\/p>\n<p data-spm-anchor-id=\"a2700.details.0.i17.37d9a03fIpMZvt\"><span style=\"font-size: 10pt; font-family: arial, helvetica, sans-serif;\" data-spm-anchor-id=\"a2700.details.0.i16.37d9a03fIpMZvt\">\u00a0 \u00a0 \u00a02. Nous respectons chaque client comme un ami et nous faisons sinc\u00e8rement des affaires et nous nous lions d'amiti\u00e9 avec eux, peu importe d'o\u00f9 ils viennent.<\/span><\/p>\n<p>&nbsp;<\/p>","protected":false},"excerpt":{"rendered":"<p>Professional 48V 25A Battery Charger for Golf Carts<\/p>","protected":false},"featured_media":233,"template":"","meta":{"_acf_changed":false,"content-type":""},"product_brand":[],"product_cat":[21],"product_tag":[59,42,60,43,41,44],"class_list":{"0":"post-231","1":"product","2":"type-product","3":"status-publish","4":"has-post-thumbnail","6":"product_cat-low-speed-ev-charger","7":"product_tag-48v-25a-charger","8":"product_tag-forklift-charger","9":"product_tag-golf-cart-48v-30a-charger","10":"product_tag-golf-cart-charger","11":"product_tag-industrial-battery-charger","12":"product_tag-scissor-lift-charger","14":"first","15":"instock","16":"featured","17":"shipping-taxable","18":"product-type-simple"},"acf":[],"_links":{"self":[{"href":"https:\/\/ovartech.com\/fr\/wp-json\/wp\/v2\/product\/231","targetHints":{"allow":["GET"]}}],"collection":[{"href":"https:\/\/ovartech.com\/fr\/wp-json\/wp\/v2\/product"}],"about":[{"href":"https:\/\/ovartech.com\/fr\/wp-json\/wp\/v2\/types\/product"}],"wp:featuredmedia":[{"embeddable":true,"href":"https:\/\/ovartech.com\/fr\/wp-json\/wp\/v2\/media\/233"}],"wp:attachment":[{"href":"https:\/\/ovartech.com\/fr\/wp-json\/wp\/v2\/media?parent=231"}],"wp:term":[{"taxonomy":"product_brand","embeddable":true,"href":"https:\/\/ovartech.com\/fr\/wp-json\/wp\/v2\/product_brand?post=231"},{"taxonomy":"product_cat","embeddable":true,"href":"https:\/\/ovartech.com\/fr\/wp-json\/wp\/v2\/product_cat?post=231"},{"taxonomy":"product_tag","embeddable":true,"href":"https:\/\/ovartech.com\/fr\/wp-json\/wp\/v2\/product_tag?post=231"}],"curies":[{"name":"wp","href":"https:\/\/api.w.org\/{rel}","templated":true}]}}