{"id":221,"date":"2017-12-11T06:51:05","date_gmt":"2017-12-11T06:51:05","guid":{"rendered":"https:\/\/www.ovartech.com\/?post_type=product&#038;p=221"},"modified":"2026-03-20T09:56:46","modified_gmt":"2026-03-20T09:56:46","slug":"qa-series-industrial-ev-battery-charger","status":"publish","type":"product","link":"https:\/\/ovartech.com\/fr\/product\/qa-series-industrial-ev-battery-charger\/","title":{"rendered":"Reliable QA Series Industrial EV Battery Charger"},"content":{"rendered":"<p><strong><span style=\"font-family: arial, helvetica, sans-serif; font-size: 18pt;\">Reliable QA Series Industrial EV Battery Charger<\/span><\/strong><\/p>\n<p><span style=\"color: #000000; font-family: arial, helvetica, sans-serif; font-size: 14pt;\">The OVAR QA Series is a highly durable and waterproof on-board or off-board charger that works with any single-phase grid worldwide, delivering up to 96% peak efficiency. Customizable charging profiles provide excellent flexibility to meet various battery and application requirements. <\/span><\/p>\n<p><span style=\"color: #000000; font-family: arial, helvetica, sans-serif; font-size: 14pt;\">This industrial battery charger is ideal for charging and maintaining 24V, 36V, 48V and 72V industrial deep-cycle batteries. It is widely used in golf carts, scissor lifts, utility vehicles, electric vehicles and other industrial vehicles and equipment.<\/span><\/p>\n<p><span style=\"font-family: arial, helvetica, sans-serif; font-size: 14pt;\">Advanced technology effectively prolongs battery life and extends operating run time. This portable charger supports multiple charging modes, ensuring stable and reliable performance in tough working environments.<\/span><\/p>\n<h2><\/h2>\n<h2><span style=\"font-size: 14pt; font-family: arial, helvetica, sans-serif;\"><strong>QA Series Battery Charger Specification<\/strong><\/span><\/h2>\n<table style=\"width: 80.0784%;\">\n<tbody>\n<tr>\n<td style=\"width: 19.8184%;\"><strong><span style=\"color: #000000; font-family: arial, helvetica, sans-serif; font-size: 14pt;\">Mod\u00e8le<\/span><\/strong><\/td>\n<td style=\"width: 16.4847%;\"><strong><span style=\"color: #000000; font-family: arial, helvetica, sans-serif; font-size: 14pt;\">QA2425<\/span><\/strong><\/td>\n<td style=\"width: 15.3171%;\"><strong><span style=\"color: #000000; font-family: arial, helvetica, sans-serif; font-size: 14pt;\">QA3615<\/span><\/strong><\/td>\n<td style=\"width: 15.3327%;\"><strong><span style=\"color: #000000; font-family: arial, helvetica, sans-serif; font-size: 14pt;\">QA4815<\/span><\/strong><\/td>\n<td style=\"width: 15.9323%;\"><strong><span style=\"color: #000000; font-family: arial, helvetica, sans-serif; font-size: 14pt;\">8A4825<\/span><\/strong><\/td>\n<td style=\"width: 66.6662%;\"><strong><span style=\"color: #000000; font-family: arial, helvetica, sans-serif; font-size: 14pt;\">QA7215<\/span><\/strong><\/td>\n<\/tr>\n<tr>\n<td style=\"width: 19.8184%;\"><strong><span style=\"color: #000000; font-family: arial, helvetica, sans-serif; font-size: 14pt;\">Tension d'entr\u00e9e<\/span><\/strong><\/td>\n<td style=\"width: 16.4847%;\"><span style=\"color: #000000; font-family: arial, helvetica, sans-serif; font-size: 14pt;\">120 V\/240 V<\/span><\/td>\n<td style=\"width: 15.3171%;\"><span style=\"color: #000000; font-family: arial, helvetica, sans-serif; font-size: 14pt;\">120 V\/240 V<\/span><\/td>\n<td style=\"width: 15.3327%;\"><span style=\"color: #000000; font-family: arial, helvetica, sans-serif; font-size: 14pt;\">120 V\/240 V<\/span><\/td>\n<td style=\"width: 15.9323%;\"><span style=\"color: #000000; font-family: arial, helvetica, sans-serif; font-size: 14pt;\">120 V\/240 V<\/span><\/td>\n<td style=\"width: 66.6662%;\"><span style=\"color: #000000; font-family: arial, helvetica, sans-serif; font-size: 14pt;\">120 V\/240 V<\/span><\/td>\n<\/tr>\n<tr>\n<td style=\"width: 19.8184%;\"><strong><span style=\"color: #000000; font-family: arial, helvetica, sans-serif; font-size: 14pt;\">Courant de sortie<\/span><\/strong><\/td>\n<td style=\"width: 16.4847%;\"><span style=\"color: #000000; font-family: arial, helvetica, sans-serif; font-size: 14pt;\">25A<\/span><\/td>\n<td style=\"width: 15.3171%;\"><span style=\"color: #000000; font-family: arial, helvetica, sans-serif; font-size: 14pt;\">15A<\/span><\/td>\n<td style=\"width: 15.3327%;\"><span style=\"color: #000000; font-family: arial, helvetica, sans-serif; font-size: 14pt;\">15A<\/span><\/td>\n<td style=\"width: 15.9323%;\"><span style=\"color: #000000; font-family: arial, helvetica, sans-serif; font-size: 14pt;\">25A<\/span><\/td>\n<td style=\"width: 66.6662%;\"><span style=\"color: #000000; font-family: arial, helvetica, sans-serif; font-size: 14pt;\">15A<\/span><\/td>\n<\/tr>\n<tr>\n<td style=\"width: 19.8184%;\"><strong><span style=\"color: #000000; font-family: arial, helvetica, sans-serif; font-size: 14pt;\">Tension de sortie<\/span><\/strong><\/td>\n<td style=\"width: 16.4847%;\"><span style=\"color: #000000; font-family: arial, helvetica, sans-serif; font-size: 14pt;\">24 V<\/span><\/td>\n<td style=\"width: 15.3171%;\"><span style=\"color: #000000; font-family: arial, helvetica, sans-serif; font-size: 14pt;\">36 V<\/span><\/td>\n<td style=\"width: 15.3327%;\"><span style=\"color: #000000; font-family: arial, helvetica, sans-serif; font-size: 14pt;\">48 V<\/span><\/td>\n<td style=\"width: 15.9323%;\"><span style=\"color: #000000; font-family: arial, helvetica, sans-serif; font-size: 14pt;\">48 V<\/span><\/td>\n<td style=\"width: 66.6662%;\"><span style=\"color: #000000; font-family: arial, helvetica, sans-serif; font-size: 14pt;\">72 V<\/span><\/td>\n<\/tr>\n<tr>\n<td style=\"width: 19.8184%;\"><strong><span style=\"color: #000000; font-family: arial, helvetica, sans-serif; font-size: 14pt;\">Dimension<\/span><\/strong><\/td>\n<td style=\"width: 129.733%;\" colspan=\"5\"><span style=\"color: #000000; font-family: arial, helvetica, sans-serif; font-size: 14pt;\">8,5 x 6 x 4,5 pouces ; 215 x 154 x 115 mm<\/span><\/td>\n<\/tr>\n<tr>\n<td style=\"width: 19.8184%;\"><strong><span style=\"color: #000000; font-family: arial, helvetica, sans-serif; font-size: 14pt;\">Poids<\/span><\/strong><\/td>\n<td style=\"width: 129.733%;\" colspan=\"5\"><span style=\"color: #000000; font-family: arial, helvetica, sans-serif; font-size: 14pt;\">4 kg<\/span><\/td>\n<\/tr>\n<tr>\n<td style=\"width: 19.8184%;\"><strong><span style=\"color: #000000; font-family: arial, helvetica, sans-serif; font-size: 14pt;\">taux IP<\/span><\/strong><\/td>\n<td style=\"width: 129.733%;\" colspan=\"5\"><span style=\"color: #000000; font-family: arial, helvetica, sans-serif; font-size: 14pt;\">IP65\u00a0\u00a0\u00a0\u00a0<\/span><\/td>\n<\/tr>\n<tr>\n<td style=\"width: 19.8184%;\"><strong><span style=\"color: #000000; font-family: arial, helvetica, sans-serif; font-size: 14pt;\">Type de batterie<\/span><\/strong><\/td>\n<td style=\"width: 129.733%;\" colspan=\"5\"><span style=\"color: #000000; font-family: arial, helvetica, sans-serif; font-size: 14pt;\">Acide de plomb (humide \/ AGM \/ GEL), lithium-ion<\/span><\/td>\n<\/tr>\n<tr>\n<td style=\"width: 19.8184%;\"><strong><span style=\"color: #000000; font-family: arial, helvetica, sans-serif; font-size: 14pt;\">Inverser la polarit\u00e9<\/span><\/strong><\/td>\n<td style=\"width: 129.733%;\" colspan=\"5\"><span style=\"color: #000000; font-family: arial, helvetica, sans-serif; font-size: 14pt;\">Protection \u00e9lectronique avec r\u00e9initialisation automatique<\/span><\/td>\n<\/tr>\n<tr>\n<td style=\"width: 19.8184%;\"><strong><span style=\"color: #000000; font-family: arial, helvetica, sans-serif; font-size: 14pt;\">Court-circuit<\/span><\/strong><\/td>\n<td style=\"width: 129.733%;\" colspan=\"5\"><span style=\"color: #000000; font-family: arial, helvetica, sans-serif; font-size: 14pt;\">Limite de courant \u00e9lectronique<\/span><\/td>\n<\/tr>\n<\/tbody>\n<\/table>\n<p>&nbsp;<\/p>\n<h3><span style=\"font-size: 14pt; font-family: arial, helvetica, sans-serif;\"><strong>QA Series Battery Charger Detials<\/strong><\/span><\/h3>\n<table style=\"border-collapse: collapse; width: 89.4114%;\">\n<tbody>\n<tr>\n<td style=\"width: 44.5791%;\"><a href=\"https:\/\/ovartech.com\/wp-content\/uploads\/2017\/12\/QA-2.jpg\"><img decoding=\"async\" class=\"lazyload alignnone wp-image-225\" src=\"https:\/\/ovartech.com\/wp-content\/uploads\/2017\/12\/QA-2.jpg\" data-orig-src=\"https:\/\/ovartech.com\/wp-content\/uploads\/2017\/12\/QA-2.jpg\" alt=\"Reliable QA Series Industrial EV Battery Charger\" width=\"695\" height=\"695\" srcset=\"data:image\/svg+xml,%3Csvg%20xmlns%3D%27http%3A%2F%2Fwww.w3.org%2F2000%2Fsvg%27%20width%3D%27695%27%20height%3D%27695%27%20viewBox%3D%270%200%20695%20695%27%3E%3Crect%20width%3D%27695%27%20height%3D%27695%27%20fill-opacity%3D%220%22%2F%3E%3C%2Fsvg%3E\" data-srcset=\"https:\/\/ovartech.com\/wp-content\/uploads\/2017\/12\/QA-2-66x66.jpg 66w, https:\/\/ovartech.com\/wp-content\/uploads\/2017\/12\/QA-2-120x120.jpg 120w, https:\/\/ovartech.com\/wp-content\/uploads\/2017\/12\/QA-2-150x150.jpg 150w, https:\/\/ovartech.com\/wp-content\/uploads\/2017\/12\/QA-2-200x200.jpg 200w, https:\/\/ovartech.com\/wp-content\/uploads\/2017\/12\/QA-2-300x300.jpg 300w, https:\/\/ovartech.com\/wp-content\/uploads\/2017\/12\/QA-2-400x400.jpg 400w, https:\/\/ovartech.com\/wp-content\/uploads\/2017\/12\/QA-2-500x500.jpg 500w, https:\/\/ovartech.com\/wp-content\/uploads\/2017\/12\/QA-2-600x600.jpg 600w, https:\/\/ovartech.com\/wp-content\/uploads\/2017\/12\/QA-2-700x700.jpg 700w, https:\/\/ovartech.com\/wp-content\/uploads\/2017\/12\/QA-2-768x768.jpg 768w, https:\/\/ovartech.com\/wp-content\/uploads\/2017\/12\/QA-2.jpg 800w\" data-sizes=\"auto\" data-orig-sizes=\"(max-width: 695px) 100vw, 695px\" \/><\/a><\/td>\n<td style=\"width: 44.8882%;\"><a href=\"https:\/\/ovartech.com\/wp-content\/uploads\/2017\/12\/QA.jpg\"><img decoding=\"async\" class=\"lazyload alignnone wp-image-224\" src=\"https:\/\/ovartech.com\/wp-content\/uploads\/2017\/12\/QA.jpg\" data-orig-src=\"https:\/\/ovartech.com\/wp-content\/uploads\/2017\/12\/QA.jpg\" alt=\"\" width=\"694\" height=\"694\" srcset=\"data:image\/svg+xml,%3Csvg%20xmlns%3D%27http%3A%2F%2Fwww.w3.org%2F2000%2Fsvg%27%20width%3D%27694%27%20height%3D%27694%27%20viewBox%3D%270%200%20694%20694%27%3E%3Crect%20width%3D%27694%27%20height%3D%27694%27%20fill-opacity%3D%220%22%2F%3E%3C%2Fsvg%3E\" data-srcset=\"https:\/\/ovartech.com\/wp-content\/uploads\/2017\/12\/QA-66x66.jpg 66w, https:\/\/ovartech.com\/wp-content\/uploads\/2017\/12\/QA-120x120.jpg 120w, https:\/\/ovartech.com\/wp-content\/uploads\/2017\/12\/QA-150x150.jpg 150w, https:\/\/ovartech.com\/wp-content\/uploads\/2017\/12\/QA-200x200.jpg 200w, https:\/\/ovartech.com\/wp-content\/uploads\/2017\/12\/QA-300x300.jpg 300w, https:\/\/ovartech.com\/wp-content\/uploads\/2017\/12\/QA-400x400.jpg 400w, https:\/\/ovartech.com\/wp-content\/uploads\/2017\/12\/QA-500x500.jpg 500w, https:\/\/ovartech.com\/wp-content\/uploads\/2017\/12\/QA-600x600.jpg 600w, https:\/\/ovartech.com\/wp-content\/uploads\/2017\/12\/QA-700x700.jpg 700w, https:\/\/ovartech.com\/wp-content\/uploads\/2017\/12\/QA-768x768.jpg 768w, https:\/\/ovartech.com\/wp-content\/uploads\/2017\/12\/QA.jpg 800w\" data-sizes=\"auto\" data-orig-sizes=\"(max-width: 694px) 100vw, 694px\" \/><\/a><\/td>\n<\/tr>\n<\/tbody>\n<\/table>\n<p>&nbsp;<\/p>\n<p><span style=\"font-size: 14pt; font-family: arial, helvetica, sans-serif;\"><strong>FAQ<\/strong><\/span><\/p>\n<p><span style=\"font-family: arial, helvetica, sans-serif;\"><strong><span style=\"font-size: 10pt;\">Q : \u00cates-vous une soci\u00e9t\u00e9 commerciale ou un fabricant ?<\/span><\/strong><\/span><br \/>\n<span style=\"font-size: 10pt; font-family: arial, helvetica, sans-serif;\">R : Nous sommes un fabricant.<\/span><\/p>\n<p><span style=\"font-family: arial, helvetica, sans-serif;\"><strong><span style=\"font-size: 10pt;\">Q : Quel est votre d\u00e9lai de livraison ?<\/span><\/strong><\/span><br \/>\n<span style=\"font-size: 10pt; font-family: arial, helvetica, sans-serif;\">R : En g\u00e9n\u00e9ral, il faut compter 5 \u00e0 10 jours si les marchandises sont en stock. Si elles ne sont pas en stock, il faut compter 6 semaines, en fonction de la quantit\u00e9.<\/span><\/p>\n<p><span style=\"font-family: arial, helvetica, sans-serif;\"><strong><span style=\"font-size: 10pt;\">Q : Quel est le principal avantage technique de vos produits ?<\/span><\/strong><\/span><br \/>\n<span style=\"font-size: 10pt; font-family: arial, helvetica, sans-serif;\">R : Nous utilisons une technologie de contr\u00f4le num\u00e9rique, qui facilite les mises \u00e0 niveau \u00e0 distance et permet une production enti\u00e8rement automatis\u00e9e.<\/span><\/p>\n<p><span style=\"font-family: arial, helvetica, sans-serif;\"><strong><span style=\"font-size: 10pt;\">Q : Quelles sont vos capacit\u00e9s en mati\u00e8re d'essais techniques et de validation ?<\/span><\/strong><\/span><br \/>\n<span style=\"font-size: 10pt; font-family: arial, helvetica, sans-serif;\">R : Nous vous r\u00e9pondrons dans les deux heures et r\u00e9soudrons le probl\u00e8me dans les 24 heures.<\/span><\/p>\n<p><span style=\"font-family: arial, helvetica, sans-serif;\"><strong><span style=\"font-size: 10pt;\">Q : Quelles sont vos conditions de paiement ?<\/span><\/strong><\/span><br \/>\n<span style=\"font-size: 10pt; font-family: arial, helvetica, sans-serif;\">A : Pr\u00e9paiement 100%.<\/span><\/p>\n<p><span style=\"font-family: arial, helvetica, sans-serif;\"><strong><span style=\"font-size: 10pt;\">Q : Qu'est-ce que la quantit\u00e9 minimale de commande (MOQ) ?<\/span><\/strong><\/span><\/p>\n<p><span style=\"font-size: 10pt; font-family: arial, helvetica, sans-serif;\">A : 1 unit\u00e9.<\/span><\/p>\n<p><span style=\"font-family: arial, helvetica, sans-serif;\"><strong><span style=\"font-size: 10pt;\">Q : Acceptez-vous les personnalisations ?<\/span><\/strong><\/span><\/p>\n<p><span style=\"font-size: 10pt; font-family: arial, helvetica, sans-serif;\">R : Oui, les services OEM et ODM sont tous pris en charge.<\/span><\/p>\n<p><span style=\"font-family: arial, helvetica, sans-serif;\"><strong><span style=\"font-size: 10pt;\">Q : Fournissez-vous un \u00e9chantillon gratuit avant la commande ?<\/span><\/strong><\/span><\/p>\n<p><span style=\"font-size: 10pt; font-family: arial, helvetica, sans-serif;\">R : En r\u00e8gle g\u00e9n\u00e9rale, vous devez payer pour cela.<\/span><\/p>\n<p><span style=\"font-family: arial, helvetica, sans-serif;\"><strong><span style=\"font-size: 10pt;\">Q : Quelle est votre politique en mati\u00e8re d'\u00e9chantillons ?<\/span><\/strong><\/span><\/p>\n<p><span style=\"font-size: 10pt; font-family: arial, helvetica, sans-serif;\">R : Nous pouvons fournir l'\u00e9chantillon si nous avons les pi\u00e8ces en stock, les clients doivent payer le co\u00fbt de l'\u00e9chantillon et les frais d'exp\u00e9dition.<\/span><\/p>\n<p><span style=\"font-family: arial, helvetica, sans-serif;\"><strong><span style=\"font-size: 10pt;\">Q : Testez-vous tous vos produits avant leur livraison ?<\/span><\/strong><\/span><\/p>\n<p><span style=\"font-size: 10pt; font-family: arial, helvetica, sans-serif;\">R : Oui, nous effectuons un test 100% avant la livraison. Si n\u00e9cessaire, nous pouvons envoyer un rapport d'inspection avant la livraison.<\/span><\/p>\n<p><span style=\"font-family: arial, helvetica, sans-serif;\"><strong><span style=\"font-size: 10pt;\">Q : Comment \u00e9tablir une relation commerciale durable et fructueuse ?<\/span><\/strong><\/span><\/p>\n<p data-spm-anchor-id=\"a2700.details.0.i14.37d9a03fIpMZvt\"><span style=\"font-size: 10pt; font-family: arial, helvetica, sans-serif;\" data-spm-anchor-id=\"a2700.details.0.i15.37d9a03fIpMZvt\">R : 1. Nous maintenons une bonne qualit\u00e9 et des prix comp\u00e9titifs afin de garantir les int\u00e9r\u00eats de nos clients.<\/span><\/p>\n<p data-spm-anchor-id=\"a2700.details.0.i17.37d9a03fIpMZvt\"><span style=\"font-size: 10pt; font-family: arial, helvetica, sans-serif;\" data-spm-anchor-id=\"a2700.details.0.i16.37d9a03fIpMZvt\">\u00a0 \u00a0 \u00a02. Nous respectons chaque client comme un ami et nous faisons sinc\u00e8rement des affaires et nous nous lions d'amiti\u00e9 avec eux, peu importe d'o\u00f9 ils viennent.<\/span><\/p>","protected":false},"excerpt":{"rendered":"<p>Reliable QA Series Industrial EV Battery Charger<\/p>","protected":false},"featured_media":235,"template":"","meta":{"_acf_changed":false,"content-type":""},"product_brand":[],"product_cat":[21],"product_tag":[42,43,41,44],"class_list":{"0":"post-221","1":"product","2":"type-product","3":"status-publish","4":"has-post-thumbnail","6":"product_cat-low-speed-ev-charger","7":"product_tag-forklift-charger","8":"product_tag-golf-cart-charger","9":"product_tag-industrial-battery-charger","10":"product_tag-scissor-lift-charger","12":"first","13":"instock","14":"featured","15":"shipping-taxable","16":"product-type-simple"},"acf":[],"_links":{"self":[{"href":"https:\/\/ovartech.com\/fr\/wp-json\/wp\/v2\/product\/221","targetHints":{"allow":["GET"]}}],"collection":[{"href":"https:\/\/ovartech.com\/fr\/wp-json\/wp\/v2\/product"}],"about":[{"href":"https:\/\/ovartech.com\/fr\/wp-json\/wp\/v2\/types\/product"}],"wp:featuredmedia":[{"embeddable":true,"href":"https:\/\/ovartech.com\/fr\/wp-json\/wp\/v2\/media\/235"}],"wp:attachment":[{"href":"https:\/\/ovartech.com\/fr\/wp-json\/wp\/v2\/media?parent=221"}],"wp:term":[{"taxonomy":"product_brand","embeddable":true,"href":"https:\/\/ovartech.com\/fr\/wp-json\/wp\/v2\/product_brand?post=221"},{"taxonomy":"product_cat","embeddable":true,"href":"https:\/\/ovartech.com\/fr\/wp-json\/wp\/v2\/product_cat?post=221"},{"taxonomy":"product_tag","embeddable":true,"href":"https:\/\/ovartech.com\/fr\/wp-json\/wp\/v2\/product_tag?post=221"}],"curies":[{"name":"wp","href":"https:\/\/api.w.org\/{rel}","templated":true}]}}