{"id":204,"date":"2017-12-07T06:02:30","date_gmt":"2017-12-07T06:02:30","guid":{"rendered":"https:\/\/www.ovartech.com\/?post_type=product&#038;p=204"},"modified":"2026-03-18T03:47:48","modified_gmt":"2026-03-18T03:47:48","slug":"6-6kw-11kw-22kw-ev-on-board-charger-obc","status":"publish","type":"product","link":"https:\/\/ovartech.com\/fr\/product\/6-6kw-11kw-22kw-ev-on-board-charger-obc\/","title":{"rendered":"6.6KW 11KW 22KW EV On-Board Charger | Reliable OBC Series"},"content":{"rendered":"<p style=\"font-family: arial, helvetica, sans-serif;\"><strong><span style=\"font-size: 18pt;\">6.6KW 11KW 22KW EV On-Board Charger | Reliable OBC Series<\/span><\/strong><\/p>\r\n<p style=\"font-size: 14pt; font-family: arial, helvetica, sans-serif;\">The Ovartech CAD662DF-400A is a reliable 6.6KW on-board charger (OBC) designed for electric vehicle battery charging with superior efficiency, robustness and safety.<\/p>\r\n<p style=\"font-size: 14pt; font-family: arial, helvetica, sans-serif;\">It supports a wide AC input voltage range of 85~265V, making it suitable for global use, while its high-efficiency design delivers a more economical charging solution.<\/p>\r\n<p style=\"font-size: 14pt; font-family: arial, helvetica, sans-serif;\">This intelligent charger features automatic CC\/CV charging with precise voltage control and automatic cut-off to protect and extend battery life.<\/p>\r\n<p style=\"font-size: 14pt; font-family: arial, helvetica, sans-serif;\">It provides full protection functions including short-circuit, over-voltage, over-current and over-temperature protection during operation.<\/p>\r\n<p style=\"font-size: 14pt; font-family: arial, helvetica, sans-serif;\">The CAN-bus interface transmits real-time data such as charging status, interlock condition and fault alerts to the VCU (Vehicle Control Unit) via the BMS (Battery Management System), enabling intelligent vehicle energy management.<\/p>\r\n<p style=\"font-size: 14pt; font-family: arial, helvetica, sans-serif;\">Compliant with SAE J1772 and IEC 61851 international standards, the CAD662DF-400A series comes with an IP67 rating, ensuring stable and reliable performance in harsh operating environments.<\/p>\r\n\r\n<h2><\/h2>\r\n<h2><strong><span style=\"font-size: 14pt; font-family: arial, helvetica, sans-serif;\">6.6kW OBC Specification<\/span><\/strong><\/h2>\r\n<table style=\"height: 270px; width: 45%;\">\r\n<tbody>\r\n<tr style=\"height: 27px;\">\r\n<td style=\"width: 43.2292%; height: 27px;\"><strong><span style=\"font-family: arial, helvetica, sans-serif; font-size: 14pt;\">Model \uff1a<\/span><\/strong><\/td>\r\n<td style=\"width: 55.9028%; height: 27px;\"><span style=\"font-family: arial, helvetica, sans-serif; font-size: 14pt;\">CAD662DF-400A<\/span><\/td>\r\n<\/tr>\r\n<tr style=\"height: 27px;\">\r\n<td style=\"width: 43.2292%; height: 27px;\"><strong><span style=\"font-family: arial, helvetica, sans-serif; font-size: 14pt;\">Power \uff1a<\/span><\/strong><\/td>\r\n<td style=\"width: 55.9028%; height: 27px;\"><span style=\"font-family: arial, helvetica, sans-serif; font-size: 14pt;\">6600W\/6.6KW<\/span><\/td>\r\n<\/tr>\r\n<tr style=\"height: 27px;\">\r\n<td style=\"width: 43.2292%; height: 27px;\"><strong><span style=\"font-family: arial, helvetica, sans-serif; font-size: 14pt;\">Input voltage \uff1a<\/span><\/strong><\/td>\r\n<td style=\"width: 55.9028%; height: 27px;\"><span style=\"font-family: arial, helvetica, sans-serif; font-size: 14pt;\">85-265 V CC<\/span><\/td>\r\n<\/tr>\r\n<tr style=\"height: 27px;\">\r\n<td style=\"width: 43.2292%; height: 27px;\"><strong><span style=\"font-family: arial, helvetica, sans-serif; font-size: 14pt;\">Output current \uff1a<\/span><\/strong><\/td>\r\n<td style=\"width: 55.9028%; height: 27px;\"><span style=\"font-family: arial, helvetica, sans-serif; font-size: 14pt;\">0-20 A<\/span><\/td>\r\n<\/tr>\r\n<tr style=\"height: 27px;\">\r\n<td style=\"width: 43.2292%; height: 27px;\"><strong><span style=\"font-family: arial, helvetica, sans-serif; font-size: 14pt;\">Output voltage \uff1a<\/span><\/strong><\/td>\r\n<td style=\"width: 55.9028%; height: 27px;\"><span style=\"font-family: arial, helvetica, sans-serif; font-size: 14pt;\">200-420 V CC<\/span><\/td>\r\n<\/tr>\r\n<tr style=\"height: 27px;\">\r\n<td style=\"width: 43.2292%; height: 27px;\"><strong><span style=\"font-family: arial, helvetica, sans-serif; font-size: 14pt;\">Cooling \uff1a<\/span><\/strong><\/td>\r\n<td style=\"width: 55.9028%; height: 27px;\"><span style=\"font-family: arial, helvetica, sans-serif; font-size: 14pt;\">refroidissement par liquide<\/span><\/td>\r\n<\/tr>\r\n<tr style=\"height: 27px;\">\r\n<td style=\"width: 43.2292%; height: 27px;\"><strong><span style=\"font-family: arial, helvetica, sans-serif; font-size: 14pt;\">Dimension \uff1a<\/span><\/strong><\/td>\r\n<td style=\"width: 55.9028%; height: 27px;\"><span style=\"font-family: arial, helvetica, sans-serif; font-size: 14pt;\">338 x 255 x 125 mm ; 13,3 x 10 x 4,9 pouces\u201d<\/span><\/td>\r\n<\/tr>\r\n<tr style=\"height: 27px;\">\r\n<td style=\"width: 43.2292%; height: 27px;\"><strong><span style=\"font-family: arial, helvetica, sans-serif; font-size: 14pt;\">Weight \uff1a<\/span><\/strong><\/td>\r\n<td style=\"width: 55.9028%; height: 27px;\"><span style=\"font-family: arial, helvetica, sans-serif; font-size: 14pt;\">6 kg ; 13,2 lb<\/span><\/td>\r\n<\/tr>\r\n<tr style=\"height: 27px;\">\r\n<td style=\"width: 43.2292%; height: 27px;\"><strong><span style=\"font-family: arial, helvetica, sans-serif; font-size: 14pt;\">IP rate \uff1a<\/span><\/strong><\/td>\r\n<td style=\"width: 55.9028%; height: 27px;\"><span style=\"font-family: arial, helvetica, sans-serif; font-size: 14pt;\">IP67<\/span><\/td>\r\n<\/tr>\r\n<tr style=\"height: 27px;\">\r\n<td style=\"width: 43.2292%; height: 27px;\"><strong><span style=\"font-family: arial, helvetica, sans-serif; font-size: 14pt;\">Interface \uff1a<\/span><\/strong><\/td>\r\n<td style=\"width: 55.9028%; height: 27px;\"><span style=\"font-family: arial, helvetica, sans-serif; font-size: 14pt;\">CAN BUS\/Activer le contr\u00f4le<\/span><\/td>\r\n<\/tr>\r\n<\/tbody>\r\n<\/table>\r\n<h3><\/h3>\r\n<h3><strong><span style=\"font-family: arial, helvetica, sans-serif;\">6.6kW OBC Details<\/span><\/strong><\/h3>\r\n<table style=\"border-collapse: collapse; width: 79.7185%;\">\r\n<tbody>\r\n<tr>\r\n<td style=\"width: 39.9235%;\"><a href=\"https:\/\/ovartech.com\/wp-content\/uploads\/2017\/12\/IMG_0759\u767d\u5e95-1.jpg\"><img decoding=\"async\" class=\"lazyload alignnone wp-image-1658 size-fusion-600\" src=\"https:\/\/ovartech.com\/wp-content\/uploads\/2017\/12\/IMG_0759\u767d\u5e95-1-600x600.jpg\" data-orig-src=\"https:\/\/ovartech.com\/wp-content\/uploads\/2017\/12\/IMG_0759\u767d\u5e95-1-600x600.jpg\" alt=\"6.6KW 11KW 22KW EV On-Board Charger | Reliable OBC Series\" width=\"600\" height=\"600\" srcset=\"data:image\/svg+xml,%3Csvg%20xmlns%3D%27http%3A%2F%2Fwww.w3.org%2F2000%2Fsvg%27%20width%3D%27600%27%20height%3D%27600%27%20viewBox%3D%270%200%20600%20600%27%3E%3Crect%20width%3D%27600%27%20height%3D%27600%27%20fill-opacity%3D%220%22%2F%3E%3C%2Fsvg%3E\" data-srcset=\"https:\/\/ovartech.com\/wp-content\/uploads\/2017\/12\/IMG_0759\u767d\u5e95-1-12x12.jpg 12w, https:\/\/ovartech.com\/wp-content\/uploads\/2017\/12\/IMG_0759\u767d\u5e95-1-66x66.jpg 66w, https:\/\/ovartech.com\/wp-content\/uploads\/2017\/12\/IMG_0759\u767d\u5e95-1-150x150.jpg 150w, https:\/\/ovartech.com\/wp-content\/uploads\/2017\/12\/IMG_0759\u767d\u5e95-1-200x200.jpg 200w, https:\/\/ovartech.com\/wp-content\/uploads\/2017\/12\/IMG_0759\u767d\u5e95-1-300x300.jpg 300w, https:\/\/ovartech.com\/wp-content\/uploads\/2017\/12\/IMG_0759\u767d\u5e95-1-400x400.jpg 400w, https:\/\/ovartech.com\/wp-content\/uploads\/2017\/12\/IMG_0759\u767d\u5e95-1-500x500.jpg 500w, https:\/\/ovartech.com\/wp-content\/uploads\/2017\/12\/IMG_0759\u767d\u5e95-1-600x600.jpg 600w, https:\/\/ovartech.com\/wp-content\/uploads\/2017\/12\/IMG_0759\u767d\u5e95-1-700x700.jpg 700w, https:\/\/ovartech.com\/wp-content\/uploads\/2017\/12\/IMG_0759\u767d\u5e95-1-768x768.jpg 768w, https:\/\/ovartech.com\/wp-content\/uploads\/2017\/12\/IMG_0759\u767d\u5e95-1.jpg 800w\" data-sizes=\"auto\" data-orig-sizes=\"(max-width: 600px) 100vw, 600px\" \/><\/a><\/td>\r\n<td style=\"width: 39.7959%;\"><a href=\"https:\/\/ovartech.com\/wp-content\/uploads\/2017\/12\/6.6KW-OBC1.5KW-DCDC-6-1.jpg\"><img decoding=\"async\" class=\"lazyload alignnone wp-image-1656 size-fusion-600\" src=\"https:\/\/ovartech.com\/wp-content\/uploads\/2017\/12\/6.6KW-OBC1.5KW-DCDC-6-1-600x600.jpg\" data-orig-src=\"https:\/\/ovartech.com\/wp-content\/uploads\/2017\/12\/6.6KW-OBC1.5KW-DCDC-6-1-600x600.jpg\" alt=\"\" width=\"600\" height=\"600\" srcset=\"data:image\/svg+xml,%3Csvg%20xmlns%3D%27http%3A%2F%2Fwww.w3.org%2F2000%2Fsvg%27%20width%3D%27600%27%20height%3D%27600%27%20viewBox%3D%270%200%20600%20600%27%3E%3Crect%20width%3D%27600%27%20height%3D%27600%27%20fill-opacity%3D%220%22%2F%3E%3C%2Fsvg%3E\" data-srcset=\"https:\/\/ovartech.com\/wp-content\/uploads\/2017\/12\/6.6KW-OBC1.5KW-DCDC-6-1-12x12.jpg 12w, https:\/\/ovartech.com\/wp-content\/uploads\/2017\/12\/6.6KW-OBC1.5KW-DCDC-6-1-66x66.jpg 66w, https:\/\/ovartech.com\/wp-content\/uploads\/2017\/12\/6.6KW-OBC1.5KW-DCDC-6-1-150x150.jpg 150w, https:\/\/ovartech.com\/wp-content\/uploads\/2017\/12\/6.6KW-OBC1.5KW-DCDC-6-1-200x200.jpg 200w, https:\/\/ovartech.com\/wp-content\/uploads\/2017\/12\/6.6KW-OBC1.5KW-DCDC-6-1-300x300.jpg 300w, https:\/\/ovartech.com\/wp-content\/uploads\/2017\/12\/6.6KW-OBC1.5KW-DCDC-6-1-400x400.jpg 400w, https:\/\/ovartech.com\/wp-content\/uploads\/2017\/12\/6.6KW-OBC1.5KW-DCDC-6-1-500x500.jpg 500w, https:\/\/ovartech.com\/wp-content\/uploads\/2017\/12\/6.6KW-OBC1.5KW-DCDC-6-1-600x600.jpg 600w, https:\/\/ovartech.com\/wp-content\/uploads\/2017\/12\/6.6KW-OBC1.5KW-DCDC-6-1-700x700.jpg 700w, https:\/\/ovartech.com\/wp-content\/uploads\/2017\/12\/6.6KW-OBC1.5KW-DCDC-6-1-768x768.jpg 768w, https:\/\/ovartech.com\/wp-content\/uploads\/2017\/12\/6.6KW-OBC1.5KW-DCDC-6-1-800x800.jpg 800w, https:\/\/ovartech.com\/wp-content\/uploads\/2017\/12\/6.6KW-OBC1.5KW-DCDC-6-1.jpg 1000w\" data-sizes=\"auto\" data-orig-sizes=\"(max-width: 600px) 100vw, 600px\" \/><\/a><\/td>\r\n<\/tr>\r\n<\/tbody>\r\n<\/table>\r\n&nbsp;\r\n<p style=\"font-size: 14pt; font-family: arial, helvetica, sans-serif;\"><strong>FAQ<\/strong><\/p>\r\n<p style=\"font-family: arial, helvetica, sans-serif;\"><strong><span style=\"font-size: 10pt;\">Q : \u00cates-vous une soci\u00e9t\u00e9 commerciale ou un fabricant ?<\/span><\/strong><\/p>\r\n<p style=\"font-size: 10pt; font-family: arial, helvetica, sans-serif;\">R : Nous sommes un fabricant.<\/p>\r\n<p style=\"font-family: arial, helvetica, sans-serif;\"><strong><span style=\"font-size: 10pt;\">Q : Quel est votre d\u00e9lai de livraison ?<\/span><\/strong><\/p>\r\n<p style=\"font-size: 10pt; font-family: arial, helvetica, sans-serif;\">R : En g\u00e9n\u00e9ral, il faut compter 5 \u00e0 10 jours si les marchandises sont en stock. Si elles ne sont pas en stock, il faut compter 6 semaines, en fonction de la quantit\u00e9.<\/p>\r\n<p style=\"font-family: arial, helvetica, sans-serif;\"><strong><span style=\"font-size: 10pt;\">Q : Quel est le principal avantage technique de vos produits ?<\/span><\/strong><\/p>\r\n<p style=\"font-size: 10pt; font-family: arial, helvetica, sans-serif;\">R : Nous utilisons une technologie de contr\u00f4le num\u00e9rique, qui facilite les mises \u00e0 niveau \u00e0 distance et permet une production enti\u00e8rement automatis\u00e9e.<\/p>\r\n<p style=\"font-family: arial, helvetica, sans-serif;\"><strong><span style=\"font-size: 10pt;\">Q : Quelles sont vos capacit\u00e9s en mati\u00e8re d'essais techniques et de validation ?<\/span><\/strong><\/p>\r\n<p style=\"font-size: 10pt; font-family: arial, helvetica, sans-serif;\">R : Nous vous r\u00e9pondrons dans les deux heures et r\u00e9soudrons le probl\u00e8me dans les 24 heures.<\/p>\r\n<p style=\"font-family: arial, helvetica, sans-serif;\"><strong><span style=\"font-size: 10pt;\">Q : Quelles sont vos conditions de paiement ?<\/span><\/strong><\/p>\r\n<p style=\"font-size: 10pt; font-family: arial, helvetica, sans-serif;\">A : Pr\u00e9paiement 100%.<\/p>\r\n<p style=\"font-family: arial, helvetica, sans-serif;\"><strong><span style=\"font-size: 10pt;\">Q : Qu'est-ce que la quantit\u00e9 minimale de commande (MOQ) ?<\/span><\/strong><\/p>\r\n<p style=\"font-size: 10pt; font-family: arial, helvetica, sans-serif;\">A : 1 unit\u00e9.<\/p>\r\n<p style=\"font-family: arial, helvetica, sans-serif;\"><strong><span style=\"font-size: 10pt;\">Q : Acceptez-vous les personnalisations ?<\/span><\/strong><\/p>\r\n<p style=\"font-size: 10pt; font-family: arial, helvetica, sans-serif;\">R : Oui, les services OEM et ODM sont tous pris en charge.<\/p>\r\n<p style=\"font-family: arial, helvetica, sans-serif;\"><strong><span style=\"font-size: 10pt;\">Q : Fournissez-vous un \u00e9chantillon gratuit avant la commande ?<\/span><\/strong><\/p>\r\n<p style=\"font-size: 10pt; font-family: arial, helvetica, sans-serif;\">R : En r\u00e8gle g\u00e9n\u00e9rale, vous devez payer pour cela.<\/p>\r\n<p style=\"font-family: arial, helvetica, sans-serif;\"><strong><span style=\"font-size: 10pt;\">Q : Quelle est votre politique en mati\u00e8re d'\u00e9chantillons ?<\/span><\/strong><\/p>\r\n<p style=\"font-size: 10pt; font-family: arial, helvetica, sans-serif;\">R : Nous pouvons fournir l'\u00e9chantillon si nous avons les pi\u00e8ces en stock, les clients doivent payer le co\u00fbt de l'\u00e9chantillon et les frais d'exp\u00e9dition.<\/p>\r\n<p style=\"font-family: arial, helvetica, sans-serif;\"><strong><span style=\"font-size: 10pt;\">Q : Testez-vous tous vos produits avant leur livraison ?<\/span><\/strong><\/p>\r\n<p style=\"font-size: 10pt; font-family: arial, helvetica, sans-serif;\">R : Oui, nous effectuons un test 100% avant la livraison. Si n\u00e9cessaire, nous pouvons envoyer un rapport d'inspection avant la livraison.<\/p>\r\n<p style=\"font-family: arial, helvetica, sans-serif;\"><strong><span style=\"font-size: 10pt;\">Q : Comment \u00e9tablir une relation commerciale durable et fructueuse ?<\/span><\/strong><\/p>\r\n<p style=\"font-size: 10pt; font-family: arial, helvetica, sans-serif;\">R : 1. Nous maintenons une bonne qualit\u00e9 et des prix comp\u00e9titifs afin de garantir les int\u00e9r\u00eats de nos clients.<\/p>\r\n<p style=\"font-size: 10pt; font-family: arial, helvetica, sans-serif;\">2. Nous respectons chaque client comme un ami et nous faisons sinc\u00e8rement des affaires et nous nous lions d'amiti\u00e9 avec eux, peu importe d'o\u00f9 ils viennent.<\/p>\r\n<!-- \/wp:post-content -->","protected":false},"excerpt":{"rendered":"<p>6.6KW 11KW 22KW EV On-Board Charger | Reliable OBC Series<\/p>\n<p>&nbsp;<\/p>","protected":false},"featured_media":400,"template":"","meta":{"_acf_changed":false,"content-type":""},"product_brand":[],"product_cat":[22],"product_tag":[37,35,38,36,34,33],"class_list":{"0":"post-204","1":"product","2":"type-product","3":"status-publish","4":"has-post-thumbnail","6":"product_cat-ev-on-board-charger","7":"product_tag-6-6kw-obc","8":"product_tag-6-6kw-on-board-charger","9":"product_tag-ev-battery-charger","10":"product_tag-ev-on-board-charger-6-6kw","11":"product_tag-on-board-3-3kw-liquid-cooled-charger","12":"product_tag-on-board-6-6kw-liquid-cooled-charger","14":"first","15":"instock","16":"shipping-taxable","17":"product-type-simple"},"acf":[],"_links":{"self":[{"href":"https:\/\/ovartech.com\/fr\/wp-json\/wp\/v2\/product\/204","targetHints":{"allow":["GET"]}}],"collection":[{"href":"https:\/\/ovartech.com\/fr\/wp-json\/wp\/v2\/product"}],"about":[{"href":"https:\/\/ovartech.com\/fr\/wp-json\/wp\/v2\/types\/product"}],"wp:featuredmedia":[{"embeddable":true,"href":"https:\/\/ovartech.com\/fr\/wp-json\/wp\/v2\/media\/400"}],"wp:attachment":[{"href":"https:\/\/ovartech.com\/fr\/wp-json\/wp\/v2\/media?parent=204"}],"wp:term":[{"taxonomy":"product_brand","embeddable":true,"href":"https:\/\/ovartech.com\/fr\/wp-json\/wp\/v2\/product_brand?post=204"},{"taxonomy":"product_cat","embeddable":true,"href":"https:\/\/ovartech.com\/fr\/wp-json\/wp\/v2\/product_cat?post=204"},{"taxonomy":"product_tag","embeddable":true,"href":"https:\/\/ovartech.com\/fr\/wp-json\/wp\/v2\/product_tag?post=204"}],"curies":[{"name":"wp","href":"https:\/\/api.w.org\/{rel}","templated":true}]}}