{"id":189,"date":"2017-12-06T01:23:55","date_gmt":"2017-12-06T01:23:55","guid":{"rendered":"https:\/\/www.ovartech.com\/?post_type=product&#038;p=189"},"modified":"2026-03-23T05:50:36","modified_gmt":"2026-03-23T05:50:36","slug":"1-5kw-dc-dc-converter-for-ev-hev","status":"publish","type":"product","link":"https:\/\/ovartech.com\/fr\/product\/1-5kw-dc-dc-converter-for-ev-hev\/","title":{"rendered":"High-Efficiency 1.5KW DC-DC Converter for EV &#038; HEV"},"content":{"rendered":"<p><strong><span style=\"font-family: arial, helvetica, sans-serif; font-size: 18pt;\">High-Efficiency 1.5KW DC-DC Converter for EV &amp; HEV<\/span><\/strong><\/p>\n<p><span style=\"font-family: arial, helvetica, sans-serif; font-size: 14pt;\">The Ovartech DC\/DC converter series is designed for on\u2011board installation in a wide range of electric and hybrid vehicles, with permanent connection to the vehicle battery. These high\u2011voltage DC\/DC converters support an input voltage range of 108Vdc to 800Vdc, efficiently stepping down high voltage to power vehicle auxiliary systems. A standard 12Vdc output is available, with precise output voltage adjustable via CAN communication commands.<\/span><\/p>\n<p><span style=\"font-family: arial, helvetica, sans-serif; font-size: 14pt;\">Suitable for power requirements from 1kW to 12kW (using parallel operation), the high\u2011voltage DC\/DC series maintains full performance across a wide operating temperature range: -40\u00b0C to +45\u00b0C for air\u2011cooled models and up to +65\u00b0C for liquid\u2011cooled versions.<\/span><\/p>\n<p><span style=\"font-family: arial, helvetica, sans-serif; font-size: 14pt;\">Comprehensive protection features include input UVLO, input OVLO, input reverse polarity protection, current limiting, output short\u2011circuit protection and over\u2011temperature protection. The CAN communication interface allows remote control, including enabling and disabling the units via communication messages.<\/span><\/p>\n<p>&nbsp;<\/p>\n<h2><span style=\"font-size: 14pt;\"><strong><span style=\"font-family: arial, helvetica, sans-serif;\">1.5kW DC-DC Converter Specification<\/span><\/strong><\/span><\/h2>\n<table style=\"width: 42.4312%; height: 270px;\">\n<tbody>\n<tr style=\"height: 27px;\">\n<td style=\"width: 20.5919%; height: 27px;\"><strong><span style=\"font-family: arial, helvetica, sans-serif; font-size: 14pt;\">Model \uff1a<\/span><\/strong><\/td>\n<td style=\"width: 32.8024%; height: 27px;\"><span style=\"font-family: arial, helvetica, sans-serif; font-size: 14pt;\">VDD152S360-14<\/span><\/td>\n<\/tr>\n<tr style=\"height: 27px;\">\n<td style=\"width: 20.5919%; height: 27px;\"><strong><span style=\"font-family: arial, helvetica, sans-serif; font-size: 14pt;\">Power \uff1a<\/span><\/strong><\/td>\n<td style=\"width: 32.8024%; height: 27px;\"><span style=\"font-family: arial, helvetica, sans-serif; font-size: 14pt;\">1500 W\/1,5 kW<\/span><\/td>\n<\/tr>\n<tr style=\"height: 27px;\">\n<td style=\"width: 20.5919%; height: 27px;\"><strong><span style=\"font-family: arial, helvetica, sans-serif; font-size: 14pt;\">Input voltage \uff1a<\/span><\/strong><\/td>\n<td style=\"width: 32.8024%; height: 27px;\"><span style=\"font-family: arial, helvetica, sans-serif; font-size: 14pt;\">108-420 V CC<\/span><\/td>\n<\/tr>\n<tr style=\"height: 27px;\">\n<td style=\"width: 20.5919%; height: 27px;\"><strong><span style=\"font-family: arial, helvetica, sans-serif; font-size: 14pt;\">Output current \uff1a<\/span><\/strong><\/td>\n<td style=\"width: 32.8024%; height: 27px;\"><span style=\"font-family: arial, helvetica, sans-serif; font-size: 14pt;\">0-108A<\/span><\/td>\n<\/tr>\n<tr style=\"height: 27px;\">\n<td style=\"width: 20.5919%; height: 27px;\"><strong><span style=\"font-family: arial, helvetica, sans-serif; font-size: 14pt;\">Output voltage \uff1a<\/span><\/strong><\/td>\n<td style=\"width: 32.8024%; height: 27px;\"><span style=\"font-family: arial, helvetica, sans-serif; font-size: 14pt;\">13,8 Vcc<\/span><\/td>\n<\/tr>\n<tr style=\"height: 27px;\">\n<td style=\"width: 20.5919%; height: 27px;\"><strong><span style=\"font-family: arial, helvetica, sans-serif; font-size: 14pt;\">Cooling \uff1a<\/span><\/strong><\/td>\n<td style=\"width: 32.8024%; height: 27px;\"><span style=\"font-family: arial, helvetica, sans-serif; font-size: 14pt;\">refroidissement par air<\/span><\/td>\n<\/tr>\n<tr style=\"height: 27px;\">\n<td style=\"width: 20.5919%; height: 27px;\"><strong><span style=\"font-family: arial, helvetica, sans-serif; font-size: 14pt;\">Dimension \uff1a<\/span><\/strong><\/td>\n<td style=\"width: 32.8024%; height: 27px;\"><span style=\"font-family: arial, helvetica, sans-serif; font-size: 14pt;\">272 x 175 x 94 mm ; 10,7 \u00d7 6,9 \u00d7 3,7 pouces\u201d<\/span><\/td>\n<\/tr>\n<tr style=\"height: 27px;\">\n<td style=\"width: 20.5919%; height: 27px;\"><strong><span style=\"font-family: arial, helvetica, sans-serif; font-size: 14pt;\">Weight \uff1a<\/span><\/strong><\/td>\n<td style=\"width: 32.8024%; height: 27px;\"><span style=\"font-family: arial, helvetica, sans-serif; font-size: 14pt;\">2 kg ; 4,4 lb<\/span><\/td>\n<\/tr>\n<tr style=\"height: 27px;\">\n<td style=\"width: 20.5919%; height: 27px;\"><strong><span style=\"font-family: arial, helvetica, sans-serif; font-size: 14pt;\">IP rate \uff1a<\/span><\/strong><\/td>\n<td style=\"width: 32.8024%; height: 27px;\"><span style=\"font-family: arial, helvetica, sans-serif; font-size: 14pt;\">IP67<\/span><\/td>\n<\/tr>\n<tr style=\"height: 27px;\">\n<td style=\"width: 20.5919%; height: 27px;\"><strong><span style=\"font-family: arial, helvetica, sans-serif; font-size: 14pt;\">Interface \uff1a<\/span><\/strong><\/td>\n<td style=\"width: 32.8024%; height: 27px;\"><span style=\"font-family: arial, helvetica, sans-serif; font-size: 14pt;\">CAN BUS\/Activer le contr\u00f4le<\/span><\/td>\n<\/tr>\n<\/tbody>\n<\/table>\n<p>&nbsp;<\/p>\n<h3><strong><span style=\"font-family: arial, helvetica, sans-serif;\">1.5kW DC-DC Converter Detials<\/span><\/strong><\/h3>\n<table style=\"border-collapse: collapse; width: 59.8844%;\">\n<tbody>\n<tr>\n<td style=\"width: 100%;\"><a href=\"https:\/\/ovartech.com\/wp-content\/uploads\/2017\/12\/1.5KW-DC-DC.jpg\"><img decoding=\"async\" class=\"lazyload alignnone wp-image-191 size-full\" src=\"data:image\/svg+xml,%3Csvg%20xmlns%3D%27http%3A%2F%2Fwww.w3.org%2F2000%2Fsvg%27%20width%3D%27800%27%20height%3D%27800%27%20viewBox%3D%270%200%20800%20800%27%3E%3Crect%20width%3D%27800%27%20height%3D%27800%27%20fill-opacity%3D%220%22%2F%3E%3C%2Fsvg%3E\" data-orig-src=\"https:\/\/ovartech.com\/wp-content\/uploads\/2017\/12\/1.5KW-DC-DC.jpg\" alt=\"High-Efficiency 1.5KW DC-DC Converter for EV &amp; HEV\" width=\"800\" height=\"800\" \/><\/a><\/td>\n<\/tr>\n<\/tbody>\n<\/table>\n<p>&nbsp;<\/p>\n<p><span style=\"font-size: 14pt; font-family: arial, helvetica, sans-serif;\"><strong>FAQ<\/strong><\/span><\/p>\n<p><span style=\"font-family: arial, helvetica, sans-serif;\"><strong><span style=\"font-size: 10pt;\">Q : \u00cates-vous une soci\u00e9t\u00e9 commerciale ou un fabricant ?<\/span><\/strong><\/span><br \/>\n<span style=\"font-size: 10pt; font-family: arial, helvetica, sans-serif;\">R : Nous sommes un fabricant.<\/span><\/p>\n<p><span style=\"font-family: arial, helvetica, sans-serif;\"><strong><span style=\"font-size: 10pt;\">Q : Quel est votre d\u00e9lai de livraison ?<\/span><\/strong><\/span><br \/>\n<span style=\"font-size: 10pt; font-family: arial, helvetica, sans-serif;\">R : En g\u00e9n\u00e9ral, il faut compter 5 \u00e0 10 jours si les marchandises sont en stock. Si elles ne sont pas en stock, il faut compter 6 semaines, en fonction de la quantit\u00e9.<\/span><\/p>\n<p><span style=\"font-family: arial, helvetica, sans-serif;\"><strong><span style=\"font-size: 10pt;\">Q : Quel est le principal avantage technique de vos produits ?<\/span><\/strong><\/span><br \/>\n<span style=\"font-size: 10pt; font-family: arial, helvetica, sans-serif;\">R : Nous utilisons une technologie de contr\u00f4le num\u00e9rique, qui facilite les mises \u00e0 niveau \u00e0 distance et permet une production enti\u00e8rement automatis\u00e9e.<\/span><\/p>\n<p><span style=\"font-family: arial, helvetica, sans-serif;\"><strong><span style=\"font-size: 10pt;\">Q : Quelles sont vos capacit\u00e9s en mati\u00e8re d'essais techniques et de validation ?<\/span><\/strong><\/span><br \/>\n<span style=\"font-size: 10pt; font-family: arial, helvetica, sans-serif;\">R : Nous vous r\u00e9pondrons dans les deux heures et r\u00e9soudrons le probl\u00e8me dans les 24 heures.<\/span><\/p>\n<p><span style=\"font-family: arial, helvetica, sans-serif;\"><strong><span style=\"font-size: 10pt;\">Q : Quelles sont vos conditions de paiement ?<\/span><\/strong><\/span><br \/>\n<span style=\"font-size: 10pt; font-family: arial, helvetica, sans-serif;\">A : Pr\u00e9paiement 100%.<\/span><\/p>\n<p><span style=\"font-family: arial, helvetica, sans-serif;\"><strong><span style=\"font-size: 10pt;\">Q : Qu'est-ce que la quantit\u00e9 minimale de commande (MOQ) ?<\/span><\/strong><\/span><\/p>\n<p><span style=\"font-size: 10pt; font-family: arial, helvetica, sans-serif;\">A : 1 unit\u00e9.<\/span><\/p>\n<p><span style=\"font-family: arial, helvetica, sans-serif;\"><strong><span style=\"font-size: 10pt;\">Q : Acceptez-vous les personnalisations ?<\/span><\/strong><\/span><\/p>\n<p><span style=\"font-size: 10pt; font-family: arial, helvetica, sans-serif;\">R : Oui, les services OEM et ODM sont tous pris en charge.<\/span><\/p>\n<p><span style=\"font-family: arial, helvetica, sans-serif;\"><strong><span style=\"font-size: 10pt;\">Q : Fournissez-vous un \u00e9chantillon gratuit avant la commande ?<\/span><\/strong><\/span><\/p>\n<p><span style=\"font-size: 10pt; font-family: arial, helvetica, sans-serif;\">R : En r\u00e8gle g\u00e9n\u00e9rale, vous devez payer pour cela.<\/span><\/p>\n<p><span style=\"font-family: arial, helvetica, sans-serif;\"><strong><span style=\"font-size: 10pt;\">Q : Quelle est votre politique en mati\u00e8re d'\u00e9chantillons ?<\/span><\/strong><\/span><\/p>\n<p><span style=\"font-size: 10pt; font-family: arial, helvetica, sans-serif;\">R : Nous pouvons fournir l'\u00e9chantillon si nous avons les pi\u00e8ces en stock, les clients doivent payer le co\u00fbt de l'\u00e9chantillon et les frais d'exp\u00e9dition.<\/span><\/p>\n<p><span style=\"font-family: arial, helvetica, sans-serif;\"><strong><span style=\"font-size: 10pt;\">Q : Testez-vous tous vos produits avant leur livraison ?<\/span><\/strong><\/span><\/p>\n<p><span style=\"font-size: 10pt; font-family: arial, helvetica, sans-serif;\">R : Oui, nous effectuons un test 100% avant la livraison. Si n\u00e9cessaire, nous pouvons envoyer un rapport d'inspection avant la livraison.<\/span><\/p>\n<p><span style=\"font-family: arial, helvetica, sans-serif;\"><strong><span style=\"font-size: 10pt;\">Q : Comment \u00e9tablir une relation commerciale durable et fructueuse ?<\/span><\/strong><\/span><\/p>\n<p data-spm-anchor-id=\"a2700.details.0.i14.37d9a03fIpMZvt\"><span style=\"font-size: 10pt; font-family: arial, helvetica, sans-serif;\" data-spm-anchor-id=\"a2700.details.0.i15.37d9a03fIpMZvt\">R : 1. Nous maintenons une bonne qualit\u00e9 et des prix comp\u00e9titifs afin de garantir les int\u00e9r\u00eats de nos clients.<\/span><\/p>\n<p data-spm-anchor-id=\"a2700.details.0.i17.37d9a03fIpMZvt\"><span style=\"font-size: 10pt; font-family: arial, helvetica, sans-serif;\" data-spm-anchor-id=\"a2700.details.0.i16.37d9a03fIpMZvt\">\u00a0 \u00a0 \u00a02. Nous respectons chaque client comme un ami et nous faisons sinc\u00e8rement des affaires et nous nous lions d'amiti\u00e9 avec eux, peu importe d'o\u00f9 ils viennent.<\/span><\/p>\n<p>&nbsp;<\/p>","protected":false},"excerpt":{"rendered":"<p>High-Efficiency 1.5KW DC-DC Converter for EV &amp; HEV<\/p>\n<p>&nbsp;<\/p>","protected":false},"featured_media":191,"template":"","meta":{"_acf_changed":false,"content-type":""},"product_brand":[],"product_cat":[23],"product_tag":[26,25,31],"class_list":{"0":"post-189","1":"product","2":"type-product","3":"status-publish","4":"has-post-thumbnail","6":"product_cat-ev-dc-dc-converter","7":"product_tag-1kw-dc-dc-converter","8":"product_tag-dc-dc-converter","9":"product_tag-dc-dc-converter-for-ev","11":"first","12":"instock","13":"featured","14":"shipping-taxable","15":"product-type-simple"},"acf":[],"_links":{"self":[{"href":"https:\/\/ovartech.com\/fr\/wp-json\/wp\/v2\/product\/189","targetHints":{"allow":["GET"]}}],"collection":[{"href":"https:\/\/ovartech.com\/fr\/wp-json\/wp\/v2\/product"}],"about":[{"href":"https:\/\/ovartech.com\/fr\/wp-json\/wp\/v2\/types\/product"}],"wp:featuredmedia":[{"embeddable":true,"href":"https:\/\/ovartech.com\/fr\/wp-json\/wp\/v2\/media\/191"}],"wp:attachment":[{"href":"https:\/\/ovartech.com\/fr\/wp-json\/wp\/v2\/media?parent=189"}],"wp:term":[{"taxonomy":"product_brand","embeddable":true,"href":"https:\/\/ovartech.com\/fr\/wp-json\/wp\/v2\/product_brand?post=189"},{"taxonomy":"product_cat","embeddable":true,"href":"https:\/\/ovartech.com\/fr\/wp-json\/wp\/v2\/product_cat?post=189"},{"taxonomy":"product_tag","embeddable":true,"href":"https:\/\/ovartech.com\/fr\/wp-json\/wp\/v2\/product_tag?post=189"}],"curies":[{"name":"wp","href":"https:\/\/api.w.org\/{rel}","templated":true}]}}