{"id":77,"date":"2017-11-20T03:34:34","date_gmt":"2017-11-20T03:34:34","guid":{"rendered":"https:\/\/www.ovartech.com\/?page_id=77"},"modified":"2017-11-28T03:07:14","modified_gmt":"2017-11-28T03:07:14","slug":"profil-de-lentreprise","status":"publish","type":"page","link":"https:\/\/ovartech.com\/fr\/profil-de-lentreprise\/","title":{"rendered":"Profil de l'entreprise"},"content":{"rendered":"<h3 class=\"themecolor\"><span style=\"font-size: 18pt;color: #3366ff\"><b>\u00c0 propos de la technologie OVAR<\/b><\/span><\/h3>\n<p><a href=\"https:\/\/www.ovartech.com\/wp-content\/uploads\/2017\/11\/ovar30.jpg\"><img decoding=\"async\" class=\"lazyload wp-image-143 size-full alignleft\" src=\"https:\/\/www.ovartech.com\/wp-content\/uploads\/2017\/11\/ovar30.jpg\" data-orig-src=\"https:\/\/www.ovartech.com\/wp-content\/uploads\/2017\/11\/ovar30.jpg\" alt=\"\" width=\"621\" height=\"357\" srcset=\"data:image\/svg+xml,%3Csvg%20xmlns%3D%27http%3A%2F%2Fwww.w3.org%2F2000%2Fsvg%27%20width%3D%27621%27%20height%3D%27357%27%20viewBox%3D%270%200%20621%20357%27%3E%3Crect%20width%3D%27621%27%20height%3D%27357%27%20fill-opacity%3D%220%22%2F%3E%3C%2Fsvg%3E\" data-srcset=\"https:\/\/ovartech.com\/wp-content\/uploads\/2017\/11\/ovar30-120x69.jpg 120w, https:\/\/ovartech.com\/wp-content\/uploads\/2017\/11\/ovar30-200x115.jpg 200w, https:\/\/ovartech.com\/wp-content\/uploads\/2017\/11\/ovar30-300x172.jpg 300w, https:\/\/ovartech.com\/wp-content\/uploads\/2017\/11\/ovar30-400x230.jpg 400w, https:\/\/ovartech.com\/wp-content\/uploads\/2017\/11\/ovar30-500x287.jpg 500w, https:\/\/ovartech.com\/wp-content\/uploads\/2017\/11\/ovar30-600x345.jpg 600w, https:\/\/ovartech.com\/wp-content\/uploads\/2017\/11\/ovar30.jpg 621w\" data-sizes=\"auto\" data-orig-sizes=\"(max-width: 621px) 100vw, 621px\" \/><\/a><span style=\"font-size: 14pt\">Ovar Technology Co., Ltd. a \u00e9t\u00e9 fond\u00e9e en 2010. Apr\u00e8s des ann\u00e9es de travail acharn\u00e9 et de recherche de l'excellence, Ovar est devenue l'un des principaux fournisseurs et fabricants de solutions d'alimentation \u00e9lectrique pour v\u00e9hicules \u00e9lectriques en Chine. Gr\u00e2ce \u00e0 ses technologies de pointe et \u00e0 sa vaste exp\u00e9rience en mati\u00e8re de d\u00e9veloppement, les convertisseurs CC\/CC pour v\u00e9hicules \u00e9lectriques, les chargeurs de batterie embarqu\u00e9s, les chargeurs de batterie externes, les onduleurs et les produits de charge haute puissance d'Ovar ont acquis une tr\u00e8s bonne r\u00e9putation sur les march\u00e9s nationaux et internationaux en raison de leurs excellentes performances.<\/span><\/p>\n<p><span style=\"font-size: 14pt\">Les produits Ovar sont largement utilis\u00e9s dans les v\u00e9hicules \u00e9lectriques \u00e0 grande vitesse, les v\u00e9hicules \u00e9lectriques utilitaires industriels, les bateaux, les yachts, etc.<\/span><\/p>\n<p><span style=\"font-size: 14pt\">En tant qu'entreprise innovante \u00e0 croissance rapide, Ovar dispose d'un centre de recherche et d\u00e9veloppement de 1 000 m\u00e8tres carr\u00e9s et d'une usine de fabrication de 8 000 m\u00e8tres carr\u00e9s \u00e9quip\u00e9e de plusieurs lignes de production automatis\u00e9es. La capacit\u00e9 de production est de 15 000 \u00e0 20 000 unit\u00e9s par mois.<\/span><\/p>\n<p><span style=\"font-size: 14pt\">Afin de respecter les normes de qualit\u00e9 \u00e9lev\u00e9es applicables aux composants automobiles, Ovar a mis en place un contr\u00f4le qualit\u00e9 total qui permet de garantir la tra\u00e7abilit\u00e9 tout au long du cycle de vie et d'assurer l'efficacit\u00e9 et la fiabilit\u00e9 de nos op\u00e9rations de fabrication.<\/span><\/p>\n<p><span style=\"font-size: 14pt\">Bienvenue chez OVAR, sp\u00e9cialiste des solutions d'alimentation \u00e9lectrique pour v\u00e9hicules \u00e9lectriques. Nous sommes impatients de travailler avec vous !<\/span><\/p>\n<p>&nbsp;<\/p>","protected":false},"excerpt":{"rendered":"<p>About OVAR TECHNOLOGY Ovar Technology Co., Ltd. was established in  [&#8230;]<\/p>","protected":false},"author":1,"featured_media":0,"parent":0,"menu_order":0,"comment_status":"closed","ping_status":"closed","template":"","meta":{"_acf_changed":false,"content-type":"","footnotes":""},"class_list":["post-77","page","type-page","status-publish","hentry"],"acf":[],"_links":{"self":[{"href":"https:\/\/ovartech.com\/fr\/wp-json\/wp\/v2\/pages\/77","targetHints":{"allow":["GET"]}}],"collection":[{"href":"https:\/\/ovartech.com\/fr\/wp-json\/wp\/v2\/pages"}],"about":[{"href":"https:\/\/ovartech.com\/fr\/wp-json\/wp\/v2\/types\/page"}],"author":[{"embeddable":true,"href":"https:\/\/ovartech.com\/fr\/wp-json\/wp\/v2\/users\/1"}],"replies":[{"embeddable":true,"href":"https:\/\/ovartech.com\/fr\/wp-json\/wp\/v2\/comments?post=77"}],"version-history":[{"count":6,"href":"https:\/\/ovartech.com\/fr\/wp-json\/wp\/v2\/pages\/77\/revisions"}],"predecessor-version":[{"id":179,"href":"https:\/\/ovartech.com\/fr\/wp-json\/wp\/v2\/pages\/77\/revisions\/179"}],"wp:attachment":[{"href":"https:\/\/ovartech.com\/fr\/wp-json\/wp\/v2\/media?parent=77"}],"curies":[{"name":"wp","href":"https:\/\/api.w.org\/{rel}","templated":true}]}}