{"id":2,"date":"2017-11-07T07:14:00","date_gmt":"2017-11-07T07:14:00","guid":{"rendered":"https:\/\/www.ovartech.com\/?page_id=2"},"modified":"2026-04-05T14:22:29","modified_gmt":"2026-04-05T14:22:29","slug":"a-propos-de","status":"publish","type":"page","link":"https:\/\/ovartech.com\/fr\/a-propos-de\/","title":{"rendered":"\u00c0 PROPOS"},"content":{"rendered":"<div class=\"fusion-fullwidth fullwidth-box fusion-builder-row-1 fusion-flex-container has-pattern-background has-mask-background nonhundred-percent-fullwidth non-hundred-percent-height-scrolling\" style=\"--awb-border-radius-top-left:0px;--awb-border-radius-top-right:0px;--awb-border-radius-bottom-right:0px;--awb-border-radius-bottom-left:0px;--awb-flex-wrap:wrap;\" ><div class=\"fusion-builder-row fusion-row fusion-flex-align-items-flex-start fusion-flex-content-wrap\" style=\"max-width:1248px;margin-left: calc(-4% \/ 2 );margin-right: calc(-4% \/ 2 );\"><div class=\"fusion-layout-column fusion_builder_column fusion-builder-column-0 fusion_builder_column_1_2 1_2 fusion-flex-column\" style=\"--awb-bg-size:cover;--awb-width-large:50%;--awb-margin-top-large:0px;--awb-spacing-right-large:3.84%;--awb-margin-bottom-large:20px;--awb-spacing-left-large:3.84%;--awb-width-medium:50%;--awb-order-medium:0;--awb-spacing-right-medium:3.84%;--awb-spacing-left-medium:3.84%;--awb-width-small:100%;--awb-order-small:0;--awb-spacing-right-small:1.92%;--awb-spacing-left-small:1.92%;\"><div class=\"fusion-column-wrapper fusion-column-has-shadow fusion-flex-justify-content-flex-start fusion-content-layout-column\"><iframe src=\"https:\/\/www.720yun.com\/vr\/358jtO4v5n2\" frameborder=\"no\" width=\"100%\" height=\"450\" ><\/iframe><\/div><\/div><div class=\"fusion-layout-column fusion_builder_column fusion-builder-column-1 fusion_builder_column_1_2 1_2 fusion-flex-column\" style=\"--awb-bg-size:cover;--awb-width-large:50%;--awb-margin-top-large:0px;--awb-spacing-right-large:3.84%;--awb-margin-bottom-large:20px;--awb-spacing-left-large:3.84%;--awb-width-medium:50%;--awb-order-medium:0;--awb-spacing-right-medium:3.84%;--awb-spacing-left-medium:3.84%;--awb-width-small:100%;--awb-order-small:0;--awb-spacing-right-small:1.92%;--awb-spacing-left-small:1.92%;\"><div class=\"fusion-column-wrapper fusion-column-has-shadow fusion-flex-justify-content-flex-start fusion-content-layout-column\"><div class=\"fusion-text fusion-text-1\"><p>Ovar Technology Co., Ltd. a \u00e9t\u00e9 fond\u00e9e en 2010. Apr\u00e8s des ann\u00e9es de travail acharn\u00e9 et de recherche de l'excellence, Ovar est devenue l'un des principaux fournisseurs et fabricants de solutions d'alimentation \u00e9lectrique pour v\u00e9hicules \u00e9lectriques en Chine. Gr\u00e2ce \u00e0 ses technologies de pointe et \u00e0 sa vaste exp\u00e9rience en mati\u00e8re de d\u00e9veloppement, les convertisseurs CC\/CC pour v\u00e9hicules \u00e9lectriques, les chargeurs de batterie embarqu\u00e9s, les chargeurs de batterie externes, les onduleurs et les produits de charge haute puissance d'Ovar ont acquis une tr\u00e8s bonne r\u00e9putation sur les march\u00e9s nationaux et internationaux en raison de leurs excellentes performances.<\/p>\n<p>Les produits Ovar sont largement utilis\u00e9s dans les v\u00e9hicules \u00e9lectriques \u00e0 grande vitesse, les v\u00e9hicules \u00e9lectriques utilitaires industriels, les bateaux, les yachts, etc.<\/p>\n<p>En tant qu'entreprise innovante \u00e0 croissance rapide, Ovar dispose d'un centre de recherche et d\u00e9veloppement de 1 000 m\u00e8tres carr\u00e9s et d'une usine de fabrication de 8 000 m\u00e8tres carr\u00e9s \u00e9quip\u00e9e de plusieurs lignes de production automatis\u00e9es. La capacit\u00e9 de production est de 15 000 \u00e0 20 000 unit\u00e9s par mois.<\/p>\n<p>Afin de respecter les normes de qualit\u00e9 \u00e9lev\u00e9es applicables aux composants automobiles, Ovar a mis en place un contr\u00f4le qualit\u00e9 total qui permet de garantir la tra\u00e7abilit\u00e9 tout au long du cycle de vie et d'assurer l'efficacit\u00e9 et la fiabilit\u00e9 de nos op\u00e9rations de fabrication.<\/p>\n<p>Bienvenue chez OVAR, sp\u00e9cialiste des solutions d'alimentation \u00e9lectrique pour v\u00e9hicules \u00e9lectriques. Nous sommes impatients de travailler avec vous !<\/p>\n<\/div><\/div><\/div><\/div><\/div>","protected":false},"excerpt":{"rendered":"","protected":false},"author":1,"featured_media":0,"parent":0,"menu_order":0,"comment_status":"open","ping_status":"open","template":"","meta":{"_acf_changed":false,"content-type":"","footnotes":""},"class_list":["post-2","page","type-page","status-publish","hentry"],"acf":[],"_links":{"self":[{"href":"https:\/\/ovartech.com\/fr\/wp-json\/wp\/v2\/pages\/2","targetHints":{"allow":["GET"]}}],"collection":[{"href":"https:\/\/ovartech.com\/fr\/wp-json\/wp\/v2\/pages"}],"about":[{"href":"https:\/\/ovartech.com\/fr\/wp-json\/wp\/v2\/types\/page"}],"author":[{"embeddable":true,"href":"https:\/\/ovartech.com\/fr\/wp-json\/wp\/v2\/users\/1"}],"replies":[{"embeddable":true,"href":"https:\/\/ovartech.com\/fr\/wp-json\/wp\/v2\/comments?post=2"}],"version-history":[{"count":8,"href":"https:\/\/ovartech.com\/fr\/wp-json\/wp\/v2\/pages\/2\/revisions"}],"predecessor-version":[{"id":1842,"href":"https:\/\/ovartech.com\/fr\/wp-json\/wp\/v2\/pages\/2\/revisions\/1842"}],"wp:attachment":[{"href":"https:\/\/ovartech.com\/fr\/wp-json\/wp\/v2\/media?parent=2"}],"curies":[{"name":"wp","href":"https:\/\/api.w.org\/{rel}","templated":true}]}}