{"id":1363,"date":"2024-03-01T18:30:03","date_gmt":"2024-03-01T18:30:03","guid":{"rendered":"https:\/\/ovartech.com\/cart\/"},"modified":"2024-03-01T18:30:03","modified_gmt":"2024-03-01T18:30:03","slug":"chariot","status":"publish","type":"page","link":"https:\/\/ovartech.com\/fr\/chariot\/","title":{"rendered":"Panier"},"content":{"rendered":"<p><div class=\"fusion-fullwidth fullwidth-box fusion-builder-row-1 fusion-flex-container nonhundred-percent-fullwidth non-hundred-percent-height-scrolling\" style=\"--link_hover_color: var(--awb-color4);--awb-border-sizes-top:0px;--awb-border-sizes-bottom:0px;--awb-border-sizes-left:0px;--awb-border-sizes-right:0px;--awb-border-radius-top-left:0px;--awb-border-radius-top-right:0px;--awb-border-radius-bottom-right:0px;--awb-border-radius-bottom-left:0px;--awb-padding-top:60px;--awb-padding-bottom:60px;--awb-padding-top-medium:55px;--awb-padding-bottom-medium:95px;--awb-padding-top-small:50px;--awb-padding-bottom-small:50px;--awb-margin-top:0px;--awb-margin-bottom:0px;--awb-background-color:var(--awb-color1);--awb-flex-wrap:wrap;\" ><div class=\"fusion-builder-row fusion-row fusion-flex-align-items-flex-start fusion-flex-justify-content-center fusion-flex-content-wrap\" style=\"max-width:calc( 1200px + 100px );margin-left: calc(-100px \/ 2 );margin-right: calc(-100px \/ 2 );\"><div class=\"fusion-layout-column fusion_builder_column fusion-builder-column-0 fusion_builder_column_1_1 1_1 fusion-flex-column fusion-animated\" style=\"--awb-padding-top:55px;--awb-padding-right:55px;--awb-padding-bottom:55px;--awb-padding-left:55px;--awb-overflow:hidden;--awb-bg-image:linear-gradient(180deg, hsla(var(--awb-color8-h),calc(var(--awb-color8-s) - 100%),calc(var(--awb-color8-l) - 30%),calc(var(--awb-color8-a) - 40%)) 0%,hsla(var(--awb-color8-h),calc(var(--awb-color8-s) - 1000%),calc(var(--awb-color8-l) - 30%),calc(var(--awb-color8-a) - 40%)) 100%);;--awb-bg-position:center center;--awb-bg-size:cover;--awb-border-radius:6px 6px 6px 6px;--awb-width-large:100%;--awb-margin-top-large:0px;--awb-spacing-right-large:50px;--awb-margin-bottom-large:50px;--awb-spacing-left-large:50px;--awb-width-medium:100%;--awb-order-medium:0;--awb-spacing-right-medium:50px;--awb-spacing-left-medium:50px;--awb-width-small:100%;--awb-order-small:0;--awb-spacing-right-small:50px;--awb-spacing-left-small:50px;\" data-animationtype=\"fadeIn\" data-animationduration=\"0.7\" data-animationoffset=\"top-into-view\"><div class=\"fusion-column-wrapper lazyload fusion-column-has-shadow fusion-flex-justify-content-flex-start fusion-content-layout-column fusion-column-has-bg-image\" data-bg-url=\"https:\/\/avada.website\/ecommerce\/wp-content\/uploads\/sites\/188\/2024\/03\/banner-2-scaled.jpg\" data-bg=\"https:\/\/avada.website\/ecommerce\/wp-content\/uploads\/sites\/188\/2024\/03\/banner-2-scaled.jpg\" data-bg-gradient=\"linear-gradient(180deg, hsla(var(--awb-color8-h),calc(var(--awb-color8-s) - 100%),calc(var(--awb-color8-l) - 30%),calc(var(--awb-color8-a) - 40%)) 0%,hsla(var(--awb-color8-h),calc(var(--awb-color8-s) - 1000%),calc(var(--awb-color8-l) - 30%),calc(var(--awb-color8-a) - 40%)) 100%)\"><div class=\"fusion-builder-row fusion-builder-row-inner fusion-row fusion-flex-align-items-flex-start fusion-flex-justify-content-center fusion-flex-content-wrap\" style=\"width:calc( 100% + 100px ) !important;max-width:calc( 100% + 100px ) !important;margin-left: calc(-100px \/ 2 );margin-right: calc(-100px \/ 2 );\"><div class=\"fusion-layout-column fusion_builder_column_inner fusion-builder-nested-column-0 fusion_builder_column_inner_3_5 3_5 fusion-flex-column\" style=\"--awb-bg-size:cover;--awb-width-large:60%;--awb-margin-top-large:0px;--awb-spacing-right-large:50px;--awb-margin-bottom-large:0px;--awb-spacing-left-large:50px;--awb-width-medium:60%;--awb-order-medium:0;--awb-spacing-right-medium:50px;--awb-spacing-left-medium:50px;--awb-width-small:100%;--awb-order-small:0;--awb-spacing-right-small:50px;--awb-spacing-left-small:50px;\"><div class=\"fusion-column-wrapper fusion-column-has-shadow fusion-flex-justify-content-flex-start fusion-content-layout-column\"><div class=\"fusion-title title fusion-title-1 fusion-sep-none fusion-title-text fusion-title-size-one\" style=\"--awb-text-color:var(--awb-color1);--awb-margin-top:0px;--awb-margin-bottom:0px;--awb-font-size:36px;\"><h1 class=\"fusion-title-heading title-heading-left\" style=\"margin:0;text-transform:capitalize;font-size:1em;\">Your Cart<\/h1><\/div><div class=\"fusion-text fusion-text-1 fusion-text-no-margin\" style=\"--awb-text-color:var(--awb-color1);--awb-margin-top:5px;\"><p>Review your cart before proceeding to checkout<\/p>\n<\/div><\/div><\/div><div class=\"fusion-layout-column fusion_builder_column_inner fusion-builder-nested-column-1 fusion_builder_column_inner_2_5 2_5 fusion-flex-column fusion-flex-align-self-center fusion-no-small-visibility\" style=\"--awb-bg-size:cover;--awb-width-large:40%;--awb-margin-top-large:0px;--awb-spacing-right-large:50px;--awb-margin-bottom-large:3px;--awb-spacing-left-large:50px;--awb-width-medium:40%;--awb-order-medium:0;--awb-spacing-right-medium:50px;--awb-spacing-left-medium:50px;--awb-width-small:100%;--awb-order-small:0;--awb-spacing-right-small:50px;--awb-spacing-left-small:50px;\"><div class=\"fusion-column-wrapper fusion-column-has-shadow fusion-flex-justify-content-flex-end fusion-content-layout-row\"><div ><a class=\"fusion-button button-flat fusion-button-default-size button-default fusion-button-default button-1 fusion-button-default-span fusion-button-default-type\" target=\"_self\" data-hover=\"text_slide_down\" href=\"https:\/\/ovartech.com\/fr\/shop\/\"><div class=\"awb-button-text-transition  awb-button__hover-content--centered\"><span class=\"fusion-button-text awb-button__text awb-button__text--default\">Parcourir tous les produits<\/span><span class=\"fusion-button-text awb-button__text awb-button__text--default\">Parcourir tous les produits<\/span><\/div><\/a><\/div><\/div><\/div><div class=\"fusion-layout-column fusion_builder_column_inner fusion-builder-nested-column-2 fusion_builder_column_inner_2_5 2_5 fusion-flex-column fusion-flex-align-self-center fusion-no-medium-visibility fusion-no-large-visibility\" style=\"--awb-bg-size:cover;--awb-width-large:40%;--awb-margin-top-large:0px;--awb-spacing-right-large:50px;--awb-margin-bottom-large:3px;--awb-spacing-left-large:50px;--awb-width-medium:40%;--awb-order-medium:0;--awb-spacing-right-medium:50px;--awb-spacing-left-medium:50px;--awb-width-small:100%;--awb-order-small:0;--awb-margin-top-small:45px;--awb-spacing-right-small:50px;--awb-spacing-left-small:50px;\"><div class=\"fusion-column-wrapper fusion-column-has-shadow fusion-flex-justify-content-flex-start fusion-content-layout-row\"><div ><a class=\"fusion-button button-flat fusion-button-default-size button-default fusion-button-default button-2 fusion-button-default-span fusion-button-default-type\" target=\"_self\" data-hover=\"text_slide_down\"><div class=\"awb-button-text-transition  awb-button__hover-content--centered\"><span class=\"fusion-button-text awb-button__text awb-button__text--default\">Montrez-moi les produits<\/span><span class=\"fusion-button-text awb-button__text awb-button__text--default\">Montrez-moi les produits<\/span><\/div><\/a><\/div><\/div><\/div><\/div><\/div><\/div><div class=\"fusion-layout-column fusion_builder_column fusion-builder-column-1 fusion_builder_column_2_3 2_3 fusion-flex-column fusion-animated\" style=\"--awb-padding-top:40px;--awb-padding-right:40px;--awb-padding-bottom:25px;--awb-padding-left:40px;--awb-padding-top-small:85px;--awb-overflow:hidden;--awb-bg-color:var(--awb-color3);--awb-bg-color-hover:var(--awb-color3);--awb-bg-size:cover;--awb-border-color:var(--awb-color7);--awb-border-style:solid;--awb-border-radius:5px 5px 5px 5px;--awb-width-large:66.666666666667%;--awb-margin-top-large:0px;--awb-spacing-right-large:calc( 0.045 * calc( 100% - 100px ) );--awb-margin-bottom-large:0px;--awb-spacing-left-large:50px;--awb-width-medium:100%;--awb-order-medium:0;--awb-spacing-right-medium:calc( 0.03 * calc( 100% - 100px ) );--awb-margin-bottom-medium:60px;--awb-spacing-left-medium:50px;--awb-width-small:100%;--awb-order-small:0;--awb-spacing-right-small:50px;--awb-spacing-left-small:50px;\" data-animationtype=\"fadeInUp\" data-animationduration=\"1.3\" data-animationoffset=\"top-into-view\"><div class=\"fusion-column-wrapper fusion-column-has-shadow fusion-flex-justify-content-flex-start fusion-content-layout-column\">\t\t\t\t\t<div class=\"fusion-woo-cart_table-wrapper\">\n\t\t\t\t\t\t\t\t\t\t<form class=\"woocommerce-cart-form woocommerce\" action=\"https:\/\/ovartech.com\/fr\/chariot\/\" method=\"post\" data-trp-original-action=\"https:\/\/ovartech.com\/fr\/chariot\/\">\n\t\t\t\t\t\t\t\t\t\t<table class=\"shop_table shop_table_responsive cart woocommerce-cart-form__contents fusion-woo-cart_table fusion-woo-cart_table-1 has-auto-height\" style=\"--awb-margin-top:-30px;--awb-margin-right:0px;--awb-margin-bottom:30px;--awb-margin-left:0px;--awb-cell-padding-top:0px;--awb-cell-padding-bottom:0px;--awb-cell-padding-left:0px;--awb-cell-padding-right:0px;--awb-heading-font-size:20px;--awb-heading-letter-spacing:var(--awb-typography1-letter-spacing);--awb-text-font-size:var(--awb-typography3-font-size);--awb-text-letter-spacing:var(--awb-typography3-letter-spacing);--awb-border-color:hsla(var(--awb-color8-h),var(--awb-color8-s),var(--awb-color8-l),calc(var(--awb-color8-a) - 90%));--awb-fusion-font-family-heading-font:var(--awb-typography1-font-family);--awb-fusion-font-variant-heading-font:var(--awb-typography1);--awb-heading-line-height:var(--awb-typography1-line-height);--awb-heading-text-transform:var(--awb-typography1-text-transform);--awb-fusion-font-family-text-font:var(--awb-typography3-font-family);--awb-fusion-font-variant-text-font:var(--awb-typography3);--awb-text-line-height:var(--awb-typography3-line-height);--awb-text-text-transform:var(--awb-typography3-text-transform);\" cellspacing=\"0\">\n\t\t\t\t\t\t\t\t\t\t\t\t\t\t\t\t\t\t<tr class=\"avada-cart-actions\">\n\t\t\t\t\t\t\t<td class=\"actions\">\n\t\t\t\t\t\t\t\t\t\t\t\t\t\t\t\t\t<div class=\"coupon\">\n\t\t\t\t\t\t\t\t\t\t<label for=\"coupon_code\" data-no-translation=\"\" data-trp-gettext=\"\">Code promo\u00a0:<\/label>\n\t\t\t\t\t\t\t\t\t\t<input type=\"text\" name=\"coupon_code\" class=\"input-text\" id=\"coupon_code\" value=\"\" placeholder=\"Code promo\" data-no-translation-placeholder=\"\" \/> <button type=\"submit\" class=\"button\" name=\"apply_coupon\" value=\"Appliquer le code promo\" data-no-translation=\"\" data-trp-gettext=\"\" data-no-translation-value=\"\">Appliquer le code promo<\/button>\n\t\t\t\t\t\t\t\t\t\t\t\t\t\t\t\t\t\t\t<\/div>\n\t\t\t\t\t\t\t\t\t\t\t\t\t\t\t\t\t\t\t\t\t\t\t\t<button type=\"submit\" class=\"button\" name=\"update_cart\">\n\t\t\t\t\t\t\t\tMettre \u00e0 jour le panier<\/button>\n\t\t\t\t\t\t\t\t<input type=\"hidden\" id=\"woocommerce-cart-nonce\" name=\"woocommerce-cart-nonce\" value=\"e3bcaf8ccf\" \/><input type=\"hidden\" name=\"_wp_http_referer\" value=\"\/fr\/wp-json\/wp\/v2\/pages\/1363\" \/>\t\t\t\t\t\t\t<\/td>\n\t\t\t\t\t\t<\/tr>\n\t\t\t\t\t\t\t\t\t\t\t<\/table>\n\n\t\t\t\t\t<input type=\"hidden\" name=\"trp-form-language\" value=\"fr\"\/><\/form>\n\t\t\t\t\t<\/div>\n\t\t\t\t\t<div class=\"fusion-title title fusion-title-2 fusion-sep-none fusion-title-text fusion-title-size-three\" style=\"--awb-text-color:var(--awb-color7);--awb-margin-top:0px;--awb-margin-bottom:35px;--awb-font-size:26px;\"><h3 class=\"fusion-title-heading title-heading-left fusion-responsive-typography-calculated\" style=\"margin:0;font-size:1em;--fontSize:26;--minFontSize:26;line-height:var(--awb-typography1-line-height);\">Shipping Information<\/h3><\/div><div class=\"fusion-title title fusion-title-3 fusion-sep-none fusion-title-text fusion-title-size-four\" style=\"--awb-text-color:var(--awb-color7);--awb-margin-top:0px;--awb-margin-bottom:35px;--awb-margin-bottom-small:30px;\"><h4 class=\"fusion-title-heading title-heading-left fusion-responsive-typography-calculated\" style=\"margin:0;--fontSize:24;--minFontSize:24;line-height:var(--awb-typography1-line-height);\">You Might Be Interested In &#8230;<\/h4><\/div><div class=\"fusion-post-cards fusion-post-cards-1 fusion-grid-archive fusion-grid-columns-2\" style=\"--awb-columns:2;\"><ul class=\"fusion-grid fusion-grid-2 fusion-flex-align-items-stretch fusion-grid-posts-cards\"><p><span style=\"font-family: times new roman, times, serif; font-size: 14pt;\">Saviez-vous que le chargeur d'une voiture \u00e9lectrique se trouve \u00e0 bord du v\u00e9hicule ? Il est ainsi capable de convertir le courant alternatif de votre maison en courant continu, afin de recharger la batterie de votre voiture. Cependant, les mod\u00e8les de v\u00e9hicules \u00e9lectriques ont des chargeurs embarqu\u00e9s de diff\u00e9rentes puissances, par exemple 3,3 kW (kilowatts) et 6,6 kW. Comment savoir quelle puissance vous convient le mieux ?<\/span><\/p>\n<p><span style=\"font-family: times new roman, times, serif; font-size: 14pt;\">C'est en fait assez simple. La capacit\u00e9 de charge du chargeur embarqu\u00e9 de votre voiture d\u00e9termine approximativement le nombre de \u201c kilom\u00e8tres de charge \u201d ou \u201c kilom\u00e8tres d'autonomie \u201d que votre voiture peut parcourir. Plus le nombre de kW est \u00e9lev\u00e9, plus la batterie se recharge rapidement, ce qui signifie plus de kilom\u00e8tres parcourus plus rapidement.<\/span><\/p>\n<p><span style=\"font-family: times new roman, times, serif; font-size: 14pt;\">Par exemple, si deux v\u00e9hicules \u00e9lectriques \u00e9taient \u00e9quip\u00e9s d'une batterie identique, une voiture dot\u00e9e d'un chargeur embarqu\u00e9 de 6,6 kW se rechargerait deux fois plus vite qu'une voiture \u00e9quip\u00e9e d'un chargeur de 3,3 kW. Prenons l'exemple de la Chevy Volt et de la Fiat 500e. Pour recharger une Chevy Volt, son chargeur embarqu\u00e9 de 3,3 kW pourrait ajouter 11 miles par heure de charge, tandis qu'une Fiat 500e pourrait ajouter 22 miles par heure de charge avec son chargeur embarqu\u00e9 de 6,6 kW.<\/span><\/p>\n<p><span style=\"font-family: times new roman, times, serif; font-size: 14pt;\">En g\u00e9n\u00e9ral, la puissance de charge CA embarqu\u00e9e d'un VE se situe entre 3 kW et 10 kW (ce chiffre figure dans la fiche technique de votre voiture). Nous vous recommandons de tenir compte de votre mode de vie, de vos trajets quotidiens, des options de recharge disponibles, etc. afin de d\u00e9terminer la puissance qui vous convient le mieux. Si vous avez trouv\u00e9 un v\u00e9hicule \u00e9lectrique qui vous pla\u00eet, mais que vous estimez que le chargeur embarqu\u00e9 est trop faible, sachez que de nombreux v\u00e9hicules \u00e9lectriques proposent des mises \u00e0 niveau optionnelles pour leur chargeur embarqu\u00e9 !<\/span><\/p>\n<p><span style=\"font-family: times new roman, times, serif; font-size: 14pt;\">Nous savons que les besoins de chaque propri\u00e9taire de v\u00e9hicule \u00e9lectrique sont uniques. Pour en savoir plus sur notre gamme compl\u00e8te de chargeurs, y compris les options pour Chevrolet ou Fiat, cliquez ici. Vous trouverez certainement celui qui correspond \u00e0 votre style de vie.<\/span><\/p>\n<p><span style=\"font-family: times new roman, times, serif; font-size: 14pt;\">Saviez-vous que le chargeur d'une voiture \u00e9lectrique se trouve \u00e0 bord du v\u00e9hicule ? Il est ainsi capable de convertir le courant alternatif de votre maison en courant continu, afin de recharger la batterie de votre voiture. Cependant, les mod\u00e8les de v\u00e9hicules \u00e9lectriques ont des chargeurs embarqu\u00e9s de diff\u00e9rentes puissances, par exemple 3,3 kW (kilowatts) et 6,6 kW. Comment savoir quelle puissance vous convient le mieux ?<\/span><\/p>\n<p><span style=\"font-family: times new roman, times, serif; font-size: 14pt;\">C'est en fait assez simple. La capacit\u00e9 de charge du chargeur embarqu\u00e9 de votre voiture d\u00e9termine approximativement le nombre de \u201c kilom\u00e8tres de charge \u201d ou \u201c kilom\u00e8tres d'autonomie \u201d que votre voiture peut parcourir. Plus le nombre de kW est \u00e9lev\u00e9, plus la batterie se recharge rapidement, ce qui signifie plus de kilom\u00e8tres parcourus plus rapidement.<\/span><\/p>\n<p><span style=\"font-family: times new roman, times, serif; font-size: 14pt;\">Par exemple, si deux v\u00e9hicules \u00e9lectriques \u00e9taient \u00e9quip\u00e9s d'une batterie identique, une voiture dot\u00e9e d'un chargeur embarqu\u00e9 de 6,6 kW se rechargerait deux fois plus vite qu'une voiture \u00e9quip\u00e9e d'un chargeur de 3,3 kW. Prenons l'exemple de la Chevy Volt et de la Fiat 500e. Pour recharger une Chevy Volt, son chargeur embarqu\u00e9 de 3,3 kW pourrait ajouter 11 miles par heure de charge, tandis qu'une Fiat 500e pourrait ajouter 22 miles par heure de charge avec son chargeur embarqu\u00e9 de 6,6 kW.<\/span><\/p>\n<p><span style=\"font-family: times new roman, times, serif; font-size: 14pt;\">En g\u00e9n\u00e9ral, la puissance de charge CA embarqu\u00e9e d'un VE se situe entre 3 kW et 10 kW (ce chiffre figure dans la fiche technique de votre voiture). Nous vous recommandons de tenir compte de votre mode de vie, de vos trajets quotidiens, des options de recharge disponibles, etc. afin de d\u00e9terminer la puissance qui vous convient le mieux. Si vous avez trouv\u00e9 un v\u00e9hicule \u00e9lectrique qui vous pla\u00eet, mais que vous estimez que le chargeur embarqu\u00e9 est trop faible, sachez que de nombreux v\u00e9hicules \u00e9lectriques proposent des mises \u00e0 niveau optionnelles pour leur chargeur embarqu\u00e9 !<\/span><\/p>\n<p><span style=\"font-family: times new roman, times, serif; font-size: 14pt;\">Nous savons que les besoins de chaque propri\u00e9taire de v\u00e9hicule \u00e9lectrique sont uniques. Pour en savoir plus sur notre gamme compl\u00e8te de chargeurs, y compris les options pour Chevrolet ou Fiat, cliquez ici. Vous trouverez certainement celui qui correspond \u00e0 votre style de vie.<\/span><\/p>\n<\/ul><\/div><\/div><\/div><div class=\"fusion-layout-column fusion_builder_column fusion-builder-column-2 fusion_builder_column_1_3 1_3 fusion-flex-column fusion-animated\" style=\"--awb-bg-position:center center;--awb-bg-size:cover;--awb-width-large:33.333333333333%;--awb-margin-top-large:0px;--awb-spacing-right-large:50px;--awb-margin-bottom-large:0px;--awb-spacing-left-large:calc( 0.04 * calc( 100% - 100px ) );--awb-width-medium:100%;--awb-order-medium:0;--awb-spacing-right-medium:50px;--awb-spacing-left-medium:calc( 0.013333333333333 * calc( 100% - 100px ) );--awb-width-small:100%;--awb-order-small:0;--awb-spacing-right-small:50px;--awb-spacing-left-small:50px;\" data-animationtype=\"fadeInUp\" data-animationduration=\"1.3\" data-animationoffset=\"top-into-view\"><div class=\"fusion-column-wrapper fusion-column-has-shadow fusion-flex-justify-content-flex-start fusion-content-layout-column\"><div class=\"fusion-builder-row fusion-builder-row-inner fusion-row fusion-flex-align-items-flex-start fusion-flex-justify-content-center fusion-flex-content-wrap\" style=\"width:calc( 100% + 100px ) !important;max-width:calc( 100% + 100px ) !important;margin-left: calc(-100px \/ 2 );margin-right: calc(-100px \/ 2 );\"><div class=\"fusion-layout-column fusion_builder_column_inner fusion-builder-nested-column-3 fusion_builder_column_inner_1_1 1_1 fusion-flex-column\" style=\"--awb-padding-top:40px;--awb-padding-right:40px;--awb-padding-bottom:40px;--awb-padding-left:40px;--awb-padding-top-small:30px;--awb-padding-right-small:35px;--awb-padding-bottom-small:35px;--awb-padding-left-small:35px;--awb-overflow:hidden;--awb-bg-color:var(--awb-color7);--awb-bg-color-hover:var(--awb-color7);--awb-bg-image:linear-gradient(180deg, hsla(var(--awb-color8-h),var(--awb-color8-s),var(--awb-color8-l),calc(var(--awb-color8-a) - 60%)) 0%,hsla(var(--awb-color8-h),var(--awb-color8-s),var(--awb-color8-l),calc(var(--awb-color8-a) - 60%)) 100%);;--awb-bg-size:cover;--awb-border-radius:5px 5px 5px 5px;--awb-width-large:100%;--awb-margin-top-large:0px;--awb-spacing-right-large:50px;--awb-margin-bottom-large:30px;--awb-spacing-left-large:50px;--awb-width-medium:100%;--awb-order-medium:0;--awb-spacing-right-medium:50px;--awb-spacing-left-medium:50px;--awb-width-small:100%;--awb-order-small:0;--awb-spacing-right-small:50px;--awb-spacing-left-small:50px;\"><div class=\"fusion-column-wrapper lazyload fusion-column-has-shadow fusion-flex-justify-content-flex-start fusion-content-layout-column fusion-column-has-bg-image\" data-bg-url=\"https:\/\/ovartech.com\/wp-content\/uploads\/2024\/03\/background-6.jpg\" data-bg=\"https:\/\/ovartech.com\/wp-content\/uploads\/2024\/03\/background-6.jpg\" data-bg-gradient=\"linear-gradient(180deg, hsla(var(--awb-color8-h),var(--awb-color8-s),var(--awb-color8-l),calc(var(--awb-color8-a) - 60%)) 0%,hsla(var(--awb-color8-h),var(--awb-color8-s),var(--awb-color8-l),calc(var(--awb-color8-a) - 60%)) 100%)\"><div class=\"fusion-title title fusion-title-4 fusion-sep-none fusion-title-text fusion-title-size-three\" style=\"--awb-text-color:var(--awb-color1);--awb-margin-top:0px;--awb-margin-bottom:5px;--awb-font-size:22px;\"><h3 class=\"fusion-title-heading title-heading-left fusion-responsive-typography-calculated\" style=\"margin:0;font-size:1em;--fontSize:22;--minFontSize:22;line-height:1.45;\">Cart Total : <span class=\"fusion-dynamic-cart-count-wrapper\" data-singular=\" item\" data-plural=\" items\"> items<\/span><\/h3><\/div><div ><a class=\"fusion-button button-flat fusion-button-default-size button-custom fusion-button-default button-3 fusion-button-span-yes\" style=\"--button_accent_color:var(--awb-color8);--button_border_color:var(--awb-color8);--button_accent_hover_color:var(--awb-color1);--button_border_hover_color:var(--awb-color1);--button_border_width-top:0px;--button_border_width-right:0px;--button_border_width-bottom:0px;--button_border_width-left:0px;--button_gradient_top_color:var(--awb-color1);--button_gradient_bottom_color:var(--awb-color1);--button_gradient_top_color_hover:var(--awb-color8);--button_gradient_bottom_color_hover:var(--awb-color8);--button_text_transform:var(--awb-typography3-text-transform);--button_font_size:var(--awb-typography3-font-size);--button_line_height:var(--awb-typography3-line-height);--button_padding-top:13px;--button_padding-right:29px;--button_padding-bottom:13px;--button_padding-left:29px;--button_typography-letter-spacing:var(--awb-typography3-letter-spacing);--button_typography-font-family:var(--awb-typography3-font-family);--button_typography-font-weight:var(--awb-typography3-font-weight);--button_typography-font-style:var(--awb-typography3-font-style);--button_margin-bottom:10px;\" target=\"_self\" href=\"#updateCart\"><span class=\"fusion-button-text awb-button__text awb-button__text--default\">Update cart<\/span><i class=\"retail-sync awb-button__icon awb-button__icon--default button-icon-right\" aria-hidden=\"true\"><\/i><\/a><\/div><div ><a class=\"fusion-button button-flat fusion-button-default-size button-default fusion-button-default button-4 fusion-button-span-yes\" style=\"--button_text_transform:var(--awb-typography3-text-transform);--button_font_size:var(--awb-typography3-font-size);--button_line_height:var(--awb-typography3-line-height);--button_padding-top:13px;--button_padding-right:29px;--button_padding-bottom:13px;--button_padding-left:29px;--button_typography-letter-spacing:var(--awb-typography3-letter-spacing);--button_typography-font-family:var(--awb-typography3-font-family);--button_typography-font-weight:var(--awb-typography3-font-weight);--button_typography-font-style:var(--awb-typography3-font-style);--button_margin-bottom:0px;\" target=\"_self\" href=\"https:\/\/ovartech.com\/fr\/checkout\/\"><span class=\"fusion-button-text awb-button__text awb-button__text--default\">Proceed to checkout<\/span><\/a><\/div><\/div><\/div><\/div><div class=\"fusion-builder-row fusion-builder-row-inner fusion-row fusion-flex-align-items-flex-start fusion-flex-justify-content-center fusion-flex-content-wrap\" style=\"width:calc( 100% + 100px ) !important;max-width:calc( 100% + 100px ) !important;margin-left: calc(-100px \/ 2 );margin-right: calc(-100px \/ 2 );\"><div class=\"fusion-layout-column fusion_builder_column_inner fusion-builder-nested-column-4 fusion_builder_column_inner_1_1 1_1 fusion-flex-column\" style=\"--awb-padding-top:40px;--awb-padding-right:40px;--awb-padding-bottom:40px;--awb-padding-left:40px;--awb-padding-top-small:30px;--awb-padding-right-small:35px;--awb-padding-bottom-small:35px;--awb-padding-left-small:35px;--awb-overflow:hidden;--awb-bg-color:var(--awb-color8);--awb-bg-color-hover:var(--awb-color8);--awb-bg-size:cover;--awb-border-radius:5px 5px 5px 5px;--awb-width-large:100%;--awb-margin-top-large:0px;--awb-spacing-right-large:50px;--awb-margin-bottom-large:0px;--awb-spacing-left-large:50px;--awb-width-medium:100%;--awb-order-medium:0;--awb-spacing-right-medium:50px;--awb-spacing-left-medium:50px;--awb-width-small:100%;--awb-order-small:0;--awb-spacing-right-small:50px;--awb-spacing-left-small:50px;\"><div class=\"fusion-column-wrapper fusion-column-has-shadow fusion-flex-justify-content-flex-start fusion-content-layout-column\"><div class=\"fusion-title title fusion-title-5 fusion-sep-none fusion-title-text fusion-title-size-three\" style=\"--awb-text-color:var(--awb-color1);--awb-margin-top:0px;--awb-margin-bottom:20px;--awb-font-size:var(--awb-typography3-font-size);\"><h3 class=\"fusion-title-heading title-heading-left fusion-responsive-typography-calculated\" style=\"font-family:var(--awb-typography3-font-family);font-weight:var(--awb-typography3-font-weight);font-style:var(--awb-typography3-font-style);margin:0;letter-spacing:var(--awb-typography3-letter-spacing);text-transform:var(--awb-typography3-text-transform);font-size:1em;--fontSize:18;--minFontSize:18;line-height:var(--awb-typography3-line-height);\">Got a coupon? Use it here.<\/h3><\/div><\/div><\/div><\/div><\/div><\/div><\/div><\/div><\/p>","protected":false},"excerpt":{"rendered":"","protected":false},"author":1,"featured_media":0,"parent":0,"menu_order":0,"comment_status":"closed","ping_status":"closed","template":"100-width.php","meta":{"_acf_changed":false,"content-type":"","footnotes":""},"class_list":["post-1363","page","type-page","status-publish","hentry"],"acf":[],"_links":{"self":[{"href":"https:\/\/ovartech.com\/fr\/wp-json\/wp\/v2\/pages\/1363","targetHints":{"allow":["GET"]}}],"collection":[{"href":"https:\/\/ovartech.com\/fr\/wp-json\/wp\/v2\/pages"}],"about":[{"href":"https:\/\/ovartech.com\/fr\/wp-json\/wp\/v2\/types\/page"}],"author":[{"embeddable":true,"href":"https:\/\/ovartech.com\/fr\/wp-json\/wp\/v2\/users\/1"}],"replies":[{"embeddable":true,"href":"https:\/\/ovartech.com\/fr\/wp-json\/wp\/v2\/comments?post=1363"}],"version-history":[{"count":0,"href":"https:\/\/ovartech.com\/fr\/wp-json\/wp\/v2\/pages\/1363\/revisions"}],"wp:attachment":[{"href":"https:\/\/ovartech.com\/fr\/wp-json\/wp\/v2\/media?parent=1363"}],"curies":[{"name":"wp","href":"https:\/\/api.w.org\/{rel}","templated":true}]}}