{"id":525,"date":"2025-09-23T01:10:58","date_gmt":"2025-09-23T01:10:58","guid":{"rendered":"https:\/\/ovartech.com\/?post_type=product&#038;p=525"},"modified":"2026-03-19T03:44:43","modified_gmt":"2026-03-19T03:44:43","slug":"bidirectional-11kw-obc-dc-dc","status":"publish","type":"product","link":"https:\/\/ovartech.com\/es\/product\/bidirectional-11kw-obc-dc-dc\/","title":{"rendered":"Powerful Bidirectional 11kW OBC DC-DC 250-450VDC | EV Charger"},"content":{"rendered":"<p><span style=\"font-family: arial, helvetica, sans-serif;\"><strong><span style=\"font-size: 18pt;\">Powerful Bidirectional 11kW OBC DC-DC 250-450VDC | EV Charger<\/span><\/strong><\/span><\/p>\r\n<p><span style=\"font-size: 14pt; font-family: arial, helvetica, sans-serif;\">Powerful &amp; Space-Saving Bidirectional 11kW OBC 3kW DC-DC Solution for Electric Vehicles | Cut Your Operational &amp; Installation Costs<\/span><\/p>\r\n<p><span style=\"font-family: arial, helvetica, sans-serif; font-size: 14pt;\">The Ovartech CAD112DF400-14302B bidirectional 11kw OBC DC-DC integrates a high-frequency 11kW battery charger and a 3kW DC-DC converter into one compact unit. This two-in-one bidirectional 11kw OBC DC-DC design effectively reduces installation space, product weight and wiring complexity, helping you lower the overall costs of inventory management, on-site installation and after-sales service.<\/span><\/p>\r\n<p><span style=\"font-family: arial, helvetica, sans-serif;\"><span style=\"font-size: 14pt;\">The bidirectional 11kw OBC DC-DC is equipped with an intelligent charging mode, which automatically regulates the output voltage through CC\/CV\/cut off stages to match various EV battery requirements. Comprehensive protection functions are built-in, including short-circuit, over-voltage, over-current and over-temperature protection, ensuring stable and safe operation of the bidirectional 11kw OBC DC-DC throughout the charging cycle.<br \/><\/span><\/span><\/p>\r\n<p><span style=\"font-family: arial, helvetica, sans-serif; font-size: 14pt;\">The integrated CAN-bus interface enables real-time data transmission, reliably sending charging status, interlock connection details, as well as disconnection and fault alarm messages to the Vehicle Control Unit (VCU) through the Battery Management System (BMS).<\/span><\/p>\r\n<p><span style=\"font-family: arial, helvetica, sans-serif; font-size: 14pt;\">The CAD662DF400-14202B charger series, designed to work with the bidirectional 11kw OBC DC-DC, fully complies with international standards including SAE J1772 and IEC 61851. It achieves an IP67 protection rating, enabling stable operation of the bidirectional 11kw OBC DC-DC in harsh and demanding operating environments typical of electric vehicle applications.<\/span><\/p>\r\n<h2>\u00a0<\/h2>\r\n<h2><strong><span style=\"font-size: 14pt; font-family: arial, helvetica, sans-serif;\">11kW OBC Specification<\/span><\/strong><\/h2>\r\n<table style=\"height: 279px; width: 50%; border-color: #424242; border-style: none;\">\r\n<tbody>\r\n<tr style=\"height: 28px;\">\r\n<td style=\"width: 26.3914%; height: 28px;\"><span style=\"font-size: 14pt;\"><strong><span style=\"font-family: arial, helvetica, sans-serif;\">Model :<\/span><\/strong><\/span><\/td>\r\n<td style=\"width: 52.2402%; height: 28px;\"><span style=\"font-family: arial, helvetica, sans-serif; font-size: 14pt;\">CAD112DF400-14302B<\/span><\/td>\r\n<\/tr>\r\n<tr style=\"height: 28px;\">\r\n<td style=\"width: 26.3914%; height: 28px;\"><span style=\"font-size: 14pt;\"><strong><span style=\"font-family: arial, helvetica, sans-serif;\">Power \uff1a<\/span><\/strong><\/span><\/td>\r\n<td style=\"width: 52.2402%; height: 28px;\"><span style=\"font-family: arial, helvetica, sans-serif; font-size: 14pt;\">11 kW + 3 kW<\/span><\/td>\r\n<\/tr>\r\n<tr style=\"height: 28px;\">\r\n<td style=\"width: 26.3914%; height: 28px;\"><span style=\"font-size: 14pt;\"><strong><span style=\"font-family: arial, helvetica, sans-serif;\">Input voltage \uff1a<\/span><\/strong><\/span><\/td>\r\n<td style=\"width: 52.2402%; height: 28px;\">\r\n<p><span style=\"font-family: arial, helvetica, sans-serif; font-size: 14pt;\">304-456 VCA trif\u00e1sico<\/span><\/p>\r\n<p><span style=\"font-family: arial, helvetica, sans-serif; font-size: 14pt;\">176-264 VCA monof\u00e1sico<\/span><\/p>\r\n<\/td>\r\n<\/tr>\r\n<tr style=\"height: 28px;\">\r\n<td style=\"width: 26.3914%; height: 28px;\"><span style=\"font-size: 14pt;\"><strong><span style=\"font-family: arial, helvetica, sans-serif;\">Output current \uff1a<\/span><\/strong><\/span><\/td>\r\n<td style=\"width: 52.2402%; height: 28px;\"><span style=\"font-family: arial, helvetica, sans-serif; font-size: 14pt;\">0-32 A<\/span><\/td>\r\n<\/tr>\r\n<tr style=\"height: 28px;\">\r\n<td style=\"width: 26.3914%; height: 28px;\"><span style=\"font-size: 14pt;\"><strong><span style=\"font-family: arial, helvetica, sans-serif;\">Output voltage \uff1a<\/span><\/strong><\/span><\/td>\r\n<td style=\"width: 52.2402%; height: 28px;\"><span style=\"font-family: arial, helvetica, sans-serif; font-size: 14pt;\">250-450 V CC<\/span><\/td>\r\n<\/tr>\r\n<tr>\r\n<td style=\"width: 26.3914%;\"><span style=\"font-size: 14pt;\"><strong><span style=\"font-family: arial, helvetica, sans-serif;\">DC-AC output \uff1a<\/span><\/strong><\/span><\/td>\r\n<td style=\"width: 52.2402%;\"><span style=\"font-family: arial, helvetica, sans-serif; font-size: 14pt;\">220 V, 16 A<\/span><\/td>\r\n<\/tr>\r\n<tr style=\"height: 28px;\">\r\n<td style=\"width: 26.3914%; height: 28px;\"><span style=\"font-size: 14pt;\"><strong><span style=\"font-family: arial, helvetica, sans-serif;\">Cooling \uff1a<\/span><\/strong><\/span><\/td>\r\n<td style=\"width: 52.2402%; height: 28px;\"><span style=\"font-family: arial, helvetica, sans-serif; font-size: 14pt;\">refrigeraci\u00f3n l\u00edquida<\/span><\/td>\r\n<\/tr>\r\n<tr style=\"height: 27px;\">\r\n<td style=\"width: 26.3914%; height: 27px;\"><span style=\"font-size: 14pt;\"><strong><span style=\"font-family: arial, helvetica, sans-serif;\">Dimension \uff1a<\/span><\/strong><\/span><\/td>\r\n<td style=\"width: 52.2402%; height: 27px;\"><span style=\"font-family: arial, helvetica, sans-serif; font-size: 14pt;\">417 \u00d7 270 \u00d7 98 mm<\/span><\/td>\r\n<\/tr>\r\n<tr style=\"height: 28px;\">\r\n<td style=\"width: 26.3914%; height: 28px;\"><span style=\"font-size: 14pt;\"><strong><span style=\"font-family: arial, helvetica, sans-serif;\">Weight \uff1a<\/span><\/strong><\/span><\/td>\r\n<td style=\"width: 52.2402%; height: 28px;\"><span style=\"font-family: arial, helvetica, sans-serif; font-size: 14pt;\">12 kg<\/span><\/td>\r\n<\/tr>\r\n<tr style=\"height: 28px;\">\r\n<td style=\"width: 26.3914%; height: 28px;\"><span style=\"font-size: 14pt;\"><strong><span style=\"font-family: arial, helvetica, sans-serif;\">IP rate \uff1a<\/span><\/strong><\/span><\/td>\r\n<td style=\"width: 52.2402%; height: 28px;\"><span style=\"font-family: arial, helvetica, sans-serif; font-size: 14pt;\">IP67<\/span><\/td>\r\n<\/tr>\r\n<tr style=\"height: 28px;\">\r\n<td style=\"width: 26.3914%; height: 28px;\"><span style=\"font-size: 14pt;\"><strong><span style=\"font-family: arial, helvetica, sans-serif;\">Interface \uff1a<\/span><\/strong><\/span><\/td>\r\n<td style=\"width: 52.2402%; height: 28px;\"><span style=\"font-family: arial, helvetica, sans-serif; font-size: 14pt;\">CANbus<\/span><\/td>\r\n<\/tr>\r\n<\/tbody>\r\n<\/table>\r\n<p>&nbsp;<\/p>\r\n<p><strong><span style=\"font-family: arial, helvetica, sans-serif; font-size: 14pt;\">11kW OBC Details<\/span><\/strong><\/p>\r\n<p><span style=\"font-family: arial, helvetica, sans-serif;\"><!-- \/wp:post-content -->\r\n\r\n<!-- wp:image {\"id\":348} --><\/span><\/p>\r\n<table style=\"border-collapse: collapse; width: 81.9046%;\">\r\n<tbody>\r\n<tr>\r\n<td style=\"width: 39.0435%;\"><a href=\"https:\/\/ovartech.com\/wp-content\/uploads\/2025\/09\/4-1.jpg\"><img decoding=\"async\" class=\"lazyload alignnone wp-image-1632 size-fusion-600\" src=\"https:\/\/ovartech.com\/wp-content\/uploads\/2025\/09\/4-1-600x600.jpg\" data-orig-src=\"https:\/\/ovartech.com\/wp-content\/uploads\/2025\/09\/4-1-600x600.jpg\" alt=\"bidirectional 11kw OBC DC-DC\" width=\"600\" height=\"600\" srcset=\"data:image\/svg+xml,%3Csvg%20xmlns%3D%27http%3A%2F%2Fwww.w3.org%2F2000%2Fsvg%27%20width%3D%27600%27%20height%3D%27600%27%20viewBox%3D%270%200%20600%20600%27%3E%3Crect%20width%3D%27600%27%20height%3D%27600%27%20fill-opacity%3D%220%22%2F%3E%3C%2Fsvg%3E\" data-srcset=\"https:\/\/ovartech.com\/wp-content\/uploads\/2025\/09\/4-1-12x12.jpg 12w, https:\/\/ovartech.com\/wp-content\/uploads\/2025\/09\/4-1-66x66.jpg 66w, https:\/\/ovartech.com\/wp-content\/uploads\/2025\/09\/4-1-150x150.jpg 150w, https:\/\/ovartech.com\/wp-content\/uploads\/2025\/09\/4-1-200x200.jpg 200w, https:\/\/ovartech.com\/wp-content\/uploads\/2025\/09\/4-1-300x300.jpg 300w, https:\/\/ovartech.com\/wp-content\/uploads\/2025\/09\/4-1-400x400.jpg 400w, https:\/\/ovartech.com\/wp-content\/uploads\/2025\/09\/4-1-500x500.jpg 500w, https:\/\/ovartech.com\/wp-content\/uploads\/2025\/09\/4-1-600x600.jpg 600w, https:\/\/ovartech.com\/wp-content\/uploads\/2025\/09\/4-1-700x700.jpg 700w, https:\/\/ovartech.com\/wp-content\/uploads\/2025\/09\/4-1-768x768.jpg 768w, https:\/\/ovartech.com\/wp-content\/uploads\/2025\/09\/4-1-800x800.jpg 800w, https:\/\/ovartech.com\/wp-content\/uploads\/2025\/09\/4-1-1024x1024.jpg 1024w, https:\/\/ovartech.com\/wp-content\/uploads\/2025\/09\/4-1-1200x1200.jpg 1200w, https:\/\/ovartech.com\/wp-content\/uploads\/2025\/09\/4-1-1536x1536.jpg 1536w\" data-sizes=\"auto\" data-orig-sizes=\"(max-width: 600px) 100vw, 600px\" \/><\/a><\/td>\r\n<td style=\"width: 41.8447%;\"><a href=\"https:\/\/ovartech.com\/wp-content\/uploads\/2025\/09\/3-1.jpg\"><img decoding=\"async\" class=\"lazyload alignnone wp-image-1631 size-fusion-600\" src=\"https:\/\/ovartech.com\/wp-content\/uploads\/2025\/09\/3-1-600x600.jpg\" data-orig-src=\"https:\/\/ovartech.com\/wp-content\/uploads\/2025\/09\/3-1-600x600.jpg\" alt=\"bidirectional 11kw OBC DC-DC\" width=\"600\" height=\"600\" srcset=\"data:image\/svg+xml,%3Csvg%20xmlns%3D%27http%3A%2F%2Fwww.w3.org%2F2000%2Fsvg%27%20width%3D%27600%27%20height%3D%27600%27%20viewBox%3D%270%200%20600%20600%27%3E%3Crect%20width%3D%27600%27%20height%3D%27600%27%20fill-opacity%3D%220%22%2F%3E%3C%2Fsvg%3E\" data-srcset=\"https:\/\/ovartech.com\/wp-content\/uploads\/2025\/09\/3-1-12x12.jpg 12w, https:\/\/ovartech.com\/wp-content\/uploads\/2025\/09\/3-1-66x66.jpg 66w, https:\/\/ovartech.com\/wp-content\/uploads\/2025\/09\/3-1-150x150.jpg 150w, https:\/\/ovartech.com\/wp-content\/uploads\/2025\/09\/3-1-200x200.jpg 200w, https:\/\/ovartech.com\/wp-content\/uploads\/2025\/09\/3-1-300x300.jpg 300w, https:\/\/ovartech.com\/wp-content\/uploads\/2025\/09\/3-1-400x400.jpg 400w, https:\/\/ovartech.com\/wp-content\/uploads\/2025\/09\/3-1-500x500.jpg 500w, https:\/\/ovartech.com\/wp-content\/uploads\/2025\/09\/3-1-600x600.jpg 600w, https:\/\/ovartech.com\/wp-content\/uploads\/2025\/09\/3-1-700x700.jpg 700w, https:\/\/ovartech.com\/wp-content\/uploads\/2025\/09\/3-1-768x768.jpg 768w, https:\/\/ovartech.com\/wp-content\/uploads\/2025\/09\/3-1-800x800.jpg 800w, https:\/\/ovartech.com\/wp-content\/uploads\/2025\/09\/3-1-1024x1024.jpg 1024w, https:\/\/ovartech.com\/wp-content\/uploads\/2025\/09\/3-1-1200x1200.jpg 1200w, https:\/\/ovartech.com\/wp-content\/uploads\/2025\/09\/3-1-1536x1536.jpg 1536w\" data-sizes=\"auto\" data-orig-sizes=\"(max-width: 600px) 100vw, 600px\" \/><\/a><\/td>\r\n<\/tr>\r\n<\/tbody>\r\n<\/table>\r\n<figure class=\"wp-block-image\">\r\n<p>&nbsp;<\/p>\r\n<p><span style=\"font-size: 14pt; font-family: arial, helvetica, sans-serif;\"><strong>Preguntas frecuentes<\/strong><\/span><\/p>\r\n<p><span style=\"font-family: arial, helvetica, sans-serif;\"><strong><span style=\"font-size: 10pt;\">P: \u00bfSon ustedes una empresa comercializadora o un fabricante?<\/span><\/strong><\/span><br \/><span style=\"font-size: 10pt; font-family: arial, helvetica, sans-serif;\">R: Somos un fabricante.<\/span><\/p>\r\n<p><span style=\"font-family: arial, helvetica, sans-serif;\"><strong><span style=\"font-size: 10pt;\">P: \u00bfCu\u00e1l es el plazo de entrega?<\/span><\/strong><\/span><br \/><span style=\"font-size: 10pt; font-family: arial, helvetica, sans-serif;\">R: Por lo general, son entre 5 y 10 d\u00edas si los productos est\u00e1n en stock. Si no est\u00e1n en stock, son 6 semanas, dependiendo de la cantidad.<\/span><\/p>\r\n<p><span style=\"font-family: arial, helvetica, sans-serif;\"><strong><span style=\"font-size: 10pt;\">P: \u00bfCu\u00e1l es la principal ventaja t\u00e9cnica de sus productos?<\/span><\/strong><\/span><br \/><span style=\"font-size: 10pt; font-family: arial, helvetica, sans-serif;\">R: Adoptamos tecnolog\u00eda de control digital, que resulta muy pr\u00e1ctica para la actualizaci\u00f3n remota y la producci\u00f3n totalmente autom\u00e1tica.<\/span><\/p>\r\n<p><span style=\"font-family: arial, helvetica, sans-serif;\"><strong><span style=\"font-size: 10pt;\">P: \u00bfCu\u00e1les son sus capacidades de pruebas y validaci\u00f3n de ingenier\u00eda?<\/span><\/strong><\/span><br \/><span style=\"font-size: 10pt; font-family: arial, helvetica, sans-serif;\">R: Le responderemos en un plazo de 2 horas y resolveremos el problema en un plazo de 24 horas.<\/span><\/p>\r\n<p><span style=\"font-family: arial, helvetica, sans-serif;\"><strong><span style=\"font-size: 10pt;\">P: \u00bfCu\u00e1les son sus condiciones de pago?<\/span><\/strong><\/span><br \/><span style=\"font-size: 10pt; font-family: arial, helvetica, sans-serif;\">A: Prepago 100%.<\/span><\/p>\r\n<p><span style=\"font-family: arial, helvetica, sans-serif;\"><strong><span style=\"font-size: 10pt;\">P: \u00bfCu\u00e1l es la cantidad m\u00ednima de pedido (MOQ)?<\/span><\/strong><\/span><\/p>\r\n<p><span style=\"font-size: 10pt; font-family: arial, helvetica, sans-serif;\">R: 1 unidad.<\/span><\/p>\r\n<p><span style=\"font-family: arial, helvetica, sans-serif;\"><strong><span style=\"font-size: 10pt;\">P: \u00bfAceptan personalizaciones?<\/span><\/strong><\/span><\/p>\r\n<p><span style=\"font-size: 10pt; font-family: arial, helvetica, sans-serif;\">R: S\u00ed, se admiten todos los servicios OEM y ODM.<\/span><\/p>\r\n<p><span style=\"font-family: arial, helvetica, sans-serif;\"><strong><span style=\"font-size: 10pt;\">P: \u00bfProporcionar\u00e1n una muestra gratuita antes de realizar el pedido?<\/span><\/strong><\/span><\/p>\r\n<p><span style=\"font-size: 10pt; font-family: arial, helvetica, sans-serif;\">R: En t\u00e9rminos generales, hay que pagar por ello.<\/span><\/p>\r\n<p><span style=\"font-family: arial, helvetica, sans-serif;\"><strong><span style=\"font-size: 10pt;\">P: \u00bfCu\u00e1l es su pol\u00edtica de muestras?<\/span><\/strong><\/span><\/p>\r\n<p><span style=\"font-size: 10pt; font-family: arial, helvetica, sans-serif;\">R: Podemos suministrar la muestra si tenemos las piezas en stock, los clientes deben pagar el coste de la muestra y los gastos de env\u00edo.<\/span><\/p>\r\n<p><span style=\"font-family: arial, helvetica, sans-serif;\"><strong><span style=\"font-size: 10pt;\">P: \u00bfComprueban todos sus productos antes de la entrega?<\/span><\/strong><\/span><\/p>\r\n<p><span style=\"font-size: 10pt; font-family: arial, helvetica, sans-serif;\">R: S\u00ed, realizamos una prueba 100% antes de la entrega y, si es necesario, podemos enviar un informe de inspecci\u00f3n antes de la entrega.<\/span><\/p>\r\n<p><span style=\"font-family: arial, helvetica, sans-serif;\"><strong><span style=\"font-size: 10pt;\">P: \u00bfC\u00f3mo se consigue una relaci\u00f3n comercial duradera y satisfactoria?<\/span><\/strong><\/span><\/p>\r\n<p data-spm-anchor-id=\"a2700.details.0.i14.37d9a03fIpMZvt\"><span style=\"font-size: 10pt; font-family: arial, helvetica, sans-serif;\" data-spm-anchor-id=\"a2700.details.0.i15.37d9a03fIpMZvt\">R: 1. Mantenemos una buena calidad y precios competitivos para garantizar el beneficio de nuestros clientes.<\/span><\/p>\r\n<p data-spm-anchor-id=\"a2700.details.0.i17.37d9a03fIpMZvt\"><span style=\"font-size: 10pt; font-family: arial, helvetica, sans-serif;\" data-spm-anchor-id=\"a2700.details.0.i16.37d9a03fIpMZvt\">\u00a0 \u00a0 \u00a02. We respect every customer as our friend and we sincerely do business and make friends with them, no matter where they come from<\/span><\/p>\r\n<\/figure>\r\n<figure><\/figure>\r\n<p><span style=\"font-family: arial, helvetica, sans-serif;\"><!-- \/wp:image --><\/span><\/p>","protected":false},"excerpt":{"rendered":"<p>Bidirectional 11kW OBC DC-DC 250-450VDC | EV Charger<\/p>","protected":false},"featured_media":529,"template":"","meta":{"_acf_changed":false,"content-type":""},"product_brand":[],"product_cat":[24],"product_tag":[118,88,28,113,35,120,112,119,121,33],"class_list":{"0":"post-525","1":"product","2":"type-product","3":"status-publish","4":"has-post-thumbnail","6":"product_cat-chargerdc-dc-converter-integration","7":"product_tag-11kw-obc","8":"product_tag-11kw-on-board-charger","9":"product_tag-3kw-dc-dc-converter","10":"product_tag-6-6kw-obc-2kw-dc-dc-bi-directional-charger","11":"product_tag-6-6kw-on-board-charger","12":"product_tag-ac-dc-converter","13":"product_tag-bi-directional-6-6kw-obc","14":"product_tag-bidirectional-11kw-obc","15":"product_tag-bidirectional-ev-on-board-charger","16":"product_tag-on-board-6-6kw-liquid-cooled-charger","18":"first","19":"instock","20":"featured","21":"shipping-taxable","22":"product-type-simple"},"acf":[],"_links":{"self":[{"href":"https:\/\/ovartech.com\/es\/wp-json\/wp\/v2\/product\/525","targetHints":{"allow":["GET"]}}],"collection":[{"href":"https:\/\/ovartech.com\/es\/wp-json\/wp\/v2\/product"}],"about":[{"href":"https:\/\/ovartech.com\/es\/wp-json\/wp\/v2\/types\/product"}],"wp:featuredmedia":[{"embeddable":true,"href":"https:\/\/ovartech.com\/es\/wp-json\/wp\/v2\/media\/529"}],"wp:attachment":[{"href":"https:\/\/ovartech.com\/es\/wp-json\/wp\/v2\/media?parent=525"}],"wp:term":[{"taxonomy":"product_brand","embeddable":true,"href":"https:\/\/ovartech.com\/es\/wp-json\/wp\/v2\/product_brand?post=525"},{"taxonomy":"product_cat","embeddable":true,"href":"https:\/\/ovartech.com\/es\/wp-json\/wp\/v2\/product_cat?post=525"},{"taxonomy":"product_tag","embeddable":true,"href":"https:\/\/ovartech.com\/es\/wp-json\/wp\/v2\/product_tag?post=525"}],"curies":[{"name":"wp","href":"https:\/\/api.w.org\/{rel}","templated":true}]}}