{"id":284,"date":"2018-06-13T09:10:03","date_gmt":"2018-06-13T09:10:03","guid":{"rendered":"https:\/\/www.ovartech.com\/?post_type=product&#038;p=284"},"modified":"2026-03-20T03:20:10","modified_gmt":"2026-03-20T03:20:10","slug":"48v-120a-forklift-ev-battery-charger","status":"publish","type":"product","link":"https:\/\/ovartech.com\/es\/product\/48v-120a-forklift-ev-battery-charger\/","title":{"rendered":"Reliable 48V 120A Forklift EV Battery Charger for Industrial Fleets"},"content":{"rendered":"<p><strong><span style=\"font-family: arial, helvetica, sans-serif; font-size: 18pt;\">Reliable 48V 120A Forklift EV Battery Charger for Industrial Fleets<\/span><\/strong><\/p>\n<p><span style=\"font-family: arial, helvetica, sans-serif; font-size: 14pt;\">El <strong>48V 120A Forklift EV Battery Charger<\/strong> from the OVAR QF Series delivers 96% peak efficiency and worldwide grid compatibility, offering a durable, waterproof charging solution for industrial fleets.<\/span><\/p>\n<p><span style=\"font-family: arial, helvetica, sans-serif; font-size: 14pt;\">The OVAR QF Series <strong>48V 120A Forklift EV Battery Charger<\/strong> is engineered as a highly durable, waterproof solution, designed for both on-board and off-board installation. It operates seamlessly on any single-phase electrical grid worldwide, achieving an impressive 96% peak efficiency to minimize energy consumption and operational costs. Its flexible, customizable charging profiles empower customers to tailor charging parameters to their specific battery types, ensuring optimal charging flexibility and performance for industrial deep cycle batteries.<\/span><\/p>\n<p><span style=\"font-family: arial, helvetica, sans-serif; font-size: 14pt;\">This industrial-grade battery charger is the ideal choice for charging and maintaining 24V, 36V, and 48V batteries across a wide range of applications, including forklifts, golf carts, scissor lifts, utility vehicles, and other electric industrial equipment. Built with exceptional power management technology, it actively prolongs battery lifespan and extends vehicle run time, directly reducing maintenance costs and maximizing fleet uptime.<\/span><\/p>\n<p><span style=\"font-family: arial, helvetica, sans-serif; font-size: 14pt;\">As a portable and versatile charging solution, the OVAR QF Series features multiple intelligent charging modes to adapt to different battery conditions, from fast charging to maintenance trickle charging. Its robust, waterproof construction ensures reliable operation even in harsh industrial environments, making it a dependable partner for keeping your electric vehicles and equipment powered and productive..<\/span><\/p>\n<h2><\/h2>\n<h2><strong><span style=\"font-family: arial, helvetica, sans-serif; font-size: 14pt;\">QF Series Battery Charger Specification<\/span><\/strong><\/h2>\n<table style=\"width: 763px;\">\n<tbody>\n<tr>\n<td style=\"width: 522px;\"><strong><span style=\"color: #000000; font-family: arial, helvetica, sans-serif; font-size: 14pt;\">Model :<\/span><\/strong><\/td>\n<td style=\"width: 339px;\"><strong><span style=\"color: #000000; font-family: arial, helvetica, sans-serif; font-size: 14pt;\">QF4880<\/span><\/strong><\/td>\n<td style=\"width: 338px;\"><strong><span style=\"color: #000000; font-family: arial, helvetica, sans-serif; font-size: 14pt;\">QB48100<\/span><\/strong><\/td>\n<td style=\"width: 299.883px;\"><strong><span style=\"color: #000000; font-family: arial, helvetica, sans-serif; font-size: 14pt;\">QB48120<\/span><\/strong><\/td>\n<\/tr>\n<tr>\n<td style=\"width: 522px;\"><strong><span style=\"color: #000000; font-family: arial, helvetica, sans-serif; font-size: 14pt;\">Input voltage :<\/span><\/strong><\/td>\n<td style=\"width: 339px;\"><span style=\"color: #000000; font-family: arial, helvetica, sans-serif; font-size: 14pt;\">240 V\/380 V<\/span><\/td>\n<td style=\"width: 338px;\"><span style=\"color: #000000; font-family: arial, helvetica, sans-serif; font-size: 14pt;\">240 V\/380 V<\/span><\/td>\n<td style=\"width: 299.883px;\"><span style=\"color: #000000; font-family: arial, helvetica, sans-serif; font-size: 14pt;\">240 V\/380 V<\/span><\/td>\n<\/tr>\n<tr>\n<td style=\"width: 522px;\"><strong><span style=\"color: #000000; font-family: arial, helvetica, sans-serif; font-size: 14pt;\">Output current :<\/span><\/strong><\/td>\n<td style=\"width: 339px;\"><span style=\"color: #000000; font-family: arial, helvetica, sans-serif; font-size: 14pt;\">80A<\/span><\/td>\n<td style=\"width: 338px;\"><span style=\"color: #000000; font-family: arial, helvetica, sans-serif; font-size: 14pt;\">100 A<\/span><\/td>\n<td style=\"width: 299.883px;\"><span style=\"color: #000000; font-family: arial, helvetica, sans-serif; font-size: 14pt;\">120 A<\/span><\/td>\n<\/tr>\n<tr>\n<td style=\"width: 522px;\"><strong><span style=\"color: #000000; font-family: arial, helvetica, sans-serif; font-size: 14pt;\">Output voltage :<\/span><\/strong><\/td>\n<td style=\"width: 339px;\"><span style=\"color: #000000; font-family: arial, helvetica, sans-serif; font-size: 14pt;\">48 V<\/span><\/td>\n<td style=\"width: 338px;\"><span style=\"color: #000000; font-family: arial, helvetica, sans-serif; font-size: 14pt;\">48 V<\/span><\/td>\n<td style=\"width: 299.883px;\"><span style=\"color: #000000; font-family: arial, helvetica, sans-serif; font-size: 14pt;\">48 V<\/span><\/td>\n<\/tr>\n<tr>\n<td style=\"width: 522px;\"><strong><span style=\"color: #000000; font-family: arial, helvetica, sans-serif; font-size: 14pt;\">Dimension :<\/span><\/strong><\/td>\n<td style=\"width: 1768px;\" colspan=\"3\"><span style=\"color: #000000; font-family: arial, helvetica, sans-serif; font-size: 14pt;\">430 x 240 x 140 cm<\/span><\/td>\n<\/tr>\n<tr>\n<td style=\"width: 522px;\"><strong><span style=\"color: #000000; font-family: arial, helvetica, sans-serif; font-size: 14pt;\">Weight :<\/span><\/strong><\/td>\n<td style=\"width: 1768px;\" colspan=\"3\"><span style=\"color: #000000; font-family: arial, helvetica, sans-serif; font-size: 14pt;\">44 libras (22 kg)<\/span><\/td>\n<\/tr>\n<tr>\n<td style=\"width: 522px;\"><strong><span style=\"color: #000000; font-family: arial, helvetica, sans-serif; font-size: 14pt;\">IP rate :<\/span><\/strong><\/td>\n<td style=\"width: 1768px;\" colspan=\"3\"><span style=\"color: #000000; font-family: arial, helvetica, sans-serif; font-size: 14pt;\">IP54<br \/>\n<\/span><\/td>\n<\/tr>\n<tr>\n<td style=\"width: 522px;\"><strong><span style=\"color: #000000; font-family: arial, helvetica, sans-serif; font-size: 14pt;\">Battery type :<\/span><\/strong><\/td>\n<td style=\"width: 1768px;\" colspan=\"3\"><span style=\"color: #000000; font-family: arial, helvetica, sans-serif; font-size: 14pt;\">Plomo-\u00e1cido (h\u00famedo \/ AGM \/ GEL), litio-ion<\/span><\/td>\n<\/tr>\n<tr>\n<td style=\"width: 522px;\"><strong><span style=\"color: #000000; font-family: arial, helvetica, sans-serif; font-size: 14pt;\">Reverse polarity :<\/span><\/strong><\/td>\n<td style=\"width: 1768px;\" colspan=\"3\"><span style=\"color: #000000; font-family: arial, helvetica, sans-serif; font-size: 14pt;\">\u00a0Protecci\u00f3n electr\u00f3nica con reinicio autom\u00e1tico<\/span><\/td>\n<\/tr>\n<tr>\n<td style=\"width: 522px;\"><strong><span style=\"color: #000000; font-family: arial, helvetica, sans-serif; font-size: 14pt;\">\u00a0Short circuit :<\/span><\/strong><\/td>\n<td style=\"width: 1768px;\" colspan=\"3\"><span style=\"color: #000000; font-family: arial, helvetica, sans-serif; font-size: 14pt;\">\u00a0L\u00edmite de corriente electr\u00f3nico<\/span><\/td>\n<\/tr>\n<\/tbody>\n<\/table>\n<p>&nbsp;<\/p>\n<h3><strong><span style=\"font-family: arial, helvetica, sans-serif; font-size: 14pt;\">QF Series Battery Charger Details<\/span><\/strong><\/h3>\n<table style=\"border-collapse: collapse; width: 89.6832%; height: 609px;\">\n<tbody>\n<tr style=\"height: 609px;\">\n<td style=\"width: 29.8821%; height: 609px;\"><a href=\"https:\/\/ovartech.com\/wp-content\/uploads\/2018\/06\/JC5A7827.jpg\"><img decoding=\"async\" class=\"lazyload alignnone wp-image-285 size-fusion-400\" src=\"https:\/\/ovartech.com\/wp-content\/uploads\/2018\/06\/JC5A7827-400x600.jpg\" data-orig-src=\"https:\/\/ovartech.com\/wp-content\/uploads\/2018\/06\/JC5A7827-400x600.jpg\" alt=\"48V 120A Forklift EV Battery Charger for Industrial Fleets\" width=\"400\" height=\"600\" srcset=\"data:image\/svg+xml,%3Csvg%20xmlns%3D%27http%3A%2F%2Fwww.w3.org%2F2000%2Fsvg%27%20width%3D%27400%27%20height%3D%27600%27%20viewBox%3D%270%200%20400%20600%27%3E%3Crect%20width%3D%27400%27%20height%3D%27600%27%20fill-opacity%3D%220%22%2F%3E%3C%2Fsvg%3E\" data-srcset=\"https:\/\/ovartech.com\/wp-content\/uploads\/2018\/06\/JC5A7827-120x180.jpg 120w, https:\/\/ovartech.com\/wp-content\/uploads\/2018\/06\/JC5A7827-200x300.jpg 200w, https:\/\/ovartech.com\/wp-content\/uploads\/2018\/06\/JC5A7827-400x600.jpg 400w, https:\/\/ovartech.com\/wp-content\/uploads\/2018\/06\/JC5A7827-500x750.jpg 500w, https:\/\/ovartech.com\/wp-content\/uploads\/2018\/06\/JC5A7827-600x900.jpg 600w, https:\/\/ovartech.com\/wp-content\/uploads\/2018\/06\/JC5A7827-683x1024.jpg 683w, https:\/\/ovartech.com\/wp-content\/uploads\/2018\/06\/JC5A7827-700x1050.jpg 700w, https:\/\/ovartech.com\/wp-content\/uploads\/2018\/06\/JC5A7827-768x1152.jpg 768w, https:\/\/ovartech.com\/wp-content\/uploads\/2018\/06\/JC5A7827.jpg 800w\" data-sizes=\"auto\" data-orig-sizes=\"(max-width: 400px) 100vw, 400px\" \/><\/a><\/td>\n<td style=\"width: 59.8922%; height: 609px;\"><a href=\"https:\/\/ovartech.com\/wp-content\/uploads\/2018\/06\/JC5A7813.jpg\"><img decoding=\"async\" class=\"lazyload alignnone wp-image-286\" src=\"https:\/\/ovartech.com\/wp-content\/uploads\/2018\/06\/JC5A7813-800x600.jpg\" data-orig-src=\"https:\/\/ovartech.com\/wp-content\/uploads\/2018\/06\/JC5A7813-800x600.jpg\" alt=\"48V 120A Forklift EV Battery Charger for Industrial Fleets\" width=\"806\" height=\"604\" srcset=\"data:image\/svg+xml,%3Csvg%20xmlns%3D%27http%3A%2F%2Fwww.w3.org%2F2000%2Fsvg%27%20width%3D%27806%27%20height%3D%27604%27%20viewBox%3D%270%200%20806%20604%27%3E%3Crect%20width%3D%27806%27%20height%3D%27604%27%20fill-opacity%3D%220%22%2F%3E%3C%2Fsvg%3E\" data-srcset=\"https:\/\/ovartech.com\/wp-content\/uploads\/2018\/06\/JC5A7813-120x90.jpg 120w, https:\/\/ovartech.com\/wp-content\/uploads\/2018\/06\/JC5A7813-200x150.jpg 200w, https:\/\/ovartech.com\/wp-content\/uploads\/2018\/06\/JC5A7813-300x225.jpg 300w, https:\/\/ovartech.com\/wp-content\/uploads\/2018\/06\/JC5A7813-400x300.jpg 400w, https:\/\/ovartech.com\/wp-content\/uploads\/2018\/06\/JC5A7813-500x375.jpg 500w, https:\/\/ovartech.com\/wp-content\/uploads\/2018\/06\/JC5A7813-600x450.jpg 600w, https:\/\/ovartech.com\/wp-content\/uploads\/2018\/06\/JC5A7813-700x525.jpg 700w, https:\/\/ovartech.com\/wp-content\/uploads\/2018\/06\/JC5A7813-768x576.jpg 768w, https:\/\/ovartech.com\/wp-content\/uploads\/2018\/06\/JC5A7813.jpg 800w\" data-sizes=\"auto\" data-orig-sizes=\"(max-width: 806px) 100vw, 806px\" \/><\/a><\/td>\n<\/tr>\n<\/tbody>\n<\/table>\n<p><span style=\"font-size: 14pt; font-family: arial, helvetica, sans-serif;\"><strong>Preguntas frecuentes<\/strong><\/span><\/p>\n<p><span style=\"font-family: arial, helvetica, sans-serif;\"><strong><span style=\"font-size: 10pt;\">P: \u00bfSon ustedes una empresa comercializadora o un fabricante?<\/span><\/strong><\/span><br \/>\n<span style=\"font-size: 10pt; font-family: arial, helvetica, sans-serif;\">R: Somos un fabricante.<\/span><\/p>\n<p><span style=\"font-family: arial, helvetica, sans-serif;\"><strong><span style=\"font-size: 10pt;\">P: \u00bfCu\u00e1l es el plazo de entrega?<\/span><\/strong><\/span><br \/>\n<span style=\"font-size: 10pt; font-family: arial, helvetica, sans-serif;\">R: Por lo general, son entre 5 y 10 d\u00edas si los productos est\u00e1n en stock. Si no est\u00e1n en stock, son 6 semanas, dependiendo de la cantidad.<\/span><\/p>\n<p><span style=\"font-family: arial, helvetica, sans-serif;\"><strong><span style=\"font-size: 10pt;\">P: \u00bfCu\u00e1l es la principal ventaja t\u00e9cnica de sus productos?<\/span><\/strong><\/span><br \/>\n<span style=\"font-size: 10pt; font-family: arial, helvetica, sans-serif;\">R: Adoptamos tecnolog\u00eda de control digital, que resulta muy pr\u00e1ctica para la actualizaci\u00f3n remota y la producci\u00f3n totalmente autom\u00e1tica.<\/span><\/p>\n<p><span style=\"font-family: arial, helvetica, sans-serif;\"><strong><span style=\"font-size: 10pt;\">P: \u00bfCu\u00e1les son sus capacidades de pruebas y validaci\u00f3n de ingenier\u00eda?<\/span><\/strong><\/span><br \/>\n<span style=\"font-size: 10pt; font-family: arial, helvetica, sans-serif;\">R: Le responderemos en un plazo de 2 horas y resolveremos el problema en un plazo de 24 horas.<\/span><\/p>\n<p><span style=\"font-family: arial, helvetica, sans-serif;\"><strong><span style=\"font-size: 10pt;\">P: \u00bfCu\u00e1les son sus condiciones de pago?<\/span><\/strong><\/span><br \/>\n<span style=\"font-size: 10pt; font-family: arial, helvetica, sans-serif;\">A: Prepago 100%.<\/span><\/p>\n<p><span style=\"font-family: arial, helvetica, sans-serif;\"><strong><span style=\"font-size: 10pt;\">P: \u00bfCu\u00e1l es la cantidad m\u00ednima de pedido (MOQ)?<\/span><\/strong><\/span><\/p>\n<p><span style=\"font-size: 10pt; font-family: arial, helvetica, sans-serif;\">R: 1 unidad.<\/span><\/p>\n<p><span style=\"font-family: arial, helvetica, sans-serif;\"><strong><span style=\"font-size: 10pt;\">P: \u00bfAceptan personalizaciones?<\/span><\/strong><\/span><\/p>\n<p><span style=\"font-size: 10pt; font-family: arial, helvetica, sans-serif;\">R: S\u00ed, se admiten todos los servicios OEM y ODM.<\/span><\/p>\n<p><span style=\"font-family: arial, helvetica, sans-serif;\"><strong><span style=\"font-size: 10pt;\">P: \u00bfProporcionar\u00e1n una muestra gratuita antes de realizar el pedido?<\/span><\/strong><\/span><\/p>\n<p><span style=\"font-size: 10pt; font-family: arial, helvetica, sans-serif;\">R: En t\u00e9rminos generales, hay que pagar por ello.<\/span><\/p>\n<p><span style=\"font-family: arial, helvetica, sans-serif;\"><strong><span style=\"font-size: 10pt;\">P: \u00bfCu\u00e1l es su pol\u00edtica de muestras?<\/span><\/strong><\/span><\/p>\n<p><span style=\"font-size: 10pt; font-family: arial, helvetica, sans-serif;\">R: Podemos suministrar la muestra si tenemos las piezas en stock, los clientes deben pagar el coste de la muestra y los gastos de env\u00edo.<\/span><\/p>\n<p><span style=\"font-family: arial, helvetica, sans-serif;\"><strong><span style=\"font-size: 10pt;\">P: \u00bfComprueban todos sus productos antes de la entrega?<\/span><\/strong><\/span><\/p>\n<p><span style=\"font-size: 10pt; font-family: arial, helvetica, sans-serif;\">R: S\u00ed, realizamos una prueba 100% antes de la entrega y, si es necesario, podemos enviar un informe de inspecci\u00f3n antes de la entrega.<\/span><\/p>\n<p><span style=\"font-family: arial, helvetica, sans-serif;\"><strong><span style=\"font-size: 10pt;\">P: \u00bfC\u00f3mo se consigue una relaci\u00f3n comercial duradera y satisfactoria?<\/span><\/strong><\/span><\/p>\n<p data-spm-anchor-id=\"a2700.details.0.i14.37d9a03fIpMZvt\"><span style=\"font-size: 10pt; font-family: arial, helvetica, sans-serif;\" data-spm-anchor-id=\"a2700.details.0.i15.37d9a03fIpMZvt\">R: 1. Mantenemos una buena calidad y precios competitivos para garantizar el beneficio de nuestros clientes.<\/span><\/p>\n<p data-spm-anchor-id=\"a2700.details.0.i17.37d9a03fIpMZvt\"><span style=\"font-size: 10pt; font-family: arial, helvetica, sans-serif;\" data-spm-anchor-id=\"a2700.details.0.i16.37d9a03fIpMZvt\">\u00a0 \u00a0 \u00a02. Respetamos a cada cliente como a un amigo y hacemos negocios y entablamos amistad con ellos de forma sincera, independientemente de su procedencia.<\/span><\/p>","protected":false},"excerpt":{"rendered":"<p>Reliable 48V 120A Forklift EV Battery Charger for Industrial Fleets<\/p>","protected":false},"featured_media":285,"template":"","meta":{"_acf_changed":false,"content-type":""},"product_brand":[],"product_cat":[21],"product_tag":[62,61,63,42,41,49,48,44],"class_list":{"0":"post-284","1":"product","2":"type-product","3":"status-publish","4":"has-post-thumbnail","6":"product_cat-low-speed-ev-charger","7":"product_tag-36v-120a-charger","8":"product_tag-48v-120a-charger","9":"product_tag-48v-60a-charger","10":"product_tag-forklift-charger","11":"product_tag-industrial-battery-charger","12":"product_tag-lithium-battery-charger-36v","13":"product_tag-lithium-battery-charger-48v","14":"product_tag-scissor-lift-charger","16":"first","17":"instock","18":"featured","19":"shipping-taxable","20":"product-type-simple"},"acf":[],"_links":{"self":[{"href":"https:\/\/ovartech.com\/es\/wp-json\/wp\/v2\/product\/284","targetHints":{"allow":["GET"]}}],"collection":[{"href":"https:\/\/ovartech.com\/es\/wp-json\/wp\/v2\/product"}],"about":[{"href":"https:\/\/ovartech.com\/es\/wp-json\/wp\/v2\/types\/product"}],"wp:featuredmedia":[{"embeddable":true,"href":"https:\/\/ovartech.com\/es\/wp-json\/wp\/v2\/media\/285"}],"wp:attachment":[{"href":"https:\/\/ovartech.com\/es\/wp-json\/wp\/v2\/media?parent=284"}],"wp:term":[{"taxonomy":"product_brand","embeddable":true,"href":"https:\/\/ovartech.com\/es\/wp-json\/wp\/v2\/product_brand?post=284"},{"taxonomy":"product_cat","embeddable":true,"href":"https:\/\/ovartech.com\/es\/wp-json\/wp\/v2\/product_cat?post=284"},{"taxonomy":"product_tag","embeddable":true,"href":"https:\/\/ovartech.com\/es\/wp-json\/wp\/v2\/product_tag?post=284"}],"curies":[{"name":"wp","href":"https:\/\/api.w.org\/{rel}","templated":true}]}}