{"id":258,"date":"2017-12-25T06:08:23","date_gmt":"2017-12-25T06:08:23","guid":{"rendered":"https:\/\/www.ovartech.com\/?post_type=product&#038;p=258"},"modified":"2026-03-20T03:43:25","modified_gmt":"2026-03-20T03:43:25","slug":"integrated-6-6kw-obc-1-5kw-dc-dc","status":"publish","type":"product","link":"https:\/\/ovartech.com\/es\/product\/integrated-6-6kw-obc-1-5kw-dc-dc\/","title":{"rendered":"Reliable Integrated 6.6KW OBC 1.5KW DC-DC Liquid-Cooled"},"content":{"rendered":"<p><strong><span style=\"font-family: arial, helvetica, sans-serif; font-size: 18pt;\">Reliable Integrated 6.6KW OBC 1.5KW DC-DC Liquid-Cooled<\/span><\/strong><\/p>\r\n<p><span style=\"font-family: arial, helvetica, sans-serif; font-size: 14pt;\">The Ovartech CAD662DF400-14152 is a high-efficiency integrated 6.6KW Liquid-Cooled OBC DC-DC Charger, supporting 85~265V AC input and 200-420Vdc output. Its space-saving all-in-one design cuts integration costs, while global standards compliance and IP67 rating ensure reliable performance for electric vehicles.<\/span><\/p>\r\n<div><span style=\"font-family: arial, helvetica, sans-serif; font-size: 14pt;\">Built for efficiency, robustness and safety in electric vehicle battery charging, the CAD662DF400-14152 on-board charger series supports a wide AC input voltage range of 85~265V, enabling global compatibility. Its high-efficiency operation delivers more economical charging, while intelligent CC\/CV charging with automatic cut-off ensures optimized battery performance.<\/span><\/div>\r\n<div>\u00a0<\/div>\r\n<div><span style=\"font-family: arial, helvetica, sans-serif; font-size: 14pt;\">Comprehensive protections are included: short-circuit, over-voltage, over-current and over-temperature safeguards during charging. The CAN-bus interface transmits real-time data including charging status, interlock connection, and fault\/disconnection alerts to the VCU (Vehicle Control Unit) via the BMS (Battery Management System).<\/span><\/div>\r\n<div>\u00a0<\/div>\r\n<div><span style=\"font-family: arial, helvetica, sans-serif; font-size: 14pt;\">Compliant with SAE J1772 and IEC 61851 international standards, the charger holds an IP67 rating for reliable performance in harsh operating environments.<\/span><\/div>\r\n<div>\u00a0<\/div>\r\n<h2><span style=\"font-family: arial, helvetica, sans-serif;\"><strong><span style=\"font-size: 14pt;\">6.6kW OBC With 1.5kW DC-DC Specification<\/span><\/strong><\/span><\/h2>\r\n<table style=\"width: 42.9632%; height: 280px;\">\r\n<tbody>\r\n<tr style=\"height: 28px;\">\r\n<td style=\"width: 195px; height: 28px;\"><strong><span style=\"font-family: arial, helvetica, sans-serif; font-size: 14pt;\">Model \uff1a<\/span><\/strong><\/td>\r\n<td style=\"width: 390px; height: 28px;\"><span style=\"font-family: arial, helvetica, sans-serif; font-size: 14pt;\">CAD662DF400-14152<\/span><\/td>\r\n<\/tr>\r\n<tr style=\"height: 28px;\">\r\n<td style=\"width: 195px; height: 28px;\"><strong><span style=\"font-family: arial, helvetica, sans-serif; font-size: 14pt;\">Power \uff1a<\/span><\/strong><\/td>\r\n<td style=\"width: 390px; height: 28px;\"><span style=\"font-family: arial, helvetica, sans-serif; font-size: 14pt;\">6.6KW+1.5KW<\/span><\/td>\r\n<\/tr>\r\n<tr style=\"height: 28px;\">\r\n<td style=\"width: 195px; height: 28px;\"><strong><span style=\"font-family: arial, helvetica, sans-serif; font-size: 14pt;\">Input voltage \uff1a<\/span><\/strong><\/td>\r\n<td style=\"width: 390px; height: 28px;\"><span style=\"font-family: arial, helvetica, sans-serif; font-size: 14pt;\">85-265 V CC<\/span><\/td>\r\n<\/tr>\r\n<tr style=\"height: 28px;\">\r\n<td style=\"width: 195px; height: 28px;\"><strong><span style=\"font-family: arial, helvetica, sans-serif; font-size: 14pt;\">Output current \uff1a<\/span><\/strong><\/td>\r\n<td style=\"width: 390px; height: 28px;\"><span style=\"font-family: arial, helvetica, sans-serif; font-size: 14pt;\">0-20 A<\/span><\/td>\r\n<\/tr>\r\n<tr style=\"height: 28px;\">\r\n<td style=\"width: 195px; height: 28px;\"><strong><span style=\"font-family: arial, helvetica, sans-serif; font-size: 14pt;\">Output voltage \uff1a<\/span><\/strong><\/td>\r\n<td style=\"width: 390px; height: 28px;\"><span style=\"font-family: arial, helvetica, sans-serif; font-size: 14pt;\">200-420Vdc<\/span><\/td>\r\n<\/tr>\r\n<tr style=\"height: 28px;\">\r\n<td style=\"width: 195px; height: 28px;\"><strong><span style=\"font-family: arial, helvetica, sans-serif; font-size: 14pt;\">Cooling \uff1a<\/span><\/strong><\/td>\r\n<td style=\"width: 390px; height: 28px;\"><span style=\"font-family: arial, helvetica, sans-serif; font-size: 14pt;\">refrigeraci\u00f3n l\u00edquida<\/span><\/td>\r\n<\/tr>\r\n<tr style=\"height: 28px;\">\r\n<td style=\"width: 195px; height: 28px;\"><strong><span style=\"font-family: arial, helvetica, sans-serif; font-size: 14pt;\">Dimension \uff1a<\/span><\/strong><\/td>\r\n<td style=\"width: 390px; height: 28px;\"><span style=\"font-family: arial, helvetica, sans-serif; font-size: 14pt;\">454x291x83mm; 17.9&#215;11.5&#215;3.2&#8221;<\/span><\/td>\r\n<\/tr>\r\n<tr style=\"height: 28px;\">\r\n<td style=\"width: 195px; height: 28px;\"><strong><span style=\"font-family: arial, helvetica, sans-serif; font-size: 14pt;\">Weight \uff1a<\/span><\/strong><\/td>\r\n<td style=\"width: 390px; height: 28px;\"><span style=\"font-family: arial, helvetica, sans-serif; font-size: 14pt;\">8kg; 17.6lbs<\/span><\/td>\r\n<\/tr>\r\n<tr style=\"height: 28px;\">\r\n<td style=\"width: 195px; height: 28px;\"><strong><span style=\"font-family: arial, helvetica, sans-serif; font-size: 14pt;\">IP rate \uff1a<\/span><\/strong><\/td>\r\n<td style=\"width: 390px; height: 28px;\"><span style=\"font-family: arial, helvetica, sans-serif; font-size: 14pt;\">IP67<\/span><\/td>\r\n<\/tr>\r\n<tr style=\"height: 28px;\">\r\n<td style=\"width: 195px; height: 28px;\"><strong><span style=\"font-family: arial, helvetica, sans-serif; font-size: 14pt;\">Interface \uff1a<\/span><\/strong><\/td>\r\n<td style=\"width: 390px; height: 28px;\"><span style=\"font-family: arial, helvetica, sans-serif; font-size: 14pt;\">CAN BUS\/Habilitar control<\/span><\/td>\r\n<\/tr>\r\n<\/tbody>\r\n<\/table>\r\n<h2>\u00a0<\/h2>\r\n<h2><span style=\"font-family: arial, helvetica, sans-serif;\"><strong><span style=\"font-size: 14pt;\">6.6kW OBC With 1.5kW DC-DC Details<\/span><\/strong><\/span><\/h2>\r\n<p><span style=\"font-family: arial, helvetica, sans-serif;\"><\/span><\/p>\r\n<figure class=\"wp-block-image\"><span style=\"font-family: arial, helvetica, sans-serif;\"><img decoding=\"async\" class=\"lazyload alignnone wp-image-337\" src=\"https:\/\/www.ovartech.com\/wp-content\/uploads\/2017\/12\/LIQUID-COOLED-6.6KW-OBC1.5KW-DCDC-1.jpg\" data-orig-src=\"https:\/\/www.ovartech.com\/wp-content\/uploads\/2017\/12\/LIQUID-COOLED-6.6KW-OBC1.5KW-DCDC-1.jpg\" alt=\"Integrated 6.6KW OBC 1.5KW DC-DC\" width=\"800\" height=\"861\" srcset=\"data:image\/svg+xml,%3Csvg%20xmlns%3D%27http%3A%2F%2Fwww.w3.org%2F2000%2Fsvg%27%20width%3D%27800%27%20height%3D%27861%27%20viewBox%3D%270%200%20800%20861%27%3E%3Crect%20width%3D%27800%27%20height%3D%27861%27%20fill-opacity%3D%220%22%2F%3E%3C%2Fsvg%3E\" data-srcset=\"https:\/\/ovartech.com\/wp-content\/uploads\/2017\/12\/LIQUID-COOLED-6.6KW-OBC1.5KW-DCDC-1-120x129.jpg 120w, https:\/\/ovartech.com\/wp-content\/uploads\/2017\/12\/LIQUID-COOLED-6.6KW-OBC1.5KW-DCDC-1-200x215.jpg 200w, https:\/\/ovartech.com\/wp-content\/uploads\/2017\/12\/LIQUID-COOLED-6.6KW-OBC1.5KW-DCDC-1-279x300.jpg 279w, https:\/\/ovartech.com\/wp-content\/uploads\/2017\/12\/LIQUID-COOLED-6.6KW-OBC1.5KW-DCDC-1-400x431.jpg 400w, https:\/\/ovartech.com\/wp-content\/uploads\/2017\/12\/LIQUID-COOLED-6.6KW-OBC1.5KW-DCDC-1-500x538.jpg 500w, https:\/\/ovartech.com\/wp-content\/uploads\/2017\/12\/LIQUID-COOLED-6.6KW-OBC1.5KW-DCDC-1-600x646.jpg 600w, https:\/\/ovartech.com\/wp-content\/uploads\/2017\/12\/LIQUID-COOLED-6.6KW-OBC1.5KW-DCDC-1-700x753.jpg 700w, https:\/\/ovartech.com\/wp-content\/uploads\/2017\/12\/LIQUID-COOLED-6.6KW-OBC1.5KW-DCDC-1-768x827.jpg 768w, https:\/\/ovartech.com\/wp-content\/uploads\/2017\/12\/LIQUID-COOLED-6.6KW-OBC1.5KW-DCDC-1.jpg 800w\" data-sizes=\"auto\" data-orig-sizes=\"(max-width: 800px) 100vw, 800px\" \/><\/span><\/figure>\r\n<p><span style=\"font-family: arial, helvetica, sans-serif;\">\r\n\r\n<\/span><\/p>\r\n<figure class=\"wp-block-image\"><span style=\"font-family: arial, helvetica, sans-serif;\"><img decoding=\"async\" width=\"800\" height=\"721\" class=\"lazyload wp-image-348\" src=\"https:\/\/www.ovartech.com\/wp-content\/uploads\/2020\/08\/LIQUID-COOLED-6.6KW-OBC1.5KW-DCDC-2-1.jpg\" data-orig-src=\"https:\/\/www.ovartech.com\/wp-content\/uploads\/2020\/08\/LIQUID-COOLED-6.6KW-OBC1.5KW-DCDC-2-1.jpg\" alt=\"\" srcset=\"data:image\/svg+xml,%3Csvg%20xmlns%3D%27http%3A%2F%2Fwww.w3.org%2F2000%2Fsvg%27%20width%3D%27800%27%20height%3D%27721%27%20viewBox%3D%270%200%20800%20721%27%3E%3Crect%20width%3D%27800%27%20height%3D%27721%27%20fill-opacity%3D%220%22%2F%3E%3C%2Fsvg%3E\" data-srcset=\"https:\/\/ovartech.com\/wp-content\/uploads\/2020\/08\/LIQUID-COOLED-6.6KW-OBC1.5KW-DCDC-2-1-120x108.jpg 120w, https:\/\/ovartech.com\/wp-content\/uploads\/2020\/08\/LIQUID-COOLED-6.6KW-OBC1.5KW-DCDC-2-1-200x180.jpg 200w, https:\/\/ovartech.com\/wp-content\/uploads\/2020\/08\/LIQUID-COOLED-6.6KW-OBC1.5KW-DCDC-2-1-300x270.jpg 300w, https:\/\/ovartech.com\/wp-content\/uploads\/2020\/08\/LIQUID-COOLED-6.6KW-OBC1.5KW-DCDC-2-1-400x361.jpg 400w, https:\/\/ovartech.com\/wp-content\/uploads\/2020\/08\/LIQUID-COOLED-6.6KW-OBC1.5KW-DCDC-2-1-500x451.jpg 500w, https:\/\/ovartech.com\/wp-content\/uploads\/2020\/08\/LIQUID-COOLED-6.6KW-OBC1.5KW-DCDC-2-1-600x541.jpg 600w, https:\/\/ovartech.com\/wp-content\/uploads\/2020\/08\/LIQUID-COOLED-6.6KW-OBC1.5KW-DCDC-2-1-700x631.jpg 700w, https:\/\/ovartech.com\/wp-content\/uploads\/2020\/08\/LIQUID-COOLED-6.6KW-OBC1.5KW-DCDC-2-1-768x692.jpg 768w, https:\/\/ovartech.com\/wp-content\/uploads\/2020\/08\/LIQUID-COOLED-6.6KW-OBC1.5KW-DCDC-2-1.jpg 800w\" data-sizes=\"auto\" data-orig-sizes=\"(max-width: 800px) 100vw, 800px\" \/><\/span><\/figure>\r\n<p><span style=\"font-size: 14pt; font-family: arial, helvetica, sans-serif;\"><strong>Preguntas frecuentes<\/strong><\/span><\/p>\r\n<p><span style=\"font-family: arial, helvetica, sans-serif;\"><strong><span style=\"font-size: 10pt;\">P: \u00bfSon ustedes una empresa comercializadora o un fabricante?<\/span><\/strong><\/span><br \/><span style=\"font-size: 10pt; font-family: arial, helvetica, sans-serif;\">R: Somos un fabricante.<\/span><\/p>\r\n<p><span style=\"font-family: arial, helvetica, sans-serif;\"><strong><span style=\"font-size: 10pt;\">P: \u00bfCu\u00e1l es el plazo de entrega?<\/span><\/strong><\/span><br \/><span style=\"font-size: 10pt; font-family: arial, helvetica, sans-serif;\">R: Por lo general, son entre 5 y 10 d\u00edas si los productos est\u00e1n en stock. Si no est\u00e1n en stock, son 6 semanas, dependiendo de la cantidad.<\/span><\/p>\r\n<p><span style=\"font-family: arial, helvetica, sans-serif;\"><strong><span style=\"font-size: 10pt;\">P: \u00bfCu\u00e1l es la principal ventaja t\u00e9cnica de sus productos?<\/span><\/strong><\/span><br \/><span style=\"font-size: 10pt; font-family: arial, helvetica, sans-serif;\">R: Adoptamos tecnolog\u00eda de control digital, que resulta muy pr\u00e1ctica para la actualizaci\u00f3n remota y la producci\u00f3n totalmente autom\u00e1tica.<\/span><\/p>\r\n<p><span style=\"font-family: arial, helvetica, sans-serif;\"><strong><span style=\"font-size: 10pt;\">P: \u00bfCu\u00e1les son sus capacidades de pruebas y validaci\u00f3n de ingenier\u00eda?<\/span><\/strong><\/span><br \/><span style=\"font-size: 10pt; font-family: arial, helvetica, sans-serif;\">R: Le responderemos en un plazo de 2 horas y resolveremos el problema en un plazo de 24 horas.<\/span><\/p>\r\n<p><span style=\"font-family: arial, helvetica, sans-serif;\"><strong><span style=\"font-size: 10pt;\">P: \u00bfCu\u00e1les son sus condiciones de pago?<\/span><\/strong><\/span><br \/><span style=\"font-size: 10pt; font-family: arial, helvetica, sans-serif;\">A: Prepago 100%.\u00a0\u00a0<\/span><\/p>\r\n<p><span style=\"font-family: arial, helvetica, sans-serif;\"><strong><span style=\"font-size: 10pt;\">P: \u00bfCu\u00e1l es la cantidad m\u00ednima de pedido (MOQ)?<\/span><\/strong><\/span><\/p>\r\n<p><span style=\"font-size: 10pt; font-family: arial, helvetica, sans-serif;\">R: 1 unidad.<\/span><\/p>\r\n<p><span style=\"font-family: arial, helvetica, sans-serif;\"><strong><span style=\"font-size: 10pt;\">P: \u00bfAceptan personalizaciones?<\/span><\/strong><\/span><\/p>\r\n<p><span style=\"font-size: 10pt; font-family: arial, helvetica, sans-serif;\">R: S\u00ed, se admiten todos los servicios OEM y ODM.<\/span><\/p>\r\n<p><span style=\"font-family: arial, helvetica, sans-serif;\"><strong><span style=\"font-size: 10pt;\">P: \u00bfProporcionar\u00e1n una muestra gratuita antes de realizar el pedido?<\/span><\/strong><\/span><\/p>\r\n<p><span style=\"font-size: 10pt; font-family: arial, helvetica, sans-serif;\">R: En t\u00e9rminos generales, hay que pagar por ello.<\/span><\/p>\r\n<p><span style=\"font-family: arial, helvetica, sans-serif;\"><strong><span style=\"font-size: 10pt;\">P: \u00bfCu\u00e1l es su pol\u00edtica de muestras?<\/span><\/strong><\/span><\/p>\r\n<p><span style=\"font-size: 10pt; font-family: arial, helvetica, sans-serif;\">R: Podemos suministrar la muestra si tenemos las piezas en stock, los clientes deben pagar el coste de la muestra y los gastos de env\u00edo.<\/span><\/p>\r\n<p><span style=\"font-family: arial, helvetica, sans-serif;\"><strong><span style=\"font-size: 10pt;\">P: \u00bfComprueban todos sus productos antes de la entrega?<\/span><\/strong><\/span><\/p>\r\n<p><span style=\"font-size: 10pt; font-family: arial, helvetica, sans-serif;\">R: S\u00ed, realizamos una prueba 100% antes de la entrega y, si es necesario, podemos enviar un informe de inspecci\u00f3n antes de la entrega.<\/span><\/p>\r\n<p><span style=\"font-family: arial, helvetica, sans-serif;\"><strong><span style=\"font-size: 10pt;\">P: \u00bfC\u00f3mo se consigue una relaci\u00f3n comercial duradera y satisfactoria?<\/span><\/strong><\/span><\/p>\r\n<p data-spm-anchor-id=\"a2700.details.0.i14.37d9a03fIpMZvt\"><span style=\"font-size: 10pt; font-family: arial, helvetica, sans-serif;\" data-spm-anchor-id=\"a2700.details.0.i15.37d9a03fIpMZvt\">R: 1. Mantenemos una buena calidad y precios competitivos para garantizar el beneficio de nuestros clientes.<\/span><\/p>\r\n<p data-spm-anchor-id=\"a2700.details.0.i17.37d9a03fIpMZvt\"><span style=\"font-size: 10pt; font-family: arial, helvetica, sans-serif;\" data-spm-anchor-id=\"a2700.details.0.i16.37d9a03fIpMZvt\">\u00a0 \u00a0 \u00a02. Respetamos a cada cliente como a un amigo y hacemos negocios y entablamos amistad con ellos de forma sincera, independientemente de su procedencia.<\/span><\/p>\r\n<p>&nbsp;<\/p>\r\n<p><span style=\"font-family: arial, helvetica, sans-serif;\">\r\n\r\n<\/span><\/p>","protected":false},"excerpt":{"rendered":"<p>Reliable Integrated 6.6KW OBC 1.5KW DC-DC Liquid-Cooled<\/p>","protected":false},"featured_media":1656,"template":"","meta":{"_acf_changed":false,"content-type":""},"product_brand":[],"product_cat":[24],"product_tag":[55,35,39,38,36],"class_list":{"0":"post-258","1":"product","2":"type-product","3":"status-publish","4":"has-post-thumbnail","6":"product_cat-chargerdc-dc-converter-integration","7":"product_tag-6-6kw-obc2kw-dc-dc","8":"product_tag-6-6kw-on-board-charger","9":"product_tag-battery-chargerdc-dc-converter","10":"product_tag-ev-battery-charger","11":"product_tag-ev-on-board-charger-6-6kw","13":"first","14":"instock","15":"shipping-taxable","16":"product-type-simple"},"acf":[],"_links":{"self":[{"href":"https:\/\/ovartech.com\/es\/wp-json\/wp\/v2\/product\/258","targetHints":{"allow":["GET"]}}],"collection":[{"href":"https:\/\/ovartech.com\/es\/wp-json\/wp\/v2\/product"}],"about":[{"href":"https:\/\/ovartech.com\/es\/wp-json\/wp\/v2\/types\/product"}],"wp:featuredmedia":[{"embeddable":true,"href":"https:\/\/ovartech.com\/es\/wp-json\/wp\/v2\/media\/1656"}],"wp:attachment":[{"href":"https:\/\/ovartech.com\/es\/wp-json\/wp\/v2\/media?parent=258"}],"wp:term":[{"taxonomy":"product_brand","embeddable":true,"href":"https:\/\/ovartech.com\/es\/wp-json\/wp\/v2\/product_brand?post=258"},{"taxonomy":"product_cat","embeddable":true,"href":"https:\/\/ovartech.com\/es\/wp-json\/wp\/v2\/product_cat?post=258"},{"taxonomy":"product_tag","embeddable":true,"href":"https:\/\/ovartech.com\/es\/wp-json\/wp\/v2\/product_tag?post=258"}],"curies":[{"name":"wp","href":"https:\/\/api.w.org\/{rel}","templated":true}]}}