{"id":256,"date":"2017-12-25T06:03:39","date_gmt":"2017-12-25T06:03:39","guid":{"rendered":"https:\/\/www.ovartech.com\/?post_type=product&#038;p=256"},"modified":"2026-03-20T05:52:10","modified_gmt":"2026-03-20T05:52:10","slug":"3-3kw-2-in-1-obc-dc-dc-charger","status":"publish","type":"product","link":"https:\/\/ovartech.com\/es\/product\/3-3kw-2-in-1-obc-dc-dc-charger\/","title":{"rendered":"Reliable 3.3KW 2-in-1 OBC DC-DC Charger"},"content":{"rendered":"<p><strong><span style=\"font-family: 'times new roman', times, serif; font-size: 18pt;\">Reliable 3.3KW 2-in-1 OBC DC-DC Charger<\/span><\/strong><\/p>\r\n<div>\r\n<p><span style=\"font-family: arial, helvetica, sans-serif; font-size: 14pt;\">The Ovartech CAD332DF400A-14152 is a high-efficiency 3.3KW 2-in-1 OBC DC-DC charger that integrates a 3.3KW on-board charger and 1.5KW DC\/DC converter in one compact unit. This two-in-one design greatly reduces space, weight and wiring requirements, helping lower costs for inventory, installation and maintenance.<\/span><\/p>\r\n<p style=\"font-family: arial, helvetica, sans-serif; font-size: 14pt;\">Designed for efficiency, robustness and safety in electric vehicle applications, the CAD332DF400A-14152 supports a wide AC input voltage range of 85~265V, enabling reliable global use. High-efficiency conversion delivers more economical charging, while the intelligent CC\/CV charging mode automatically adjusts voltage and provides automatic cut-off for optimal battery performance.<\/p>\r\n<p style=\"font-family: arial, helvetica, sans-serif; font-size: 14pt;\">Full protection functions include short-circuit, over-voltage, over-current and over-temperature protection during charging. The CAN-bus interface transmits real-time data such as charging status, interlock condition and fault alerts to the VCU through the BMS for intelligent vehicle management.<\/p>\r\n<p style=\"font-family: arial, helvetica, sans-serif; font-size: 14pt;\">Compliant with SAE J1772 and IEC 61851 international standards, the CAD332DF400A-14152 series features an IP67 rating, ensuring stable performance even in harsh and demanding operating environments.<\/p>\r\n<\/div>\r\n<h2><span style=\"font-size: 14pt;\"><strong><span style=\"font-family: arial, helvetica, sans-serif;\">3.3kW OBC With 1.5kW DC-DC Specification<\/span><\/strong><\/span><\/h2>\r\n<table style=\"width: 36.7514%; height: 270px;\">\r\n<tbody>\r\n<tr style=\"height: 27px;\">\r\n<td style=\"width: 39.0625%; height: 27px;\"><strong><span style=\"font-family: arial, helvetica, sans-serif; font-size: 14pt;\">Model \uff1a<\/span><\/strong><\/td>\r\n<td style=\"width: 60.0694%; height: 27px;\"><span style=\"font-family: arial, helvetica, sans-serif; font-size: 14pt;\">CAD332DF400A-14152<\/span><\/td>\r\n<\/tr>\r\n<tr style=\"height: 27px;\">\r\n<td style=\"width: 39.0625%; height: 27px;\"><strong><span style=\"font-family: arial, helvetica, sans-serif; font-size: 14pt;\">Power \uff1a<\/span><\/strong><\/td>\r\n<td style=\"width: 60.0694%; height: 27px;\"><span style=\"font-family: arial, helvetica, sans-serif; font-size: 14pt;\">3,3 kW + 1,5 kW<\/span><\/td>\r\n<\/tr>\r\n<tr style=\"height: 27px;\">\r\n<td style=\"width: 39.0625%; height: 27px;\"><strong><span style=\"font-family: arial, helvetica, sans-serif; font-size: 14pt;\">Input voltage \uff1a<\/span><\/strong><\/td>\r\n<td style=\"width: 60.0694%; height: 27px;\"><span style=\"font-family: arial, helvetica, sans-serif; font-size: 14pt;\">85-265 V CC<\/span><\/td>\r\n<\/tr>\r\n<tr style=\"height: 27px;\">\r\n<td style=\"width: 39.0625%; height: 27px;\"><strong><span style=\"font-family: arial, helvetica, sans-serif; font-size: 14pt;\">Output current \uff1a<\/span><\/strong><\/td>\r\n<td style=\"width: 60.0694%; height: 27px;\"><span style=\"font-family: arial, helvetica, sans-serif; font-size: 14pt;\">0-10 A<\/span><\/td>\r\n<\/tr>\r\n<tr style=\"height: 27px;\">\r\n<td style=\"width: 39.0625%; height: 27px;\"><strong><span style=\"font-family: arial, helvetica, sans-serif; font-size: 14pt;\">Output voltage \uff1a<\/span><\/strong><\/td>\r\n<td style=\"width: 60.0694%; height: 27px;\"><span style=\"font-family: arial, helvetica, sans-serif; font-size: 14pt;\">200-450 V CC\/13,8 V CC<\/span><\/td>\r\n<\/tr>\r\n<tr style=\"height: 27px;\">\r\n<td style=\"width: 39.0625%; height: 27px;\"><strong><span style=\"font-family: arial, helvetica, sans-serif; font-size: 14pt;\">Cooling \uff1a<\/span><\/strong><\/td>\r\n<td style=\"width: 60.0694%; height: 27px;\"><span style=\"font-family: arial, helvetica, sans-serif; font-size: 14pt;\">refrigeraci\u00f3n por aire<\/span><\/td>\r\n<\/tr>\r\n<tr style=\"height: 27px;\">\r\n<td style=\"width: 39.0625%; height: 27px;\"><strong><span style=\"font-family: arial, helvetica, sans-serif; font-size: 14pt;\">Dimension \uff1a<\/span><\/strong><\/td>\r\n<td style=\"width: 60.0694%; height: 27px;\"><span style=\"font-family: arial, helvetica, sans-serif; font-size: 14pt;\">294x249x117mm; 11.6&#215;9.8&#215;4.6&#8221;<\/span><\/td>\r\n<\/tr>\r\n<tr style=\"height: 27px;\">\r\n<td style=\"width: 39.0625%; height: 27px;\"><strong><span style=\"font-family: arial, helvetica, sans-serif; font-size: 14pt;\">Weight \uff1a<\/span><\/strong><\/td>\r\n<td style=\"width: 60.0694%; height: 27px;\"><span style=\"font-family: arial, helvetica, sans-serif; font-size: 14pt;\">7 kg; 15,4 libras<\/span><\/td>\r\n<\/tr>\r\n<tr style=\"height: 27px;\">\r\n<td style=\"width: 39.0625%; height: 27px;\"><strong><span style=\"font-family: arial, helvetica, sans-serif; font-size: 14pt;\">IP rate \uff1a<\/span><\/strong><\/td>\r\n<td style=\"width: 60.0694%; height: 27px;\"><span style=\"font-family: arial, helvetica, sans-serif; font-size: 14pt;\">IP67<\/span><\/td>\r\n<\/tr>\r\n<tr style=\"height: 27px;\">\r\n<td style=\"width: 39.0625%; height: 27px;\"><strong><span style=\"font-family: arial, helvetica, sans-serif; font-size: 14pt;\">Interface \uff1a<\/span><\/strong><\/td>\r\n<td style=\"width: 60.0694%; height: 27px;\"><span style=\"font-family: arial, helvetica, sans-serif; font-size: 14pt;\">CAN BUS\/Habilitar control<\/span><\/td>\r\n<\/tr>\r\n<\/tbody>\r\n<\/table>\r\n<h2>\u00a0<\/h2>\r\n<h3><span style=\"font-size: 14pt;\"><strong><span style=\"font-family: arial, helvetica, sans-serif;\">3.3kW OBC With 1.5kW DC-DC Detials<\/span><\/strong><\/span><\/h3>\r\n<p><span style=\"font-family: arial, helvetica, sans-serif;\"><\/span><\/p>\r\n<figure class=\"wp-block-image\"><span style=\"font-family: arial, helvetica, sans-serif;\"><img decoding=\"async\" class=\"lazyload alignnone wp-image-362\" src=\"https:\/\/www.ovartech.com\/wp-content\/uploads\/2020\/08\/3.3KW-OBC1.5KW-DCDC-1.jpg\" data-orig-src=\"https:\/\/www.ovartech.com\/wp-content\/uploads\/2020\/08\/3.3KW-OBC1.5KW-DCDC-1.jpg\" alt=\"3.3KW 2-in-1 OBC DC-DC Charger\" width=\"800\" height=\"838\" srcset=\"data:image\/svg+xml,%3Csvg%20xmlns%3D%27http%3A%2F%2Fwww.w3.org%2F2000%2Fsvg%27%20width%3D%27800%27%20height%3D%27838%27%20viewBox%3D%270%200%20800%20838%27%3E%3Crect%20width%3D%27800%27%20height%3D%27838%27%20fill-opacity%3D%220%22%2F%3E%3C%2Fsvg%3E\" data-srcset=\"https:\/\/ovartech.com\/wp-content\/uploads\/2020\/08\/3.3KW-OBC1.5KW-DCDC-1-120x126.jpg 120w, https:\/\/ovartech.com\/wp-content\/uploads\/2020\/08\/3.3KW-OBC1.5KW-DCDC-1-200x210.jpg 200w, https:\/\/ovartech.com\/wp-content\/uploads\/2020\/08\/3.3KW-OBC1.5KW-DCDC-1-286x300.jpg 286w, https:\/\/ovartech.com\/wp-content\/uploads\/2020\/08\/3.3KW-OBC1.5KW-DCDC-1-400x419.jpg 400w, https:\/\/ovartech.com\/wp-content\/uploads\/2020\/08\/3.3KW-OBC1.5KW-DCDC-1-500x524.jpg 500w, https:\/\/ovartech.com\/wp-content\/uploads\/2020\/08\/3.3KW-OBC1.5KW-DCDC-1-600x629.jpg 600w, https:\/\/ovartech.com\/wp-content\/uploads\/2020\/08\/3.3KW-OBC1.5KW-DCDC-1-700x733.jpg 700w, https:\/\/ovartech.com\/wp-content\/uploads\/2020\/08\/3.3KW-OBC1.5KW-DCDC-1-768x804.jpg 768w, https:\/\/ovartech.com\/wp-content\/uploads\/2020\/08\/3.3KW-OBC1.5KW-DCDC-1.jpg 800w\" data-sizes=\"auto\" data-orig-sizes=\"(max-width: 800px) 100vw, 800px\" \/><\/span><\/figure>\r\n<p><span style=\"font-family: arial, helvetica, sans-serif;\">\r\n\r\n<\/span><\/p>\r\n<figure class=\"wp-block-image\"><span style=\"font-family: arial, helvetica, sans-serif;\"><img decoding=\"async\" width=\"800\" height=\"744\" class=\"lazyload wp-image-363\" src=\"https:\/\/www.ovartech.com\/wp-content\/uploads\/2020\/08\/3.3KW-OBC1.5KW-DCDC-2.jpg\" data-orig-src=\"https:\/\/www.ovartech.com\/wp-content\/uploads\/2020\/08\/3.3KW-OBC1.5KW-DCDC-2.jpg\" alt=\"\" srcset=\"data:image\/svg+xml,%3Csvg%20xmlns%3D%27http%3A%2F%2Fwww.w3.org%2F2000%2Fsvg%27%20width%3D%27800%27%20height%3D%27744%27%20viewBox%3D%270%200%20800%20744%27%3E%3Crect%20width%3D%27800%27%20height%3D%27744%27%20fill-opacity%3D%220%22%2F%3E%3C%2Fsvg%3E\" data-srcset=\"https:\/\/ovartech.com\/wp-content\/uploads\/2020\/08\/3.3KW-OBC1.5KW-DCDC-2-120x112.jpg 120w, https:\/\/ovartech.com\/wp-content\/uploads\/2020\/08\/3.3KW-OBC1.5KW-DCDC-2-200x186.jpg 200w, https:\/\/ovartech.com\/wp-content\/uploads\/2020\/08\/3.3KW-OBC1.5KW-DCDC-2-300x279.jpg 300w, https:\/\/ovartech.com\/wp-content\/uploads\/2020\/08\/3.3KW-OBC1.5KW-DCDC-2-400x372.jpg 400w, https:\/\/ovartech.com\/wp-content\/uploads\/2020\/08\/3.3KW-OBC1.5KW-DCDC-2-500x465.jpg 500w, https:\/\/ovartech.com\/wp-content\/uploads\/2020\/08\/3.3KW-OBC1.5KW-DCDC-2-600x558.jpg 600w, https:\/\/ovartech.com\/wp-content\/uploads\/2020\/08\/3.3KW-OBC1.5KW-DCDC-2-700x651.jpg 700w, https:\/\/ovartech.com\/wp-content\/uploads\/2020\/08\/3.3KW-OBC1.5KW-DCDC-2-768x714.jpg 768w, https:\/\/ovartech.com\/wp-content\/uploads\/2020\/08\/3.3KW-OBC1.5KW-DCDC-2.jpg 800w\" data-sizes=\"auto\" data-orig-sizes=\"(max-width: 800px) 100vw, 800px\" \/><\/span><\/figure>\r\n<p>&nbsp;<\/p>\r\n<p><span style=\"font-size: 14pt; font-family: arial, helvetica, sans-serif;\"><strong>Preguntas frecuentes<\/strong><\/span><\/p>\r\n<p><span style=\"font-family: arial, helvetica, sans-serif;\"><strong><span style=\"font-size: 10pt;\">P: \u00bfSon ustedes una empresa comercializadora o un fabricante?<\/span><\/strong><\/span><br \/><span style=\"font-size: 10pt; font-family: arial, helvetica, sans-serif;\">R: Somos un fabricante.<\/span><\/p>\r\n<p><span style=\"font-family: arial, helvetica, sans-serif;\"><strong><span style=\"font-size: 10pt;\">P: \u00bfCu\u00e1l es el plazo de entrega?<\/span><\/strong><\/span><br \/><span style=\"font-size: 10pt; font-family: arial, helvetica, sans-serif;\">R: Por lo general, son entre 5 y 10 d\u00edas si los productos est\u00e1n en stock. Si no est\u00e1n en stock, son 6 semanas, dependiendo de la cantidad.<\/span><\/p>\r\n<p><span style=\"font-family: arial, helvetica, sans-serif;\"><strong><span style=\"font-size: 10pt;\">P: \u00bfCu\u00e1l es la principal ventaja t\u00e9cnica de sus productos?<\/span><\/strong><\/span><br \/><span style=\"font-size: 10pt; font-family: arial, helvetica, sans-serif;\">R: Adoptamos tecnolog\u00eda de control digital, que resulta muy pr\u00e1ctica para la actualizaci\u00f3n remota y la producci\u00f3n totalmente autom\u00e1tica.<\/span><\/p>\r\n<p><span style=\"font-family: arial, helvetica, sans-serif;\"><strong><span style=\"font-size: 10pt;\">P: \u00bfCu\u00e1les son sus capacidades de pruebas y validaci\u00f3n de ingenier\u00eda?<\/span><\/strong><\/span><br \/><span style=\"font-size: 10pt; font-family: arial, helvetica, sans-serif;\">R: Le responderemos en un plazo de 2 horas y resolveremos el problema en un plazo de 24 horas.<\/span><\/p>\r\n<p><span style=\"font-family: arial, helvetica, sans-serif;\"><strong><span style=\"font-size: 10pt;\">P: \u00bfCu\u00e1les son sus condiciones de pago?<\/span><\/strong><\/span><br \/><span style=\"font-size: 10pt; font-family: arial, helvetica, sans-serif;\">A: Prepago 100%.<\/span><\/p>\r\n<p><span style=\"font-family: arial, helvetica, sans-serif;\"><strong><span style=\"font-size: 10pt;\">P: \u00bfCu\u00e1l es la cantidad m\u00ednima de pedido (MOQ)?<\/span><\/strong><\/span><\/p>\r\n<p><span style=\"font-size: 10pt; font-family: arial, helvetica, sans-serif;\">R: 1 unidad.<\/span><\/p>\r\n<p><span style=\"font-family: arial, helvetica, sans-serif;\"><strong><span style=\"font-size: 10pt;\">P: \u00bfAceptan personalizaciones?<\/span><\/strong><\/span><\/p>\r\n<p><span style=\"font-size: 10pt; font-family: arial, helvetica, sans-serif;\">R: S\u00ed, se admiten todos los servicios OEM y ODM.<\/span><\/p>\r\n<p><span style=\"font-family: arial, helvetica, sans-serif;\"><strong><span style=\"font-size: 10pt;\">P: \u00bfProporcionar\u00e1n una muestra gratuita antes de realizar el pedido?<\/span><\/strong><\/span><\/p>\r\n<p><span style=\"font-size: 10pt; font-family: arial, helvetica, sans-serif;\">R: En t\u00e9rminos generales, hay que pagar por ello.<\/span><\/p>\r\n<p><span style=\"font-family: arial, helvetica, sans-serif;\"><strong><span style=\"font-size: 10pt;\">P: \u00bfCu\u00e1l es su pol\u00edtica de muestras?<\/span><\/strong><\/span><\/p>\r\n<p><span style=\"font-size: 10pt; font-family: arial, helvetica, sans-serif;\">R: Podemos suministrar la muestra si tenemos las piezas en stock, los clientes deben pagar el coste de la muestra y los gastos de env\u00edo.<\/span><\/p>\r\n<p><span style=\"font-family: arial, helvetica, sans-serif;\"><strong><span style=\"font-size: 10pt;\">P: \u00bfComprueban todos sus productos antes de la entrega?<\/span><\/strong><\/span><\/p>\r\n<p><span style=\"font-size: 10pt; font-family: arial, helvetica, sans-serif;\">R: S\u00ed, realizamos una prueba 100% antes de la entrega y, si es necesario, podemos enviar un informe de inspecci\u00f3n antes de la entrega.<\/span><\/p>\r\n<p><span style=\"font-family: arial, helvetica, sans-serif;\"><strong><span style=\"font-size: 10pt;\">P: \u00bfC\u00f3mo se consigue una relaci\u00f3n comercial duradera y satisfactoria?<\/span><\/strong><\/span><\/p>\r\n<p data-spm-anchor-id=\"a2700.details.0.i14.37d9a03fIpMZvt\"><span style=\"font-size: 10pt; font-family: arial, helvetica, sans-serif;\" data-spm-anchor-id=\"a2700.details.0.i15.37d9a03fIpMZvt\">R: 1. Mantenemos una buena calidad y precios competitivos para garantizar el beneficio de nuestros clientes.<\/span><\/p>\r\n<p data-spm-anchor-id=\"a2700.details.0.i17.37d9a03fIpMZvt\"><span style=\"font-size: 10pt; font-family: arial, helvetica, sans-serif;\" data-spm-anchor-id=\"a2700.details.0.i16.37d9a03fIpMZvt\">\u00a0 \u00a0 \u00a02. Respetamos a cada cliente como a un amigo y hacemos negocios y entablamos amistad con ellos de forma sincera, independientemente de su procedencia.<\/span><\/p>\r\n<p><span style=\"font-family: arial, helvetica, sans-serif;\"><\/span><\/p>","protected":false},"excerpt":{"rendered":"<p>Reliable3.3KW 2-in-1 OBC DC-DC Charger<\/p>\n<p>&nbsp;<\/p>","protected":false},"featured_media":353,"template":"","meta":{"_acf_changed":false,"content-type":""},"product_brand":[],"product_cat":[24],"product_tag":[54,39,38,36,40],"class_list":{"0":"post-256","1":"product","2":"type-product","3":"status-publish","4":"has-post-thumbnail","6":"product_cat-chargerdc-dc-converter-integration","7":"product_tag-3-3kw-obc","8":"product_tag-battery-chargerdc-dc-converter","9":"product_tag-ev-battery-charger","10":"product_tag-ev-on-board-charger-6-6kw","11":"product_tag-on-board-charger-3-3kw","13":"first","14":"instock","15":"shipping-taxable","16":"product-type-simple"},"acf":[],"_links":{"self":[{"href":"https:\/\/ovartech.com\/es\/wp-json\/wp\/v2\/product\/256","targetHints":{"allow":["GET"]}}],"collection":[{"href":"https:\/\/ovartech.com\/es\/wp-json\/wp\/v2\/product"}],"about":[{"href":"https:\/\/ovartech.com\/es\/wp-json\/wp\/v2\/types\/product"}],"wp:featuredmedia":[{"embeddable":true,"href":"https:\/\/ovartech.com\/es\/wp-json\/wp\/v2\/media\/353"}],"wp:attachment":[{"href":"https:\/\/ovartech.com\/es\/wp-json\/wp\/v2\/media?parent=256"}],"wp:term":[{"taxonomy":"product_brand","embeddable":true,"href":"https:\/\/ovartech.com\/es\/wp-json\/wp\/v2\/product_brand?post=256"},{"taxonomy":"product_cat","embeddable":true,"href":"https:\/\/ovartech.com\/es\/wp-json\/wp\/v2\/product_cat?post=256"},{"taxonomy":"product_tag","embeddable":true,"href":"https:\/\/ovartech.com\/es\/wp-json\/wp\/v2\/product_tag?post=256"}],"curies":[{"name":"wp","href":"https:\/\/api.w.org\/{rel}","templated":true}]}}