{"id":237,"date":"2017-12-13T05:44:48","date_gmt":"2017-12-13T05:44:48","guid":{"rendered":"https:\/\/www.ovartech.com\/?post_type=product&#038;p=237"},"modified":"2026-03-20T07:41:27","modified_gmt":"2026-03-20T07:41:27","slug":"ev-on-board-charger-qb-series-industrial","status":"publish","type":"product","link":"https:\/\/ovartech.com\/es\/product\/ev-on-board-charger-qb-series-industrial\/","title":{"rendered":"Efficient EV On-Board Charger QB Series Industrial Battery Charger"},"content":{"rendered":"<p><strong><span style=\"font-family: arial, helvetica, sans-serif; font-size: 18pt;\">Efficient EV On-Board Charger QB Series Industrial Battery Charger<\/span><\/strong><\/p>\n<p><span style=\"color: #000000; font-family: arial, helvetica, sans-serif; font-size: 14pt;\">The OVAR QB Series is a highly durable and waterproof on-board\/off-board charger designed for industrial applications, supporting global single-phase grids with up to 96% peak efficiency. It supports customizable charging profiles, offering excellent flexibility for different battery types and customer requirements.<\/span><\/p>\n<p><span style=\"color: #000000; font-family: arial, helvetica, sans-serif; font-size: 14pt;\">This industrial battery charger is an ideal solution for charging and maintaining 24V, 36V and 48V industrial deep-cycle batteries. It is widely used in golf carts, scissor lifts, utility vehicles, electric vehicles and various other industrial vehicles and equipment.<\/span><\/p>\n<p><span style=\"font-family: arial, helvetica, sans-serif; font-size: 14pt;\">With advanced technology, the QB Series effectively prolongs battery life and extends operating run time. This portable industrial charger provides multiple charging modes to suit different working scenarios, ensuring stable and reliable performance in tough environments.<\/span><\/p>\n<h2><strong><span style=\"font-size: 14pt; font-family: arial, helvetica, sans-serif;\">QB Series Battery Charger Specification<\/span><\/strong><\/h2>\n<table style=\"width: 62.8589%; height: 270px;\">\n<tbody>\n<tr style=\"height: 27px;\">\n<td style=\"width: 28.6502%; height: 27px;\"><strong><span style=\"color: #000000; font-family: arial, helvetica, sans-serif; font-size: 14pt;\">Modelo<\/span><\/strong><\/td>\n<td style=\"width: 25.8518%; height: 27px;\"><strong><span style=\"color: #000000; font-family: arial, helvetica, sans-serif; font-size: 14pt;\">QB2425<\/span><\/strong><\/td>\n<td style=\"width: 23.8121%; height: 27px;\"><strong><span style=\"color: #000000; font-family: arial, helvetica, sans-serif; font-size: 14pt;\">QB3618<\/span><\/strong><\/td>\n<td style=\"width: 45.7722%; height: 27px;\"><strong><span style=\"color: #000000; font-family: arial, helvetica, sans-serif; font-size: 14pt;\">QB4815<\/span><\/strong><\/td>\n<\/tr>\n<tr style=\"height: 27px;\">\n<td style=\"width: 28.6502%; height: 27px;\"><strong><span style=\"color: #000000; font-family: arial, helvetica, sans-serif; font-size: 14pt;\">Voltaje de entrada<\/span><\/strong><\/td>\n<td style=\"width: 25.8518%; height: 27px;\"><span style=\"color: #000000; font-family: arial, helvetica, sans-serif; font-size: 14pt;\">120 V\/240 V<\/span><\/td>\n<td style=\"width: 23.8121%; height: 27px;\"><span style=\"color: #000000; font-family: arial, helvetica, sans-serif; font-size: 14pt;\">120 V\/240 V<\/span><\/td>\n<td style=\"width: 45.7722%; height: 27px;\"><span style=\"color: #000000; font-family: arial, helvetica, sans-serif; font-size: 14pt;\">120 V\/240 V<\/span><\/td>\n<\/tr>\n<tr style=\"height: 27px;\">\n<td style=\"width: 28.6502%; height: 27px;\"><strong><span style=\"color: #000000; font-family: arial, helvetica, sans-serif; font-size: 14pt;\">Corriente de salida<\/span><\/strong><\/td>\n<td style=\"width: 25.8518%; height: 27px;\"><span style=\"color: #000000; font-family: arial, helvetica, sans-serif; font-size: 14pt;\">25A<\/span><\/td>\n<td style=\"width: 23.8121%; height: 27px;\"><span style=\"color: #000000; font-family: arial, helvetica, sans-serif; font-size: 14pt;\">18A<\/span><\/td>\n<td style=\"width: 45.7722%; height: 27px;\"><span style=\"color: #000000; font-family: arial, helvetica, sans-serif; font-size: 14pt;\">15A<\/span><\/td>\n<\/tr>\n<tr style=\"height: 27px;\">\n<td style=\"width: 28.6502%; height: 27px;\"><strong><span style=\"color: #000000; font-family: arial, helvetica, sans-serif; font-size: 14pt;\">Voltaje de salida<\/span><\/strong><\/td>\n<td style=\"width: 25.8518%; height: 27px;\"><span style=\"color: #000000; font-family: arial, helvetica, sans-serif; font-size: 14pt;\">24 V<\/span><\/td>\n<td style=\"width: 23.8121%; height: 27px;\"><span style=\"color: #000000; font-family: arial, helvetica, sans-serif; font-size: 14pt;\">36 V<\/span><\/td>\n<td style=\"width: 45.7722%; height: 27px;\"><span style=\"color: #000000; font-family: arial, helvetica, sans-serif; font-size: 14pt;\">48 V<\/span><\/td>\n<\/tr>\n<tr style=\"height: 27px;\">\n<td style=\"width: 28.6502%; height: 27px;\"><strong><span style=\"color: #000000; font-family: arial, helvetica, sans-serif; font-size: 14pt;\">Dimensi\u00f3n<\/span><\/strong><\/td>\n<td style=\"width: 95.4361%; height: 27px;\" colspan=\"3\"><span style=\"color: #000000; font-family: arial, helvetica, sans-serif; font-size: 14pt;\">8,1 \u00d7 7,1 \u00d7 6,5 pulgadas; 205 \u00d7 180 \u00d7 164,8 mm<\/span><\/td>\n<\/tr>\n<tr style=\"height: 27px;\">\n<td style=\"width: 28.6502%; height: 27px;\"><strong><span style=\"color: #000000; font-family: arial, helvetica, sans-serif; font-size: 14pt;\">Peso<\/span><\/strong><\/td>\n<td style=\"width: 95.4361%; height: 27px;\" colspan=\"3\"><span style=\"color: #000000; font-family: arial, helvetica, sans-serif; font-size: 14pt;\">5 kg<\/span><\/td>\n<\/tr>\n<tr style=\"height: 27px;\">\n<td style=\"width: 28.6502%; height: 27px;\"><strong><span style=\"color: #000000; font-family: arial, helvetica, sans-serif; font-size: 14pt;\">Tasa de IP<\/span><\/strong><\/td>\n<td style=\"width: 95.4361%; height: 27px;\" colspan=\"3\"><span style=\"color: #000000; font-family: arial, helvetica, sans-serif; font-size: 14pt;\">IP65\u00a0\u00a0\u00a0\u00a0<\/span><\/td>\n<\/tr>\n<tr style=\"height: 27px;\">\n<td style=\"width: 28.6502%; height: 27px;\"><strong><span style=\"color: #000000; font-family: arial, helvetica, sans-serif; font-size: 14pt;\">Tipo de bater\u00eda<\/span><\/strong><\/td>\n<td style=\"width: 95.4361%; height: 27px;\" colspan=\"3\"><span style=\"color: #000000; font-family: arial, helvetica, sans-serif; font-size: 14pt;\">Plomo-\u00e1cido (h\u00famedo\/AGM\/GEL), ionen litio<\/span><\/td>\n<\/tr>\n<tr style=\"height: 27px;\">\n<td style=\"width: 28.6502%; height: 27px;\"><strong><span style=\"color: #000000; font-family: arial, helvetica, sans-serif; font-size: 14pt;\">Polaridad inversa<\/span><\/strong><\/td>\n<td style=\"width: 95.4361%; height: 27px;\" colspan=\"3\"><span style=\"color: #000000; font-family: arial, helvetica, sans-serif; font-size: 14pt;\">Protecci\u00f3n electr\u00f3nica con reinicio autom\u00e1tico<\/span><\/td>\n<\/tr>\n<tr style=\"height: 27px;\">\n<td style=\"width: 28.6502%; height: 27px;\"><strong><span style=\"color: #000000; font-family: arial, helvetica, sans-serif; font-size: 14pt;\">Cortocircuito<\/span><\/strong><\/td>\n<td style=\"width: 95.4361%; height: 27px;\" colspan=\"3\"><span style=\"color: #000000; font-family: arial, helvetica, sans-serif; font-size: 14pt;\">L\u00edmite de corriente electr\u00f3nico<\/span><\/td>\n<\/tr>\n<\/tbody>\n<\/table>\n<p>&nbsp;<\/p>\n<h3><strong><span style=\"font-size: 14pt; font-family: arial, helvetica, sans-serif;\">QB Series Battery Charger Detials<\/span><\/strong><\/h3>\n<table style=\"border-collapse: collapse; width: 90.8797%;\">\n<tbody>\n<tr>\n<td style=\"width: 41.773%;\"><a href=\"https:\/\/ovartech.com\/wp-content\/uploads\/2017\/12\/JC5A7768.jpg\"><img decoding=\"async\" class=\"lazyload alignnone wp-image-239 size-full\" src=\"https:\/\/ovartech.com\/wp-content\/uploads\/2017\/12\/JC5A7768.jpg\" data-orig-src=\"https:\/\/ovartech.com\/wp-content\/uploads\/2017\/12\/JC5A7768.jpg\" alt=\"Efficient EV On-Board Charger QB Series Industrial Battery Charger\" width=\"800\" height=\"628\" srcset=\"data:image\/svg+xml,%3Csvg%20xmlns%3D%27http%3A%2F%2Fwww.w3.org%2F2000%2Fsvg%27%20width%3D%27800%27%20height%3D%27628%27%20viewBox%3D%270%200%20800%20628%27%3E%3Crect%20width%3D%27800%27%20height%3D%27628%27%20fill-opacity%3D%220%22%2F%3E%3C%2Fsvg%3E\" data-srcset=\"https:\/\/ovartech.com\/wp-content\/uploads\/2017\/12\/JC5A7768-120x94.jpg 120w, https:\/\/ovartech.com\/wp-content\/uploads\/2017\/12\/JC5A7768-200x157.jpg 200w, https:\/\/ovartech.com\/wp-content\/uploads\/2017\/12\/JC5A7768-300x236.jpg 300w, https:\/\/ovartech.com\/wp-content\/uploads\/2017\/12\/JC5A7768-400x314.jpg 400w, https:\/\/ovartech.com\/wp-content\/uploads\/2017\/12\/JC5A7768-500x393.jpg 500w, https:\/\/ovartech.com\/wp-content\/uploads\/2017\/12\/JC5A7768-600x471.jpg 600w, https:\/\/ovartech.com\/wp-content\/uploads\/2017\/12\/JC5A7768-700x550.jpg 700w, https:\/\/ovartech.com\/wp-content\/uploads\/2017\/12\/JC5A7768-768x603.jpg 768w, https:\/\/ovartech.com\/wp-content\/uploads\/2017\/12\/JC5A7768.jpg 800w\" data-sizes=\"auto\" data-orig-sizes=\"(max-width: 800px) 100vw, 800px\" \/><\/a><\/td>\n<td style=\"width: 49.1071%;\"><a href=\"https:\/\/ovartech.com\/wp-content\/uploads\/2017\/12\/QB.jpg\"><img decoding=\"async\" class=\"lazyload alignnone wp-image-240\" src=\"https:\/\/ovartech.com\/wp-content\/uploads\/2017\/12\/QB.jpg\" data-orig-src=\"https:\/\/ovartech.com\/wp-content\/uploads\/2017\/12\/QB.jpg\" alt=\"Efficient EV On-Board Charger QB Series Industrial Battery Charger\" width=\"755\" height=\"517\" srcset=\"data:image\/svg+xml,%3Csvg%20xmlns%3D%27http%3A%2F%2Fwww.w3.org%2F2000%2Fsvg%27%20width%3D%27755%27%20height%3D%27517%27%20viewBox%3D%270%200%20755%20517%27%3E%3Crect%20width%3D%27755%27%20height%3D%27517%27%20fill-opacity%3D%220%22%2F%3E%3C%2Fsvg%3E\" data-srcset=\"https:\/\/ovartech.com\/wp-content\/uploads\/2017\/12\/QB-120x82.jpg 120w, https:\/\/ovartech.com\/wp-content\/uploads\/2017\/12\/QB-200x137.jpg 200w, https:\/\/ovartech.com\/wp-content\/uploads\/2017\/12\/QB-300x206.jpg 300w, https:\/\/ovartech.com\/wp-content\/uploads\/2017\/12\/QB-400x274.jpg 400w, https:\/\/ovartech.com\/wp-content\/uploads\/2017\/12\/QB-500x343.jpg 500w, https:\/\/ovartech.com\/wp-content\/uploads\/2017\/12\/QB-600x411.jpg 600w, https:\/\/ovartech.com\/wp-content\/uploads\/2017\/12\/QB-700x480.jpg 700w, https:\/\/ovartech.com\/wp-content\/uploads\/2017\/12\/QB-768x526.jpg 768w, https:\/\/ovartech.com\/wp-content\/uploads\/2017\/12\/QB.jpg 800w\" data-sizes=\"auto\" data-orig-sizes=\"(max-width: 755px) 100vw, 755px\" \/><\/a><\/td>\n<\/tr>\n<\/tbody>\n<\/table>\n<p>&nbsp;<\/p>\n<p><span style=\"font-size: 14pt; font-family: arial, helvetica, sans-serif;\"><strong>Preguntas frecuentes<\/strong><\/span><\/p>\n<p><span style=\"font-family: arial, helvetica, sans-serif;\"><strong><span style=\"font-size: 10pt;\">P: \u00bfSon ustedes una empresa comercializadora o un fabricante?<\/span><\/strong><\/span><br \/>\n<span style=\"font-size: 10pt; font-family: arial, helvetica, sans-serif;\">R: Somos un fabricante.<\/span><\/p>\n<p><span style=\"font-family: arial, helvetica, sans-serif;\"><strong><span style=\"font-size: 10pt;\">P: \u00bfCu\u00e1l es el plazo de entrega?<\/span><\/strong><\/span><br \/>\n<span style=\"font-size: 10pt; font-family: arial, helvetica, sans-serif;\">R: Por lo general, son entre 5 y 10 d\u00edas si los productos est\u00e1n en stock. Si no est\u00e1n en stock, son 6 semanas, dependiendo de la cantidad.<\/span><\/p>\n<p><span style=\"font-family: arial, helvetica, sans-serif;\"><strong><span style=\"font-size: 10pt;\">P: \u00bfCu\u00e1l es la principal ventaja t\u00e9cnica de sus productos?<\/span><\/strong><\/span><br \/>\n<span style=\"font-size: 10pt; font-family: arial, helvetica, sans-serif;\">R: Adoptamos tecnolog\u00eda de control digital, que resulta muy pr\u00e1ctica para la actualizaci\u00f3n remota y la producci\u00f3n totalmente autom\u00e1tica.<\/span><\/p>\n<p><span style=\"font-family: arial, helvetica, sans-serif;\"><strong><span style=\"font-size: 10pt;\">P: \u00bfCu\u00e1les son sus capacidades de pruebas y validaci\u00f3n de ingenier\u00eda?<\/span><\/strong><\/span><br \/>\n<span style=\"font-size: 10pt; font-family: arial, helvetica, sans-serif;\">R: Le responderemos en un plazo de 2 horas y resolveremos el problema en un plazo de 24 horas.<\/span><\/p>\n<p><span style=\"font-family: arial, helvetica, sans-serif;\"><strong><span style=\"font-size: 10pt;\">P: \u00bfCu\u00e1les son sus condiciones de pago?<\/span><\/strong><\/span><br \/>\n<span style=\"font-size: 10pt; font-family: arial, helvetica, sans-serif;\">A: Prepago 100%.<\/span><\/p>\n<p><span style=\"font-family: arial, helvetica, sans-serif;\"><strong><span style=\"font-size: 10pt;\">P: \u00bfCu\u00e1l es la cantidad m\u00ednima de pedido (MOQ)?<\/span><\/strong><\/span><\/p>\n<p><span style=\"font-size: 10pt; font-family: arial, helvetica, sans-serif;\">R: 1 unidad.<\/span><\/p>\n<p><span style=\"font-family: arial, helvetica, sans-serif;\"><strong><span style=\"font-size: 10pt;\">P: \u00bfAceptan personalizaciones?<\/span><\/strong><\/span><\/p>\n<p><span style=\"font-size: 10pt; font-family: arial, helvetica, sans-serif;\">R: S\u00ed, se admiten todos los servicios OEM y ODM.<\/span><\/p>\n<p><span style=\"font-family: arial, helvetica, sans-serif;\"><strong><span style=\"font-size: 10pt;\">P: \u00bfProporcionar\u00e1n una muestra gratuita antes de realizar el pedido?<\/span><\/strong><\/span><\/p>\n<p><span style=\"font-size: 10pt; font-family: arial, helvetica, sans-serif;\">R: En t\u00e9rminos generales, hay que pagar por ello.<\/span><\/p>\n<p><span style=\"font-family: arial, helvetica, sans-serif;\"><strong><span style=\"font-size: 10pt;\">P: \u00bfCu\u00e1l es su pol\u00edtica de muestras?<\/span><\/strong><\/span><\/p>\n<p><span style=\"font-size: 10pt; font-family: arial, helvetica, sans-serif;\">R: Podemos suministrar la muestra si tenemos las piezas en stock, los clientes deben pagar el coste de la muestra y los gastos de env\u00edo.<\/span><\/p>\n<p><span style=\"font-family: arial, helvetica, sans-serif;\"><strong><span style=\"font-size: 10pt;\">P: \u00bfComprueban todos sus productos antes de la entrega?<\/span><\/strong><\/span><\/p>\n<p><span style=\"font-size: 10pt; font-family: arial, helvetica, sans-serif;\">R: S\u00ed, realizamos una prueba 100% antes de la entrega y, si es necesario, podemos enviar un informe de inspecci\u00f3n antes de la entrega.<\/span><\/p>\n<p><span style=\"font-family: arial, helvetica, sans-serif;\"><strong><span style=\"font-size: 10pt;\">P: \u00bfC\u00f3mo se consigue una relaci\u00f3n comercial duradera y satisfactoria?<\/span><\/strong><\/span><\/p>\n<p data-spm-anchor-id=\"a2700.details.0.i14.37d9a03fIpMZvt\"><span style=\"font-size: 10pt; font-family: arial, helvetica, sans-serif;\" data-spm-anchor-id=\"a2700.details.0.i15.37d9a03fIpMZvt\">R: 1. Mantenemos una buena calidad y precios competitivos para garantizar el beneficio de nuestros clientes.<\/span><\/p>\n<p data-spm-anchor-id=\"a2700.details.0.i17.37d9a03fIpMZvt\"><span style=\"font-size: 10pt; font-family: arial, helvetica, sans-serif;\" data-spm-anchor-id=\"a2700.details.0.i16.37d9a03fIpMZvt\">\u00a0 \u00a0 \u00a02. Respetamos a cada cliente como a un amigo y hacemos negocios y entablamos amistad con ellos de forma sincera, independientemente de su procedencia.<\/span><\/p>","protected":false},"excerpt":{"rendered":"<p>Efficient EV On-Board Charger QB Series Industrial Battery Charger<\/p>\n<p>&nbsp;<\/p>","protected":false},"featured_media":239,"template":"","meta":{"_acf_changed":false,"content-type":""},"product_brand":[],"product_cat":[21],"product_tag":[42,43,41,49,48,44],"class_list":{"0":"post-237","1":"product","2":"type-product","3":"status-publish","4":"has-post-thumbnail","6":"product_cat-low-speed-ev-charger","7":"product_tag-forklift-charger","8":"product_tag-golf-cart-charger","9":"product_tag-industrial-battery-charger","10":"product_tag-lithium-battery-charger-36v","11":"product_tag-lithium-battery-charger-48v","12":"product_tag-scissor-lift-charger","14":"first","15":"instock","16":"featured","17":"shipping-taxable","18":"product-type-simple"},"acf":[],"_links":{"self":[{"href":"https:\/\/ovartech.com\/es\/wp-json\/wp\/v2\/product\/237","targetHints":{"allow":["GET"]}}],"collection":[{"href":"https:\/\/ovartech.com\/es\/wp-json\/wp\/v2\/product"}],"about":[{"href":"https:\/\/ovartech.com\/es\/wp-json\/wp\/v2\/types\/product"}],"wp:featuredmedia":[{"embeddable":true,"href":"https:\/\/ovartech.com\/es\/wp-json\/wp\/v2\/media\/239"}],"wp:attachment":[{"href":"https:\/\/ovartech.com\/es\/wp-json\/wp\/v2\/media?parent=237"}],"wp:term":[{"taxonomy":"product_brand","embeddable":true,"href":"https:\/\/ovartech.com\/es\/wp-json\/wp\/v2\/product_brand?post=237"},{"taxonomy":"product_cat","embeddable":true,"href":"https:\/\/ovartech.com\/es\/wp-json\/wp\/v2\/product_cat?post=237"},{"taxonomy":"product_tag","embeddable":true,"href":"https:\/\/ovartech.com\/es\/wp-json\/wp\/v2\/product_tag?post=237"}],"curies":[{"name":"wp","href":"https:\/\/api.w.org\/{rel}","templated":true}]}}