{"id":231,"date":"2017-12-11T11:06:03","date_gmt":"2017-12-11T11:06:03","guid":{"rendered":"https:\/\/www.ovartech.com\/?post_type=product&#038;p=231"},"modified":"2026-03-20T08:07:22","modified_gmt":"2026-03-20T08:07:22","slug":"48v-25a-battery-charger-for-golf-carts","status":"publish","type":"product","link":"https:\/\/ovartech.com\/es\/product\/48v-25a-battery-charger-for-golf-carts\/","title":{"rendered":"Professional 48V 25A Battery Charger for Golf Carts"},"content":{"rendered":"<p><strong><span style=\"font-family: arial, helvetica, sans-serif; font-size: 18pt;\">Professional 48V 25A Battery Charger for Golf Carts<\/span><\/strong><\/p>\n<p><span style=\"color: #000000; font-family: arial, helvetica, sans-serif; font-size: 14pt;\">The OVAR QY Series is a highly durable and waterproof on-board or off-board charger that works with any single-phase grid worldwide, delivering up to 96% peak efficiency. Customizable charging profiles allow flexible battery charging solutions to meet different customer needs. <\/span><\/p>\n<p><span style=\"color: #000000; font-family: arial, helvetica, sans-serif; font-size: 14pt;\">This industrial battery charger is ideal for charging and maintaining 24V, 36V and 48V industrial deep-cycle batteries used in golf carts, scissor lifts, utility vehicles, electric vehicles and other industrial equipment.<\/span><\/p>\n<p><span style=\"font-family: arial, helvetica, sans-serif; font-size: 14pt;\">Advanced technology helps to extend battery life and longer run time. This portable charger supports multiple charging modes, ensuring stable and reliable performance in various working environments.<\/span><\/p>\n<h2><strong><span style=\"font-family: arial, helvetica, sans-serif; font-size: 14pt;\">QY Series Battery Charger Specification<\/span><\/strong><\/h2>\n<table style=\"width: 763px;\">\n<tbody>\n<tr>\n<td style=\"width: 522px;\"><strong><span style=\"color: #000000; font-family: arial, helvetica, sans-serif; font-size: 14pt;\">Modelo<\/span><\/strong><\/td>\n<td style=\"width: 339px;\"><strong><span style=\"color: #000000; font-family: arial, helvetica, sans-serif; font-size: 14pt;\">QY2425<\/span><\/strong><\/td>\n<td style=\"width: 338px;\"><strong><span style=\"color: #000000; font-family: arial, helvetica, sans-serif; font-size: 14pt;\">QY3615<\/span><\/strong><\/td>\n<td style=\"width: 299.883px;\"><strong><span style=\"color: #000000; font-family: arial, helvetica, sans-serif; font-size: 14pt;\">QY4815<\/span><\/strong><\/td>\n<\/tr>\n<tr>\n<td style=\"width: 522px;\"><strong><span style=\"color: #000000; font-family: arial, helvetica, sans-serif; font-size: 14pt;\">Voltaje de entrada<\/span><\/strong><\/td>\n<td style=\"width: 339px;\"><span style=\"color: #000000; font-family: arial, helvetica, sans-serif; font-size: 14pt;\">120 V\/240 V<\/span><\/td>\n<td style=\"width: 338px;\"><span style=\"color: #000000; font-family: arial, helvetica, sans-serif; font-size: 14pt;\">120 V\/240 V<\/span><\/td>\n<td style=\"width: 299.883px;\"><span style=\"color: #000000; font-family: arial, helvetica, sans-serif; font-size: 14pt;\">120 V\/240 V<\/span><\/td>\n<\/tr>\n<tr>\n<td style=\"width: 522px;\"><strong><span style=\"color: #000000; font-family: arial, helvetica, sans-serif; font-size: 14pt;\">Corriente de salida<\/span><\/strong><\/td>\n<td style=\"width: 339px;\"><span style=\"color: #000000; font-family: arial, helvetica, sans-serif; font-size: 14pt;\">25A<\/span><\/td>\n<td style=\"width: 338px;\"><span style=\"color: #000000; font-family: arial, helvetica, sans-serif; font-size: 14pt;\">15A<\/span><\/td>\n<td style=\"width: 299.883px;\"><span style=\"color: #000000; font-family: arial, helvetica, sans-serif; font-size: 14pt;\">15A<\/span><\/td>\n<\/tr>\n<tr>\n<td style=\"width: 522px;\"><strong><span style=\"color: #000000; font-family: arial, helvetica, sans-serif; font-size: 14pt;\">Voltaje de salida<\/span><\/strong><\/td>\n<td style=\"width: 339px;\"><span style=\"color: #000000; font-family: arial, helvetica, sans-serif; font-size: 14pt;\">24 V<\/span><\/td>\n<td style=\"width: 338px;\"><span style=\"color: #000000; font-family: arial, helvetica, sans-serif; font-size: 14pt;\">36 V<\/span><\/td>\n<td style=\"width: 299.883px;\"><span style=\"color: #000000; font-family: arial, helvetica, sans-serif; font-size: 14pt;\">48 V<\/span><\/td>\n<\/tr>\n<tr>\n<td style=\"width: 522px;\"><strong><span style=\"color: #000000; font-family: arial, helvetica, sans-serif; font-size: 14pt;\">Dimensi\u00f3n<\/span><\/strong><\/td>\n<td style=\"width: 1768px;\" colspan=\"3\"><span style=\"color: #000000; font-family: arial, helvetica, sans-serif; font-size: 14pt;\">10,9 \u00d7 9,5 \u00d7 4 pulgadas; 278 \u00d7 243 \u00d7 104 mm<\/span><\/td>\n<\/tr>\n<tr>\n<td style=\"width: 522px;\"><strong><span style=\"color: #000000; font-family: arial, helvetica, sans-serif; font-size: 14pt;\">Peso<\/span><\/strong><\/td>\n<td style=\"width: 1768px;\" colspan=\"3\"><span style=\"color: #000000; font-family: arial, helvetica, sans-serif; font-size: 14pt;\">5 kg<\/span><\/td>\n<\/tr>\n<tr>\n<td style=\"width: 522px;\"><strong><span style=\"color: #000000; font-family: arial, helvetica, sans-serif; font-size: 14pt;\">Tasa de IP<\/span><\/strong><\/td>\n<td style=\"width: 1768px;\" colspan=\"3\"><span style=\"color: #000000; font-family: arial, helvetica, sans-serif; font-size: 14pt;\">IP65\u00a0\u00a0\u00a0\u00a0<\/span><\/td>\n<\/tr>\n<tr>\n<td style=\"width: 522px;\"><strong><span style=\"color: #000000; font-family: arial, helvetica, sans-serif; font-size: 14pt;\">Tipo de bater\u00eda<\/span><\/strong><\/td>\n<td style=\"width: 1768px;\" colspan=\"3\"><span style=\"color: #000000; font-family: arial, helvetica, sans-serif; font-size: 14pt;\">Plomo-\u00e1cido (h\u00famedo\/AGM\/GEL), ionen litio<\/span><\/td>\n<\/tr>\n<tr>\n<td style=\"width: 522px;\"><strong><span style=\"color: #000000; font-family: arial, helvetica, sans-serif; font-size: 14pt;\">Polaridad inversa<\/span><\/strong><\/td>\n<td style=\"width: 1768px;\" colspan=\"3\"><span style=\"color: #000000; font-family: arial, helvetica, sans-serif; font-size: 14pt;\">\u00a0Protecci\u00f3n electr\u00f3nica con reinicio autom\u00e1tico<\/span><\/td>\n<\/tr>\n<tr>\n<td style=\"width: 522px;\"><strong><span style=\"color: #000000; font-family: arial, helvetica, sans-serif; font-size: 14pt;\">Cortocircuito<\/span><\/strong><\/td>\n<td style=\"width: 1768px;\" colspan=\"3\"><span style=\"color: #000000; font-family: arial, helvetica, sans-serif; font-size: 14pt;\">\u00a0L\u00edmite de corriente electr\u00f3nico<\/span><\/td>\n<\/tr>\n<\/tbody>\n<\/table>\n<p>&nbsp;<\/p>\n<h2><strong><span style=\"font-family: arial, helvetica, sans-serif; font-size: 14pt;\">QY Series Battery Charger Details<\/span><\/strong><\/h2>\n<table style=\"border-collapse: collapse; width: 95.9208%; height: 195px;\">\n<tbody>\n<tr style=\"height: 195px;\">\n<td style=\"width: 51.1787%; height: 195px;\"><a href=\"https:\/\/ovartech.com\/wp-content\/uploads\/2017\/11\/c-4.jpg\"><img decoding=\"async\" class=\"lazyload alignnone wp-image-159\" src=\"https:\/\/ovartech.com\/wp-content\/uploads\/2017\/11\/c-4.jpg\" data-orig-src=\"https:\/\/ovartech.com\/wp-content\/uploads\/2017\/11\/c-4.jpg\" alt=\"Professional 48V 25A Battery Charger for Golf Carts\" width=\"769\" height=\"481\" srcset=\"data:image\/svg+xml,%3Csvg%20xmlns%3D%27http%3A%2F%2Fwww.w3.org%2F2000%2Fsvg%27%20width%3D%27769%27%20height%3D%27481%27%20viewBox%3D%270%200%20769%20481%27%3E%3Crect%20width%3D%27769%27%20height%3D%27481%27%20fill-opacity%3D%220%22%2F%3E%3C%2Fsvg%3E\" data-srcset=\"https:\/\/ovartech.com\/wp-content\/uploads\/2017\/11\/c-4-120x75.jpg 120w, https:\/\/ovartech.com\/wp-content\/uploads\/2017\/11\/c-4-200x125.jpg 200w, https:\/\/ovartech.com\/wp-content\/uploads\/2017\/11\/c-4-300x188.jpg 300w, https:\/\/ovartech.com\/wp-content\/uploads\/2017\/11\/c-4-400x250.jpg 400w, https:\/\/ovartech.com\/wp-content\/uploads\/2017\/11\/c-4.jpg 500w\" data-sizes=\"auto\" data-orig-sizes=\"(max-width: 769px) 100vw, 769px\" \/><\/a><\/td>\n<td style=\"width: 57.8449%; height: 195px;\"><a href=\"https:\/\/ovartech.com\/wp-content\/uploads\/2017\/12\/JC5A7879.jpg\"><img decoding=\"async\" class=\"lazyload alignnone wp-image-234 size-full\" src=\"https:\/\/ovartech.com\/wp-content\/uploads\/2017\/12\/JC5A7879.jpg\" data-orig-src=\"https:\/\/ovartech.com\/wp-content\/uploads\/2017\/12\/JC5A7879.jpg\" alt=\"Professional 48V 25A Battery Charger for Golf Carts\" width=\"800\" height=\"533\" srcset=\"data:image\/svg+xml,%3Csvg%20xmlns%3D%27http%3A%2F%2Fwww.w3.org%2F2000%2Fsvg%27%20width%3D%27800%27%20height%3D%27533%27%20viewBox%3D%270%200%20800%20533%27%3E%3Crect%20width%3D%27800%27%20height%3D%27533%27%20fill-opacity%3D%220%22%2F%3E%3C%2Fsvg%3E\" data-srcset=\"https:\/\/ovartech.com\/wp-content\/uploads\/2017\/12\/JC5A7879-120x80.jpg 120w, https:\/\/ovartech.com\/wp-content\/uploads\/2017\/12\/JC5A7879-200x133.jpg 200w, https:\/\/ovartech.com\/wp-content\/uploads\/2017\/12\/JC5A7879-300x200.jpg 300w, https:\/\/ovartech.com\/wp-content\/uploads\/2017\/12\/JC5A7879-400x267.jpg 400w, https:\/\/ovartech.com\/wp-content\/uploads\/2017\/12\/JC5A7879-500x333.jpg 500w, https:\/\/ovartech.com\/wp-content\/uploads\/2017\/12\/JC5A7879-600x400.jpg 600w, https:\/\/ovartech.com\/wp-content\/uploads\/2017\/12\/JC5A7879-700x466.jpg 700w, https:\/\/ovartech.com\/wp-content\/uploads\/2017\/12\/JC5A7879-768x512.jpg 768w, https:\/\/ovartech.com\/wp-content\/uploads\/2017\/12\/JC5A7879.jpg 800w\" data-sizes=\"auto\" data-orig-sizes=\"(max-width: 800px) 100vw, 800px\" \/><\/a><\/td>\n<\/tr>\n<\/tbody>\n<\/table>\n<p>&nbsp;<\/p>\n<p>&nbsp;<\/p>\n<p><span style=\"font-size: 14pt; font-family: arial, helvetica, sans-serif;\"><strong>Preguntas frecuentes<\/strong><\/span><\/p>\n<p><span style=\"font-family: arial, helvetica, sans-serif;\"><strong><span style=\"font-size: 10pt;\">P: \u00bfSon ustedes una empresa comercializadora o un fabricante?<\/span><\/strong><\/span><br \/>\n<span style=\"font-size: 10pt; font-family: arial, helvetica, sans-serif;\">R: Somos un fabricante.<\/span><\/p>\n<p><span style=\"font-family: arial, helvetica, sans-serif;\"><strong><span style=\"font-size: 10pt;\">P: \u00bfCu\u00e1l es el plazo de entrega?<\/span><\/strong><\/span><br \/>\n<span style=\"font-size: 10pt; font-family: arial, helvetica, sans-serif;\">R: Por lo general, son entre 5 y 10 d\u00edas si los productos est\u00e1n en stock. Si no est\u00e1n en stock, son 6 semanas, dependiendo de la cantidad.<\/span><\/p>\n<p><span style=\"font-family: arial, helvetica, sans-serif;\"><strong><span style=\"font-size: 10pt;\">P: \u00bfCu\u00e1l es la principal ventaja t\u00e9cnica de sus productos?<\/span><\/strong><\/span><br \/>\n<span style=\"font-size: 10pt; font-family: arial, helvetica, sans-serif;\">R: Adoptamos tecnolog\u00eda de control digital, que resulta muy pr\u00e1ctica para la actualizaci\u00f3n remota y la producci\u00f3n totalmente autom\u00e1tica.<\/span><\/p>\n<p><span style=\"font-family: arial, helvetica, sans-serif;\"><strong><span style=\"font-size: 10pt;\">P: \u00bfCu\u00e1les son sus capacidades de pruebas y validaci\u00f3n de ingenier\u00eda?<\/span><\/strong><\/span><br \/>\n<span style=\"font-size: 10pt; font-family: arial, helvetica, sans-serif;\">R: Le responderemos en un plazo de 2 horas y resolveremos el problema en un plazo de 24 horas.<\/span><\/p>\n<p><span style=\"font-family: arial, helvetica, sans-serif;\"><strong><span style=\"font-size: 10pt;\">P: \u00bfCu\u00e1les son sus condiciones de pago?<\/span><\/strong><\/span><br \/>\n<span style=\"font-size: 10pt; font-family: arial, helvetica, sans-serif;\">A: Prepago 100%.<\/span><\/p>\n<p><span style=\"font-family: arial, helvetica, sans-serif;\"><strong><span style=\"font-size: 10pt;\">P: \u00bfCu\u00e1l es la cantidad m\u00ednima de pedido (MOQ)?<\/span><\/strong><\/span><\/p>\n<p><span style=\"font-size: 10pt; font-family: arial, helvetica, sans-serif;\">R: 1 unidad.<\/span><\/p>\n<p><span style=\"font-family: arial, helvetica, sans-serif;\"><strong><span style=\"font-size: 10pt;\">P: \u00bfAceptan personalizaciones?<\/span><\/strong><\/span><\/p>\n<p><span style=\"font-size: 10pt; font-family: arial, helvetica, sans-serif;\">R: S\u00ed, se admiten todos los servicios OEM y ODM.<\/span><\/p>\n<p><span style=\"font-family: arial, helvetica, sans-serif;\"><strong><span style=\"font-size: 10pt;\">P: \u00bfProporcionar\u00e1n una muestra gratuita antes de realizar el pedido?<\/span><\/strong><\/span><\/p>\n<p><span style=\"font-size: 10pt; font-family: arial, helvetica, sans-serif;\">R: En t\u00e9rminos generales, hay que pagar por ello.<\/span><\/p>\n<p><span style=\"font-family: arial, helvetica, sans-serif;\"><strong><span style=\"font-size: 10pt;\">P: \u00bfCu\u00e1l es su pol\u00edtica de muestras?<\/span><\/strong><\/span><\/p>\n<p><span style=\"font-size: 10pt; font-family: arial, helvetica, sans-serif;\">R: Podemos suministrar la muestra si tenemos las piezas en stock, los clientes deben pagar el coste de la muestra y los gastos de env\u00edo.<\/span><\/p>\n<p><span style=\"font-family: arial, helvetica, sans-serif;\"><strong><span style=\"font-size: 10pt;\">P: \u00bfComprueban todos sus productos antes de la entrega?<\/span><\/strong><\/span><\/p>\n<p><span style=\"font-size: 10pt; font-family: arial, helvetica, sans-serif;\">R: S\u00ed, realizamos una prueba 100% antes de la entrega y, si es necesario, podemos enviar un informe de inspecci\u00f3n antes de la entrega.<\/span><\/p>\n<p><span style=\"font-family: arial, helvetica, sans-serif;\"><strong><span style=\"font-size: 10pt;\">P: \u00bfC\u00f3mo se consigue una relaci\u00f3n comercial duradera y satisfactoria?<\/span><\/strong><\/span><\/p>\n<p data-spm-anchor-id=\"a2700.details.0.i14.37d9a03fIpMZvt\"><span style=\"font-size: 10pt; font-family: arial, helvetica, sans-serif;\" data-spm-anchor-id=\"a2700.details.0.i15.37d9a03fIpMZvt\">R: 1. Mantenemos una buena calidad y precios competitivos para garantizar el beneficio de nuestros clientes.<\/span><\/p>\n<p data-spm-anchor-id=\"a2700.details.0.i17.37d9a03fIpMZvt\"><span style=\"font-size: 10pt; font-family: arial, helvetica, sans-serif;\" data-spm-anchor-id=\"a2700.details.0.i16.37d9a03fIpMZvt\">\u00a0 \u00a0 \u00a02. Respetamos a cada cliente como a un amigo y hacemos negocios y entablamos amistad con ellos de forma sincera, independientemente de su procedencia.<\/span><\/p>\n<p>&nbsp;<\/p>","protected":false},"excerpt":{"rendered":"<p>Professional 48V 25A Battery Charger for Golf Carts<\/p>","protected":false},"featured_media":233,"template":"","meta":{"_acf_changed":false,"content-type":""},"product_brand":[],"product_cat":[21],"product_tag":[59,42,60,43,41,44],"class_list":{"0":"post-231","1":"product","2":"type-product","3":"status-publish","4":"has-post-thumbnail","6":"product_cat-low-speed-ev-charger","7":"product_tag-48v-25a-charger","8":"product_tag-forklift-charger","9":"product_tag-golf-cart-48v-30a-charger","10":"product_tag-golf-cart-charger","11":"product_tag-industrial-battery-charger","12":"product_tag-scissor-lift-charger","14":"first","15":"instock","16":"featured","17":"shipping-taxable","18":"product-type-simple"},"acf":[],"_links":{"self":[{"href":"https:\/\/ovartech.com\/es\/wp-json\/wp\/v2\/product\/231","targetHints":{"allow":["GET"]}}],"collection":[{"href":"https:\/\/ovartech.com\/es\/wp-json\/wp\/v2\/product"}],"about":[{"href":"https:\/\/ovartech.com\/es\/wp-json\/wp\/v2\/types\/product"}],"wp:featuredmedia":[{"embeddable":true,"href":"https:\/\/ovartech.com\/es\/wp-json\/wp\/v2\/media\/233"}],"wp:attachment":[{"href":"https:\/\/ovartech.com\/es\/wp-json\/wp\/v2\/media?parent=231"}],"wp:term":[{"taxonomy":"product_brand","embeddable":true,"href":"https:\/\/ovartech.com\/es\/wp-json\/wp\/v2\/product_brand?post=231"},{"taxonomy":"product_cat","embeddable":true,"href":"https:\/\/ovartech.com\/es\/wp-json\/wp\/v2\/product_cat?post=231"},{"taxonomy":"product_tag","embeddable":true,"href":"https:\/\/ovartech.com\/es\/wp-json\/wp\/v2\/product_tag?post=231"}],"curies":[{"name":"wp","href":"https:\/\/api.w.org\/{rel}","templated":true}]}}