{"id":221,"date":"2017-12-11T06:51:05","date_gmt":"2017-12-11T06:51:05","guid":{"rendered":"https:\/\/www.ovartech.com\/?post_type=product&#038;p=221"},"modified":"2026-03-20T09:56:46","modified_gmt":"2026-03-20T09:56:46","slug":"qa-series-industrial-ev-battery-charger","status":"publish","type":"product","link":"https:\/\/ovartech.com\/es\/product\/qa-series-industrial-ev-battery-charger\/","title":{"rendered":"Reliable QA Series Industrial EV Battery Charger"},"content":{"rendered":"<p><strong><span style=\"font-family: arial, helvetica, sans-serif; font-size: 18pt;\">Reliable QA Series Industrial EV Battery Charger<\/span><\/strong><\/p>\n<p><span style=\"color: #000000; font-family: arial, helvetica, sans-serif; font-size: 14pt;\">The OVAR QA Series is a highly durable and waterproof on-board or off-board charger that works with any single-phase grid worldwide, delivering up to 96% peak efficiency. Customizable charging profiles provide excellent flexibility to meet various battery and application requirements. <\/span><\/p>\n<p><span style=\"color: #000000; font-family: arial, helvetica, sans-serif; font-size: 14pt;\">This industrial battery charger is ideal for charging and maintaining 24V, 36V, 48V and 72V industrial deep-cycle batteries. It is widely used in golf carts, scissor lifts, utility vehicles, electric vehicles and other industrial vehicles and equipment.<\/span><\/p>\n<p><span style=\"font-family: arial, helvetica, sans-serif; font-size: 14pt;\">Advanced technology effectively prolongs battery life and extends operating run time. This portable charger supports multiple charging modes, ensuring stable and reliable performance in tough working environments.<\/span><\/p>\n<h2><\/h2>\n<h2><span style=\"font-size: 14pt; font-family: arial, helvetica, sans-serif;\"><strong>QA Series Battery Charger Specification<\/strong><\/span><\/h2>\n<table style=\"width: 80.0784%;\">\n<tbody>\n<tr>\n<td style=\"width: 19.8184%;\"><strong><span style=\"color: #000000; font-family: arial, helvetica, sans-serif; font-size: 14pt;\">Modelo<\/span><\/strong><\/td>\n<td style=\"width: 16.4847%;\"><strong><span style=\"color: #000000; font-family: arial, helvetica, sans-serif; font-size: 14pt;\">QA2425<\/span><\/strong><\/td>\n<td style=\"width: 15.3171%;\"><strong><span style=\"color: #000000; font-family: arial, helvetica, sans-serif; font-size: 14pt;\">QA3615<\/span><\/strong><\/td>\n<td style=\"width: 15.3327%;\"><strong><span style=\"color: #000000; font-family: arial, helvetica, sans-serif; font-size: 14pt;\">QA4815<\/span><\/strong><\/td>\n<td style=\"width: 15.9323%;\"><strong><span style=\"color: #000000; font-family: arial, helvetica, sans-serif; font-size: 14pt;\">8A4825<\/span><\/strong><\/td>\n<td style=\"width: 66.6662%;\"><strong><span style=\"color: #000000; font-family: arial, helvetica, sans-serif; font-size: 14pt;\">QA7215<\/span><\/strong><\/td>\n<\/tr>\n<tr>\n<td style=\"width: 19.8184%;\"><strong><span style=\"color: #000000; font-family: arial, helvetica, sans-serif; font-size: 14pt;\">Voltaje de entrada<\/span><\/strong><\/td>\n<td style=\"width: 16.4847%;\"><span style=\"color: #000000; font-family: arial, helvetica, sans-serif; font-size: 14pt;\">120 V\/240 V<\/span><\/td>\n<td style=\"width: 15.3171%;\"><span style=\"color: #000000; font-family: arial, helvetica, sans-serif; font-size: 14pt;\">120 V\/240 V<\/span><\/td>\n<td style=\"width: 15.3327%;\"><span style=\"color: #000000; font-family: arial, helvetica, sans-serif; font-size: 14pt;\">120 V\/240 V<\/span><\/td>\n<td style=\"width: 15.9323%;\"><span style=\"color: #000000; font-family: arial, helvetica, sans-serif; font-size: 14pt;\">120 V\/240 V<\/span><\/td>\n<td style=\"width: 66.6662%;\"><span style=\"color: #000000; font-family: arial, helvetica, sans-serif; font-size: 14pt;\">120 V\/240 V<\/span><\/td>\n<\/tr>\n<tr>\n<td style=\"width: 19.8184%;\"><strong><span style=\"color: #000000; font-family: arial, helvetica, sans-serif; font-size: 14pt;\">Corriente de salida<\/span><\/strong><\/td>\n<td style=\"width: 16.4847%;\"><span style=\"color: #000000; font-family: arial, helvetica, sans-serif; font-size: 14pt;\">25A<\/span><\/td>\n<td style=\"width: 15.3171%;\"><span style=\"color: #000000; font-family: arial, helvetica, sans-serif; font-size: 14pt;\">15A<\/span><\/td>\n<td style=\"width: 15.3327%;\"><span style=\"color: #000000; font-family: arial, helvetica, sans-serif; font-size: 14pt;\">15A<\/span><\/td>\n<td style=\"width: 15.9323%;\"><span style=\"color: #000000; font-family: arial, helvetica, sans-serif; font-size: 14pt;\">25A<\/span><\/td>\n<td style=\"width: 66.6662%;\"><span style=\"color: #000000; font-family: arial, helvetica, sans-serif; font-size: 14pt;\">15A<\/span><\/td>\n<\/tr>\n<tr>\n<td style=\"width: 19.8184%;\"><strong><span style=\"color: #000000; font-family: arial, helvetica, sans-serif; font-size: 14pt;\">Voltaje de salida<\/span><\/strong><\/td>\n<td style=\"width: 16.4847%;\"><span style=\"color: #000000; font-family: arial, helvetica, sans-serif; font-size: 14pt;\">24 V<\/span><\/td>\n<td style=\"width: 15.3171%;\"><span style=\"color: #000000; font-family: arial, helvetica, sans-serif; font-size: 14pt;\">36 V<\/span><\/td>\n<td style=\"width: 15.3327%;\"><span style=\"color: #000000; font-family: arial, helvetica, sans-serif; font-size: 14pt;\">48 V<\/span><\/td>\n<td style=\"width: 15.9323%;\"><span style=\"color: #000000; font-family: arial, helvetica, sans-serif; font-size: 14pt;\">48 V<\/span><\/td>\n<td style=\"width: 66.6662%;\"><span style=\"color: #000000; font-family: arial, helvetica, sans-serif; font-size: 14pt;\">72 V<\/span><\/td>\n<\/tr>\n<tr>\n<td style=\"width: 19.8184%;\"><strong><span style=\"color: #000000; font-family: arial, helvetica, sans-serif; font-size: 14pt;\">Dimensi\u00f3n<\/span><\/strong><\/td>\n<td style=\"width: 129.733%;\" colspan=\"5\"><span style=\"color: #000000; font-family: arial, helvetica, sans-serif; font-size: 14pt;\">8,5 x 6 x 4,5 pulgadas; 215 x 154 x 115 mm<\/span><\/td>\n<\/tr>\n<tr>\n<td style=\"width: 19.8184%;\"><strong><span style=\"color: #000000; font-family: arial, helvetica, sans-serif; font-size: 14pt;\">Peso<\/span><\/strong><\/td>\n<td style=\"width: 129.733%;\" colspan=\"5\"><span style=\"color: #000000; font-family: arial, helvetica, sans-serif; font-size: 14pt;\">4 kg (8,8 libras)<\/span><\/td>\n<\/tr>\n<tr>\n<td style=\"width: 19.8184%;\"><strong><span style=\"color: #000000; font-family: arial, helvetica, sans-serif; font-size: 14pt;\">Tasa de IP<\/span><\/strong><\/td>\n<td style=\"width: 129.733%;\" colspan=\"5\"><span style=\"color: #000000; font-family: arial, helvetica, sans-serif; font-size: 14pt;\">IP65\u00a0\u00a0\u00a0\u00a0<\/span><\/td>\n<\/tr>\n<tr>\n<td style=\"width: 19.8184%;\"><strong><span style=\"color: #000000; font-family: arial, helvetica, sans-serif; font-size: 14pt;\">Tipo de bater\u00eda<\/span><\/strong><\/td>\n<td style=\"width: 129.733%;\" colspan=\"5\"><span style=\"color: #000000; font-family: arial, helvetica, sans-serif; font-size: 14pt;\">Plomo-\u00e1cido (h\u00famedo\/AGM\/GEL), ionen litio<\/span><\/td>\n<\/tr>\n<tr>\n<td style=\"width: 19.8184%;\"><strong><span style=\"color: #000000; font-family: arial, helvetica, sans-serif; font-size: 14pt;\">Polaridad inversa<\/span><\/strong><\/td>\n<td style=\"width: 129.733%;\" colspan=\"5\"><span style=\"color: #000000; font-family: arial, helvetica, sans-serif; font-size: 14pt;\">Protecci\u00f3n electr\u00f3nica con reinicio autom\u00e1tico<\/span><\/td>\n<\/tr>\n<tr>\n<td style=\"width: 19.8184%;\"><strong><span style=\"color: #000000; font-family: arial, helvetica, sans-serif; font-size: 14pt;\">Cortocircuito<\/span><\/strong><\/td>\n<td style=\"width: 129.733%;\" colspan=\"5\"><span style=\"color: #000000; font-family: arial, helvetica, sans-serif; font-size: 14pt;\">L\u00edmite de corriente electr\u00f3nico<\/span><\/td>\n<\/tr>\n<\/tbody>\n<\/table>\n<p>&nbsp;<\/p>\n<h3><span style=\"font-size: 14pt; font-family: arial, helvetica, sans-serif;\"><strong>QA Series Battery Charger Detials<\/strong><\/span><\/h3>\n<table style=\"border-collapse: collapse; width: 89.4114%;\">\n<tbody>\n<tr>\n<td style=\"width: 44.5791%;\"><a href=\"https:\/\/ovartech.com\/wp-content\/uploads\/2017\/12\/QA-2.jpg\"><img decoding=\"async\" class=\"lazyload alignnone wp-image-225\" src=\"https:\/\/ovartech.com\/wp-content\/uploads\/2017\/12\/QA-2.jpg\" data-orig-src=\"https:\/\/ovartech.com\/wp-content\/uploads\/2017\/12\/QA-2.jpg\" alt=\"Reliable QA Series Industrial EV Battery Charger\" width=\"695\" height=\"695\" srcset=\"data:image\/svg+xml,%3Csvg%20xmlns%3D%27http%3A%2F%2Fwww.w3.org%2F2000%2Fsvg%27%20width%3D%27695%27%20height%3D%27695%27%20viewBox%3D%270%200%20695%20695%27%3E%3Crect%20width%3D%27695%27%20height%3D%27695%27%20fill-opacity%3D%220%22%2F%3E%3C%2Fsvg%3E\" data-srcset=\"https:\/\/ovartech.com\/wp-content\/uploads\/2017\/12\/QA-2-66x66.jpg 66w, https:\/\/ovartech.com\/wp-content\/uploads\/2017\/12\/QA-2-120x120.jpg 120w, https:\/\/ovartech.com\/wp-content\/uploads\/2017\/12\/QA-2-150x150.jpg 150w, https:\/\/ovartech.com\/wp-content\/uploads\/2017\/12\/QA-2-200x200.jpg 200w, https:\/\/ovartech.com\/wp-content\/uploads\/2017\/12\/QA-2-300x300.jpg 300w, https:\/\/ovartech.com\/wp-content\/uploads\/2017\/12\/QA-2-400x400.jpg 400w, https:\/\/ovartech.com\/wp-content\/uploads\/2017\/12\/QA-2-500x500.jpg 500w, https:\/\/ovartech.com\/wp-content\/uploads\/2017\/12\/QA-2-600x600.jpg 600w, https:\/\/ovartech.com\/wp-content\/uploads\/2017\/12\/QA-2-700x700.jpg 700w, https:\/\/ovartech.com\/wp-content\/uploads\/2017\/12\/QA-2-768x768.jpg 768w, https:\/\/ovartech.com\/wp-content\/uploads\/2017\/12\/QA-2.jpg 800w\" data-sizes=\"auto\" data-orig-sizes=\"(max-width: 695px) 100vw, 695px\" \/><\/a><\/td>\n<td style=\"width: 44.8882%;\"><a href=\"https:\/\/ovartech.com\/wp-content\/uploads\/2017\/12\/QA.jpg\"><img decoding=\"async\" class=\"lazyload alignnone wp-image-224\" src=\"https:\/\/ovartech.com\/wp-content\/uploads\/2017\/12\/QA.jpg\" data-orig-src=\"https:\/\/ovartech.com\/wp-content\/uploads\/2017\/12\/QA.jpg\" alt=\"\" width=\"694\" height=\"694\" srcset=\"data:image\/svg+xml,%3Csvg%20xmlns%3D%27http%3A%2F%2Fwww.w3.org%2F2000%2Fsvg%27%20width%3D%27694%27%20height%3D%27694%27%20viewBox%3D%270%200%20694%20694%27%3E%3Crect%20width%3D%27694%27%20height%3D%27694%27%20fill-opacity%3D%220%22%2F%3E%3C%2Fsvg%3E\" data-srcset=\"https:\/\/ovartech.com\/wp-content\/uploads\/2017\/12\/QA-66x66.jpg 66w, https:\/\/ovartech.com\/wp-content\/uploads\/2017\/12\/QA-120x120.jpg 120w, https:\/\/ovartech.com\/wp-content\/uploads\/2017\/12\/QA-150x150.jpg 150w, https:\/\/ovartech.com\/wp-content\/uploads\/2017\/12\/QA-200x200.jpg 200w, https:\/\/ovartech.com\/wp-content\/uploads\/2017\/12\/QA-300x300.jpg 300w, https:\/\/ovartech.com\/wp-content\/uploads\/2017\/12\/QA-400x400.jpg 400w, https:\/\/ovartech.com\/wp-content\/uploads\/2017\/12\/QA-500x500.jpg 500w, https:\/\/ovartech.com\/wp-content\/uploads\/2017\/12\/QA-600x600.jpg 600w, https:\/\/ovartech.com\/wp-content\/uploads\/2017\/12\/QA-700x700.jpg 700w, https:\/\/ovartech.com\/wp-content\/uploads\/2017\/12\/QA-768x768.jpg 768w, https:\/\/ovartech.com\/wp-content\/uploads\/2017\/12\/QA.jpg 800w\" data-sizes=\"auto\" data-orig-sizes=\"(max-width: 694px) 100vw, 694px\" \/><\/a><\/td>\n<\/tr>\n<\/tbody>\n<\/table>\n<p>&nbsp;<\/p>\n<p><span style=\"font-size: 14pt; font-family: arial, helvetica, sans-serif;\"><strong>Preguntas frecuentes<\/strong><\/span><\/p>\n<p><span style=\"font-family: arial, helvetica, sans-serif;\"><strong><span style=\"font-size: 10pt;\">P: \u00bfSon ustedes una empresa comercializadora o un fabricante?<\/span><\/strong><\/span><br \/>\n<span style=\"font-size: 10pt; font-family: arial, helvetica, sans-serif;\">R: Somos un fabricante.<\/span><\/p>\n<p><span style=\"font-family: arial, helvetica, sans-serif;\"><strong><span style=\"font-size: 10pt;\">P: \u00bfCu\u00e1l es el plazo de entrega?<\/span><\/strong><\/span><br \/>\n<span style=\"font-size: 10pt; font-family: arial, helvetica, sans-serif;\">R: Por lo general, son entre 5 y 10 d\u00edas si los productos est\u00e1n en stock. Si no est\u00e1n en stock, son 6 semanas, dependiendo de la cantidad.<\/span><\/p>\n<p><span style=\"font-family: arial, helvetica, sans-serif;\"><strong><span style=\"font-size: 10pt;\">P: \u00bfCu\u00e1l es la principal ventaja t\u00e9cnica de sus productos?<\/span><\/strong><\/span><br \/>\n<span style=\"font-size: 10pt; font-family: arial, helvetica, sans-serif;\">R: Adoptamos tecnolog\u00eda de control digital, que resulta muy pr\u00e1ctica para la actualizaci\u00f3n remota y la producci\u00f3n totalmente autom\u00e1tica.<\/span><\/p>\n<p><span style=\"font-family: arial, helvetica, sans-serif;\"><strong><span style=\"font-size: 10pt;\">P: \u00bfCu\u00e1les son sus capacidades de pruebas y validaci\u00f3n de ingenier\u00eda?<\/span><\/strong><\/span><br \/>\n<span style=\"font-size: 10pt; font-family: arial, helvetica, sans-serif;\">R: Le responderemos en un plazo de 2 horas y resolveremos el problema en un plazo de 24 horas.<\/span><\/p>\n<p><span style=\"font-family: arial, helvetica, sans-serif;\"><strong><span style=\"font-size: 10pt;\">P: \u00bfCu\u00e1les son sus condiciones de pago?<\/span><\/strong><\/span><br \/>\n<span style=\"font-size: 10pt; font-family: arial, helvetica, sans-serif;\">A: Prepago 100%.<\/span><\/p>\n<p><span style=\"font-family: arial, helvetica, sans-serif;\"><strong><span style=\"font-size: 10pt;\">P: \u00bfCu\u00e1l es la cantidad m\u00ednima de pedido (MOQ)?<\/span><\/strong><\/span><\/p>\n<p><span style=\"font-size: 10pt; font-family: arial, helvetica, sans-serif;\">R: 1 unidad.<\/span><\/p>\n<p><span style=\"font-family: arial, helvetica, sans-serif;\"><strong><span style=\"font-size: 10pt;\">P: \u00bfAceptan personalizaciones?<\/span><\/strong><\/span><\/p>\n<p><span style=\"font-size: 10pt; font-family: arial, helvetica, sans-serif;\">R: S\u00ed, se admiten todos los servicios OEM y ODM.<\/span><\/p>\n<p><span style=\"font-family: arial, helvetica, sans-serif;\"><strong><span style=\"font-size: 10pt;\">P: \u00bfProporcionar\u00e1n una muestra gratuita antes de realizar el pedido?<\/span><\/strong><\/span><\/p>\n<p><span style=\"font-size: 10pt; font-family: arial, helvetica, sans-serif;\">R: En t\u00e9rminos generales, hay que pagar por ello.<\/span><\/p>\n<p><span style=\"font-family: arial, helvetica, sans-serif;\"><strong><span style=\"font-size: 10pt;\">P: \u00bfCu\u00e1l es su pol\u00edtica de muestras?<\/span><\/strong><\/span><\/p>\n<p><span style=\"font-size: 10pt; font-family: arial, helvetica, sans-serif;\">R: Podemos suministrar la muestra si tenemos las piezas en stock, los clientes deben pagar el coste de la muestra y los gastos de env\u00edo.<\/span><\/p>\n<p><span style=\"font-family: arial, helvetica, sans-serif;\"><strong><span style=\"font-size: 10pt;\">P: \u00bfComprueban todos sus productos antes de la entrega?<\/span><\/strong><\/span><\/p>\n<p><span style=\"font-size: 10pt; font-family: arial, helvetica, sans-serif;\">R: S\u00ed, realizamos una prueba 100% antes de la entrega y, si es necesario, podemos enviar un informe de inspecci\u00f3n antes de la entrega.<\/span><\/p>\n<p><span style=\"font-family: arial, helvetica, sans-serif;\"><strong><span style=\"font-size: 10pt;\">P: \u00bfC\u00f3mo se consigue una relaci\u00f3n comercial duradera y satisfactoria?<\/span><\/strong><\/span><\/p>\n<p data-spm-anchor-id=\"a2700.details.0.i14.37d9a03fIpMZvt\"><span style=\"font-size: 10pt; font-family: arial, helvetica, sans-serif;\" data-spm-anchor-id=\"a2700.details.0.i15.37d9a03fIpMZvt\">R: 1. Mantenemos una buena calidad y precios competitivos para garantizar el beneficio de nuestros clientes.<\/span><\/p>\n<p data-spm-anchor-id=\"a2700.details.0.i17.37d9a03fIpMZvt\"><span style=\"font-size: 10pt; font-family: arial, helvetica, sans-serif;\" data-spm-anchor-id=\"a2700.details.0.i16.37d9a03fIpMZvt\">\u00a0 \u00a0 \u00a02. Respetamos a cada cliente como a un amigo y hacemos negocios y entablamos amistad con ellos de forma sincera, independientemente de su procedencia.<\/span><\/p>","protected":false},"excerpt":{"rendered":"<p>Reliable QA Series Industrial EV Battery Charger<\/p>","protected":false},"featured_media":235,"template":"","meta":{"_acf_changed":false,"content-type":""},"product_brand":[],"product_cat":[21],"product_tag":[42,43,41,44],"class_list":{"0":"post-221","1":"product","2":"type-product","3":"status-publish","4":"has-post-thumbnail","6":"product_cat-low-speed-ev-charger","7":"product_tag-forklift-charger","8":"product_tag-golf-cart-charger","9":"product_tag-industrial-battery-charger","10":"product_tag-scissor-lift-charger","12":"first","13":"instock","14":"featured","15":"shipping-taxable","16":"product-type-simple"},"acf":[],"_links":{"self":[{"href":"https:\/\/ovartech.com\/es\/wp-json\/wp\/v2\/product\/221","targetHints":{"allow":["GET"]}}],"collection":[{"href":"https:\/\/ovartech.com\/es\/wp-json\/wp\/v2\/product"}],"about":[{"href":"https:\/\/ovartech.com\/es\/wp-json\/wp\/v2\/types\/product"}],"wp:featuredmedia":[{"embeddable":true,"href":"https:\/\/ovartech.com\/es\/wp-json\/wp\/v2\/media\/235"}],"wp:attachment":[{"href":"https:\/\/ovartech.com\/es\/wp-json\/wp\/v2\/media?parent=221"}],"wp:term":[{"taxonomy":"product_brand","embeddable":true,"href":"https:\/\/ovartech.com\/es\/wp-json\/wp\/v2\/product_brand?post=221"},{"taxonomy":"product_cat","embeddable":true,"href":"https:\/\/ovartech.com\/es\/wp-json\/wp\/v2\/product_cat?post=221"},{"taxonomy":"product_tag","embeddable":true,"href":"https:\/\/ovartech.com\/es\/wp-json\/wp\/v2\/product_tag?post=221"}],"curies":[{"name":"wp","href":"https:\/\/api.w.org\/{rel}","templated":true}]}}