{"id":189,"date":"2017-12-06T01:23:55","date_gmt":"2017-12-06T01:23:55","guid":{"rendered":"https:\/\/www.ovartech.com\/?post_type=product&#038;p=189"},"modified":"2026-03-23T05:50:36","modified_gmt":"2026-03-23T05:50:36","slug":"1-5kw-dc-dc-converter-for-ev-hev","status":"publish","type":"product","link":"https:\/\/ovartech.com\/es\/product\/1-5kw-dc-dc-converter-for-ev-hev\/","title":{"rendered":"High-Efficiency 1.5KW DC-DC Converter for EV &#038; HEV"},"content":{"rendered":"<p><strong><span style=\"font-family: arial, helvetica, sans-serif; font-size: 18pt;\">High-Efficiency 1.5KW DC-DC Converter for EV &amp; HEV<\/span><\/strong><\/p>\n<p><span style=\"font-family: arial, helvetica, sans-serif; font-size: 14pt;\">The Ovartech DC\/DC converter series is designed for on\u2011board installation in a wide range of electric and hybrid vehicles, with permanent connection to the vehicle battery. These high\u2011voltage DC\/DC converters support an input voltage range of 108Vdc to 800Vdc, efficiently stepping down high voltage to power vehicle auxiliary systems. A standard 12Vdc output is available, with precise output voltage adjustable via CAN communication commands.<\/span><\/p>\n<p><span style=\"font-family: arial, helvetica, sans-serif; font-size: 14pt;\">Suitable for power requirements from 1kW to 12kW (using parallel operation), the high\u2011voltage DC\/DC series maintains full performance across a wide operating temperature range: -40\u00b0C to +45\u00b0C for air\u2011cooled models and up to +65\u00b0C for liquid\u2011cooled versions.<\/span><\/p>\n<p><span style=\"font-family: arial, helvetica, sans-serif; font-size: 14pt;\">Comprehensive protection features include input UVLO, input OVLO, input reverse polarity protection, current limiting, output short\u2011circuit protection and over\u2011temperature protection. The CAN communication interface allows remote control, including enabling and disabling the units via communication messages.<\/span><\/p>\n<p>&nbsp;<\/p>\n<h2><span style=\"font-size: 14pt;\"><strong><span style=\"font-family: arial, helvetica, sans-serif;\">1.5kW DC-DC Converter Specification<\/span><\/strong><\/span><\/h2>\n<table style=\"width: 42.4312%; height: 270px;\">\n<tbody>\n<tr style=\"height: 27px;\">\n<td style=\"width: 20.5919%; height: 27px;\"><strong><span style=\"font-family: arial, helvetica, sans-serif; font-size: 14pt;\">Model \uff1a<\/span><\/strong><\/td>\n<td style=\"width: 32.8024%; height: 27px;\"><span style=\"font-family: arial, helvetica, sans-serif; font-size: 14pt;\">VDD152S360-14<\/span><\/td>\n<\/tr>\n<tr style=\"height: 27px;\">\n<td style=\"width: 20.5919%; height: 27px;\"><strong><span style=\"font-family: arial, helvetica, sans-serif; font-size: 14pt;\">Power \uff1a<\/span><\/strong><\/td>\n<td style=\"width: 32.8024%; height: 27px;\"><span style=\"font-family: arial, helvetica, sans-serif; font-size: 14pt;\">1500W\/1.5KW<\/span><\/td>\n<\/tr>\n<tr style=\"height: 27px;\">\n<td style=\"width: 20.5919%; height: 27px;\"><strong><span style=\"font-family: arial, helvetica, sans-serif; font-size: 14pt;\">Input voltage \uff1a<\/span><\/strong><\/td>\n<td style=\"width: 32.8024%; height: 27px;\"><span style=\"font-family: arial, helvetica, sans-serif; font-size: 14pt;\">108-420 V CC<\/span><\/td>\n<\/tr>\n<tr style=\"height: 27px;\">\n<td style=\"width: 20.5919%; height: 27px;\"><strong><span style=\"font-family: arial, helvetica, sans-serif; font-size: 14pt;\">Output current \uff1a<\/span><\/strong><\/td>\n<td style=\"width: 32.8024%; height: 27px;\"><span style=\"font-family: arial, helvetica, sans-serif; font-size: 14pt;\">0-108A<\/span><\/td>\n<\/tr>\n<tr style=\"height: 27px;\">\n<td style=\"width: 20.5919%; height: 27px;\"><strong><span style=\"font-family: arial, helvetica, sans-serif; font-size: 14pt;\">Output voltage \uff1a<\/span><\/strong><\/td>\n<td style=\"width: 32.8024%; height: 27px;\"><span style=\"font-family: arial, helvetica, sans-serif; font-size: 14pt;\">13,8 V CC<\/span><\/td>\n<\/tr>\n<tr style=\"height: 27px;\">\n<td style=\"width: 20.5919%; height: 27px;\"><strong><span style=\"font-family: arial, helvetica, sans-serif; font-size: 14pt;\">Cooling \uff1a<\/span><\/strong><\/td>\n<td style=\"width: 32.8024%; height: 27px;\"><span style=\"font-family: arial, helvetica, sans-serif; font-size: 14pt;\">refrigeraci\u00f3n por aire<\/span><\/td>\n<\/tr>\n<tr style=\"height: 27px;\">\n<td style=\"width: 20.5919%; height: 27px;\"><strong><span style=\"font-family: arial, helvetica, sans-serif; font-size: 14pt;\">Dimension \uff1a<\/span><\/strong><\/td>\n<td style=\"width: 32.8024%; height: 27px;\"><span style=\"font-family: arial, helvetica, sans-serif; font-size: 14pt;\">272x175x94mm; 10.7&#215;6.9&#215;3.7&#8221;<\/span><\/td>\n<\/tr>\n<tr style=\"height: 27px;\">\n<td style=\"width: 20.5919%; height: 27px;\"><strong><span style=\"font-family: arial, helvetica, sans-serif; font-size: 14pt;\">Weight \uff1a<\/span><\/strong><\/td>\n<td style=\"width: 32.8024%; height: 27px;\"><span style=\"font-family: arial, helvetica, sans-serif; font-size: 14pt;\">2kg; 4.4lbs<\/span><\/td>\n<\/tr>\n<tr style=\"height: 27px;\">\n<td style=\"width: 20.5919%; height: 27px;\"><strong><span style=\"font-family: arial, helvetica, sans-serif; font-size: 14pt;\">IP rate \uff1a<\/span><\/strong><\/td>\n<td style=\"width: 32.8024%; height: 27px;\"><span style=\"font-family: arial, helvetica, sans-serif; font-size: 14pt;\">IP67<\/span><\/td>\n<\/tr>\n<tr style=\"height: 27px;\">\n<td style=\"width: 20.5919%; height: 27px;\"><strong><span style=\"font-family: arial, helvetica, sans-serif; font-size: 14pt;\">Interface \uff1a<\/span><\/strong><\/td>\n<td style=\"width: 32.8024%; height: 27px;\"><span style=\"font-family: arial, helvetica, sans-serif; font-size: 14pt;\">CAN BUS\/Habilitar control<\/span><\/td>\n<\/tr>\n<\/tbody>\n<\/table>\n<p>&nbsp;<\/p>\n<h3><strong><span style=\"font-family: arial, helvetica, sans-serif;\">1.5kW DC-DC Converter Detials<\/span><\/strong><\/h3>\n<table style=\"border-collapse: collapse; width: 59.8844%;\">\n<tbody>\n<tr>\n<td style=\"width: 100%;\"><a href=\"https:\/\/ovartech.com\/wp-content\/uploads\/2017\/12\/1.5KW-DC-DC.jpg\"><img decoding=\"async\" class=\"lazyload alignnone wp-image-191 size-full\" src=\"data:image\/svg+xml,%3Csvg%20xmlns%3D%27http%3A%2F%2Fwww.w3.org%2F2000%2Fsvg%27%20width%3D%27800%27%20height%3D%27800%27%20viewBox%3D%270%200%20800%20800%27%3E%3Crect%20width%3D%27800%27%20height%3D%27800%27%20fill-opacity%3D%220%22%2F%3E%3C%2Fsvg%3E\" data-orig-src=\"https:\/\/ovartech.com\/wp-content\/uploads\/2017\/12\/1.5KW-DC-DC.jpg\" alt=\"High-Efficiency 1.5KW DC-DC Converter for EV &amp; HEV\" width=\"800\" height=\"800\" \/><\/a><\/td>\n<\/tr>\n<\/tbody>\n<\/table>\n<p>&nbsp;<\/p>\n<p><span style=\"font-size: 14pt; font-family: arial, helvetica, sans-serif;\"><strong>Preguntas frecuentes<\/strong><\/span><\/p>\n<p><span style=\"font-family: arial, helvetica, sans-serif;\"><strong><span style=\"font-size: 10pt;\">P: \u00bfSon ustedes una empresa comercializadora o un fabricante?<\/span><\/strong><\/span><br \/>\n<span style=\"font-size: 10pt; font-family: arial, helvetica, sans-serif;\">R: Somos un fabricante.<\/span><\/p>\n<p><span style=\"font-family: arial, helvetica, sans-serif;\"><strong><span style=\"font-size: 10pt;\">P: \u00bfCu\u00e1l es el plazo de entrega?<\/span><\/strong><\/span><br \/>\n<span style=\"font-size: 10pt; font-family: arial, helvetica, sans-serif;\">R: Por lo general, son entre 5 y 10 d\u00edas si los productos est\u00e1n en stock. Si no est\u00e1n en stock, son 6 semanas, dependiendo de la cantidad.<\/span><\/p>\n<p><span style=\"font-family: arial, helvetica, sans-serif;\"><strong><span style=\"font-size: 10pt;\">P: \u00bfCu\u00e1l es la principal ventaja t\u00e9cnica de sus productos?<\/span><\/strong><\/span><br \/>\n<span style=\"font-size: 10pt; font-family: arial, helvetica, sans-serif;\">R: Adoptamos tecnolog\u00eda de control digital, que resulta muy pr\u00e1ctica para la actualizaci\u00f3n remota y la producci\u00f3n totalmente autom\u00e1tica.<\/span><\/p>\n<p><span style=\"font-family: arial, helvetica, sans-serif;\"><strong><span style=\"font-size: 10pt;\">P: \u00bfCu\u00e1les son sus capacidades de pruebas y validaci\u00f3n de ingenier\u00eda?<\/span><\/strong><\/span><br \/>\n<span style=\"font-size: 10pt; font-family: arial, helvetica, sans-serif;\">R: Le responderemos en un plazo de 2 horas y resolveremos el problema en un plazo de 24 horas.<\/span><\/p>\n<p><span style=\"font-family: arial, helvetica, sans-serif;\"><strong><span style=\"font-size: 10pt;\">P: \u00bfCu\u00e1les son sus condiciones de pago?<\/span><\/strong><\/span><br \/>\n<span style=\"font-size: 10pt; font-family: arial, helvetica, sans-serif;\">A: Prepago 100%.<\/span><\/p>\n<p><span style=\"font-family: arial, helvetica, sans-serif;\"><strong><span style=\"font-size: 10pt;\">P: \u00bfCu\u00e1l es la cantidad m\u00ednima de pedido (MOQ)?<\/span><\/strong><\/span><\/p>\n<p><span style=\"font-size: 10pt; font-family: arial, helvetica, sans-serif;\">R: 1 unidad.<\/span><\/p>\n<p><span style=\"font-family: arial, helvetica, sans-serif;\"><strong><span style=\"font-size: 10pt;\">P: \u00bfAceptan personalizaciones?<\/span><\/strong><\/span><\/p>\n<p><span style=\"font-size: 10pt; font-family: arial, helvetica, sans-serif;\">A: Yes, ,OEM and ODM services are all supported.<\/span><\/p>\n<p><span style=\"font-family: arial, helvetica, sans-serif;\"><strong><span style=\"font-size: 10pt;\">P: \u00bfProporcionar\u00e1n una muestra gratuita antes de realizar el pedido?<\/span><\/strong><\/span><\/p>\n<p><span style=\"font-size: 10pt; font-family: arial, helvetica, sans-serif;\">R: En t\u00e9rminos generales, hay que pagar por ello.<\/span><\/p>\n<p><span style=\"font-family: arial, helvetica, sans-serif;\"><strong><span style=\"font-size: 10pt;\">P: \u00bfCu\u00e1l es su pol\u00edtica de muestras?<\/span><\/strong><\/span><\/p>\n<p><span style=\"font-size: 10pt; font-family: arial, helvetica, sans-serif;\">R: Podemos suministrar la muestra si tenemos las piezas en stock, los clientes deben pagar el coste de la muestra y los gastos de env\u00edo.<\/span><\/p>\n<p><span style=\"font-family: arial, helvetica, sans-serif;\"><strong><span style=\"font-size: 10pt;\">P: \u00bfComprueban todos sus productos antes de la entrega?<\/span><\/strong><\/span><\/p>\n<p><span style=\"font-size: 10pt; font-family: arial, helvetica, sans-serif;\">R: S\u00ed, realizamos una prueba 100% antes de la entrega y, si es necesario, podemos enviar un informe de inspecci\u00f3n antes de la entrega.<\/span><\/p>\n<p><span style=\"font-family: arial, helvetica, sans-serif;\"><strong><span style=\"font-size: 10pt;\">P: \u00bfC\u00f3mo se consigue una relaci\u00f3n comercial duradera y satisfactoria?<\/span><\/strong><\/span><\/p>\n<p data-spm-anchor-id=\"a2700.details.0.i14.37d9a03fIpMZvt\"><span style=\"font-size: 10pt; font-family: arial, helvetica, sans-serif;\" data-spm-anchor-id=\"a2700.details.0.i15.37d9a03fIpMZvt\">R: 1. Mantenemos una buena calidad y precios competitivos para garantizar el beneficio de nuestros clientes.<\/span><\/p>\n<p data-spm-anchor-id=\"a2700.details.0.i17.37d9a03fIpMZvt\"><span style=\"font-size: 10pt; font-family: arial, helvetica, sans-serif;\" data-spm-anchor-id=\"a2700.details.0.i16.37d9a03fIpMZvt\">\u00a0 \u00a0 \u00a02. Respetamos a cada cliente como a un amigo y hacemos negocios y entablamos amistad con ellos de forma sincera, independientemente de su procedencia.<\/span><\/p>\n<p>&nbsp;<\/p>","protected":false},"excerpt":{"rendered":"<p>High-Efficiency 1.5KW DC-DC Converter for EV &amp; HEV<\/p>\n<p>&nbsp;<\/p>","protected":false},"featured_media":191,"template":"","meta":{"_acf_changed":false,"content-type":""},"product_brand":[],"product_cat":[23],"product_tag":[26,25,31],"class_list":{"0":"post-189","1":"product","2":"type-product","3":"status-publish","4":"has-post-thumbnail","6":"product_cat-ev-dc-dc-converter","7":"product_tag-1kw-dc-dc-converter","8":"product_tag-dc-dc-converter","9":"product_tag-dc-dc-converter-for-ev","11":"first","12":"instock","13":"featured","14":"shipping-taxable","15":"product-type-simple"},"acf":[],"_links":{"self":[{"href":"https:\/\/ovartech.com\/es\/wp-json\/wp\/v2\/product\/189","targetHints":{"allow":["GET"]}}],"collection":[{"href":"https:\/\/ovartech.com\/es\/wp-json\/wp\/v2\/product"}],"about":[{"href":"https:\/\/ovartech.com\/es\/wp-json\/wp\/v2\/types\/product"}],"wp:featuredmedia":[{"embeddable":true,"href":"https:\/\/ovartech.com\/es\/wp-json\/wp\/v2\/media\/191"}],"wp:attachment":[{"href":"https:\/\/ovartech.com\/es\/wp-json\/wp\/v2\/media?parent=189"}],"wp:term":[{"taxonomy":"product_brand","embeddable":true,"href":"https:\/\/ovartech.com\/es\/wp-json\/wp\/v2\/product_brand?post=189"},{"taxonomy":"product_cat","embeddable":true,"href":"https:\/\/ovartech.com\/es\/wp-json\/wp\/v2\/product_cat?post=189"},{"taxonomy":"product_tag","embeddable":true,"href":"https:\/\/ovartech.com\/es\/wp-json\/wp\/v2\/product_tag?post=189"}],"curies":[{"name":"wp","href":"https:\/\/api.w.org\/{rel}","templated":true}]}}