{"id":77,"date":"2017-11-20T03:34:34","date_gmt":"2017-11-20T03:34:34","guid":{"rendered":"https:\/\/www.ovartech.com\/?page_id=77"},"modified":"2017-11-28T03:07:14","modified_gmt":"2017-11-28T03:07:14","slug":"perfil-de-la-empresa","status":"publish","type":"page","link":"https:\/\/ovartech.com\/es\/perfil-de-la-empresa\/","title":{"rendered":"Perfil de la empresa"},"content":{"rendered":"<h3 class=\"themecolor\"><span style=\"font-size: 18pt;color: #3366ff\"><b>Acerca de OVAR TECHNOLOGY<\/b><\/span><\/h3>\n<p><a href=\"https:\/\/www.ovartech.com\/wp-content\/uploads\/2017\/11\/ovar30.jpg\"><img decoding=\"async\" class=\"lazyload wp-image-143 size-full alignleft\" src=\"https:\/\/www.ovartech.com\/wp-content\/uploads\/2017\/11\/ovar30.jpg\" data-orig-src=\"https:\/\/www.ovartech.com\/wp-content\/uploads\/2017\/11\/ovar30.jpg\" alt=\"\" width=\"621\" height=\"357\" srcset=\"data:image\/svg+xml,%3Csvg%20xmlns%3D%27http%3A%2F%2Fwww.w3.org%2F2000%2Fsvg%27%20width%3D%27621%27%20height%3D%27357%27%20viewBox%3D%270%200%20621%20357%27%3E%3Crect%20width%3D%27621%27%20height%3D%27357%27%20fill-opacity%3D%220%22%2F%3E%3C%2Fsvg%3E\" data-srcset=\"https:\/\/ovartech.com\/wp-content\/uploads\/2017\/11\/ovar30-120x69.jpg 120w, https:\/\/ovartech.com\/wp-content\/uploads\/2017\/11\/ovar30-200x115.jpg 200w, https:\/\/ovartech.com\/wp-content\/uploads\/2017\/11\/ovar30-300x172.jpg 300w, https:\/\/ovartech.com\/wp-content\/uploads\/2017\/11\/ovar30-400x230.jpg 400w, https:\/\/ovartech.com\/wp-content\/uploads\/2017\/11\/ovar30-500x287.jpg 500w, https:\/\/ovartech.com\/wp-content\/uploads\/2017\/11\/ovar30-600x345.jpg 600w, https:\/\/ovartech.com\/wp-content\/uploads\/2017\/11\/ovar30.jpg 621w\" data-sizes=\"auto\" data-orig-sizes=\"(max-width: 621px) 100vw, 621px\" \/><\/a><span style=\"font-size: 14pt\">Ovar Technology Co., Ltd. se fund\u00f3 en 2010. Tras a\u00f1os de arduo trabajo y b\u00fasqueda de la excelencia, Ovar se ha convertido en uno de los principales proveedores y fabricantes de soluciones de suministro de energ\u00eda para veh\u00edculos el\u00e9ctricos de China. Gracias a sus tecnolog\u00edas de vanguardia y su amplia experiencia en desarrollo, los convertidores CC\/CC para veh\u00edculos el\u00e9ctricos, los cargadores de bater\u00edas integrados, los cargadores de bater\u00edas externos, los inversores y los productos de carga de alta potencia de Ovar se han ganado una excelente reputaci\u00f3n tanto en el mercado nacional como en el internacional por su excelente rendimiento.<\/span><\/p>\n<p><span style=\"font-size: 14pt\">Los productos Ovar se utilizan ampliamente en veh\u00edculos el\u00e9ctricos de alta velocidad, veh\u00edculos el\u00e9ctricos industriales, embarcaciones, yates, etc.<\/span><\/p>\n<p><span style=\"font-size: 14pt\">Como empresa innovadora en r\u00e1pido crecimiento, Ovar cuenta con un centro de I+D de 1000 metros cuadrados y una planta de fabricaci\u00f3n de 8000 metros cuadrados con varias l\u00edneas de producci\u00f3n autom\u00e1ticas. La capacidad de producci\u00f3n es de 15 000 a 20 000 unidades al mes.<\/span><\/p>\n<p><span style=\"font-size: 14pt\">Para cumplir con los altos est\u00e1ndares de calidad de los componentes automotrices, Ovar ha implementado un control de calidad total que permite la trazabilidad del ciclo de vida y mantiene nuestras operaciones de fabricaci\u00f3n de manera eficiente y confiable.<\/span><\/p>\n<p><span style=\"font-size: 14pt\">\u00a1Bienvenido a OVAR para soluciones de suministro de energ\u00eda para veh\u00edculos el\u00e9ctricos! \u00a1Esperamos poder trabajar con usted!<\/span><\/p>\n<p>&nbsp;<\/p>","protected":false},"excerpt":{"rendered":"<p>About OVAR TECHNOLOGY Ovar Technology Co., Ltd. was established in  [&#8230;]<\/p>","protected":false},"author":1,"featured_media":0,"parent":0,"menu_order":0,"comment_status":"closed","ping_status":"closed","template":"","meta":{"_acf_changed":false,"content-type":"","footnotes":""},"class_list":["post-77","page","type-page","status-publish","hentry"],"acf":[],"_links":{"self":[{"href":"https:\/\/ovartech.com\/es\/wp-json\/wp\/v2\/pages\/77","targetHints":{"allow":["GET"]}}],"collection":[{"href":"https:\/\/ovartech.com\/es\/wp-json\/wp\/v2\/pages"}],"about":[{"href":"https:\/\/ovartech.com\/es\/wp-json\/wp\/v2\/types\/page"}],"author":[{"embeddable":true,"href":"https:\/\/ovartech.com\/es\/wp-json\/wp\/v2\/users\/1"}],"replies":[{"embeddable":true,"href":"https:\/\/ovartech.com\/es\/wp-json\/wp\/v2\/comments?post=77"}],"version-history":[{"count":6,"href":"https:\/\/ovartech.com\/es\/wp-json\/wp\/v2\/pages\/77\/revisions"}],"predecessor-version":[{"id":179,"href":"https:\/\/ovartech.com\/es\/wp-json\/wp\/v2\/pages\/77\/revisions\/179"}],"wp:attachment":[{"href":"https:\/\/ovartech.com\/es\/wp-json\/wp\/v2\/media?parent=77"}],"curies":[{"name":"wp","href":"https:\/\/api.w.org\/{rel}","templated":true}]}}