{"id":2,"date":"2017-11-07T07:14:00","date_gmt":"2017-11-07T07:14:00","guid":{"rendered":"https:\/\/www.ovartech.com\/?page_id=2"},"modified":"2026-04-05T14:22:29","modified_gmt":"2026-04-05T14:22:29","slug":"acerca-de","status":"publish","type":"page","link":"https:\/\/ovartech.com\/es\/acerca-de\/","title":{"rendered":"ACERCA DE"},"content":{"rendered":"<div class=\"fusion-fullwidth fullwidth-box fusion-builder-row-1 fusion-flex-container has-pattern-background has-mask-background nonhundred-percent-fullwidth non-hundred-percent-height-scrolling\" style=\"--awb-border-radius-top-left:0px;--awb-border-radius-top-right:0px;--awb-border-radius-bottom-right:0px;--awb-border-radius-bottom-left:0px;--awb-flex-wrap:wrap;\" ><div class=\"fusion-builder-row fusion-row fusion-flex-align-items-flex-start fusion-flex-content-wrap\" style=\"max-width:1248px;margin-left: calc(-4% \/ 2 );margin-right: calc(-4% \/ 2 );\"><div class=\"fusion-layout-column fusion_builder_column fusion-builder-column-0 fusion_builder_column_1_2 1_2 fusion-flex-column\" style=\"--awb-bg-size:cover;--awb-width-large:50%;--awb-margin-top-large:0px;--awb-spacing-right-large:3.84%;--awb-margin-bottom-large:20px;--awb-spacing-left-large:3.84%;--awb-width-medium:50%;--awb-order-medium:0;--awb-spacing-right-medium:3.84%;--awb-spacing-left-medium:3.84%;--awb-width-small:100%;--awb-order-small:0;--awb-spacing-right-small:1.92%;--awb-spacing-left-small:1.92%;\"><div class=\"fusion-column-wrapper fusion-column-has-shadow fusion-flex-justify-content-flex-start fusion-content-layout-column\"><iframe src=\"https:\/\/www.720yun.com\/vr\/358jtO4v5n2\" frameborder=\"no\" width=\"100%\" height=\"450\" ><\/iframe><\/div><\/div><div class=\"fusion-layout-column fusion_builder_column fusion-builder-column-1 fusion_builder_column_1_2 1_2 fusion-flex-column\" style=\"--awb-bg-size:cover;--awb-width-large:50%;--awb-margin-top-large:0px;--awb-spacing-right-large:3.84%;--awb-margin-bottom-large:20px;--awb-spacing-left-large:3.84%;--awb-width-medium:50%;--awb-order-medium:0;--awb-spacing-right-medium:3.84%;--awb-spacing-left-medium:3.84%;--awb-width-small:100%;--awb-order-small:0;--awb-spacing-right-small:1.92%;--awb-spacing-left-small:1.92%;\"><div class=\"fusion-column-wrapper fusion-column-has-shadow fusion-flex-justify-content-flex-start fusion-content-layout-column\"><div class=\"fusion-text fusion-text-1\"><p>Ovar Technology Co., Ltd. se fund\u00f3 en 2010. Tras a\u00f1os de arduo trabajo y b\u00fasqueda de la excelencia, Ovar se ha convertido en uno de los principales proveedores y fabricantes de soluciones de suministro de energ\u00eda para veh\u00edculos el\u00e9ctricos de China. Gracias a sus tecnolog\u00edas de vanguardia y su amplia experiencia en desarrollo, los convertidores CC\/CC para veh\u00edculos el\u00e9ctricos, los cargadores de bater\u00edas integrados, los cargadores de bater\u00edas externos, los inversores y los productos de carga de alta potencia de Ovar se han ganado una excelente reputaci\u00f3n tanto en el mercado nacional como en el internacional por su excelente rendimiento.<\/p>\n<p>Los productos Ovar se utilizan ampliamente en veh\u00edculos el\u00e9ctricos de alta velocidad, veh\u00edculos el\u00e9ctricos industriales, embarcaciones, yates, etc.<\/p>\n<p>Como empresa innovadora en r\u00e1pido crecimiento, Ovar cuenta con un centro de I+D de 1000 metros cuadrados y una planta de fabricaci\u00f3n de 8000 metros cuadrados con varias l\u00edneas de producci\u00f3n autom\u00e1ticas. La capacidad de producci\u00f3n es de 15 000 a 20 000 unidades al mes.<\/p>\n<p>Para cumplir con los altos est\u00e1ndares de calidad de los componentes automotrices, Ovar ha implementado un control de calidad total que permite la trazabilidad del ciclo de vida y mantiene nuestras operaciones de fabricaci\u00f3n de manera eficiente y confiable.<\/p>\n<p>\u00a1Bienvenido a OVAR para soluciones de suministro de energ\u00eda para veh\u00edculos el\u00e9ctricos! \u00a1Esperamos poder trabajar con usted!<\/p>\n<\/div><\/div><\/div><\/div><\/div>","protected":false},"excerpt":{"rendered":"","protected":false},"author":1,"featured_media":0,"parent":0,"menu_order":0,"comment_status":"open","ping_status":"open","template":"","meta":{"_acf_changed":false,"content-type":"","footnotes":""},"class_list":["post-2","page","type-page","status-publish","hentry"],"acf":[],"_links":{"self":[{"href":"https:\/\/ovartech.com\/es\/wp-json\/wp\/v2\/pages\/2","targetHints":{"allow":["GET"]}}],"collection":[{"href":"https:\/\/ovartech.com\/es\/wp-json\/wp\/v2\/pages"}],"about":[{"href":"https:\/\/ovartech.com\/es\/wp-json\/wp\/v2\/types\/page"}],"author":[{"embeddable":true,"href":"https:\/\/ovartech.com\/es\/wp-json\/wp\/v2\/users\/1"}],"replies":[{"embeddable":true,"href":"https:\/\/ovartech.com\/es\/wp-json\/wp\/v2\/comments?post=2"}],"version-history":[{"count":8,"href":"https:\/\/ovartech.com\/es\/wp-json\/wp\/v2\/pages\/2\/revisions"}],"predecessor-version":[{"id":1842,"href":"https:\/\/ovartech.com\/es\/wp-json\/wp\/v2\/pages\/2\/revisions\/1842"}],"wp:attachment":[{"href":"https:\/\/ovartech.com\/es\/wp-json\/wp\/v2\/media?parent=2"}],"curies":[{"name":"wp","href":"https:\/\/api.w.org\/{rel}","templated":true}]}}